{"id":105,"date":"2011-07-08T19:11:20","date_gmt":"2011-07-08T19:11:20","guid":{"rendered":"http:\/\/192.168.1.2\/Utility-Liberty\/CMS\/noidiqua\/?page_id=105"},"modified":"2014-08-19T17:23:39","modified_gmt":"2014-08-19T15:23:39","slug":"la-storia","status":"publish","type":"page","link":"https:\/\/www.noidiqua.it\/Agliana\/agliana-2\/la-storia\/","title":{"rendered":"La Storia"},"content":{"rendered":"<div class=\"widget widget_latest_posts\"><h3 class=\"widgettitle\">La Storia<\/h3>\t\t    <div class=\"latest_posts\">\n\t\t\t<ul class=\"small-thumb\">\n\t\t\t\t<li>\n<div class=\"small-custom-frame-wrapper alignleft frame-shadow\"><div class=\"custom-frame-inner-wrapper\"><div class=\"custom-frame-padding\"><a href=\"https:\/\/www.noidiqua.it\/Agliana\/asilo-infantile-di-ferruccia-cento-anni-al-servizio-delleducazione-dei-bambini\/\" title=\"Asilo infantile di Ferruccia &#8211; cento anni al servizio dell&#8217;educazione dei bambini\"><img loading=\"lazy\" decoding=\"async\" src=\"https:\/\/www.noidiqua.it\/Agliana\/wp-content\/uploads\/2026\/04\/Asilo-infantile-1-160x120_c.png\" width=\"160\" height=\"120\" alt=\"Asilo infantile di Ferruccia - cento anni al servizio dell&#039;educazione dei bambini\" \/><\/a><\/div><\/div><\/div>\t\t\t\t    <a class=\"teaser-title\" title=\"Asilo infantile di Ferruccia &#8211; cento anni al servizio dell&#8217;educazione dei bambini\" href=\"https:\/\/www.noidiqua.it\/Agliana\/asilo-infantile-di-ferruccia-cento-anni-al-servizio-delleducazione-dei-bambini\/\">Asilo infantile di Ferruccia &#8211; cento anni al servizio dell&#8217;educazione dei bambini<\/a>\n\t\t\t\t    <div class=\"teaser-content\">di Piera Salvi marzo 2026 Cento anni, un traguardo che merita di essere celebrato e sar\u00e0 una festa da condividere con la comunit\u00e0 parrocchiale che da un secolo \u00e8 in stretto rapporto con questa bellissima storia. La scuola dell&#8217;infanzia Sacro Cuore di Ferruccia e l&#8217;ente gestore, l&#8217;Istituto [&hellip;]...<\/div>\n                                            <a title=\"Asilo infantile di Ferruccia &#8211; cento anni al servizio dell&#8217;educazione dei bambini\" href=\"https:\/\/www.noidiqua.it\/Agliana\/asilo-infantile-di-ferruccia-cento-anni-al-servizio-delleducazione-dei-bambini\/\" class=\"read-more-align-right\"><span>Leggi tutto<\/span> &rarr;<\/a>\n\t\t\t\t    <div class=\"clear\"><\/div>\n\t\t\t\t<\/li>\n\t\t\t\t<li>\n<div class=\"small-custom-frame-wrapper alignleft frame-shadow\"><div class=\"custom-frame-inner-wrapper\"><div class=\"custom-frame-padding\"><a href=\"https:\/\/www.noidiqua.it\/Agliana\/tabaccheria-cipriani-come-e-cambiato-il-mestiere-in-90-anni-di-attivita\/\" title=\"Tabaccheria Cipriani &#8211; come \u00e8 cambiato il mestiere in 90 anni di attivit\u00e0\"><img loading=\"lazy\" decoding=\"async\" src=\"https:\/\/www.noidiqua.it\/Agliana\/wp-content\/uploads\/2025\/12\/Tabaccheria-Cipriani-1-160x120_c.png\" width=\"160\" height=\"120\" alt=\"Tabaccheria Cipriani - come \u00e8 cambiato il mestiere in 90 anni di attivit\u00e0\" \/><\/a><\/div><\/div><\/div>\t\t\t\t    <a class=\"teaser-title\" title=\"Tabaccheria Cipriani &#8211; come \u00e8 cambiato il mestiere in 90 anni di attivit\u00e0\" href=\"https:\/\/www.noidiqua.it\/Agliana\/tabaccheria-cipriani-come-e-cambiato-il-mestiere-in-90-anni-di-attivita\/\">Tabaccheria Cipriani &#8211; come \u00e8 cambiato il mestiere in 90 anni di attivit\u00e0<\/a>\n\t\t\t\t    <div class=\"teaser-content\">di Piera Salvi dicembre 2025 Dalla vendita di sigari e sigarette fino a offrire tanti servizi in pi\u00f9, come la consegna dei kit per la raccolta differenziata. E&#8217; l\u2019evoluzione di una tabaccheria attiva da novant\u2019anni: la Tabaccheria Cipriani di San Niccol\u00f2. E pu\u00f2 capitare anche di sventare [&hellip;]...<\/div>\n                                            <a title=\"Tabaccheria Cipriani &#8211; come \u00e8 cambiato il mestiere in 90 anni di attivit\u00e0\" href=\"https:\/\/www.noidiqua.it\/Agliana\/tabaccheria-cipriani-come-e-cambiato-il-mestiere-in-90-anni-di-attivita\/\" class=\"read-more-align-right\"><span>Leggi tutto<\/span> &rarr;<\/a>\n\t\t\t\t    <div class=\"clear\"><\/div>\n\t\t\t\t<\/li>\n\t\t\t\t<li>\n<div class=\"small-custom-frame-wrapper alignleft frame-shadow\"><div class=\"custom-frame-inner-wrapper\"><div class=\"custom-frame-padding\"><a href=\"https:\/\/www.noidiqua.it\/Agliana\/famiglia-doni-ermini-fra-impresa-e-sport\/\" title=\"Famiglia Doni Ermini &#8211; fra impresa e sport\"><img loading=\"lazy\" decoding=\"async\" src=\"https:\/\/www.noidiqua.it\/Agliana\/wp-content\/uploads\/2025\/10\/Doni-Ermini-2-160x120_c.png\" width=\"160\" height=\"120\" alt=\"Famiglia Doni Ermini - fra impresa e sport\" \/><\/a><\/div><\/div><\/div>\t\t\t\t    <a class=\"teaser-title\" title=\"Famiglia Doni Ermini &#8211; fra impresa e sport\" href=\"https:\/\/www.noidiqua.it\/Agliana\/famiglia-doni-ermini-fra-impresa-e-sport\/\">Famiglia Doni Ermini &#8211; fra impresa e sport<\/a>\n\t\t\t\t    <div class=\"teaser-content\">di Piera Salvi settembre 2025 Le storie di famiglia talvolta si intrecciano con eventi e vicende del territorio e contribuiscono alla storia della collettivit\u00e0. E&#8217; il caso delle famiglie Doni-Ermini che ormai da pi\u00f9 di quarant\u2019anni sono legate al binomio commercio-sport. Dal 1974 al 1977 gestione del [&hellip;]...<\/div>\n                                            <a title=\"Famiglia Doni Ermini &#8211; fra impresa e sport\" href=\"https:\/\/www.noidiqua.it\/Agliana\/famiglia-doni-ermini-fra-impresa-e-sport\/\" class=\"read-more-align-right\"><span>Leggi tutto<\/span> &rarr;<\/a>\n\t\t\t\t    <div class=\"clear\"><\/div>\n\t\t\t\t<\/li>\n\t\t\t\t<li>\n<div class=\"small-custom-frame-wrapper alignleft frame-shadow\"><div class=\"custom-frame-inner-wrapper\"><div class=\"custom-frame-padding\"><a href=\"https:\/\/www.noidiqua.it\/Agliana\/rinasce-il-lago-primo-maggio\/\" title=\"Rinasce il Lago Primo Maggio\"><img loading=\"lazy\" decoding=\"async\" src=\"https:\/\/www.noidiqua.it\/Agliana\/wp-content\/uploads\/2025\/07\/Lago-Primo-Maggio-1-160x120_c.png\" width=\"160\" height=\"120\" alt=\"Rinasce il Lago Primo Maggio\" \/><\/a><\/div><\/div><\/div>\t\t\t\t    <a class=\"teaser-title\" title=\"Rinasce il Lago Primo Maggio\" href=\"https:\/\/www.noidiqua.it\/Agliana\/rinasce-il-lago-primo-maggio\/\">Rinasce il Lago Primo Maggio<\/a>\n\t\t\t\t    <div class=\"teaser-content\">di Piera Salvi giugno 2025 Il Lago Primo Maggio non chiude ma si rinnova. L\u2019ha comunicato l\u2019amministrazione comunale con l\u2019associazione Lenza Aglianese, in una conferenza stampa convocata il 4 giugno scorso, in sala consiliare, per \u00abfare definitiva chiarezza sulla vicenda del Lago Primo Maggio\u00bb e tracciare le [&hellip;]...<\/div>\n                                            <a title=\"Rinasce il Lago Primo Maggio\" href=\"https:\/\/www.noidiqua.it\/Agliana\/rinasce-il-lago-primo-maggio\/\" class=\"read-more-align-right\"><span>Leggi tutto<\/span> &rarr;<\/a>\n\t\t\t\t    <div class=\"clear\"><\/div>\n\t\t\t\t<\/li>\n\t\t\t\t<li>\n<div class=\"small-custom-frame-wrapper alignleft frame-shadow\"><div class=\"custom-frame-inner-wrapper\"><div class=\"custom-frame-padding\"><a href=\"https:\/\/www.noidiqua.it\/Agliana\/il-partigiano-ivan-baranovskij\/\" title=\"il partigiano Ivan Baranovskij\"><img loading=\"lazy\" decoding=\"async\" src=\"https:\/\/www.noidiqua.it\/Agliana\/wp-content\/uploads\/2025\/04\/la-storia-3-160x120_c.png\" width=\"160\" height=\"120\" alt=\"il partigiano Ivan Baranovskij\" \/><\/a><\/div><\/div><\/div>\t\t\t\t    <a class=\"teaser-title\" title=\"il partigiano Ivan Baranovskij\" href=\"https:\/\/www.noidiqua.it\/Agliana\/il-partigiano-ivan-baranovskij\/\">il partigiano Ivan Baranovskij<\/a>\n\t\t\t\t    <div class=\"teaser-content\">di Piera Salvi marzo 2025 La mattina di domenica 2 marzo \u00e8 arrivato in piazza IV Novembre con la sua bicicletta e ha seguito commosso le celebrazioni. Giovacchino Benesperi, 93 anni, non \u00e8 voluto mancare alla commemorazione del partigiano Ivan Baranovskij, morto ad Agliana nella notte tra [&hellip;]...<\/div>\n                                            <a title=\"il partigiano Ivan Baranovskij\" href=\"https:\/\/www.noidiqua.it\/Agliana\/il-partigiano-ivan-baranovskij\/\" class=\"read-more-align-right\"><span>Leggi tutto<\/span> &rarr;<\/a>\n\t\t\t\t    <div class=\"clear\"><\/div>\n\t\t\t\t<\/li>\n\t\t\t\t<li>\n<div class=\"small-custom-frame-wrapper alignleft frame-shadow\"><div class=\"custom-frame-inner-wrapper\"><div class=\"custom-frame-padding\"><a href=\"https:\/\/www.noidiqua.it\/Agliana\/centro-commerciale-la-ferruccia-ventanni-di-attivita\/\" title=\"Centro commerciale La Ferruccia \u2013 vent\u2019anni di attivit\u00e0\"><img loading=\"lazy\" decoding=\"async\" src=\"https:\/\/www.noidiqua.it\/Agliana\/wp-content\/uploads\/2024\/12\/La-Ferruccia-1-160x120_c.png\" width=\"160\" height=\"120\" alt=\"Centro commerciale La Ferruccia \u2013 vent\u2019anni di attivit\u00e0\" \/><\/a><\/div><\/div><\/div>\t\t\t\t    <a class=\"teaser-title\" title=\"Centro commerciale La Ferruccia \u2013 vent\u2019anni di attivit\u00e0\" href=\"https:\/\/www.noidiqua.it\/Agliana\/centro-commerciale-la-ferruccia-ventanni-di-attivita\/\">Centro commerciale La Ferruccia \u2013 vent\u2019anni di attivit\u00e0<\/a>\n\t\t\t\t    <div class=\"teaser-content\">di Piera Salvi. Foto:\u00a0Gabriele Bellini dicembre 2024 \u00abC\u2019era una volta un babbo nato e cresciuto in quel della Ferruccia, che conduceva una piccola mesticheria del paese, dedito al lavoro e alla famiglia. Spesso, passando vicino ad un campo incolto del posto, diceva alla sua bambina: \u201cVedi quel [&hellip;]...<\/div>\n                                            <a title=\"Centro commerciale La Ferruccia \u2013 vent\u2019anni di attivit\u00e0\" href=\"https:\/\/www.noidiqua.it\/Agliana\/centro-commerciale-la-ferruccia-ventanni-di-attivita\/\" class=\"read-more-align-right\"><span>Leggi tutto<\/span> &rarr;<\/a>\n\t\t\t\t    <div class=\"clear\"><\/div>\n\t\t\t\t<\/li>\n\t\t\t\t<li>\n<div class=\"small-custom-frame-wrapper alignleft frame-shadow\"><div class=\"custom-frame-inner-wrapper\"><div class=\"custom-frame-padding\"><a href=\"https:\/\/www.noidiqua.it\/Agliana\/stadio-comunale-bellucci-fra-passato-e-presente\/\" title=\"Stadio comunale Bellucci &#8211; fra passato e presente\"><img loading=\"lazy\" decoding=\"async\" src=\"https:\/\/www.noidiqua.it\/Agliana\/wp-content\/uploads\/2024\/12\/Stadio-2-160x120_c.png\" width=\"160\" height=\"120\" alt=\"Stadio comunale Bellucci - fra passato e presente\" \/><\/a><\/div><\/div><\/div>\t\t\t\t    <a class=\"teaser-title\" title=\"Stadio comunale Bellucci &#8211; fra passato e presente\" href=\"https:\/\/www.noidiqua.it\/Agliana\/stadio-comunale-bellucci-fra-passato-e-presente\/\">Stadio comunale Bellucci &#8211; fra passato e presente<\/a>\n\t\t\t\t    <div class=\"teaser-content\">di Piera Salvi dicembre 2024 Il giovane militare Tarquinio Melani port\u00f2 in paese due palloni presi in prestito dal suo maresciallo al distretto di Pistoia, dove prestava servizio. Era il 1922 e il calcio arriv\u00f2 ad Agliana con quel giovane militare e quei due palloni. L\u2019interesse e [&hellip;]...<\/div>\n                                            <a title=\"Stadio comunale Bellucci &#8211; fra passato e presente\" href=\"https:\/\/www.noidiqua.it\/Agliana\/stadio-comunale-bellucci-fra-passato-e-presente\/\" class=\"read-more-align-right\"><span>Leggi tutto<\/span> &rarr;<\/a>\n\t\t\t\t    <div class=\"clear\"><\/div>\n\t\t\t\t<\/li>\n\t\t\t\t<li>\n<div class=\"small-custom-frame-wrapper alignleft frame-shadow\"><div class=\"custom-frame-inner-wrapper\"><div class=\"custom-frame-padding\"><a href=\"https:\/\/www.noidiqua.it\/Agliana\/inceneritore-di-montale-e-in-corso-la-gara-per-laggiudicazione\/\" title=\"Inceneritore di Montale: \u00e8 in corso la gara per l&#8217;aggiudicazione\"><img loading=\"lazy\" decoding=\"async\" src=\"https:\/\/www.noidiqua.it\/Agliana\/wp-content\/uploads\/2021\/04\/inceneritore-2-160x120_c.png\" width=\"160\" height=\"120\" alt=\"Inceneritore di Montale: \u00e8 in corso la gara per l&#039;aggiudicazione\" \/><\/a><\/div><\/div><\/div>\t\t\t\t    <a class=\"teaser-title\" title=\"Inceneritore di Montale: \u00e8 in corso la gara per l&#8217;aggiudicazione\" href=\"https:\/\/www.noidiqua.it\/Agliana\/inceneritore-di-montale-e-in-corso-la-gara-per-laggiudicazione\/\">Inceneritore di Montale: \u00e8 in corso la gara per l&#8217;aggiudicazione<\/a>\n\t\t\t\t    <div class=\"teaser-content\">di Giacomo Bini. Foto: Gabriele Bellini settembre 2024 E&#8217; in corso la procedura di gara per l\u2019aggiudicazione della gestione dell\u2019inceneritore per altri tre anni pi\u00f9 un quarto anno eventuale. Le imprese che si candidano a gestire l\u2019impianto dovranno presentare domanda entro il 31 ottobre prossimo e il [&hellip;]...<\/div>\n                                            <a title=\"Inceneritore di Montale: \u00e8 in corso la gara per l&#8217;aggiudicazione\" href=\"https:\/\/www.noidiqua.it\/Agliana\/inceneritore-di-montale-e-in-corso-la-gara-per-laggiudicazione\/\" class=\"read-more-align-right\"><span>Leggi tutto<\/span> &rarr;<\/a>\n\t\t\t\t    <div class=\"clear\"><\/div>\n\t\t\t\t<\/li>\n\t\t\t\t<li>\n<div class=\"small-custom-frame-wrapper alignleft frame-shadow\"><div class=\"custom-frame-inner-wrapper\"><div class=\"custom-frame-padding\"><a href=\"https:\/\/www.noidiqua.it\/Agliana\/lettera-aperta-alla-nuova-giunta-benesperi\/\" title=\"Lettera aperta alla nuova giunta Benesperi\"><img loading=\"lazy\" decoding=\"async\" src=\"https:\/\/www.noidiqua.it\/Agliana\/wp-content\/uploads\/2024\/07\/la-storia-1-160x120_c.png\" width=\"160\" height=\"120\" alt=\"Lettera aperta alla nuova giunta Benesperi\" \/><\/a><\/div><\/div><\/div>\t\t\t\t    <a class=\"teaser-title\" title=\"Lettera aperta alla nuova giunta Benesperi\" href=\"https:\/\/www.noidiqua.it\/Agliana\/lettera-aperta-alla-nuova-giunta-benesperi\/\">Lettera aperta alla nuova giunta Benesperi<\/a>\n\t\t\t\t    <div class=\"teaser-content\">di Piero Salvi giugno 2024 Luca Benesperi del centrodestra riconfermato sindaco di Agliana al ballottaggio, con il 53,24%, contro il 46,76% di Guido Del Fante del centrosinistra. I cittadini di Agliana augurano buon lavoro a Benesperi e ricordano i tanti problemi da risolvere. Ecco le maggiori perplessit\u00e0 [&hellip;]...<\/div>\n                                            <a title=\"Lettera aperta alla nuova giunta Benesperi\" href=\"https:\/\/www.noidiqua.it\/Agliana\/lettera-aperta-alla-nuova-giunta-benesperi\/\" class=\"read-more-align-right\"><span>Leggi tutto<\/span> &rarr;<\/a>\n\t\t\t\t    <div class=\"clear\"><\/div>\n\t\t\t\t<\/li>\n\t\t\t\t<li>\n<div class=\"small-custom-frame-wrapper alignleft frame-shadow\"><div class=\"custom-frame-inner-wrapper\"><div class=\"custom-frame-padding\"><a href=\"https:\/\/www.noidiqua.it\/Agliana\/amag-in-un-libro-la-storia-del-consorzio\/\" title=\"Amag: in un libro la storia del consorzio\"><img loading=\"lazy\" decoding=\"async\" src=\"https:\/\/www.noidiqua.it\/Agliana\/wp-content\/uploads\/2024\/04\/amag-4-160x120_c.png\" width=\"160\" height=\"120\" alt=\"Amag: in un libro la storia del consorzio\" \/><\/a><\/div><\/div><\/div>\t\t\t\t    <a class=\"teaser-title\" title=\"Amag: in un libro la storia del consorzio\" href=\"https:\/\/www.noidiqua.it\/Agliana\/amag-in-un-libro-la-storia-del-consorzio\/\">Amag: in un libro la storia del consorzio<\/a>\n\t\t\t\t    <div class=\"teaser-content\">di Piera Salvi marzo 2024 \u201cAmag \u2013 La storia\u201d \u00e8 il libro di Graziano Tesi che ricorda una piccola azienda di multiservizi, a cinquant\u2019anni dalla nascita, offrendo spunti di riflessione su presente e futuro. Amag nasce inizialmente ad Agliana (nel 1972) come Azienda municipalizzata acqua gas e [&hellip;]...<\/div>\n                                            <a title=\"Amag: in un libro la storia del consorzio\" href=\"https:\/\/www.noidiqua.it\/Agliana\/amag-in-un-libro-la-storia-del-consorzio\/\" class=\"read-more-align-right\"><span>Leggi tutto<\/span> &rarr;<\/a>\n\t\t\t\t    <div class=\"clear\"><\/div>\n\t\t\t\t<\/li>\n\t\t\t<\/ul>\n\t\t    <\/div><!-- end widget_recent_posts -->\n<\/div>\n<a class=\"flat-custom-button align-btn-left\" href=\"https:\/\/www.noidiqua.it\/Agliana\/category\/ag\/storia-qt\/\" title=\"Mostra tutti gli articoli di questa sezione\"><span style=\"padding:10px 20px; background-color:#ed162d; border:1px solid #ed162d; color:#FFFFFF; font-size:14px;\">Mostra tutti gli articoli precedenti<\/span><\/a>","protected":false},"excerpt":{"rendered":"","protected":false},"author":2,"featured_media":0,"parent":12,"menu_order":0,"comment_status":"open","ping_status":"closed","template":"","meta":{"footnotes":""},"class_list":["post-105","page","type-page","status-publish","hentry"],"yoast_head":"<!-- This site is optimized with the Yoast SEO plugin v25.5 - https:\/\/yoast.com\/wordpress\/plugins\/seo\/ -->\n<title>La Storia - Noi di Qua Testata giornalistica e di attualit\u00e0 di Agliana, Montale e Quarrata.<\/title>\n<meta name=\"robots\" content=\"index, follow, max-snippet:-1, max-image-preview:large, max-video-preview:-1\" \/>\n<link rel=\"canonical\" href=\"https:\/\/www.noidiqua.it\/Agliana\/agliana-2\/la-storia\/\" \/>\n<meta property=\"og:locale\" content=\"it_IT\" \/>\n<meta property=\"og:type\" content=\"article\" \/>\n<meta property=\"og:title\" content=\"La Storia - Noi di Qua Testata giornalistica e di attualit\u00e0 di Agliana, Montale e Quarrata.\" \/>\n<meta property=\"og:url\" content=\"https:\/\/www.noidiqua.it\/Agliana\/agliana-2\/la-storia\/\" \/>\n<meta property=\"og:site_name\" content=\"Noi di Qua Testata giornalistica e di attualit\u00e0 di Agliana, Montale e Quarrata.\" \/>\n<meta property=\"article:publisher\" content=\"https:\/\/www.facebook.com\/noidiqua.trimestrale\/\" \/>\n<meta property=\"article:modified_time\" content=\"2014-08-19T15:23:39+00:00\" \/>\n<script type=\"application\/ld+json\" class=\"yoast-schema-graph\">{\"@context\":\"https:\/\/schema.org\",\"@graph\":[{\"@type\":\"WebPage\",\"@id\":\"https:\/\/www.noidiqua.it\/Agliana\/agliana-2\/la-storia\/\",\"url\":\"https:\/\/www.noidiqua.it\/Agliana\/agliana-2\/la-storia\/\",\"name\":\"La Storia - Noi di Qua Testata giornalistica e di attualit\u00e0 di Agliana, Montale e Quarrata.\",\"isPartOf\":{\"@id\":\"https:\/\/www.noidiqua.it\/Agliana\/#website\"},\"datePublished\":\"2011-07-08T19:11:20+00:00\",\"dateModified\":\"2014-08-19T15:23:39+00:00\",\"breadcrumb\":{\"@id\":\"https:\/\/www.noidiqua.it\/Agliana\/agliana-2\/la-storia\/#breadcrumb\"},\"inLanguage\":\"it-IT\",\"potentialAction\":[{\"@type\":\"ReadAction\",\"target\":[\"https:\/\/www.noidiqua.it\/Agliana\/agliana-2\/la-storia\/\"]}]},{\"@type\":\"BreadcrumbList\",\"@id\":\"https:\/\/www.noidiqua.it\/Agliana\/agliana-2\/la-storia\/#breadcrumb\",\"itemListElement\":[{\"@type\":\"ListItem\",\"position\":1,\"name\":\"Home\",\"item\":\"https:\/\/www.noidiqua.it\/Agliana\/\"},{\"@type\":\"ListItem\",\"position\":2,\"name\":\"Agliana\",\"item\":\"https:\/\/www.noidiqua.it\/Agliana\/agliana-2\/\"},{\"@type\":\"ListItem\",\"position\":3,\"name\":\"La Storia\"}]},{\"@type\":\"WebSite\",\"@id\":\"https:\/\/www.noidiqua.it\/Agliana\/#website\",\"url\":\"https:\/\/www.noidiqua.it\/Agliana\/\",\"name\":\"Noi di Qua Testata giornalistica e di attualit\u00e0 di Agliana, Montale e Quarrata.\",\"description\":\"Testata Giornalistica Quarrata Montale Agliana\",\"potentialAction\":[{\"@type\":\"SearchAction\",\"target\":{\"@type\":\"EntryPoint\",\"urlTemplate\":\"https:\/\/www.noidiqua.it\/Agliana\/?s={search_term_string}\"},\"query-input\":{\"@type\":\"PropertyValueSpecification\",\"valueRequired\":true,\"valueName\":\"search_term_string\"}}],\"inLanguage\":\"it-IT\"}]}<\/script>\n<!-- \/ Yoast SEO plugin. -->","yoast_head_json":{"title":"La Storia - Noi di Qua Testata giornalistica e di attualit\u00e0 di Agliana, Montale e Quarrata.","robots":{"index":"index","follow":"follow","max-snippet":"max-snippet:-1","max-image-preview":"max-image-preview:large","max-video-preview":"max-video-preview:-1"},"canonical":"https:\/\/www.noidiqua.it\/Agliana\/agliana-2\/la-storia\/","og_locale":"it_IT","og_type":"article","og_title":"La Storia - Noi di Qua Testata giornalistica e di attualit\u00e0 di Agliana, Montale e Quarrata.","og_url":"https:\/\/www.noidiqua.it\/Agliana\/agliana-2\/la-storia\/","og_site_name":"Noi di Qua Testata giornalistica e di attualit\u00e0 di Agliana, Montale e Quarrata.","article_publisher":"https:\/\/www.facebook.com\/noidiqua.trimestrale\/","article_modified_time":"2014-08-19T15:23:39+00:00","schema":{"@context":"https:\/\/schema.org","@graph":[{"@type":"WebPage","@id":"https:\/\/www.noidiqua.it\/Agliana\/agliana-2\/la-storia\/","url":"https:\/\/www.noidiqua.it\/Agliana\/agliana-2\/la-storia\/","name":"La Storia - Noi di Qua Testata giornalistica e di attualit\u00e0 di Agliana, Montale e Quarrata.","isPartOf":{"@id":"https:\/\/www.noidiqua.it\/Agliana\/#website"},"datePublished":"2011-07-08T19:11:20+00:00","dateModified":"2014-08-19T15:23:39+00:00","breadcrumb":{"@id":"https:\/\/www.noidiqua.it\/Agliana\/agliana-2\/la-storia\/#breadcrumb"},"inLanguage":"it-IT","potentialAction":[{"@type":"ReadAction","target":["https:\/\/www.noidiqua.it\/Agliana\/agliana-2\/la-storia\/"]}]},{"@type":"BreadcrumbList","@id":"https:\/\/www.noidiqua.it\/Agliana\/agliana-2\/la-storia\/#breadcrumb","itemListElement":[{"@type":"ListItem","position":1,"name":"Home","item":"https:\/\/www.noidiqua.it\/Agliana\/"},{"@type":"ListItem","position":2,"name":"Agliana","item":"https:\/\/www.noidiqua.it\/Agliana\/agliana-2\/"},{"@type":"ListItem","position":3,"name":"La Storia"}]},{"@type":"WebSite","@id":"https:\/\/www.noidiqua.it\/Agliana\/#website","url":"https:\/\/www.noidiqua.it\/Agliana\/","name":"Noi di Qua Testata giornalistica e di attualit\u00e0 di Agliana, Montale e Quarrata.","description":"Testata Giornalistica Quarrata Montale Agliana","potentialAction":[{"@type":"SearchAction","target":{"@type":"EntryPoint","urlTemplate":"https:\/\/www.noidiqua.it\/Agliana\/?s={search_term_string}"},"query-input":{"@type":"PropertyValueSpecification","valueRequired":true,"valueName":"search_term_string"}}],"inLanguage":"it-IT"}]}},"_links":{"self":[{"href":"https:\/\/www.noidiqua.it\/Agliana\/wp-json\/wp\/v2\/pages\/105","targetHints":{"allow":["GET"]}}],"collection":[{"href":"https:\/\/www.noidiqua.it\/Agliana\/wp-json\/wp\/v2\/pages"}],"about":[{"href":"https:\/\/www.noidiqua.it\/Agliana\/wp-json\/wp\/v2\/types\/page"}],"author":[{"embeddable":true,"href":"https:\/\/www.noidiqua.it\/Agliana\/wp-json\/wp\/v2\/users\/2"}],"replies":[{"embeddable":true,"href":"https:\/\/www.noidiqua.it\/Agliana\/wp-json\/wp\/v2\/comments?post=105"}],"version-history":[{"count":0,"href":"https:\/\/www.noidiqua.it\/Agliana\/wp-json\/wp\/v2\/pages\/105\/revisions"}],"up":[{"embeddable":true,"href":"https:\/\/www.noidiqua.it\/Agliana\/wp-json\/wp\/v2\/pages\/12"}],"wp:attachment":[{"href":"https:\/\/www.noidiqua.it\/Agliana\/wp-json\/wp\/v2\/media?parent=105"}],"curies":[{"name":"wp","href":"https:\/\/api.w.org\/{rel}","templated":true}]}}