{"id":4719,"date":"2017-04-05T10:56:15","date_gmt":"2017-04-05T08:56:15","guid":{"rendered":"https:\/\/www.noidiqua.it\/Agliana\/?page_id=4719"},"modified":"2017-04-05T10:56:15","modified_gmt":"2017-04-05T08:56:15","slug":"bella-impresa","status":"publish","type":"page","link":"https:\/\/www.noidiqua.it\/Agliana\/agliana-2\/bella-impresa\/","title":{"rendered":"Una bella impresa"},"content":{"rendered":"<div class=\"widget widget_latest_posts\"><h3 class=\"widgettitle\">Una bella impresa<\/h3>\t\t    <div class=\"latest_posts\">\n\t\t\t<ul class=\"small-thumb\">\n\t\t\t\t<li>\n<div class=\"small-custom-frame-wrapper alignleft frame-shadow\"><div class=\"custom-frame-inner-wrapper\"><div class=\"custom-frame-padding\"><a href=\"https:\/\/www.noidiqua.it\/Agliana\/oro-kappa-30-anni-di-attivita\/\" title=\"Oro Kappa \u2013 30 anni di attivit\u00e0\"><img loading=\"lazy\" decoding=\"async\" src=\"https:\/\/www.noidiqua.it\/Agliana\/wp-content\/uploads\/2025\/12\/Oro-kappa-2_-160x120_c.png\" width=\"160\" height=\"120\" alt=\"Oro Kappa \u2013 30 anni di attivit\u00e0\" \/><\/a><\/div><\/div><\/div>\t\t\t\t    <a class=\"teaser-title\" title=\"Oro Kappa \u2013 30 anni di attivit\u00e0\" href=\"https:\/\/www.noidiqua.it\/Agliana\/oro-kappa-30-anni-di-attivita\/\">Oro Kappa \u2013 30 anni di attivit\u00e0<\/a>\n\t\t\t\t    <div class=\"teaser-content\">di Serena Michelozzi dicembre 2025 La lunga storia\u00a0Oro Kappa\u00a0\u00e8 quella di un sogno che d\u00e0 forma alla\u00a0bellezza\u00a0con il cuore e con le mani. Non \u00e8 solo un marchio di gioielleria, ma appunto il coronamento di un sogno trentennale:\u00a0\u00abCreare un luogo dove l\u2019arte orafa potesse incontrare la creativit\u00e0 [&hellip;]...<\/div>\n                                            <a title=\"Oro Kappa \u2013 30 anni di attivit\u00e0\" href=\"https:\/\/www.noidiqua.it\/Agliana\/oro-kappa-30-anni-di-attivita\/\" class=\"read-more-align-right\"><span>Leggi tutto<\/span> &rarr;<\/a>\n\t\t\t\t    <div class=\"clear\"><\/div>\n\t\t\t\t<\/li>\n\t\t\t\t<li>\n<div class=\"small-custom-frame-wrapper alignleft frame-shadow\"><div class=\"custom-frame-inner-wrapper\"><div class=\"custom-frame-padding\"><a href=\"https:\/\/www.noidiqua.it\/Agliana\/rometta-party-ed-eventi-unattivita-di-famiglia-per-le-famiglie-e-non-solo\/\" title=\"Rometta party ed eventi \u2013 un\u2019attivit\u00e0 di famiglia per le famiglie (e non solo)\"><img loading=\"lazy\" decoding=\"async\" src=\"https:\/\/www.noidiqua.it\/Agliana\/wp-content\/uploads\/2025\/12\/Rometta-2-160x120_c.png\" width=\"160\" height=\"120\" alt=\"Rometta party ed eventi \u2013 un\u2019attivit\u00e0 di famiglia per le famiglie (e non solo)\" \/><\/a><\/div><\/div><\/div>\t\t\t\t    <a class=\"teaser-title\" title=\"Rometta party ed eventi \u2013 un\u2019attivit\u00e0 di famiglia per le famiglie (e non solo)\" href=\"https:\/\/www.noidiqua.it\/Agliana\/rometta-party-ed-eventi-unattivita-di-famiglia-per-le-famiglie-e-non-solo\/\">Rometta party ed eventi \u2013 un\u2019attivit\u00e0 di famiglia per le famiglie (e non solo)<\/a>\n\t\t\t\t    <div class=\"teaser-content\">di David Colzi dicembre 2025 Avevamo incontrato la\u00a0famiglia Morrone\u00a0quasi dieci anni fa, quando ci parlarono della storia dell\u2019alimentari Rometta di Ferruccia e della sua fondatrice, la signora\u00a0Roma Emilia Ravasin, per tutti Rometta appunto, scomparsa improvvisamente nel 2015. Non staremo qui a raccontarvi tutto da capo: se volete [&hellip;]...<\/div>\n                                            <a title=\"Rometta party ed eventi \u2013 un\u2019attivit\u00e0 di famiglia per le famiglie (e non solo)\" href=\"https:\/\/www.noidiqua.it\/Agliana\/rometta-party-ed-eventi-unattivita-di-famiglia-per-le-famiglie-e-non-solo\/\" class=\"read-more-align-right\"><span>Leggi tutto<\/span> &rarr;<\/a>\n\t\t\t\t    <div class=\"clear\"><\/div>\n\t\t\t\t<\/li>\n\t\t\t\t<li>\n<div class=\"small-custom-frame-wrapper alignleft frame-shadow\"><div class=\"custom-frame-inner-wrapper\"><div class=\"custom-frame-padding\"><a href=\"https:\/\/www.noidiqua.it\/Agliana\/naturart-village-fra-natura-cultura-e-innovazione\/\" title=\"Naturart Village &#8211; fra natura, cultura e innovazione\"><img loading=\"lazy\" decoding=\"async\" src=\"https:\/\/www.noidiqua.it\/Agliana\/wp-content\/uploads\/2025\/07\/Naturart-4-160x120_c.png\" width=\"160\" height=\"120\" alt=\"Naturart Village - fra natura, cultura e innovazione\" \/><\/a><\/div><\/div><\/div>\t\t\t\t    <a class=\"teaser-title\" title=\"Naturart Village &#8211; fra natura, cultura e innovazione\" href=\"https:\/\/www.noidiqua.it\/Agliana\/naturart-village-fra-natura-cultura-e-innovazione\/\">Naturart Village &#8211; fra natura, cultura e innovazione<\/a>\n\t\t\t\t    <div class=\"teaser-content\">di Lorenzo Baldi. Foto: Lorenzo Marianeschi e Carolina Begliomini giugno 2025 Quindici anni di storie che hanno dipinto l&#8217;anima del territorio pistoiese, svelandone la bellezza pagina dopo pagina. Oggi, NATURART \u2013 periodico bilingue edito da Giorgio Tesi Editrice e giunto al suo 51\u00b0 numero &#8211; prende forma [&hellip;]...<\/div>\n                                            <a title=\"Naturart Village &#8211; fra natura, cultura e innovazione\" href=\"https:\/\/www.noidiqua.it\/Agliana\/naturart-village-fra-natura-cultura-e-innovazione\/\" class=\"read-more-align-right\"><span>Leggi tutto<\/span> &rarr;<\/a>\n\t\t\t\t    <div class=\"clear\"><\/div>\n\t\t\t\t<\/li>\n\t\t\t\t<li>\n<div class=\"small-custom-frame-wrapper alignleft frame-shadow\"><div class=\"custom-frame-inner-wrapper\"><div class=\"custom-frame-padding\"><a href=\"https:\/\/www.noidiqua.it\/Agliana\/massimo-drovandi-un-artigiano-alla-biennale-arte-2024\/\" title=\"Massimo Drovandi &#8211; un artigiano alla \u201cBiennale Arte 2024\u201d\"><img loading=\"lazy\" decoding=\"async\" src=\"https:\/\/www.noidiqua.it\/Agliana\/wp-content\/uploads\/2025\/04\/drovandi-3-160x120_c.png\" width=\"160\" height=\"120\" alt=\"Massimo Drovandi - un artigiano alla \u201cBiennale Arte 2024\u201d\" \/><\/a><\/div><\/div><\/div>\t\t\t\t    <a class=\"teaser-title\" title=\"Massimo Drovandi &#8211; un artigiano alla \u201cBiennale Arte 2024\u201d\" href=\"https:\/\/www.noidiqua.it\/Agliana\/massimo-drovandi-un-artigiano-alla-biennale-arte-2024\/\">Massimo Drovandi &#8211; un artigiano alla \u201cBiennale Arte 2024\u201d<\/a>\n\t\t\t\t    <div class=\"teaser-content\">di Piera Salvi marzo 2025 Dal suo laboratorio di Quarrata alla famosa \u201cBiennale Arte 2024\u201d di Venezia, passando per altri prestigiosi percorsi come un\u2019opera esposta al Castello Lismore, residenza irlandese del Duca di Devonshire, in\u00a0Irlanda. Massimo Drovandi, aglianese, \u00e8 un\u00a0artigiano-artista\u00a0specializzato anche nel restauro di arredi ecclesiastici e [&hellip;]...<\/div>\n                                            <a title=\"Massimo Drovandi &#8211; un artigiano alla \u201cBiennale Arte 2024\u201d\" href=\"https:\/\/www.noidiqua.it\/Agliana\/massimo-drovandi-un-artigiano-alla-biennale-arte-2024\/\" class=\"read-more-align-right\"><span>Leggi tutto<\/span> &rarr;<\/a>\n\t\t\t\t    <div class=\"clear\"><\/div>\n\t\t\t\t<\/li>\n\t\t\t\t<li>\n<div class=\"small-custom-frame-wrapper alignleft frame-shadow\"><div class=\"custom-frame-inner-wrapper\"><div class=\"custom-frame-padding\"><a href=\"https:\/\/www.noidiqua.it\/Agliana\/simone-fondi-un-macellaio-montalese-al-campionato-di-battuta-a-coltello\/\" title=\"Simone Fondi \u2013 un macellaio montalese al campionato di \u201cbattuta a coltello\u201d\"><img loading=\"lazy\" decoding=\"async\" src=\"https:\/\/www.noidiqua.it\/Agliana\/wp-content\/uploads\/2024\/12\/simone-fondi_-160x120_c.png\" width=\"160\" height=\"120\" alt=\"Simone Fondi \u2013 un macellaio montalese al campionato di \u201cbattuta a coltello\u201d\" \/><\/a><\/div><\/div><\/div>\t\t\t\t    <a class=\"teaser-title\" title=\"Simone Fondi \u2013 un macellaio montalese al campionato di \u201cbattuta a coltello\u201d\" href=\"https:\/\/www.noidiqua.it\/Agliana\/simone-fondi-un-macellaio-montalese-al-campionato-di-battuta-a-coltello\/\">Simone Fondi \u2013 un macellaio montalese al campionato di \u201cbattuta a coltello\u201d<\/a>\n\t\t\t\t    <div class=\"teaser-content\">di Giacomo Bini dicembre 2024 Il\u00a0macellaio\u00a0Simone Fondi\u00a0di Montale insieme al suo collega di Quarrata\u00a0Edoardo Nardini\u00a0ha partecipato al campionato italiano di \u201cbattuta al coltello\u201d che si \u00e8 svolto a Trinit\u00e0, in provincia di Cuneo. Simone Fondi ha ben figurato nella competizione avendo ottenuto due quarti posti ad un [&hellip;]...<\/div>\n                                            <a title=\"Simone Fondi \u2013 un macellaio montalese al campionato di \u201cbattuta a coltello\u201d\" href=\"https:\/\/www.noidiqua.it\/Agliana\/simone-fondi-un-macellaio-montalese-al-campionato-di-battuta-a-coltello\/\" class=\"read-more-align-right\"><span>Leggi tutto<\/span> &rarr;<\/a>\n\t\t\t\t    <div class=\"clear\"><\/div>\n\t\t\t\t<\/li>\n\t\t\t\t<li>\n<div class=\"small-custom-frame-wrapper alignleft frame-shadow\"><div class=\"custom-frame-inner-wrapper\"><div class=\"custom-frame-padding\"><a href=\"https:\/\/www.noidiqua.it\/Agliana\/mesticheria-romiti-un-punto-di-riferimento-dal-1969\/\" title=\"Mesticheria Romiti &#8211; un punto  di riferimento dal 1969\"><img loading=\"lazy\" decoding=\"async\" src=\"https:\/\/www.noidiqua.it\/Agliana\/wp-content\/uploads\/2024\/12\/Romiti-2-160x120_c.png\" width=\"160\" height=\"120\" alt=\"Mesticheria Romiti - un punto  di riferimento dal 1969\" \/><\/a><\/div><\/div><\/div>\t\t\t\t    <a class=\"teaser-title\" title=\"Mesticheria Romiti &#8211; un punto  di riferimento dal 1969\" href=\"https:\/\/www.noidiqua.it\/Agliana\/mesticheria-romiti-un-punto-di-riferimento-dal-1969\/\">Mesticheria Romiti &#8211; un punto  di riferimento dal 1969<\/a>\n\t\t\t\t    <div class=\"teaser-content\">di David Colzi. Foto: Gabriele Bellini dicembre 2024 La Mesticheria Romiti \u00e8 da cinquantacinque anni, un punto di riferimento non solo per Spedalino, ma anche per le frazioni vicine appartenenti al comune di Pistoia. A fondarla \u00e8 stato Moreno Romiti, classe 1942, quando si rese conto che [&hellip;]...<\/div>\n                                            <a title=\"Mesticheria Romiti &#8211; un punto  di riferimento dal 1969\" href=\"https:\/\/www.noidiqua.it\/Agliana\/mesticheria-romiti-un-punto-di-riferimento-dal-1969\/\" class=\"read-more-align-right\"><span>Leggi tutto<\/span> &rarr;<\/a>\n\t\t\t\t    <div class=\"clear\"><\/div>\n\t\t\t\t<\/li>\n\t\t\t\t<li>\n<div class=\"small-custom-frame-wrapper alignleft frame-shadow\"><div class=\"custom-frame-inner-wrapper\"><div class=\"custom-frame-padding\"><a href=\"https:\/\/www.noidiqua.it\/Agliana\/milva-pacini-da-25-anni-nel-settore-della-telefonia-e-non-solo\/\" title=\"Milva Pacini &#8211; da 25 anni nel settore della telefonia e non solo\"><img loading=\"lazy\" decoding=\"async\" src=\"https:\/\/www.noidiqua.it\/Agliana\/wp-content\/uploads\/2024\/10\/Milva-2-160x120_c.png\" width=\"160\" height=\"120\" alt=\"Milva Pacini - da 25 anni nel settore della telefonia e non solo\" \/><\/a><\/div><\/div><\/div>\t\t\t\t    <a class=\"teaser-title\" title=\"Milva Pacini &#8211; da 25 anni nel settore della telefonia e non solo\" href=\"https:\/\/www.noidiqua.it\/Agliana\/milva-pacini-da-25-anni-nel-settore-della-telefonia-e-non-solo\/\">Milva Pacini &#8211; da 25 anni nel settore della telefonia e non solo<\/a>\n\t\t\t\t    <div class=\"teaser-content\">di David Colzi settembre 2024 Se ci pensate bene, anche un mestiere considerato moderno, come quello di chi si occupa di servizi e consulenza legati alla telefonia, luce, gas o internet, in realt\u00e0 ha una sua storia. Basti pensare che una professionista come Milva Pacini, ha iniziato [&hellip;]...<\/div>\n                                            <a title=\"Milva Pacini &#8211; da 25 anni nel settore della telefonia e non solo\" href=\"https:\/\/www.noidiqua.it\/Agliana\/milva-pacini-da-25-anni-nel-settore-della-telefonia-e-non-solo\/\" class=\"read-more-align-right\"><span>Leggi tutto<\/span> &rarr;<\/a>\n\t\t\t\t    <div class=\"clear\"><\/div>\n\t\t\t\t<\/li>\n\t\t\t\t<li>\n<div class=\"small-custom-frame-wrapper alignleft frame-shadow\"><div class=\"custom-frame-inner-wrapper\"><div class=\"custom-frame-padding\"><a href=\"https:\/\/www.noidiqua.it\/Agliana\/fabbri-profumerie-cinquantanni-di-attivita\/\" title=\"Fabbri profumerie &#8211; cinquant&#8217;anni di attivit\u00e0\"><img loading=\"lazy\" decoding=\"async\" src=\"https:\/\/www.noidiqua.it\/Agliana\/wp-content\/uploads\/2024\/10\/Fabbri-1-160x120_c.png\" width=\"160\" height=\"120\" alt=\"Fabbri profumerie - cinquant&#039;anni di attivit\u00e0\" \/><\/a><\/div><\/div><\/div>\t\t\t\t    <a class=\"teaser-title\" title=\"Fabbri profumerie &#8211; cinquant&#8217;anni di attivit\u00e0\" href=\"https:\/\/www.noidiqua.it\/Agliana\/fabbri-profumerie-cinquantanni-di-attivita\/\">Fabbri profumerie &#8211; cinquant&#8217;anni di attivit\u00e0<\/a>\n\t\t\t\t    <div class=\"teaser-content\">di Piera Salvi settembre 2024 Tagliare il traguardo di cinquant\u2019anni di attivit\u00e0 \u00e8 una grande soddisfazione, soprattutto quando si porta avanti una storia di famiglia che risale a pi\u00f9 di sessant\u2019anni fa. Simonetta Fabbri, titolare di \u201cFabbri profumerie\u201d in via Della Repubblica, a questo bel traguardo c\u2019\u00e8 [&hellip;]...<\/div>\n                                            <a title=\"Fabbri profumerie &#8211; cinquant&#8217;anni di attivit\u00e0\" href=\"https:\/\/www.noidiqua.it\/Agliana\/fabbri-profumerie-cinquantanni-di-attivita\/\" class=\"read-more-align-right\"><span>Leggi tutto<\/span> &rarr;<\/a>\n\t\t\t\t    <div class=\"clear\"><\/div>\n\t\t\t\t<\/li>\n\t\t\t\t<li>\n<div class=\"small-custom-frame-wrapper alignleft frame-shadow\"><div class=\"custom-frame-inner-wrapper\"><div class=\"custom-frame-padding\"><a href=\"https:\/\/www.noidiqua.it\/Agliana\/gioielleria-pierattini-dal-1946\/\" title=\"Gioielleria Pierattini &#8211; dal 1946\"><img loading=\"lazy\" decoding=\"async\" src=\"https:\/\/www.noidiqua.it\/Agliana\/wp-content\/uploads\/2024\/04\/pierattini-3-160x120_c.png\" width=\"160\" height=\"120\" alt=\"Gioielleria Pierattini - dal 1946\" \/><\/a><\/div><\/div><\/div>\t\t\t\t    <a class=\"teaser-title\" title=\"Gioielleria Pierattini &#8211; dal 1946\" href=\"https:\/\/www.noidiqua.it\/Agliana\/gioielleria-pierattini-dal-1946\/\">Gioielleria Pierattini &#8211; dal 1946<\/a>\n\t\t\t\t    <div class=\"teaser-content\">di Piera Salvi marzo 2024 Quella che stiamo raccontando \u00e8 una storia \u201cpreziosa\u201d, non solo perch\u00e9 si tratta di una gioielleria ma anche perch\u00e9 \u00e8 una storia di passione e radicamento sul territorio da tre generazioni. La \u201cGioielleria Pierattini\u201d fu fondata nel 1946 da Brunero Pierattini, nato [&hellip;]...<\/div>\n                                            <a title=\"Gioielleria Pierattini &#8211; dal 1946\" href=\"https:\/\/www.noidiqua.it\/Agliana\/gioielleria-pierattini-dal-1946\/\" class=\"read-more-align-right\"><span>Leggi tutto<\/span> &rarr;<\/a>\n\t\t\t\t    <div class=\"clear\"><\/div>\n\t\t\t\t<\/li>\n\t\t\t\t<li>\n<div class=\"small-custom-frame-wrapper alignleft frame-shadow\"><div class=\"custom-frame-inner-wrapper\"><div class=\"custom-frame-padding\"><a href=\"https:\/\/www.noidiqua.it\/Agliana\/laura-e-paola-dal-1985-al-servizio-del-design-del-restauro-e-della-cultura\/\" title=\"Laura e Paola &#8211; da oltre trent&#8217;anni al servizio del design, del restauro e della cultura\"><img loading=\"lazy\" decoding=\"async\" src=\"https:\/\/www.noidiqua.it\/Agliana\/wp-content\/uploads\/2023\/12\/laura-e-paola-3-160x120_c.png\" width=\"160\" height=\"120\" alt=\"Laura e Paola - da oltre trent&#039;anni al servizio del design, del restauro e della cultura\" \/><\/a><\/div><\/div><\/div>\t\t\t\t    <a class=\"teaser-title\" title=\"Laura e Paola &#8211; da oltre trent&#8217;anni al servizio del design, del restauro e della cultura\" href=\"https:\/\/www.noidiqua.it\/Agliana\/laura-e-paola-dal-1985-al-servizio-del-design-del-restauro-e-della-cultura\/\">Laura e Paola &#8211; da oltre trent&#8217;anni al servizio del design, del restauro e della cultura<\/a>\n\t\t\t\t    <div class=\"teaser-content\">di Piera Salvi dicembre 2023 Un\u2019amicizia nata quando erano bambine e poi una collaborazione professionale che dura da pi\u00f9 di trent\u2019anni. Maria Laura Bucciantini (architetto) e Paola Bartoli (designer), nel loro studio di via Santini ad Agliana, mettono insieme le loro competenze per dare ai clienti un [&hellip;]...<\/div>\n                                            <a title=\"Laura e Paola &#8211; da oltre trent&#8217;anni al servizio del design, del restauro e della cultura\" href=\"https:\/\/www.noidiqua.it\/Agliana\/laura-e-paola-dal-1985-al-servizio-del-design-del-restauro-e-della-cultura\/\" class=\"read-more-align-right\"><span>Leggi tutto<\/span> &rarr;<\/a>\n\t\t\t\t    <div class=\"clear\"><\/div>\n\t\t\t\t<\/li>\n\t\t\t<\/ul>\n\t\t    <\/div><!-- end widget_recent_posts -->\n<\/div>\n<a class=\"flat-custom-button align-btn-left\" href=\"https:\/\/www.noidiqua.it\/Agliana\/category\/ag\/una-bella-impresa\/\" title=\"Mostra tutti gli articoli di questa sezione\"><span style=\"padding:10px 20px; background-color:#ed162d; border:1px solid #ed162d; color:#FFFFFF; font-size:14px;\">Mostra tutti gli articoli precedenti<\/span><\/a>","protected":false},"excerpt":{"rendered":"","protected":false},"author":1,"featured_media":0,"parent":12,"menu_order":0,"comment_status":"open","ping_status":"open","template":"","meta":{"footnotes":""},"class_list":["post-4719","page","type-page","status-publish","hentry"],"yoast_head":"<!-- This site is optimized with the Yoast SEO plugin v25.5 - https:\/\/yoast.com\/wordpress\/plugins\/seo\/ -->\n<title>Una bella impresa - Noi di Qua Testata giornalistica e di attualit\u00e0 di Agliana, Montale e Quarrata.<\/title>\n<meta name=\"robots\" content=\"index, follow, max-snippet:-1, max-image-preview:large, max-video-preview:-1\" \/>\n<link rel=\"canonical\" href=\"https:\/\/www.noidiqua.it\/Agliana\/agliana-2\/bella-impresa\/\" \/>\n<meta property=\"og:locale\" content=\"it_IT\" \/>\n<meta property=\"og:type\" content=\"article\" \/>\n<meta property=\"og:title\" content=\"Una bella impresa - Noi di Qua Testata giornalistica e di attualit\u00e0 di Agliana, Montale e Quarrata.\" \/>\n<meta property=\"og:url\" content=\"https:\/\/www.noidiqua.it\/Agliana\/agliana-2\/bella-impresa\/\" \/>\n<meta property=\"og:site_name\" content=\"Noi di Qua Testata giornalistica e di attualit\u00e0 di Agliana, Montale e Quarrata.\" \/>\n<meta property=\"article:publisher\" content=\"https:\/\/www.facebook.com\/noidiqua.trimestrale\/\" \/>\n<script type=\"application\/ld+json\" class=\"yoast-schema-graph\">{\"@context\":\"https:\/\/schema.org\",\"@graph\":[{\"@type\":\"WebPage\",\"@id\":\"https:\/\/www.noidiqua.it\/Agliana\/agliana-2\/bella-impresa\/\",\"url\":\"https:\/\/www.noidiqua.it\/Agliana\/agliana-2\/bella-impresa\/\",\"name\":\"Una bella impresa - Noi di Qua Testata giornalistica e di attualit\u00e0 di Agliana, Montale e Quarrata.\",\"isPartOf\":{\"@id\":\"https:\/\/www.noidiqua.it\/Agliana\/#website\"},\"datePublished\":\"2017-04-05T08:56:15+00:00\",\"breadcrumb\":{\"@id\":\"https:\/\/www.noidiqua.it\/Agliana\/agliana-2\/bella-impresa\/#breadcrumb\"},\"inLanguage\":\"it-IT\",\"potentialAction\":[{\"@type\":\"ReadAction\",\"target\":[\"https:\/\/www.noidiqua.it\/Agliana\/agliana-2\/bella-impresa\/\"]}]},{\"@type\":\"BreadcrumbList\",\"@id\":\"https:\/\/www.noidiqua.it\/Agliana\/agliana-2\/bella-impresa\/#breadcrumb\",\"itemListElement\":[{\"@type\":\"ListItem\",\"position\":1,\"name\":\"Home\",\"item\":\"https:\/\/www.noidiqua.it\/Agliana\/\"},{\"@type\":\"ListItem\",\"position\":2,\"name\":\"Agliana\",\"item\":\"https:\/\/www.noidiqua.it\/Agliana\/agliana-2\/\"},{\"@type\":\"ListItem\",\"position\":3,\"name\":\"Una bella impresa\"}]},{\"@type\":\"WebSite\",\"@id\":\"https:\/\/www.noidiqua.it\/Agliana\/#website\",\"url\":\"https:\/\/www.noidiqua.it\/Agliana\/\",\"name\":\"Noi di Qua Testata giornalistica e di attualit\u00e0 di Agliana, Montale e Quarrata.\",\"description\":\"Testata Giornalistica Quarrata Montale Agliana\",\"potentialAction\":[{\"@type\":\"SearchAction\",\"target\":{\"@type\":\"EntryPoint\",\"urlTemplate\":\"https:\/\/www.noidiqua.it\/Agliana\/?s={search_term_string}\"},\"query-input\":{\"@type\":\"PropertyValueSpecification\",\"valueRequired\":true,\"valueName\":\"search_term_string\"}}],\"inLanguage\":\"it-IT\"}]}<\/script>\n<!-- \/ Yoast SEO plugin. -->","yoast_head_json":{"title":"Una bella impresa - Noi di Qua Testata giornalistica e di attualit\u00e0 di Agliana, Montale e Quarrata.","robots":{"index":"index","follow":"follow","max-snippet":"max-snippet:-1","max-image-preview":"max-image-preview:large","max-video-preview":"max-video-preview:-1"},"canonical":"https:\/\/www.noidiqua.it\/Agliana\/agliana-2\/bella-impresa\/","og_locale":"it_IT","og_type":"article","og_title":"Una bella impresa - Noi di Qua Testata giornalistica e di attualit\u00e0 di Agliana, Montale e Quarrata.","og_url":"https:\/\/www.noidiqua.it\/Agliana\/agliana-2\/bella-impresa\/","og_site_name":"Noi di Qua Testata giornalistica e di attualit\u00e0 di Agliana, Montale e Quarrata.","article_publisher":"https:\/\/www.facebook.com\/noidiqua.trimestrale\/","schema":{"@context":"https:\/\/schema.org","@graph":[{"@type":"WebPage","@id":"https:\/\/www.noidiqua.it\/Agliana\/agliana-2\/bella-impresa\/","url":"https:\/\/www.noidiqua.it\/Agliana\/agliana-2\/bella-impresa\/","name":"Una bella impresa - Noi di Qua Testata giornalistica e di attualit\u00e0 di Agliana, Montale e Quarrata.","isPartOf":{"@id":"https:\/\/www.noidiqua.it\/Agliana\/#website"},"datePublished":"2017-04-05T08:56:15+00:00","breadcrumb":{"@id":"https:\/\/www.noidiqua.it\/Agliana\/agliana-2\/bella-impresa\/#breadcrumb"},"inLanguage":"it-IT","potentialAction":[{"@type":"ReadAction","target":["https:\/\/www.noidiqua.it\/Agliana\/agliana-2\/bella-impresa\/"]}]},{"@type":"BreadcrumbList","@id":"https:\/\/www.noidiqua.it\/Agliana\/agliana-2\/bella-impresa\/#breadcrumb","itemListElement":[{"@type":"ListItem","position":1,"name":"Home","item":"https:\/\/www.noidiqua.it\/Agliana\/"},{"@type":"ListItem","position":2,"name":"Agliana","item":"https:\/\/www.noidiqua.it\/Agliana\/agliana-2\/"},{"@type":"ListItem","position":3,"name":"Una bella impresa"}]},{"@type":"WebSite","@id":"https:\/\/www.noidiqua.it\/Agliana\/#website","url":"https:\/\/www.noidiqua.it\/Agliana\/","name":"Noi di Qua Testata giornalistica e di attualit\u00e0 di Agliana, Montale e Quarrata.","description":"Testata Giornalistica Quarrata Montale Agliana","potentialAction":[{"@type":"SearchAction","target":{"@type":"EntryPoint","urlTemplate":"https:\/\/www.noidiqua.it\/Agliana\/?s={search_term_string}"},"query-input":{"@type":"PropertyValueSpecification","valueRequired":true,"valueName":"search_term_string"}}],"inLanguage":"it-IT"}]}},"_links":{"self":[{"href":"https:\/\/www.noidiqua.it\/Agliana\/wp-json\/wp\/v2\/pages\/4719","targetHints":{"allow":["GET"]}}],"collection":[{"href":"https:\/\/www.noidiqua.it\/Agliana\/wp-json\/wp\/v2\/pages"}],"about":[{"href":"https:\/\/www.noidiqua.it\/Agliana\/wp-json\/wp\/v2\/types\/page"}],"author":[{"embeddable":true,"href":"https:\/\/www.noidiqua.it\/Agliana\/wp-json\/wp\/v2\/users\/1"}],"replies":[{"embeddable":true,"href":"https:\/\/www.noidiqua.it\/Agliana\/wp-json\/wp\/v2\/comments?post=4719"}],"version-history":[{"count":1,"href":"https:\/\/www.noidiqua.it\/Agliana\/wp-json\/wp\/v2\/pages\/4719\/revisions"}],"predecessor-version":[{"id":4720,"href":"https:\/\/www.noidiqua.it\/Agliana\/wp-json\/wp\/v2\/pages\/4719\/revisions\/4720"}],"up":[{"embeddable":true,"href":"https:\/\/www.noidiqua.it\/Agliana\/wp-json\/wp\/v2\/pages\/12"}],"wp:attachment":[{"href":"https:\/\/www.noidiqua.it\/Agliana\/wp-json\/wp\/v2\/media?parent=4719"}],"curies":[{"name":"wp","href":"https:\/\/api.w.org\/{rel}","templated":true}]}}