{"id":6205,"date":"2021-09-23T16:46:17","date_gmt":"2021-09-23T14:46:17","guid":{"rendered":"https:\/\/www.noidiqua.it\/Agliana\/?page_id=6205"},"modified":"2021-09-23T16:46:17","modified_gmt":"2021-09-23T14:46:17","slug":"da-sottolineare","status":"publish","type":"page","link":"https:\/\/www.noidiqua.it\/Agliana\/agliana-2\/da-sottolineare\/","title":{"rendered":"Da sottolineare"},"content":{"rendered":"<div class=\"widget widget_latest_posts\"><h3 class=\"widgettitle\">Da sottolineare<\/h3>\t\t    <div class=\"latest_posts\">\n\t\t\t<ul class=\"small-thumb\">\n\t\t\t\t<li>\n<div class=\"small-custom-frame-wrapper alignleft frame-shadow\"><div class=\"custom-frame-inner-wrapper\"><div class=\"custom-frame-padding\"><a href=\"https:\/\/www.noidiqua.it\/Agliana\/academy-del-legno-unopportunita-concreta-per-i-giovani\/\" title=\"Academy del Legno \u2013 un\u2019opportunit\u00e0 concreta per i giovani\"><img loading=\"lazy\" decoding=\"async\" src=\"https:\/\/www.noidiqua.it\/Agliana\/wp-content\/uploads\/2025\/12\/Academy-del-legno-160x120_c.png\" width=\"160\" height=\"120\" alt=\"Academy del Legno \u2013 un\u2019opportunit\u00e0 concreta per i giovani\" \/><\/a><\/div><\/div><\/div>\t\t\t\t    <a class=\"teaser-title\" title=\"Academy del Legno \u2013 un\u2019opportunit\u00e0 concreta per i giovani\" href=\"https:\/\/www.noidiqua.it\/Agliana\/academy-del-legno-unopportunita-concreta-per-i-giovani\/\">Academy del Legno \u2013 un\u2019opportunit\u00e0 concreta per i giovani<\/a>\n\t\t\t\t    <div class=\"teaser-content\">di Daniela Gori dicembre 2025 Una\u00a0risposta concreta\u00a0alla crescente richiesta di\u00a0figure professionali specializzate nel settore dell\u2019artigianato del legno e del mobile imbottito: l\u2019Istituto Professionale \u201cDe Franceschi-Pacinotti\u201d di Pistoia continua il percorso per la messa a punto nel prossimo anno scolastico 2026\/2027 del nuovo indirizzo \u201cAcademy del Legno\u201d. Il [&hellip;]...<\/div>\n                                            <a title=\"Academy del Legno \u2013 un\u2019opportunit\u00e0 concreta per i giovani\" href=\"https:\/\/www.noidiqua.it\/Agliana\/academy-del-legno-unopportunita-concreta-per-i-giovani\/\" class=\"read-more-align-right\"><span>Leggi tutto<\/span> &rarr;<\/a>\n\t\t\t\t    <div class=\"clear\"><\/div>\n\t\t\t\t<\/li>\n\t\t\t\t<li>\n<div class=\"small-custom-frame-wrapper alignleft frame-shadow\"><div class=\"custom-frame-inner-wrapper\"><div class=\"custom-frame-padding\"><a href=\"https:\/\/www.noidiqua.it\/Agliana\/la-donazione-di-bruno-tempestini-alla-misericordia-di-agliana\/\" title=\"La donazione di Bruno Tempestini alla Misericordia di Agliana\"><img loading=\"lazy\" decoding=\"async\" src=\"https:\/\/www.noidiqua.it\/Agliana\/wp-content\/uploads\/2025\/10\/donazione-Tempestini-160x120_c.png\" width=\"160\" height=\"120\" alt=\"La donazione di Bruno Tempestini alla Misericordia di Agliana\" \/><\/a><\/div><\/div><\/div>\t\t\t\t    <a class=\"teaser-title\" title=\"La donazione di Bruno Tempestini alla Misericordia di Agliana\" href=\"https:\/\/www.noidiqua.it\/Agliana\/la-donazione-di-bruno-tempestini-alla-misericordia-di-agliana\/\">La donazione di Bruno Tempestini alla Misericordia di Agliana<\/a>\n\t\t\t\t    <div class=\"teaser-content\">di Piera Salvi settembre 2025 Sabato 27 settembre, nella sede della Misericordia di Agliana, pomeriggio di festa e commozione per l\u2019inaugurazione di una nuova biblioteca di 1507 volumi, circa 350 riviste, pi\u00f9 alcune opere degli artisti Ales Sedlacek e Mario Marco Mariano Ramazzotti. Una generosa e prestigiosa [&hellip;]...<\/div>\n                                            <a title=\"La donazione di Bruno Tempestini alla Misericordia di Agliana\" href=\"https:\/\/www.noidiqua.it\/Agliana\/la-donazione-di-bruno-tempestini-alla-misericordia-di-agliana\/\" class=\"read-more-align-right\"><span>Leggi tutto<\/span> &rarr;<\/a>\n\t\t\t\t    <div class=\"clear\"><\/div>\n\t\t\t\t<\/li>\n\t\t\t\t<li>\n<div class=\"small-custom-frame-wrapper alignleft frame-shadow\"><div class=\"custom-frame-inner-wrapper\"><div class=\"custom-frame-padding\"><a href=\"https:\/\/www.noidiqua.it\/Agliana\/associazione-culturale-centro-agliana\/\" title=\"Associazione culturale Centro Agliana\"><img loading=\"lazy\" decoding=\"async\" src=\"https:\/\/www.noidiqua.it\/Agliana\/wp-content\/uploads\/2024\/12\/Centro-Agliana-1-160x120_c.png\" width=\"160\" height=\"120\" alt=\"Associazione culturale Centro Agliana\" \/><\/a><\/div><\/div><\/div>\t\t\t\t    <a class=\"teaser-title\" title=\"Associazione culturale Centro Agliana\" href=\"https:\/\/www.noidiqua.it\/Agliana\/associazione-culturale-centro-agliana\/\">Associazione culturale Centro Agliana<\/a>\n\t\t\t\t    <div class=\"teaser-content\">di Piera Salvi dicembre 2024 Un\u2019associazione culturale fondata da commercianti. E&#8217; l\u2019associazione culturale Centro Agliana nata a gennaio 2024 con l\u2019obiettivo di organizzare eventi per riportare nuova vita nel centro di Agliana dove, rispetto al passato, gli eventi si sono ridotti. Ne fanno parte nove commercianti che [&hellip;]...<\/div>\n                                            <a title=\"Associazione culturale Centro Agliana\" href=\"https:\/\/www.noidiqua.it\/Agliana\/associazione-culturale-centro-agliana\/\" class=\"read-more-align-right\"><span>Leggi tutto<\/span> &rarr;<\/a>\n\t\t\t\t    <div class=\"clear\"><\/div>\n\t\t\t\t<\/li>\n\t\t\t\t<li>\n<div class=\"small-custom-frame-wrapper alignleft frame-shadow\"><div class=\"custom-frame-inner-wrapper\"><div class=\"custom-frame-padding\"><a href=\"https:\/\/www.noidiqua.it\/Agliana\/nuova-sede-per-la-biblioteca-comunale\/\" title=\"Nuova sede per la biblioteca comunale\"><img loading=\"lazy\" decoding=\"async\" src=\"https:\/\/www.noidiqua.it\/Agliana\/wp-content\/uploads\/2023\/12\/biblioteca-160x120_c.png\" width=\"160\" height=\"120\" alt=\"Nuova sede per la biblioteca comunale\" \/><\/a><\/div><\/div><\/div>\t\t\t\t    <a class=\"teaser-title\" title=\"Nuova sede per la biblioteca comunale\" href=\"https:\/\/www.noidiqua.it\/Agliana\/nuova-sede-per-la-biblioteca-comunale\/\">Nuova sede per la biblioteca comunale<\/a>\n\t\t\t\t    <div class=\"teaser-content\">di Piera Salvi dicembre 2023 La giunta aglianese ha dato il via all\u2019iter per realizzare la nuova sede della biblioteca comunale \u201cAngela Marcesini\u201d in locali che il Comune dovrebbe acquistare. Il 24 novembre, nella riunione di giunta, \u00e8 stato deliberato l\u2019acquisto dei locali ex Coop, sul lato [&hellip;]...<\/div>\n                                            <a title=\"Nuova sede per la biblioteca comunale\" href=\"https:\/\/www.noidiqua.it\/Agliana\/nuova-sede-per-la-biblioteca-comunale\/\" class=\"read-more-align-right\"><span>Leggi tutto<\/span> &rarr;<\/a>\n\t\t\t\t    <div class=\"clear\"><\/div>\n\t\t\t\t<\/li>\n\t\t\t\t<li>\n<div class=\"small-custom-frame-wrapper alignleft frame-shadow\"><div class=\"custom-frame-inner-wrapper\"><div class=\"custom-frame-padding\"><a href=\"https:\/\/www.noidiqua.it\/Agliana\/infermiere-di-famiglia-un-punto-di-riferimento-per-la-salute-di-ogni-cittadino\/\" title=\"Infermiere di famiglia \u2013 un punto di riferimento per la salute di ogni cittadino\"><img loading=\"lazy\" decoding=\"async\" src=\"https:\/\/www.noidiqua.it\/Agliana\/wp-content\/uploads\/2023\/04\/Infermiere-1-160x120_c.png\" width=\"160\" height=\"120\" alt=\"Infermiere di famiglia \u2013 un punto di riferimento per la salute di ogni cittadino\" \/><\/a><\/div><\/div><\/div>\t\t\t\t    <a class=\"teaser-title\" title=\"Infermiere di famiglia \u2013 un punto di riferimento per la salute di ogni cittadino\" href=\"https:\/\/www.noidiqua.it\/Agliana\/infermiere-di-famiglia-un-punto-di-riferimento-per-la-salute-di-ogni-cittadino\/\">Infermiere di famiglia \u2013 un punto di riferimento per la salute di ogni cittadino<\/a>\n\t\t\t\t    <div class=\"teaser-content\">di David Colzi marzo 2023 Alla fine del 2018 il Dipartimento Infermieristico ed Ostetrico della Usl Toscana Centro ha iniziato la sperimentazione del modello assistenziale \u201cInfermiere di famiglia e comunit\u00e0\u201d (IFC) nei territori di Firenze, Empoli, Prato e Pistoia. A riguardo la regione Toscana \u00e8 stata la [&hellip;]...<\/div>\n                                            <a title=\"Infermiere di famiglia \u2013 un punto di riferimento per la salute di ogni cittadino\" href=\"https:\/\/www.noidiqua.it\/Agliana\/infermiere-di-famiglia-un-punto-di-riferimento-per-la-salute-di-ogni-cittadino\/\" class=\"read-more-align-right\"><span>Leggi tutto<\/span> &rarr;<\/a>\n\t\t\t\t    <div class=\"clear\"><\/div>\n\t\t\t\t<\/li>\n\t\t\t\t<li>\n<div class=\"small-custom-frame-wrapper alignleft frame-shadow\"><div class=\"custom-frame-inner-wrapper\"><div class=\"custom-frame-padding\"><a href=\"https:\/\/www.noidiqua.it\/Agliana\/lassociazione-feste-rurali-e-il-bocciodromo-di-ferruccia\/\" title=\"L&#8217;associazione Feste rurali e il bocciodromo di Ferruccia\"><img loading=\"lazy\" decoding=\"async\" src=\"https:\/\/www.noidiqua.it\/Agliana\/wp-content\/uploads\/2022\/10\/bocciodromo-3-160x120_c.png\" width=\"160\" height=\"120\" alt=\"L&#039;associazione Feste rurali e il bocciodromo di Ferruccia\" \/><\/a><\/div><\/div><\/div>\t\t\t\t    <a class=\"teaser-title\" title=\"L&#8217;associazione Feste rurali e il bocciodromo di Ferruccia\" href=\"https:\/\/www.noidiqua.it\/Agliana\/lassociazione-feste-rurali-e-il-bocciodromo-di-ferruccia\/\">L&#8217;associazione Feste rurali e il bocciodromo di Ferruccia<\/a>\n\t\t\t\t    <div class=\"teaser-content\">di David Colzi settembre 2022 In questi anni ci \u00e8 gi\u00e0 capitato di parlare dell&#8217;associazione Feste rurali di Ferruccia, una realt\u00e0 molto attiva che dal 1987 promuove le manifestazioni della frazione. \u00e9 grazie a loro se sono state riproposte negli anni \u201cLa festa del Perdono\u201d o \u201cLa [&hellip;]...<\/div>\n                                            <a title=\"L&#8217;associazione Feste rurali e il bocciodromo di Ferruccia\" href=\"https:\/\/www.noidiqua.it\/Agliana\/lassociazione-feste-rurali-e-il-bocciodromo-di-ferruccia\/\" class=\"read-more-align-right\"><span>Leggi tutto<\/span> &rarr;<\/a>\n\t\t\t\t    <div class=\"clear\"><\/div>\n\t\t\t\t<\/li>\n\t\t\t\t<li>\n<div class=\"small-custom-frame-wrapper alignleft frame-shadow\"><div class=\"custom-frame-inner-wrapper\"><div class=\"custom-frame-padding\"><a href=\"https:\/\/www.noidiqua.it\/Agliana\/premiati-alcuni-studenti-del-capitini\/\" title=\"Premiati alcuni studenti del Capitini\"><img loading=\"lazy\" decoding=\"async\" src=\"https:\/\/www.noidiqua.it\/Agliana\/wp-content\/uploads\/2022\/07\/capitini-2-160x120_c.png\" width=\"160\" height=\"120\" alt=\"Premiati alcuni studenti del Capitini\" \/><\/a><\/div><\/div><\/div>\t\t\t\t    <a class=\"teaser-title\" title=\"Premiati alcuni studenti del Capitini\" href=\"https:\/\/www.noidiqua.it\/Agliana\/premiati-alcuni-studenti-del-capitini\/\">Premiati alcuni studenti del Capitini<\/a>\n\t\t\t\t    <div class=\"teaser-content\">di Piera Salvi giugno 2022 E&#8217; una studentessa del Capitini, Elena Biancalani, la prima classificata al concorso nazionale \u201cEconoMia\u201d, organizzato dal Festival internazionale dell\u2019economia di Torino. Il primo giugno, a Torino, Elena \u00e8 stata premiata da Michael Spence, Premio Nobel per l\u2019economia e dal responsabile scientifico del [&hellip;]...<\/div>\n                                            <a title=\"Premiati alcuni studenti del Capitini\" href=\"https:\/\/www.noidiqua.it\/Agliana\/premiati-alcuni-studenti-del-capitini\/\" class=\"read-more-align-right\"><span>Leggi tutto<\/span> &rarr;<\/a>\n\t\t\t\t    <div class=\"clear\"><\/div>\n\t\t\t\t<\/li>\n\t\t\t\t<li>\n<div class=\"small-custom-frame-wrapper alignleft frame-shadow\"><div class=\"custom-frame-inner-wrapper\"><div class=\"custom-frame-padding\"><a href=\"https:\/\/www.noidiqua.it\/Agliana\/premiata-debora-bonacchi\/\" title=\"Premiata Debora Bonacchi\"><img loading=\"lazy\" decoding=\"async\" src=\"https:\/\/www.noidiqua.it\/Agliana\/wp-content\/uploads\/2022\/04\/debora-160x120_c.png\" width=\"160\" height=\"120\" alt=\"Premiata Debora Bonacchi\" \/><\/a><\/div><\/div><\/div>\t\t\t\t    <a class=\"teaser-title\" title=\"Premiata Debora Bonacchi\" href=\"https:\/\/www.noidiqua.it\/Agliana\/premiata-debora-bonacchi\/\">Premiata Debora Bonacchi<\/a>\n\t\t\t\t    <div class=\"teaser-content\">di Piera Salvi marzo 2022 Quest\u2019anno \u00e8 stato assegnato a Debora Bonacchi il premio \u201cDonne d\u2019Agliana\u201d, istituito tre anni fa dall\u2019amministrazione comunale. E&#8217; il riconoscimento \u00abdell\u2019amore per la lettura e la scrittura che Debora transfonde con passione e gentilezza, nel suo lavoro quotidiano in biblioteca\u00bb. Questa la [&hellip;]...<\/div>\n                                            <a title=\"Premiata Debora Bonacchi\" href=\"https:\/\/www.noidiqua.it\/Agliana\/premiata-debora-bonacchi\/\" class=\"read-more-align-right\"><span>Leggi tutto<\/span> &rarr;<\/a>\n\t\t\t\t    <div class=\"clear\"><\/div>\n\t\t\t\t<\/li>\n\t\t\t\t<li>\n<div class=\"small-custom-frame-wrapper alignleft frame-shadow\"><div class=\"custom-frame-inner-wrapper\"><div class=\"custom-frame-padding\"><a href=\"https:\/\/www.noidiqua.it\/Agliana\/larchivio-risaliti-ad-agliana\/\" title=\"L&#8217;archivio Risaliti ad Agliana\"><img loading=\"lazy\" decoding=\"async\" src=\"https:\/\/www.noidiqua.it\/Agliana\/wp-content\/uploads\/2021\/12\/Renato-Risaliti-160x120_c.png\" width=\"160\" height=\"120\" alt=\"L&#039;archivio Risaliti ad Agliana\" \/><\/a><\/div><\/div><\/div>\t\t\t\t    <a class=\"teaser-title\" title=\"L&#8217;archivio Risaliti ad Agliana\" href=\"https:\/\/www.noidiqua.it\/Agliana\/larchivio-risaliti-ad-agliana\/\">L&#8217;archivio Risaliti ad Agliana<\/a>\n\t\t\t\t    <div class=\"teaser-content\">di Piera Salvi dicembre 2021 Il comune di Agliana custodir\u00e0 e valorizzer\u00e0 l\u2019archivio del professor Renato Risaliti, docente universitario, storico apprezzato a livello internazionale, sindaco di Agliana dal 1975 al 1980. Un prezioso patrimonio di documenti e libri contenuto in circa trecento metri lineari di scaffali. La [&hellip;]...<\/div>\n                                            <a title=\"L&#8217;archivio Risaliti ad Agliana\" href=\"https:\/\/www.noidiqua.it\/Agliana\/larchivio-risaliti-ad-agliana\/\" class=\"read-more-align-right\"><span>Leggi tutto<\/span> &rarr;<\/a>\n\t\t\t\t    <div class=\"clear\"><\/div>\n\t\t\t\t<\/li>\n\t\t\t\t<li>\n<div class=\"small-custom-frame-wrapper alignleft frame-shadow\"><div class=\"custom-frame-inner-wrapper\"><div class=\"custom-frame-padding\"><a href=\"https:\/\/www.noidiqua.it\/Agliana\/progetto-il-femminile-plurale\/\" title=\"Progetto \u201cil femminile plurale\u201d\"><img loading=\"lazy\" decoding=\"async\" src=\"https:\/\/www.noidiqua.it\/Agliana\/wp-content\/uploads\/2021\/12\/Femminile-plurale-160x120_c.png\" width=\"160\" height=\"120\" alt=\"Progetto \u201cil femminile plurale\u201d\" \/><\/a><\/div><\/div><\/div>\t\t\t\t    <a class=\"teaser-title\" title=\"Progetto \u201cil femminile plurale\u201d\" href=\"https:\/\/www.noidiqua.it\/Agliana\/progetto-il-femminile-plurale\/\">Progetto \u201cil femminile plurale\u201d<\/a>\n\t\t\t\t    <div class=\"teaser-content\">di Piera Salvi dicembre 2021 Vola oltre i tremila euro in meno di un mese la raccolta fondi per il progetto \u201cIl femminile plurale\u201d che ha lo scopo di favorire l\u2019alfabetizzazione digitale e l\u2019autonomia delle donne. La fondazione \u201cIl cuore si scioglie\u201d, che ha dato il via [&hellip;]...<\/div>\n                                            <a title=\"Progetto \u201cil femminile plurale\u201d\" href=\"https:\/\/www.noidiqua.it\/Agliana\/progetto-il-femminile-plurale\/\" class=\"read-more-align-right\"><span>Leggi tutto<\/span> &rarr;<\/a>\n\t\t\t\t    <div class=\"clear\"><\/div>\n\t\t\t\t<\/li>\n\t\t\t<\/ul>\n\t\t    <\/div><!-- end widget_recent_posts -->\n<\/div>\n<a class=\"flat-custom-button align-btn-left\" href=\"https:\/\/www.noidiqua.it\/Agliana\/category\/ag\/da-sottolineare\/\" title=\"Mostra tutti gli articoli di questa sezione\"><span style=\"padding:10px 20px; background-color:#ed162d; border:1px solid #ed162d; color:#FFFFFF; font-size:14px;\">Mostra tutti gli articoli precedenti<\/span><\/a>","protected":false},"excerpt":{"rendered":"","protected":false},"author":1,"featured_media":0,"parent":12,"menu_order":0,"comment_status":"open","ping_status":"open","template":"","meta":{"footnotes":""},"class_list":["post-6205","page","type-page","status-publish","hentry"],"yoast_head":"<!-- This site is optimized with the Yoast SEO plugin v25.5 - https:\/\/yoast.com\/wordpress\/plugins\/seo\/ -->\n<title>Da sottolineare - Noi di Qua Testata giornalistica e di attualit\u00e0 di Agliana, Montale e Quarrata.<\/title>\n<meta name=\"robots\" content=\"index, follow, max-snippet:-1, max-image-preview:large, max-video-preview:-1\" \/>\n<link rel=\"canonical\" href=\"https:\/\/www.noidiqua.it\/Agliana\/agliana-2\/da-sottolineare\/\" \/>\n<meta property=\"og:locale\" content=\"it_IT\" \/>\n<meta property=\"og:type\" content=\"article\" \/>\n<meta property=\"og:title\" content=\"Da sottolineare - Noi di Qua Testata giornalistica e di attualit\u00e0 di Agliana, Montale e Quarrata.\" \/>\n<meta property=\"og:url\" content=\"https:\/\/www.noidiqua.it\/Agliana\/agliana-2\/da-sottolineare\/\" \/>\n<meta property=\"og:site_name\" content=\"Noi di Qua Testata giornalistica e di attualit\u00e0 di Agliana, Montale e Quarrata.\" \/>\n<meta property=\"article:publisher\" content=\"https:\/\/www.facebook.com\/noidiqua.trimestrale\/\" \/>\n<script type=\"application\/ld+json\" class=\"yoast-schema-graph\">{\"@context\":\"https:\/\/schema.org\",\"@graph\":[{\"@type\":\"WebPage\",\"@id\":\"https:\/\/www.noidiqua.it\/Agliana\/agliana-2\/da-sottolineare\/\",\"url\":\"https:\/\/www.noidiqua.it\/Agliana\/agliana-2\/da-sottolineare\/\",\"name\":\"Da sottolineare - Noi di Qua Testata giornalistica e di attualit\u00e0 di Agliana, Montale e Quarrata.\",\"isPartOf\":{\"@id\":\"https:\/\/www.noidiqua.it\/Agliana\/#website\"},\"datePublished\":\"2021-09-23T14:46:17+00:00\",\"breadcrumb\":{\"@id\":\"https:\/\/www.noidiqua.it\/Agliana\/agliana-2\/da-sottolineare\/#breadcrumb\"},\"inLanguage\":\"it-IT\",\"potentialAction\":[{\"@type\":\"ReadAction\",\"target\":[\"https:\/\/www.noidiqua.it\/Agliana\/agliana-2\/da-sottolineare\/\"]}]},{\"@type\":\"BreadcrumbList\",\"@id\":\"https:\/\/www.noidiqua.it\/Agliana\/agliana-2\/da-sottolineare\/#breadcrumb\",\"itemListElement\":[{\"@type\":\"ListItem\",\"position\":1,\"name\":\"Home\",\"item\":\"https:\/\/www.noidiqua.it\/Agliana\/\"},{\"@type\":\"ListItem\",\"position\":2,\"name\":\"Agliana\",\"item\":\"https:\/\/www.noidiqua.it\/Agliana\/agliana-2\/\"},{\"@type\":\"ListItem\",\"position\":3,\"name\":\"Da sottolineare\"}]},{\"@type\":\"WebSite\",\"@id\":\"https:\/\/www.noidiqua.it\/Agliana\/#website\",\"url\":\"https:\/\/www.noidiqua.it\/Agliana\/\",\"name\":\"Noi di Qua Testata giornalistica e di attualit\u00e0 di Agliana, Montale e Quarrata.\",\"description\":\"Testata Giornalistica Quarrata Montale Agliana\",\"potentialAction\":[{\"@type\":\"SearchAction\",\"target\":{\"@type\":\"EntryPoint\",\"urlTemplate\":\"https:\/\/www.noidiqua.it\/Agliana\/?s={search_term_string}\"},\"query-input\":{\"@type\":\"PropertyValueSpecification\",\"valueRequired\":true,\"valueName\":\"search_term_string\"}}],\"inLanguage\":\"it-IT\"}]}<\/script>\n<!-- \/ Yoast SEO plugin. -->","yoast_head_json":{"title":"Da sottolineare - Noi di Qua Testata giornalistica e di attualit\u00e0 di Agliana, Montale e Quarrata.","robots":{"index":"index","follow":"follow","max-snippet":"max-snippet:-1","max-image-preview":"max-image-preview:large","max-video-preview":"max-video-preview:-1"},"canonical":"https:\/\/www.noidiqua.it\/Agliana\/agliana-2\/da-sottolineare\/","og_locale":"it_IT","og_type":"article","og_title":"Da sottolineare - Noi di Qua Testata giornalistica e di attualit\u00e0 di Agliana, Montale e Quarrata.","og_url":"https:\/\/www.noidiqua.it\/Agliana\/agliana-2\/da-sottolineare\/","og_site_name":"Noi di Qua Testata giornalistica e di attualit\u00e0 di Agliana, Montale e Quarrata.","article_publisher":"https:\/\/www.facebook.com\/noidiqua.trimestrale\/","schema":{"@context":"https:\/\/schema.org","@graph":[{"@type":"WebPage","@id":"https:\/\/www.noidiqua.it\/Agliana\/agliana-2\/da-sottolineare\/","url":"https:\/\/www.noidiqua.it\/Agliana\/agliana-2\/da-sottolineare\/","name":"Da sottolineare - Noi di Qua Testata giornalistica e di attualit\u00e0 di Agliana, Montale e Quarrata.","isPartOf":{"@id":"https:\/\/www.noidiqua.it\/Agliana\/#website"},"datePublished":"2021-09-23T14:46:17+00:00","breadcrumb":{"@id":"https:\/\/www.noidiqua.it\/Agliana\/agliana-2\/da-sottolineare\/#breadcrumb"},"inLanguage":"it-IT","potentialAction":[{"@type":"ReadAction","target":["https:\/\/www.noidiqua.it\/Agliana\/agliana-2\/da-sottolineare\/"]}]},{"@type":"BreadcrumbList","@id":"https:\/\/www.noidiqua.it\/Agliana\/agliana-2\/da-sottolineare\/#breadcrumb","itemListElement":[{"@type":"ListItem","position":1,"name":"Home","item":"https:\/\/www.noidiqua.it\/Agliana\/"},{"@type":"ListItem","position":2,"name":"Agliana","item":"https:\/\/www.noidiqua.it\/Agliana\/agliana-2\/"},{"@type":"ListItem","position":3,"name":"Da sottolineare"}]},{"@type":"WebSite","@id":"https:\/\/www.noidiqua.it\/Agliana\/#website","url":"https:\/\/www.noidiqua.it\/Agliana\/","name":"Noi di Qua Testata giornalistica e di attualit\u00e0 di Agliana, Montale e Quarrata.","description":"Testata Giornalistica Quarrata Montale Agliana","potentialAction":[{"@type":"SearchAction","target":{"@type":"EntryPoint","urlTemplate":"https:\/\/www.noidiqua.it\/Agliana\/?s={search_term_string}"},"query-input":{"@type":"PropertyValueSpecification","valueRequired":true,"valueName":"search_term_string"}}],"inLanguage":"it-IT"}]}},"_links":{"self":[{"href":"https:\/\/www.noidiqua.it\/Agliana\/wp-json\/wp\/v2\/pages\/6205","targetHints":{"allow":["GET"]}}],"collection":[{"href":"https:\/\/www.noidiqua.it\/Agliana\/wp-json\/wp\/v2\/pages"}],"about":[{"href":"https:\/\/www.noidiqua.it\/Agliana\/wp-json\/wp\/v2\/types\/page"}],"author":[{"embeddable":true,"href":"https:\/\/www.noidiqua.it\/Agliana\/wp-json\/wp\/v2\/users\/1"}],"replies":[{"embeddable":true,"href":"https:\/\/www.noidiqua.it\/Agliana\/wp-json\/wp\/v2\/comments?post=6205"}],"version-history":[{"count":1,"href":"https:\/\/www.noidiqua.it\/Agliana\/wp-json\/wp\/v2\/pages\/6205\/revisions"}],"predecessor-version":[{"id":6206,"href":"https:\/\/www.noidiqua.it\/Agliana\/wp-json\/wp\/v2\/pages\/6205\/revisions\/6206"}],"up":[{"embeddable":true,"href":"https:\/\/www.noidiqua.it\/Agliana\/wp-json\/wp\/v2\/pages\/12"}],"wp:attachment":[{"href":"https:\/\/www.noidiqua.it\/Agliana\/wp-json\/wp\/v2\/media?parent=6205"}],"curies":[{"name":"wp","href":"https:\/\/api.w.org\/{rel}","templated":true}]}}