{"id":9445,"date":"2025-01-14T13:06:31","date_gmt":"2025-01-14T12:06:31","guid":{"rendered":"https:\/\/www.noidiqua.it\/Agliana\/?page_id=9445"},"modified":"2025-01-14T13:06:31","modified_gmt":"2025-01-14T12:06:31","slug":"la-banca-informa","status":"publish","type":"page","link":"https:\/\/www.noidiqua.it\/Agliana\/agliana-2\/la-banca-informa\/","title":{"rendered":"La Banca informa"},"content":{"rendered":"<div class=\"widget widget_latest_posts\"><h3 class=\"widgettitle\">La Banca informa<\/h3>\t\t    <div class=\"latest_posts\">\n\t\t\t<ul class=\"small-thumb\">\n\t\t\t\t<li>\n<div class=\"small-custom-frame-wrapper alignleft frame-shadow\"><div class=\"custom-frame-inner-wrapper\"><div class=\"custom-frame-padding\"><a href=\"https:\/\/www.noidiqua.it\/Agliana\/credito-alle-imprese-50-milioni-per-sostenere-leconomia-locale\/\" title=\"Credito alle imprese: 50 milioni per sostenere l\u2019economia locale\"><img loading=\"lazy\" decoding=\"async\" src=\"https:\/\/www.noidiqua.it\/Agliana\/wp-content\/uploads\/2025\/12\/Sede-Banca-Alta-Toscana-160x120_c.png\" width=\"160\" height=\"120\" alt=\"Credito alle imprese: 50 milioni per sostenere l\u2019economia locale\" \/><\/a><\/div><\/div><\/div>\t\t\t\t    <a class=\"teaser-title\" title=\"Credito alle imprese: 50 milioni per sostenere l\u2019economia locale\" href=\"https:\/\/www.noidiqua.it\/Agliana\/credito-alle-imprese-50-milioni-per-sostenere-leconomia-locale\/\">Credito alle imprese: 50 milioni per sostenere l\u2019economia locale<\/a>\n\t\t\t\t    <div class=\"teaser-content\">di Banca Alta Toscana dicembre 2025 Un plafond di 50 milioni di euro, di qui al 31 dicembre, per dare nuovo credito alle aziende del territorio.\u00a0\u00c8 quanto ha deliberato Banca Alta Toscana Credito Cooperativo, per sostenere le imprese in un momento in cui anche l\u2019economia locale vive [&hellip;]...<\/div>\n                                            <a title=\"Credito alle imprese: 50 milioni per sostenere l\u2019economia locale\" href=\"https:\/\/www.noidiqua.it\/Agliana\/credito-alle-imprese-50-milioni-per-sostenere-leconomia-locale\/\" class=\"read-more-align-right\"><span>Leggi tutto<\/span> &rarr;<\/a>\n\t\t\t\t    <div class=\"clear\"><\/div>\n\t\t\t\t<\/li>\n\t\t\t\t<li>\n<div class=\"small-custom-frame-wrapper alignleft frame-shadow\"><div class=\"custom-frame-inner-wrapper\"><div class=\"custom-frame-padding\"><a href=\"https:\/\/www.noidiqua.it\/Agliana\/un-settembre-dedicato-ai-soci-con-tre-eventi-di-festa\/\" title=\"Un settembre dedicato ai soci con tre eventi di festa\"><img loading=\"lazy\" decoding=\"async\" src=\"https:\/\/www.noidiqua.it\/Agliana\/wp-content\/uploads\/2025\/10\/Banca-2-160x120_c.png\" width=\"160\" height=\"120\" alt=\"Un settembre dedicato ai soci con tre eventi di festa\" \/><\/a><\/div><\/div><\/div>\t\t\t\t    <a class=\"teaser-title\" title=\"Un settembre dedicato ai soci con tre eventi di festa\" href=\"https:\/\/www.noidiqua.it\/Agliana\/un-settembre-dedicato-ai-soci-con-tre-eventi-di-festa\/\">Un settembre dedicato ai soci con tre eventi di festa<\/a>\n\t\t\t\t    <div class=\"teaser-content\">di Banca Alta Toscana settembre 2025 \u00c8 un saluto all\u2019estate di festa e cultura quello che Banca Alta Toscana ha riservato alla propria compagine sociale, attraverso tre eventi organizzati sul territorio, a cui hanno partecipato oltre mille soci. Il primo appuntamento,\u00a0\u201cAspettando Santa Celestina\u201d, si \u00e8 svolto sabato [&hellip;]...<\/div>\n                                            <a title=\"Un settembre dedicato ai soci con tre eventi di festa\" href=\"https:\/\/www.noidiqua.it\/Agliana\/un-settembre-dedicato-ai-soci-con-tre-eventi-di-festa\/\" class=\"read-more-align-right\"><span>Leggi tutto<\/span> &rarr;<\/a>\n\t\t\t\t    <div class=\"clear\"><\/div>\n\t\t\t\t<\/li>\n\t\t\t\t<li>\n<div class=\"small-custom-frame-wrapper alignleft frame-shadow\"><div class=\"custom-frame-inner-wrapper\"><div class=\"custom-frame-padding\"><a href=\"https:\/\/www.noidiqua.it\/Agliana\/2024-utile-a-192-milioni-torna-il-dividendo-ai-soci\/\" title=\"2024: utile a 19,2 milioni. Torna il dividendo ai soci\"><img loading=\"lazy\" decoding=\"async\" src=\"https:\/\/www.noidiqua.it\/Agliana\/wp-content\/uploads\/2025\/07\/Banca-Alta-Toscana-160x120_c.png\" width=\"160\" height=\"120\" alt=\"2024: utile a 19,2 milioni. Torna il dividendo ai soci\" \/><\/a><\/div><\/div><\/div>\t\t\t\t    <a class=\"teaser-title\" title=\"2024: utile a 19,2 milioni. Torna il dividendo ai soci\" href=\"https:\/\/www.noidiqua.it\/Agliana\/2024-utile-a-192-milioni-torna-il-dividendo-ai-soci\/\">2024: utile a 19,2 milioni. Torna il dividendo ai soci<\/a>\n\t\t\t\t    <div class=\"teaser-content\">di Banca Alta Toscana giugno 2025 L\u2019assemblea dei soci di Banca Alta Toscana ha approvato all\u2019unanimit\u00e0 il bilancio 2024, chiuso con un utile di 19,2 milioni di euro, il migliore della propria storia. Parte degli utili, per un importo complessivo di 560.000 euro, sono stati destinati al [&hellip;]...<\/div>\n                                            <a title=\"2024: utile a 19,2 milioni. Torna il dividendo ai soci\" href=\"https:\/\/www.noidiqua.it\/Agliana\/2024-utile-a-192-milioni-torna-il-dividendo-ai-soci\/\" class=\"read-more-align-right\"><span>Leggi tutto<\/span> &rarr;<\/a>\n\t\t\t\t    <div class=\"clear\"><\/div>\n\t\t\t\t<\/li>\n\t\t\t\t<li>\n<div class=\"small-custom-frame-wrapper alignleft frame-shadow\"><div class=\"custom-frame-inner-wrapper\"><div class=\"custom-frame-padding\"><a href=\"https:\/\/www.noidiqua.it\/Agliana\/banca-alta-toscana-sostiene-il-fondo-solidarieta-e-salute\/\" title=\"Banca Alta Toscana sostiene il Fondo Solidariet\u00e0 e Salute\"><img loading=\"lazy\" decoding=\"async\" src=\"https:\/\/www.noidiqua.it\/Agliana\/wp-content\/uploads\/2025\/04\/banca-informa-160x120_c.png\" width=\"160\" height=\"120\" alt=\"Banca Alta Toscana sostiene il Fondo Solidariet\u00e0 e Salute\" \/><\/a><\/div><\/div><\/div>\t\t\t\t    <a class=\"teaser-title\" title=\"Banca Alta Toscana sostiene il Fondo Solidariet\u00e0 e Salute\" href=\"https:\/\/www.noidiqua.it\/Agliana\/banca-alta-toscana-sostiene-il-fondo-solidarieta-e-salute\/\">Banca Alta Toscana sostiene il Fondo Solidariet\u00e0 e Salute<\/a>\n\t\t\t\t    <div class=\"teaser-content\">di Banca Alta Toscana marzo 2025 Banca Alta Toscana aderisce al progetto per il Fondo Solidariet\u00e0 e Salute, attivo da oltre dieci anni con la collaborazione di Misericordia di Pistoia, Caritas Diocesana e Ordine dei Medici di Pistoia. Il Fondo ha lo scopo di supportare persone prive [&hellip;]...<\/div>\n                                            <a title=\"Banca Alta Toscana sostiene il Fondo Solidariet\u00e0 e Salute\" href=\"https:\/\/www.noidiqua.it\/Agliana\/banca-alta-toscana-sostiene-il-fondo-solidarieta-e-salute\/\" class=\"read-more-align-right\"><span>Leggi tutto<\/span> &rarr;<\/a>\n\t\t\t\t    <div class=\"clear\"><\/div>\n\t\t\t\t<\/li>\n\t\t\t\t<li>\n<div class=\"small-custom-frame-wrapper alignleft frame-shadow\"><div class=\"custom-frame-inner-wrapper\"><div class=\"custom-frame-padding\"><a href=\"https:\/\/www.noidiqua.it\/Agliana\/banca-alta-toscana-innovazione-nel-solco-della-tradizione\/\" title=\"Banca Alta Toscana \u2013 innovazione nel solco della tradizione\"><img loading=\"lazy\" decoding=\"async\" src=\"https:\/\/www.noidiqua.it\/Agliana\/wp-content\/uploads\/2022\/12\/Banca-Alta-Toscana-160x120_c.png\" width=\"160\" height=\"120\" alt=\"Banca Alta Toscana \u2013 innovazione nel solco della tradizione\" \/><\/a><\/div><\/div><\/div>\t\t\t\t    <a class=\"teaser-title\" title=\"Banca Alta Toscana \u2013 innovazione nel solco della tradizione\" href=\"https:\/\/www.noidiqua.it\/Agliana\/banca-alta-toscana-innovazione-nel-solco-della-tradizione\/\">Banca Alta Toscana \u2013 innovazione nel solco della tradizione<\/a>\n\t\t\t\t    <div class=\"teaser-content\">di Banca Alta Toscana dicembre 2024 BCC Banca Alta Toscana, fondata nel lontano 1904, \u00e8 oggi una delle maggiori banche di credito cooperativo della Toscana con 21 agenzie, oltre 11.000 soci, 218 dipendenti, oltre 130 milioni di patrimonio netto contabile, impieghi a clientela pari a 890,9 milioni [&hellip;]...<\/div>\n                                            <a title=\"Banca Alta Toscana \u2013 innovazione nel solco della tradizione\" href=\"https:\/\/www.noidiqua.it\/Agliana\/banca-alta-toscana-innovazione-nel-solco-della-tradizione\/\" class=\"read-more-align-right\"><span>Leggi tutto<\/span> &rarr;<\/a>\n\t\t\t\t    <div class=\"clear\"><\/div>\n\t\t\t\t<\/li>\n\t\t\t\t<li>\n<div class=\"small-custom-frame-wrapper alignleft frame-shadow\"><div class=\"custom-frame-inner-wrapper\"><div class=\"custom-frame-padding\"><a href=\"https:\/\/www.noidiqua.it\/Agliana\/centoventanni-di-crescita-a-sostegno-del-territorio\/\" title=\"Centovent&#8217;anni di crescita a sostegno del territorio\"><img loading=\"lazy\" decoding=\"async\" src=\"https:\/\/www.noidiqua.it\/Agliana\/wp-content\/uploads\/2022\/12\/Banca-Alta-Toscana-160x120_c.png\" width=\"160\" height=\"120\" alt=\"Centovent&#039;anni di crescita a sostegno del territorio\" \/><\/a><\/div><\/div><\/div>\t\t\t\t    <a class=\"teaser-title\" title=\"Centovent&#8217;anni di crescita a sostegno del territorio\" href=\"https:\/\/www.noidiqua.it\/Agliana\/centoventanni-di-crescita-a-sostegno-del-territorio\/\">Centovent&#8217;anni di crescita a sostegno del territorio<\/a>\n\t\t\t\t    <div class=\"teaser-content\">di Banca Alta Toscana settembre 2024 Nell\u2019anno del suo 120\u00b0 dalla fondazione, Banca Alta Toscana prosegue il proprio percorso di crescita e sostegno al territorio di riferimento. I risultati economico-patrimoniali approvati al 30 giugno 2024 sono ampiamente positivi: il primo semestre di quest\u2019anno si \u00e8 chiuso con [&hellip;]...<\/div>\n                                            <a title=\"Centovent&#8217;anni di crescita a sostegno del territorio\" href=\"https:\/\/www.noidiqua.it\/Agliana\/centoventanni-di-crescita-a-sostegno-del-territorio\/\" class=\"read-more-align-right\"><span>Leggi tutto<\/span> &rarr;<\/a>\n\t\t\t\t    <div class=\"clear\"><\/div>\n\t\t\t\t<\/li>\n\t\t\t\t<li>\n<div class=\"small-custom-frame-wrapper alignleft frame-shadow\"><div class=\"custom-frame-inner-wrapper\"><div class=\"custom-frame-padding\"><a href=\"https:\/\/www.noidiqua.it\/Agliana\/approvato-il-bilancio-2023\/\" title=\"Approvato il bilancio 2023\"><img loading=\"lazy\" decoding=\"async\" src=\"https:\/\/www.noidiqua.it\/Agliana\/wp-content\/uploads\/2024\/07\/banca-160x120_c.png\" width=\"160\" height=\"120\" alt=\"Approvato il bilancio 2023\" \/><\/a><\/div><\/div><\/div>\t\t\t\t    <a class=\"teaser-title\" title=\"Approvato il bilancio 2023\" href=\"https:\/\/www.noidiqua.it\/Agliana\/approvato-il-bilancio-2023\/\">Approvato il bilancio 2023<\/a>\n\t\t\t\t    <div class=\"teaser-content\">di Banca Alta Toscana giugno 2024 L\u2019assemblea dei soci di Banca Alta Toscana ha approvato il bilancio 2023, chiuso con un utile netto di 18 milioni di euro. Un anno positivo nel corso del quale l\u2019istituto di credito cooperativo ha alimentato l\u2019economia del territorio con nuovo credito [&hellip;]...<\/div>\n                                            <a title=\"Approvato il bilancio 2023\" href=\"https:\/\/www.noidiqua.it\/Agliana\/approvato-il-bilancio-2023\/\" class=\"read-more-align-right\"><span>Leggi tutto<\/span> &rarr;<\/a>\n\t\t\t\t    <div class=\"clear\"><\/div>\n\t\t\t\t<\/li>\n\t\t\t\t<li>\n<div class=\"small-custom-frame-wrapper alignleft frame-shadow\"><div class=\"custom-frame-inner-wrapper\"><div class=\"custom-frame-padding\"><a href=\"https:\/\/www.noidiqua.it\/Agliana\/il-logo-dei-120-anni-della-nostra-banca\/\" title=\"il logo dei 120 anni della nostra banca\"><img loading=\"lazy\" decoding=\"async\" src=\"https:\/\/www.noidiqua.it\/Agliana\/wp-content\/uploads\/2024\/04\/Banca-160x120_c.png\" width=\"160\" height=\"120\" alt=\"il logo dei 120 anni della nostra banca\" \/><\/a><\/div><\/div><\/div>\t\t\t\t    <a class=\"teaser-title\" title=\"il logo dei 120 anni della nostra banca\" href=\"https:\/\/www.noidiqua.it\/Agliana\/il-logo-dei-120-anni-della-nostra-banca\/\">il logo dei 120 anni della nostra banca<\/a>\n\t\t\t\t    <div class=\"teaser-content\">di Banca Alto Toscana marzo 2024 A disegnare il logo celebrativo dei 120 anni di\u00a0Banca Alta Toscana\u00a0\u00e8 stata\u00a0Serena Hu\u00a0una studentessa del liceo artistico Petrocchi di Pistoia, che ha vinto il concorso indetto dall\u2019istituto di credito cooperativo in collaborazione con il liceo artistico di Pistoia. A lei \u00e8 [&hellip;]...<\/div>\n                                            <a title=\"il logo dei 120 anni della nostra banca\" href=\"https:\/\/www.noidiqua.it\/Agliana\/il-logo-dei-120-anni-della-nostra-banca\/\" class=\"read-more-align-right\"><span>Leggi tutto<\/span> &rarr;<\/a>\n\t\t\t\t    <div class=\"clear\"><\/div>\n\t\t\t\t<\/li>\n\t\t\t\t<li>\n<div class=\"small-custom-frame-wrapper alignleft frame-shadow\"><div class=\"custom-frame-inner-wrapper\"><div class=\"custom-frame-padding\"><a href=\"https:\/\/www.noidiqua.it\/Agliana\/ripartiamo-insieme\/\" title=\"Ripartiamo insieme\"><img loading=\"lazy\" decoding=\"async\" src=\"https:\/\/www.noidiqua.it\/Agliana\/wp-content\/uploads\/2023\/12\/banca-160x120_c.png\" width=\"160\" height=\"120\" alt=\"Ripartiamo insieme\" \/><\/a><\/div><\/div><\/div>\t\t\t\t    <a class=\"teaser-title\" title=\"Ripartiamo insieme\" href=\"https:\/\/www.noidiqua.it\/Agliana\/ripartiamo-insieme\/\">Ripartiamo insieme<\/a>\n\t\t\t\t    <div class=\"teaser-content\">di Banca Alta Toscana dicembre 2023 Banca Alta Toscana Credito Cooperativo, che si trova al centro del territorio pi\u00f9 colpito dall\u2019alluvione, ha definito un pacchetto di\u00a0interventi, a beneficio di soci, famiglie e imprese, finalizzato ad un sostegno immediato, affinch\u00e9 il ritorno alla normalit\u00e0 possa avvenire nel pi\u00f9 [&hellip;]...<\/div>\n                                            <a title=\"Ripartiamo insieme\" href=\"https:\/\/www.noidiqua.it\/Agliana\/ripartiamo-insieme\/\" class=\"read-more-align-right\"><span>Leggi tutto<\/span> &rarr;<\/a>\n\t\t\t\t    <div class=\"clear\"><\/div>\n\t\t\t\t<\/li>\n\t\t\t\t<li>\n<div class=\"small-custom-frame-wrapper alignleft frame-shadow\"><div class=\"custom-frame-inner-wrapper\"><div class=\"custom-frame-padding\"><a href=\"https:\/\/www.noidiqua.it\/Agliana\/in-questo-2023-continuiamo-a-sostenere-le-persone-e-il-territorio\/\" title=\"In questo 2023 continuiamo a sostenere le persone e il territorio\"><img loading=\"lazy\" decoding=\"async\" src=\"https:\/\/www.noidiqua.it\/Agliana\/wp-content\/uploads\/2023\/10\/Tiziano-Caporali-e-Alberto-Banci-160x120_c.png\" width=\"160\" height=\"120\" alt=\"In questo 2023 continuiamo a sostenere le persone e il territorio\" \/><\/a><\/div><\/div><\/div>\t\t\t\t    <a class=\"teaser-title\" title=\"In questo 2023 continuiamo a sostenere le persone e il territorio\" href=\"https:\/\/www.noidiqua.it\/Agliana\/in-questo-2023-continuiamo-a-sostenere-le-persone-e-il-territorio\/\">In questo 2023 continuiamo a sostenere le persone e il territorio<\/a>\n\t\t\t\t    <div class=\"teaser-content\">di Banca Alta Toscana settembre 2023 Il 2022 \u00e8 stato un anno positivo per Banca Alta Toscana, che ha chiuso il bilancio con un utile netto di 12,6 milioni di euro. L\u2019istituto di credito, che opera nelle province di Pistoia, Prato e Firenze, ha confermato il proprio [&hellip;]...<\/div>\n                                            <a title=\"In questo 2023 continuiamo a sostenere le persone e il territorio\" href=\"https:\/\/www.noidiqua.it\/Agliana\/in-questo-2023-continuiamo-a-sostenere-le-persone-e-il-territorio\/\" class=\"read-more-align-right\"><span>Leggi tutto<\/span> &rarr;<\/a>\n\t\t\t\t    <div class=\"clear\"><\/div>\n\t\t\t\t<\/li>\n\t\t\t<\/ul>\n\t\t    <\/div><!-- end widget_recent_posts -->\n<\/div>\n<a class=\"flat-custom-button align-btn-left\" href=\"https:\/\/www.noidiqua.it\/Agliana\/category\/ag\/la-banca-informa\/\" title=\"Mostra tutti gli articoli di questa sezione\"><span style=\"padding:10px 20px; background-color:#ed162d; border:1px solid #ed162d; color:#FFFFFF; font-size:14px;\">Mostra tutti gli articoli precedenti<\/span><\/a>","protected":false},"excerpt":{"rendered":"","protected":false},"author":1,"featured_media":0,"parent":12,"menu_order":0,"comment_status":"open","ping_status":"closed","template":"","meta":{"footnotes":""},"class_list":["post-9445","page","type-page","status-publish","hentry"],"yoast_head":"<!-- This site is optimized with the Yoast SEO plugin v25.5 - https:\/\/yoast.com\/wordpress\/plugins\/seo\/ -->\n<title>La Banca informa - Noi di Qua Testata giornalistica e di attualit\u00e0 di Agliana, Montale e Quarrata.<\/title>\n<meta name=\"robots\" content=\"index, follow, max-snippet:-1, max-image-preview:large, max-video-preview:-1\" \/>\n<link rel=\"canonical\" href=\"https:\/\/www.noidiqua.it\/Agliana\/agliana-2\/la-banca-informa\/\" \/>\n<meta property=\"og:locale\" content=\"it_IT\" \/>\n<meta property=\"og:type\" content=\"article\" \/>\n<meta property=\"og:title\" content=\"La Banca informa - Noi di Qua Testata giornalistica e di attualit\u00e0 di Agliana, Montale e Quarrata.\" \/>\n<meta property=\"og:url\" content=\"https:\/\/www.noidiqua.it\/Agliana\/agliana-2\/la-banca-informa\/\" \/>\n<meta property=\"og:site_name\" content=\"Noi di Qua Testata giornalistica e di attualit\u00e0 di Agliana, Montale e Quarrata.\" \/>\n<meta property=\"article:publisher\" content=\"https:\/\/www.facebook.com\/noidiqua.trimestrale\/\" \/>\n<script type=\"application\/ld+json\" class=\"yoast-schema-graph\">{\"@context\":\"https:\/\/schema.org\",\"@graph\":[{\"@type\":\"WebPage\",\"@id\":\"https:\/\/www.noidiqua.it\/Agliana\/agliana-2\/la-banca-informa\/\",\"url\":\"https:\/\/www.noidiqua.it\/Agliana\/agliana-2\/la-banca-informa\/\",\"name\":\"La Banca informa - Noi di Qua Testata giornalistica e di attualit\u00e0 di Agliana, Montale e Quarrata.\",\"isPartOf\":{\"@id\":\"https:\/\/www.noidiqua.it\/Agliana\/#website\"},\"datePublished\":\"2025-01-14T12:06:31+00:00\",\"breadcrumb\":{\"@id\":\"https:\/\/www.noidiqua.it\/Agliana\/agliana-2\/la-banca-informa\/#breadcrumb\"},\"inLanguage\":\"it-IT\",\"potentialAction\":[{\"@type\":\"ReadAction\",\"target\":[\"https:\/\/www.noidiqua.it\/Agliana\/agliana-2\/la-banca-informa\/\"]}]},{\"@type\":\"BreadcrumbList\",\"@id\":\"https:\/\/www.noidiqua.it\/Agliana\/agliana-2\/la-banca-informa\/#breadcrumb\",\"itemListElement\":[{\"@type\":\"ListItem\",\"position\":1,\"name\":\"Home\",\"item\":\"https:\/\/www.noidiqua.it\/Agliana\/\"},{\"@type\":\"ListItem\",\"position\":2,\"name\":\"Agliana\",\"item\":\"https:\/\/www.noidiqua.it\/Agliana\/agliana-2\/\"},{\"@type\":\"ListItem\",\"position\":3,\"name\":\"La Banca informa\"}]},{\"@type\":\"WebSite\",\"@id\":\"https:\/\/www.noidiqua.it\/Agliana\/#website\",\"url\":\"https:\/\/www.noidiqua.it\/Agliana\/\",\"name\":\"Noi di Qua Testata giornalistica e di attualit\u00e0 di Agliana, Montale e Quarrata.\",\"description\":\"Testata Giornalistica Quarrata Montale Agliana\",\"potentialAction\":[{\"@type\":\"SearchAction\",\"target\":{\"@type\":\"EntryPoint\",\"urlTemplate\":\"https:\/\/www.noidiqua.it\/Agliana\/?s={search_term_string}\"},\"query-input\":{\"@type\":\"PropertyValueSpecification\",\"valueRequired\":true,\"valueName\":\"search_term_string\"}}],\"inLanguage\":\"it-IT\"}]}<\/script>\n<!-- \/ Yoast SEO plugin. -->","yoast_head_json":{"title":"La Banca informa - Noi di Qua Testata giornalistica e di attualit\u00e0 di Agliana, Montale e Quarrata.","robots":{"index":"index","follow":"follow","max-snippet":"max-snippet:-1","max-image-preview":"max-image-preview:large","max-video-preview":"max-video-preview:-1"},"canonical":"https:\/\/www.noidiqua.it\/Agliana\/agliana-2\/la-banca-informa\/","og_locale":"it_IT","og_type":"article","og_title":"La Banca informa - Noi di Qua Testata giornalistica e di attualit\u00e0 di Agliana, Montale e Quarrata.","og_url":"https:\/\/www.noidiqua.it\/Agliana\/agliana-2\/la-banca-informa\/","og_site_name":"Noi di Qua Testata giornalistica e di attualit\u00e0 di Agliana, Montale e Quarrata.","article_publisher":"https:\/\/www.facebook.com\/noidiqua.trimestrale\/","schema":{"@context":"https:\/\/schema.org","@graph":[{"@type":"WebPage","@id":"https:\/\/www.noidiqua.it\/Agliana\/agliana-2\/la-banca-informa\/","url":"https:\/\/www.noidiqua.it\/Agliana\/agliana-2\/la-banca-informa\/","name":"La Banca informa - Noi di Qua Testata giornalistica e di attualit\u00e0 di Agliana, Montale e Quarrata.","isPartOf":{"@id":"https:\/\/www.noidiqua.it\/Agliana\/#website"},"datePublished":"2025-01-14T12:06:31+00:00","breadcrumb":{"@id":"https:\/\/www.noidiqua.it\/Agliana\/agliana-2\/la-banca-informa\/#breadcrumb"},"inLanguage":"it-IT","potentialAction":[{"@type":"ReadAction","target":["https:\/\/www.noidiqua.it\/Agliana\/agliana-2\/la-banca-informa\/"]}]},{"@type":"BreadcrumbList","@id":"https:\/\/www.noidiqua.it\/Agliana\/agliana-2\/la-banca-informa\/#breadcrumb","itemListElement":[{"@type":"ListItem","position":1,"name":"Home","item":"https:\/\/www.noidiqua.it\/Agliana\/"},{"@type":"ListItem","position":2,"name":"Agliana","item":"https:\/\/www.noidiqua.it\/Agliana\/agliana-2\/"},{"@type":"ListItem","position":3,"name":"La Banca informa"}]},{"@type":"WebSite","@id":"https:\/\/www.noidiqua.it\/Agliana\/#website","url":"https:\/\/www.noidiqua.it\/Agliana\/","name":"Noi di Qua Testata giornalistica e di attualit\u00e0 di Agliana, Montale e Quarrata.","description":"Testata Giornalistica Quarrata Montale Agliana","potentialAction":[{"@type":"SearchAction","target":{"@type":"EntryPoint","urlTemplate":"https:\/\/www.noidiqua.it\/Agliana\/?s={search_term_string}"},"query-input":{"@type":"PropertyValueSpecification","valueRequired":true,"valueName":"search_term_string"}}],"inLanguage":"it-IT"}]}},"_links":{"self":[{"href":"https:\/\/www.noidiqua.it\/Agliana\/wp-json\/wp\/v2\/pages\/9445","targetHints":{"allow":["GET"]}}],"collection":[{"href":"https:\/\/www.noidiqua.it\/Agliana\/wp-json\/wp\/v2\/pages"}],"about":[{"href":"https:\/\/www.noidiqua.it\/Agliana\/wp-json\/wp\/v2\/types\/page"}],"author":[{"embeddable":true,"href":"https:\/\/www.noidiqua.it\/Agliana\/wp-json\/wp\/v2\/users\/1"}],"replies":[{"embeddable":true,"href":"https:\/\/www.noidiqua.it\/Agliana\/wp-json\/wp\/v2\/comments?post=9445"}],"version-history":[{"count":1,"href":"https:\/\/www.noidiqua.it\/Agliana\/wp-json\/wp\/v2\/pages\/9445\/revisions"}],"predecessor-version":[{"id":9446,"href":"https:\/\/www.noidiqua.it\/Agliana\/wp-json\/wp\/v2\/pages\/9445\/revisions\/9446"}],"up":[{"embeddable":true,"href":"https:\/\/www.noidiqua.it\/Agliana\/wp-json\/wp\/v2\/pages\/12"}],"wp:attachment":[{"href":"https:\/\/www.noidiqua.it\/Agliana\/wp-json\/wp\/v2\/media?parent=9445"}],"curies":[{"name":"wp","href":"https:\/\/api.w.org\/{rel}","templated":true}]}}