{"id":105,"date":"2011-07-08T19:11:20","date_gmt":"2011-07-08T19:11:20","guid":{"rendered":"http:\/\/192.168.1.2\/Utility-Liberty\/CMS\/noidiqua\/?page_id=105"},"modified":"2024-01-22T17:21:07","modified_gmt":"2024-01-22T16:21:07","slug":"la-storia","status":"publish","type":"page","link":"https:\/\/www.noidiqua.it\/Montale\/montale-2\/la-storia\/","title":{"rendered":"La Storia"},"content":{"rendered":"<div class=\"widget widget_latest_posts\"><h3 class=\"widgettitle\">La Storia<\/h3>\t\t    <div class=\"latest_posts\">\n\t\t\t<ul class=\"small-thumb\">\n\t\t\t\t<li>\n<div class=\"small-custom-frame-wrapper alignleft frame-shadow\"><div class=\"custom-frame-inner-wrapper\"><div class=\"custom-frame-padding\"><a href=\"https:\/\/www.noidiqua.it\/Montale\/la-storia-dei-monumenti-della-piazza-centrale\/\" title=\"La storia dei monumenti della piazza centrale\"><img loading=\"lazy\" decoding=\"async\" src=\"https:\/\/www.noidiqua.it\/Montale\/wp-content\/uploads\/2026\/04\/La-storia-piazza-vecchia-160x120_c.png\" width=\"160\" height=\"120\" alt=\"La storia dei monumenti della piazza centrale\" \/><\/a><\/div><\/div><\/div>\t\t\t\t    <a class=\"teaser-title\" title=\"La storia dei monumenti della piazza centrale\" href=\"https:\/\/www.noidiqua.it\/Montale\/la-storia-dei-monumenti-della-piazza-centrale\/\">La storia dei monumenti della piazza centrale<\/a>\n\t\t\t\t    <div class=\"teaser-content\">di Giacomo Bini marzo 2026 Nell\u2019archivio storico del Comune di Montale i documenti che parlano del primo monumento ai caduti, dedicato ai montalesi morti nella Grande Guerra, sono entrambi del 1922, uno del luglio e uno del dicembre, prima e dopo l\u2019avvento del fascismo avvenuto nell\u2019ottobre di quello stesso anno. Quello di luglio \u00e8...<\/div>\n                                            <a title=\"La storia dei monumenti della piazza centrale\" href=\"https:\/\/www.noidiqua.it\/Montale\/la-storia-dei-monumenti-della-piazza-centrale\/\" class=\"read-more-align-right\"><span>Leggi tutto<\/span> &rarr;<\/a>\n\t\t\t\t    <div class=\"clear\"><\/div>\n\t\t\t\t<\/li>\n\t\t\t\t<li>\n<div class=\"small-custom-frame-wrapper alignleft frame-shadow\"><div class=\"custom-frame-inner-wrapper\"><div class=\"custom-frame-padding\"><a href=\"https:\/\/www.noidiqua.it\/Montale\/la-variante-al-piano-operativo-comunale\/\" title=\"La variante al Piano Operativo Comunale\"><img loading=\"lazy\" decoding=\"async\" src=\"https:\/\/www.noidiqua.it\/Montale\/wp-content\/uploads\/2025\/12\/POC-area-nuovo-polo-scolastico-160x120_c.png\" width=\"160\" height=\"120\" alt=\"La variante al Piano Operativo Comunale\" \/><\/a><\/div><\/div><\/div>\t\t\t\t    <a class=\"teaser-title\" title=\"La variante al Piano Operativo Comunale\" href=\"https:\/\/www.noidiqua.it\/Montale\/la-variante-al-piano-operativo-comunale\/\">La variante al Piano Operativo Comunale<\/a>\n\t\t\t\t    <div class=\"teaser-content\">di Giacomo Bini dicembre 2025 La variante al Piano Operativo Comunale (POC), destinata a ridisegnare in aspetti rilevanti il volto urbanistico del paese, \u00e8 stata adottata dal consiglio comunale il 30 luglio scorso. Attualmente siamo nella fase delle osservazioni alla variante, che dovevano essere presentate entro la fine di ottobre, dopodich\u00e9, una volta che...<\/div>\n                                            <a title=\"La variante al Piano Operativo Comunale\" href=\"https:\/\/www.noidiqua.it\/Montale\/la-variante-al-piano-operativo-comunale\/\" class=\"read-more-align-right\"><span>Leggi tutto<\/span> &rarr;<\/a>\n\t\t\t\t    <div class=\"clear\"><\/div>\n\t\t\t\t<\/li>\n\t\t\t\t<li>\n<div class=\"small-custom-frame-wrapper alignleft frame-shadow\"><div class=\"custom-frame-inner-wrapper\"><div class=\"custom-frame-padding\"><a href=\"https:\/\/www.noidiqua.it\/Montale\/i-problemi-di-tobbiana-e-le-possibili-soluzioni\/\" title=\"I problemi di Tobbiana e le possibili soluzioni\"><img loading=\"lazy\" decoding=\"async\" src=\"https:\/\/www.noidiqua.it\/Montale\/wp-content\/uploads\/2025\/10\/Tobbiana-3-160x120_c.png\" width=\"160\" height=\"120\" alt=\"I problemi di Tobbiana e le possibili soluzioni\" \/><\/a><\/div><\/div><\/div>\t\t\t\t    <a class=\"teaser-title\" title=\"I problemi di Tobbiana e le possibili soluzioni\" href=\"https:\/\/www.noidiqua.it\/Montale\/i-problemi-di-tobbiana-e-le-possibili-soluzioni\/\">I problemi di Tobbiana e le possibili soluzioni<\/a>\n\t\t\t\t    <div class=\"teaser-content\">di Giacomo Bini settembre 2025 I problemi di Tobbiana e le possibili soluzioni sono stati al centro dell\u2019attenzione durante l\u2019estate appena trascorsa con una serie di incontri pubblici molto partecipati, un\u2019interpellanza in consiglio comunale e un\u2019accorata richiesta di aiuto della Pro Loco del paese rivolta a enti pubblici e privati e a tutti i...<\/div>\n                                            <a title=\"I problemi di Tobbiana e le possibili soluzioni\" href=\"https:\/\/www.noidiqua.it\/Montale\/i-problemi-di-tobbiana-e-le-possibili-soluzioni\/\" class=\"read-more-align-right\"><span>Leggi tutto<\/span> &rarr;<\/a>\n\t\t\t\t    <div class=\"clear\"><\/div>\n\t\t\t\t<\/li>\n\t\t\t\t<li>\n<div class=\"small-custom-frame-wrapper alignleft frame-shadow\"><div class=\"custom-frame-inner-wrapper\"><div class=\"custom-frame-padding\"><a href=\"https:\/\/www.noidiqua.it\/Montale\/tutte-le-donazioni-della-famiglia-nesti\/\" title=\"Tutte le donazioni della famiglia Nesti\"><img loading=\"lazy\" decoding=\"async\" src=\"https:\/\/www.noidiqua.it\/Montale\/wp-content\/uploads\/2025\/07\/famiglia-nesti-1-160x120_c.png\" width=\"160\" height=\"120\" alt=\"Tutte le donazioni della famiglia Nesti\" \/><\/a><\/div><\/div><\/div>\t\t\t\t    <a class=\"teaser-title\" title=\"Tutte le donazioni della famiglia Nesti\" href=\"https:\/\/www.noidiqua.it\/Montale\/tutte-le-donazioni-della-famiglia-nesti\/\">Tutte le donazioni della famiglia Nesti<\/a>\n\t\t\t\t    <div class=\"teaser-content\">di Giacomo Bini giugno 2025 Il nome del maestro Enzo Nesti, una figura esemplare di insegnante e cittadino, \u00e8 tornato a risuonare con ammirazione e rispetto nelle sedi pubbliche del paese, perch\u00e9 la famiglia Nesti, in particolare il figlio Stefano e sua mamma Ilia, stanno facendo molto per la comunit\u00e0 di Montale in termini...<\/div>\n                                            <a title=\"Tutte le donazioni della famiglia Nesti\" href=\"https:\/\/www.noidiqua.it\/Montale\/tutte-le-donazioni-della-famiglia-nesti\/\" class=\"read-more-align-right\"><span>Leggi tutto<\/span> &rarr;<\/a>\n\t\t\t\t    <div class=\"clear\"><\/div>\n\t\t\t\t<\/li>\n\t\t\t\t<li>\n<div class=\"small-custom-frame-wrapper alignleft frame-shadow\"><div class=\"custom-frame-inner-wrapper\"><div class=\"custom-frame-padding\"><a href=\"https:\/\/www.noidiqua.it\/Montale\/associazioni-nelle-emergenze-una-risorsa-fondamentale\/\" title=\"Associazioni nelle emergenze: una risorsa fondamentale\"><img loading=\"lazy\" decoding=\"async\" src=\"https:\/\/www.noidiqua.it\/Montale\/wp-content\/uploads\/2025\/04\/La-storia-4-160x120_c.png\" width=\"160\" height=\"120\" alt=\"Associazioni nelle emergenze: una risorsa fondamentale\" \/><\/a><\/div><\/div><\/div>\t\t\t\t    <a class=\"teaser-title\" title=\"Associazioni nelle emergenze: una risorsa fondamentale\" href=\"https:\/\/www.noidiqua.it\/Montale\/associazioni-nelle-emergenze-una-risorsa-fondamentale\/\">Associazioni nelle emergenze: una risorsa fondamentale<\/a>\n\t\t\t\t    <div class=\"teaser-content\">di Giacomo Bini marzo 2025 Nell\u2019alluvione del 2 e 4 novembre 2023 e nelle pi\u00f9 recenti situazioni di allerta meteo tutta la cittadinanza di Montale ha potuto verificare quanto sia fondamentale il ruolo delle associazioni di volontariato nella protezione civile comunale. In particolare sono inserite in modo organico nel sistema della protezione civile tre...<\/div>\n                                            <a title=\"Associazioni nelle emergenze: una risorsa fondamentale\" href=\"https:\/\/www.noidiqua.it\/Montale\/associazioni-nelle-emergenze-una-risorsa-fondamentale\/\" class=\"read-more-align-right\"><span>Leggi tutto<\/span> &rarr;<\/a>\n\t\t\t\t    <div class=\"clear\"><\/div>\n\t\t\t\t<\/li>\n\t\t\t\t<li>\n<div class=\"small-custom-frame-wrapper alignleft frame-shadow\"><div class=\"custom-frame-inner-wrapper\"><div class=\"custom-frame-padding\"><a href=\"https:\/\/www.noidiqua.it\/Montale\/autovelox-sulla-montalese-e-rimborsi-una-questione-aperta\/\" title=\"Autovelox sulla Montalese e rimborsi: una questione aperta\"><img loading=\"lazy\" decoding=\"async\" src=\"https:\/\/www.noidiqua.it\/Montale\/wp-content\/uploads\/2024\/12\/montalese-autovelox-1-160x120_c.png\" width=\"160\" height=\"120\" alt=\"Autovelox sulla Montalese e rimborsi: una questione aperta\" \/><\/a><\/div><\/div><\/div>\t\t\t\t    <a class=\"teaser-title\" title=\"Autovelox sulla Montalese e rimborsi: una questione aperta\" href=\"https:\/\/www.noidiqua.it\/Montale\/autovelox-sulla-montalese-e-rimborsi-una-questione-aperta\/\">Autovelox sulla Montalese e rimborsi: una questione aperta<\/a>\n\t\t\t\t    <div class=\"teaser-content\">di Giacomo Bini dicembre 2024 L\u2019autovelox sulla strada provinciale montalese in localit\u00e0 Pontenuovo su un tratto dove il limite di velocit\u00e0 \u00e8 di 40 chilometri all\u2019ora ha prodotto una valanga di multe, 32mila, 421 solo nei primi cinque mesi del 2024, 54mila in tutto, da quando \u00e8 stato installato nel settembre del 2023 ma...<\/div>\n                                            <a title=\"Autovelox sulla Montalese e rimborsi: una questione aperta\" href=\"https:\/\/www.noidiqua.it\/Montale\/autovelox-sulla-montalese-e-rimborsi-una-questione-aperta\/\" class=\"read-more-align-right\"><span>Leggi tutto<\/span> &rarr;<\/a>\n\t\t\t\t    <div class=\"clear\"><\/div>\n\t\t\t\t<\/li>\n\t\t\t\t<li>\n<div class=\"small-custom-frame-wrapper alignleft frame-shadow\"><div class=\"custom-frame-inner-wrapper\"><div class=\"custom-frame-padding\"><a href=\"https:\/\/www.noidiqua.it\/Montale\/inceneritore-di-montale-e-in-corso-la-gara-per-laggiudicazione\/\" title=\"Inceneritore di Montale: \u00e8 in corso la gara per l&#8217;aggiudicazione\"><img loading=\"lazy\" decoding=\"async\" src=\"https:\/\/www.noidiqua.it\/Montale\/wp-content\/uploads\/2021\/04\/inceneritore-1-160x120_c.png\" width=\"160\" height=\"120\" alt=\"Inceneritore di Montale: \u00e8 in corso la gara per l&#039;aggiudicazione\" \/><\/a><\/div><\/div><\/div>\t\t\t\t    <a class=\"teaser-title\" title=\"Inceneritore di Montale: \u00e8 in corso la gara per l&#8217;aggiudicazione\" href=\"https:\/\/www.noidiqua.it\/Montale\/inceneritore-di-montale-e-in-corso-la-gara-per-laggiudicazione\/\">Inceneritore di Montale: \u00e8 in corso la gara per l&#8217;aggiudicazione<\/a>\n\t\t\t\t    <div class=\"teaser-content\">di Giacomo Bini. Foto: Gabriele Bellini settembre 2024 E&#8217; in corso la procedura di gara per l\u2019aggiudicazione della gestione dell\u2019inceneritore per altri tre anni pi\u00f9 un quarto anno eventuale. Le imprese che si candidano a gestire l\u2019impianto dovranno presentare domanda entro il 31 ottobre prossimo e il 4 novembre ci sar\u00e0 la prima seduta...<\/div>\n                                            <a title=\"Inceneritore di Montale: \u00e8 in corso la gara per l&#8217;aggiudicazione\" href=\"https:\/\/www.noidiqua.it\/Montale\/inceneritore-di-montale-e-in-corso-la-gara-per-laggiudicazione\/\" class=\"read-more-align-right\"><span>Leggi tutto<\/span> &rarr;<\/a>\n\t\t\t\t    <div class=\"clear\"><\/div>\n\t\t\t\t<\/li>\n\t\t\t\t<li>\n<div class=\"small-custom-frame-wrapper alignleft frame-shadow\"><div class=\"custom-frame-inner-wrapper\"><div class=\"custom-frame-padding\"><a href=\"https:\/\/www.noidiqua.it\/Montale\/tre-questioni-aperte-per-la-nuova-giunta-betti\/\" title=\"Tre questioni aperte per la nuova giunta Betti\"><img loading=\"lazy\" decoding=\"async\" src=\"https:\/\/www.noidiqua.it\/Montale\/wp-content\/uploads\/2023\/12\/alluvione-2-160x120_c.png\" width=\"160\" height=\"120\" alt=\"Tre questioni aperte per la nuova giunta Betti\" \/><\/a><\/div><\/div><\/div>\t\t\t\t    <a class=\"teaser-title\" title=\"Tre questioni aperte per la nuova giunta Betti\" href=\"https:\/\/www.noidiqua.it\/Montale\/tre-questioni-aperte-per-la-nuova-giunta-betti\/\">Tre questioni aperte per la nuova giunta Betti<\/a>\n\t\t\t\t    <div class=\"teaser-content\">di Giacomo Bini. Foto: Gabriele Bellini giugno 2024 Le elezioni comunali dell\u20198 e 9 giugno scorso hanno decretato la vittoria di Ferdinando Betti, che diventa sindaco per il suo terzo mandato alla testa di una lista di centrosinistra denominata \u201cMontale concreta\u201d e appoggiata\u00a0 da Partito Democratico, Partito Socialista, Italia Viva e la lista civica...<\/div>\n                                            <a title=\"Tre questioni aperte per la nuova giunta Betti\" href=\"https:\/\/www.noidiqua.it\/Montale\/tre-questioni-aperte-per-la-nuova-giunta-betti\/\" class=\"read-more-align-right\"><span>Leggi tutto<\/span> &rarr;<\/a>\n\t\t\t\t    <div class=\"clear\"><\/div>\n\t\t\t\t<\/li>\n\t\t\t\t<li>\n<div class=\"small-custom-frame-wrapper alignleft frame-shadow\"><div class=\"custom-frame-inner-wrapper\"><div class=\"custom-frame-padding\"><a href=\"https:\/\/www.noidiqua.it\/Montale\/amag-in-un-libro-la-storia-del-consorzio\/\" title=\"Amag: in un libro la storia del consorzio\"><img loading=\"lazy\" decoding=\"async\" src=\"https:\/\/www.noidiqua.it\/Montale\/wp-content\/uploads\/2024\/04\/amag-4-160x120_c.png\" width=\"160\" height=\"120\" alt=\"Amag: in un libro la storia del consorzio\" \/><\/a><\/div><\/div><\/div>\t\t\t\t    <a class=\"teaser-title\" title=\"Amag: in un libro la storia del consorzio\" href=\"https:\/\/www.noidiqua.it\/Montale\/amag-in-un-libro-la-storia-del-consorzio\/\">Amag: in un libro la storia del consorzio<\/a>\n\t\t\t\t    <div class=\"teaser-content\">di Piera Salvi marzo 2024 \u201cAmag\u00a0\u2013\u00a0La storia\u201d \u00e8 il libro di Graziano Tesi che ricorda una piccola azienda di multiservizi, a cinquant\u2019anni dalla nascita, offrendo spunti di riflessione su presente e futuro. Amag nasce inizialmente ad Agliana (nel 1972) come\u00a0Azienda municipalizzata acqua gas\u00a0e negli anni Novanta, con la nascita del consorzio con il comune...<\/div>\n                                            <a title=\"Amag: in un libro la storia del consorzio\" href=\"https:\/\/www.noidiqua.it\/Montale\/amag-in-un-libro-la-storia-del-consorzio\/\" class=\"read-more-align-right\"><span>Leggi tutto<\/span> &rarr;<\/a>\n\t\t\t\t    <div class=\"clear\"><\/div>\n\t\t\t\t<\/li>\n\t\t\t\t<li>\n<div class=\"small-custom-frame-wrapper alignleft frame-shadow\"><div class=\"custom-frame-inner-wrapper\"><div class=\"custom-frame-padding\"><a href=\"https:\/\/www.noidiqua.it\/Montale\/lalluvione-a-montale-fra-danni-e-tanta-paura\/\" title=\"L&#8217;alluvione a Montale fra danni e tanta paura\"><img loading=\"lazy\" decoding=\"async\" src=\"https:\/\/www.noidiqua.it\/Montale\/wp-content\/uploads\/2023\/12\/alluvione-3-160x120_c.png\" width=\"160\" height=\"120\" alt=\"L&#039;alluvione a Montale fra danni e tanta paura\" \/><\/a><\/div><\/div><\/div>\t\t\t\t    <a class=\"teaser-title\" title=\"L&#8217;alluvione a Montale fra danni e tanta paura\" href=\"https:\/\/www.noidiqua.it\/Montale\/lalluvione-a-montale-fra-danni-e-tanta-paura\/\">L&#8217;alluvione a Montale fra danni e tanta paura<\/a>\n\t\t\t\t    <div class=\"teaser-content\">di Giacomo Bini. Foto: Gabriele Bellini. dicembre 2023 La rottura dell\u2019argine dell\u2019Agna, la sera del 2 novembre 2023, ha aperto una ferita gravissima nella comunit\u00e0 montalese, mettendo in ginocchio buona parte della zona industriale e sconvolgendo le vite di centinaia di persone nella zona della Stazione, in particolare in via Alfieri e in via...<\/div>\n                                            <a title=\"L&#8217;alluvione a Montale fra danni e tanta paura\" href=\"https:\/\/www.noidiqua.it\/Montale\/lalluvione-a-montale-fra-danni-e-tanta-paura\/\" class=\"read-more-align-right\"><span>Leggi tutto<\/span> &rarr;<\/a>\n\t\t\t\t    <div class=\"clear\"><\/div>\n\t\t\t\t<\/li>\n\t\t\t<\/ul>\n\t\t    <\/div><!-- end widget_recent_posts -->\n<\/div>\n<a class=\"flat-custom-button align-btn-left\" href=\"https:\/\/www.noidiqua.it\/Montale\/category\/mt\/storia-qt\/\" title=\"Mostra tutti gli articoli di questa sezione\"><span style=\"padding:10px 20px; background-color:#ed162d; border:1px solid #ed162d; color:#FFFFFF; font-size:14px;\">Mostra tutti gli articoli precedenti<\/span><\/a>","protected":false},"excerpt":{"rendered":"","protected":false},"author":2,"featured_media":0,"parent":12,"menu_order":0,"comment_status":"open","ping_status":"closed","template":"","meta":{"footnotes":""},"class_list":["post-105","page","type-page","status-publish","hentry"],"yoast_head":"<!-- This site is optimized with the Yoast SEO plugin v25.5 - https:\/\/yoast.com\/wordpress\/plugins\/seo\/ -->\n<title>La Storia - Noi di Qua Testata giornalistica e di attualit\u00e0 di Agliana, Montale e Quarrata.<\/title>\n<meta name=\"robots\" content=\"index, follow, max-snippet:-1, max-image-preview:large, max-video-preview:-1\" \/>\n<link rel=\"canonical\" href=\"https:\/\/www.noidiqua.it\/Montale\/montale-2\/la-storia\/\" \/>\n<meta property=\"og:locale\" content=\"it_IT\" \/>\n<meta property=\"og:type\" content=\"article\" \/>\n<meta property=\"og:title\" content=\"La Storia - Noi di Qua Testata giornalistica e di attualit\u00e0 di Agliana, Montale e Quarrata.\" \/>\n<meta property=\"og:url\" content=\"https:\/\/www.noidiqua.it\/Montale\/montale-2\/la-storia\/\" \/>\n<meta property=\"og:site_name\" content=\"Noi di Qua Testata giornalistica e di attualit\u00e0 di Agliana, Montale e Quarrata.\" \/>\n<meta property=\"article:publisher\" content=\"https:\/\/www.facebook.com\/noidiqua.trimestrale\/\" \/>\n<meta property=\"article:modified_time\" content=\"2024-01-22T16:21:07+00:00\" \/>\n<meta property=\"og:image\" content=\"https:\/\/www.noidiqua.it\/Montale\/wp-content\/uploads\/2019\/03\/logo-sito.jpg\" \/>\n<meta name=\"twitter:label1\" content=\"Tempo di lettura stimato\" \/>\n\t<meta name=\"twitter:data1\" content=\"1 minuto\" \/>\n<script type=\"application\/ld+json\" class=\"yoast-schema-graph\">{\"@context\":\"https:\/\/schema.org\",\"@graph\":[{\"@type\":\"WebPage\",\"@id\":\"https:\/\/www.noidiqua.it\/Montale\/montale-2\/la-storia\/\",\"url\":\"https:\/\/www.noidiqua.it\/Montale\/montale-2\/la-storia\/\",\"name\":\"La Storia - Noi di Qua Testata giornalistica e di attualit\u00e0 di Agliana, Montale e Quarrata.\",\"isPartOf\":{\"@id\":\"https:\/\/www.noidiqua.it\/Montale\/#website\"},\"datePublished\":\"2011-07-08T19:11:20+00:00\",\"dateModified\":\"2024-01-22T16:21:07+00:00\",\"breadcrumb\":{\"@id\":\"https:\/\/www.noidiqua.it\/Montale\/montale-2\/la-storia\/#breadcrumb\"},\"inLanguage\":\"it-IT\",\"potentialAction\":[{\"@type\":\"ReadAction\",\"target\":[\"https:\/\/www.noidiqua.it\/Montale\/montale-2\/la-storia\/\"]}]},{\"@type\":\"BreadcrumbList\",\"@id\":\"https:\/\/www.noidiqua.it\/Montale\/montale-2\/la-storia\/#breadcrumb\",\"itemListElement\":[{\"@type\":\"ListItem\",\"position\":1,\"name\":\"Home\",\"item\":\"https:\/\/www.noidiqua.it\/Montale\/\"},{\"@type\":\"ListItem\",\"position\":2,\"name\":\"Montale\",\"item\":\"https:\/\/www.noidiqua.it\/Montale\/montale-2\/\"},{\"@type\":\"ListItem\",\"position\":3,\"name\":\"La Storia\"}]},{\"@type\":\"WebSite\",\"@id\":\"https:\/\/www.noidiqua.it\/Montale\/#website\",\"url\":\"https:\/\/www.noidiqua.it\/Montale\/\",\"name\":\"Noi di Qua Testata giornalistica e di attualit\u00e0 di Agliana, Montale e Quarrata.\",\"description\":\"Testata Giornalistica Quarrata Montale Agliana\",\"potentialAction\":[{\"@type\":\"SearchAction\",\"target\":{\"@type\":\"EntryPoint\",\"urlTemplate\":\"https:\/\/www.noidiqua.it\/Montale\/?s={search_term_string}\"},\"query-input\":{\"@type\":\"PropertyValueSpecification\",\"valueRequired\":true,\"valueName\":\"search_term_string\"}}],\"inLanguage\":\"it-IT\"}]}<\/script>\n<!-- \/ Yoast SEO plugin. -->","yoast_head_json":{"title":"La Storia - Noi di Qua Testata giornalistica e di attualit\u00e0 di Agliana, Montale e Quarrata.","robots":{"index":"index","follow":"follow","max-snippet":"max-snippet:-1","max-image-preview":"max-image-preview:large","max-video-preview":"max-video-preview:-1"},"canonical":"https:\/\/www.noidiqua.it\/Montale\/montale-2\/la-storia\/","og_locale":"it_IT","og_type":"article","og_title":"La Storia - Noi di Qua Testata giornalistica e di attualit\u00e0 di Agliana, Montale e Quarrata.","og_url":"https:\/\/www.noidiqua.it\/Montale\/montale-2\/la-storia\/","og_site_name":"Noi di Qua Testata giornalistica e di attualit\u00e0 di Agliana, Montale e Quarrata.","article_publisher":"https:\/\/www.facebook.com\/noidiqua.trimestrale\/","article_modified_time":"2024-01-22T16:21:07+00:00","og_image":[{"url":"https:\/\/www.noidiqua.it\/Montale\/wp-content\/uploads\/2019\/03\/logo-sito.jpg","type":"","width":"","height":""}],"twitter_misc":{"Tempo di lettura stimato":"1 minuto"},"schema":{"@context":"https:\/\/schema.org","@graph":[{"@type":"WebPage","@id":"https:\/\/www.noidiqua.it\/Montale\/montale-2\/la-storia\/","url":"https:\/\/www.noidiqua.it\/Montale\/montale-2\/la-storia\/","name":"La Storia - Noi di Qua Testata giornalistica e di attualit\u00e0 di Agliana, Montale e Quarrata.","isPartOf":{"@id":"https:\/\/www.noidiqua.it\/Montale\/#website"},"datePublished":"2011-07-08T19:11:20+00:00","dateModified":"2024-01-22T16:21:07+00:00","breadcrumb":{"@id":"https:\/\/www.noidiqua.it\/Montale\/montale-2\/la-storia\/#breadcrumb"},"inLanguage":"it-IT","potentialAction":[{"@type":"ReadAction","target":["https:\/\/www.noidiqua.it\/Montale\/montale-2\/la-storia\/"]}]},{"@type":"BreadcrumbList","@id":"https:\/\/www.noidiqua.it\/Montale\/montale-2\/la-storia\/#breadcrumb","itemListElement":[{"@type":"ListItem","position":1,"name":"Home","item":"https:\/\/www.noidiqua.it\/Montale\/"},{"@type":"ListItem","position":2,"name":"Montale","item":"https:\/\/www.noidiqua.it\/Montale\/montale-2\/"},{"@type":"ListItem","position":3,"name":"La Storia"}]},{"@type":"WebSite","@id":"https:\/\/www.noidiqua.it\/Montale\/#website","url":"https:\/\/www.noidiqua.it\/Montale\/","name":"Noi di Qua Testata giornalistica e di attualit\u00e0 di Agliana, Montale e Quarrata.","description":"Testata Giornalistica Quarrata Montale Agliana","potentialAction":[{"@type":"SearchAction","target":{"@type":"EntryPoint","urlTemplate":"https:\/\/www.noidiqua.it\/Montale\/?s={search_term_string}"},"query-input":{"@type":"PropertyValueSpecification","valueRequired":true,"valueName":"search_term_string"}}],"inLanguage":"it-IT"}]}},"_links":{"self":[{"href":"https:\/\/www.noidiqua.it\/Montale\/wp-json\/wp\/v2\/pages\/105","targetHints":{"allow":["GET"]}}],"collection":[{"href":"https:\/\/www.noidiqua.it\/Montale\/wp-json\/wp\/v2\/pages"}],"about":[{"href":"https:\/\/www.noidiqua.it\/Montale\/wp-json\/wp\/v2\/types\/page"}],"author":[{"embeddable":true,"href":"https:\/\/www.noidiqua.it\/Montale\/wp-json\/wp\/v2\/users\/2"}],"replies":[{"embeddable":true,"href":"https:\/\/www.noidiqua.it\/Montale\/wp-json\/wp\/v2\/comments?post=105"}],"version-history":[{"count":1,"href":"https:\/\/www.noidiqua.it\/Montale\/wp-json\/wp\/v2\/pages\/105\/revisions"}],"predecessor-version":[{"id":8569,"href":"https:\/\/www.noidiqua.it\/Montale\/wp-json\/wp\/v2\/pages\/105\/revisions\/8569"}],"up":[{"embeddable":true,"href":"https:\/\/www.noidiqua.it\/Montale\/wp-json\/wp\/v2\/pages\/12"}],"wp:attachment":[{"href":"https:\/\/www.noidiqua.it\/Montale\/wp-json\/wp\/v2\/media?parent=105"}],"curies":[{"name":"wp","href":"https:\/\/api.w.org\/{rel}","templated":true}]}}