{"id":117,"date":"2011-07-08T19:15:58","date_gmt":"2011-07-08T19:15:58","guid":{"rendered":"http:\/\/192.168.1.2\/Utility-Liberty\/CMS\/?page_id=117"},"modified":"2017-04-05T10:47:19","modified_gmt":"2017-04-05T08:47:19","slug":"notizie-dal-passato","status":"publish","type":"page","link":"https:\/\/www.noidiqua.it\/Montale\/montale-2\/notizie-dal-passato\/","title":{"rendered":"Notizie dal passato"},"content":{"rendered":"<div class=\"widget widget_latest_posts\"><h3 class=\"widgettitle\">Notizie dal passato<\/h3>\t\t    <div class=\"latest_posts\">\n\t\t\t<ul class=\"small-thumb\">\n\t\t\t\t<li>\n<div class=\"small-custom-frame-wrapper alignleft frame-shadow\"><div class=\"custom-frame-inner-wrapper\"><div class=\"custom-frame-padding\"><a href=\"https:\/\/www.noidiqua.it\/Montale\/mario-durante-lantico-mestiere-del-chincagliere-e-la-comunita-abruzzese-di-qua\/\" title=\"Mario Durante &#8211; l&#8217;antico mestiere del Chincagliere e la comunit\u00e0 abruzzese di qua\"><img loading=\"lazy\" decoding=\"async\" src=\"https:\/\/www.noidiqua.it\/Montale\/wp-content\/uploads\/2025\/10\/Durante-1-160x120_c.png\" width=\"160\" height=\"120\" alt=\"Mario Durante - l&#039;antico mestiere del Chincagliere e la comunit\u00e0 abruzzese di qua\" \/><\/a><\/div><\/div><\/div>\t\t\t\t    <a class=\"teaser-title\" title=\"Mario Durante &#8211; l&#8217;antico mestiere del Chincagliere e la comunit\u00e0 abruzzese di qua\" href=\"https:\/\/www.noidiqua.it\/Montale\/mario-durante-lantico-mestiere-del-chincagliere-e-la-comunita-abruzzese-di-qua\/\">Mario Durante &#8211; l&#8217;antico mestiere del Chincagliere e la comunit\u00e0 abruzzese di qua<\/a>\n\t\t\t\t    <div class=\"teaser-content\">di David Colzi settembre 2025 Ogni foto, si sa, narra una storia, ma ci sono alcuni scatti che raccontano pi\u00f9 di altri, perch\u00e9 escono dal contesto intimo della famiglia e diventano patrimonio della collettivit\u00e0. E&#8217; il caso dell&#8217;immagine stropicciata in questo articolo, appartenente alla famiglia Zippi, che raffigura un gruppetto di uomini e ragazzi....<\/div>\n                                            <a title=\"Mario Durante &#8211; l&#8217;antico mestiere del Chincagliere e la comunit\u00e0 abruzzese di qua\" href=\"https:\/\/www.noidiqua.it\/Montale\/mario-durante-lantico-mestiere-del-chincagliere-e-la-comunita-abruzzese-di-qua\/\" class=\"read-more-align-right\"><span>Leggi tutto<\/span> &rarr;<\/a>\n\t\t\t\t    <div class=\"clear\"><\/div>\n\t\t\t\t<\/li>\n\t\t\t\t<li>\n<div class=\"small-custom-frame-wrapper alignleft frame-shadow\"><div class=\"custom-frame-inner-wrapper\"><div class=\"custom-frame-padding\"><a href=\"https:\/\/www.noidiqua.it\/Montale\/lorenzo-desideri-il-bravo-di-montale\/\" title=\"Lorenzo Desideri &#8211; il \u201cbravo\u201d di Montale\"><img loading=\"lazy\" decoding=\"async\" src=\"https:\/\/www.noidiqua.it\/Montale\/wp-content\/uploads\/2025\/10\/Vizzano-160x120_c.png\" width=\"160\" height=\"120\" alt=\"Lorenzo Desideri - il \u201cbravo\u201d di Montale\" \/><\/a><\/div><\/div><\/div>\t\t\t\t    <a class=\"teaser-title\" title=\"Lorenzo Desideri &#8211; il \u201cbravo\u201d di Montale\" href=\"https:\/\/www.noidiqua.it\/Montale\/lorenzo-desideri-il-bravo-di-montale\/\">Lorenzo Desideri &#8211; il \u201cbravo\u201d di Montale<\/a>\n\t\t\t\t    <div class=\"teaser-content\">di Andrea Bolognesi settembre 2025 Circa un secolo fa, chi fosse passato da via Garibaldi, che allora si chiamava Strada dei Cancelli, giunto all\u2019altezza di Villa Smilea, ai lati del portone d\u2019ingresso avrebbe visto \u201ca mo\u201d di sentinelle e armate d\u2019archibugio e di spada a tracolla, due figure di pietra al naturale e colorate...<\/div>\n                                            <a title=\"Lorenzo Desideri &#8211; il \u201cbravo\u201d di Montale\" href=\"https:\/\/www.noidiqua.it\/Montale\/lorenzo-desideri-il-bravo-di-montale\/\" class=\"read-more-align-right\"><span>Leggi tutto<\/span> &rarr;<\/a>\n\t\t\t\t    <div class=\"clear\"><\/div>\n\t\t\t\t<\/li>\n\t\t\t\t<li>\n<div class=\"small-custom-frame-wrapper alignleft frame-shadow\"><div class=\"custom-frame-inner-wrapper\"><div class=\"custom-frame-padding\"><a href=\"https:\/\/www.noidiqua.it\/Montale\/le-antiche-strade-di-montale-e-agliana-in-una-nuova-pubblicazione\/\" title=\"Le antiche strade di Montale e Agliana in una nuova pubblicazione\"><img loading=\"lazy\" decoding=\"async\" src=\"https:\/\/www.noidiqua.it\/Montale\/wp-content\/uploads\/2025\/07\/Campioni-di-strade-1-160x120_c.png\" width=\"160\" height=\"120\" alt=\"Le antiche strade di Montale e Agliana in una nuova pubblicazione\" \/><\/a><\/div><\/div><\/div>\t\t\t\t    <a class=\"teaser-title\" title=\"Le antiche strade di Montale e Agliana in una nuova pubblicazione\" href=\"https:\/\/www.noidiqua.it\/Montale\/le-antiche-strade-di-montale-e-agliana-in-una-nuova-pubblicazione\/\">Le antiche strade di Montale e Agliana in una nuova pubblicazione<\/a>\n\t\t\t\t    <div class=\"teaser-content\">di David Colzi. Ph:\u00a0Riccardo Logli giugno 2025 \u201cCampioni di Strade della Comunit\u00e0 del Montale \u2013 1826\u201d \u00e8 un libro molto interessante uscito da poco e presentato a Villa Smilea lo scorso maggio. A scriverlo sono stati lo storico montalese\u00a0Andrea Bolognesi\u00a0e la professoressa\u00a0Siria Panichi, laureata in archeologia medievale. Il volume \u00e8 stato realizzato grazie all\u2019Auser...<\/div>\n                                            <a title=\"Le antiche strade di Montale e Agliana in una nuova pubblicazione\" href=\"https:\/\/www.noidiqua.it\/Montale\/le-antiche-strade-di-montale-e-agliana-in-una-nuova-pubblicazione\/\" class=\"read-more-align-right\"><span>Leggi tutto<\/span> &rarr;<\/a>\n\t\t\t\t    <div class=\"clear\"><\/div>\n\t\t\t\t<\/li>\n\t\t\t\t<li>\n<div class=\"small-custom-frame-wrapper alignleft frame-shadow\"><div class=\"custom-frame-inner-wrapper\"><div class=\"custom-frame-padding\"><a href=\"https:\/\/www.noidiqua.it\/Montale\/don-arturo-attucci-fra-fede-e-impegno-sociale\/\" title=\"Don Arturo Attucci &#8211; fra fede e impegno sociale\"><img loading=\"lazy\" decoding=\"async\" src=\"https:\/\/www.noidiqua.it\/Montale\/wp-content\/uploads\/2025\/04\/attucci-1-160x120_c.png\" width=\"160\" height=\"120\" alt=\"Don Arturo Attucci - fra fede e impegno sociale\" \/><\/a><\/div><\/div><\/div>\t\t\t\t    <a class=\"teaser-title\" title=\"Don Arturo Attucci &#8211; fra fede e impegno sociale\" href=\"https:\/\/www.noidiqua.it\/Montale\/don-arturo-attucci-fra-fede-e-impegno-sociale\/\">Don Arturo Attucci &#8211; fra fede e impegno sociale<\/a>\n\t\t\t\t    <div class=\"teaser-content\">di Andrea Bolognesi marzo 2025 Nacque a Tizzana da Giuseppe e Maria Innocenti il 2 ottobre 1873. Studi\u00f2 nel seminario di Pistoia e fece parte di quella schiera di preti pistoiesi che nella prima parte del secolo scorso stabilirono un nuovo rapporto tra clero e popolo. Il 27 agosto 1902 fu nominato economo spirituale...<\/div>\n                                            <a title=\"Don Arturo Attucci &#8211; fra fede e impegno sociale\" href=\"https:\/\/www.noidiqua.it\/Montale\/don-arturo-attucci-fra-fede-e-impegno-sociale\/\" class=\"read-more-align-right\"><span>Leggi tutto<\/span> &rarr;<\/a>\n\t\t\t\t    <div class=\"clear\"><\/div>\n\t\t\t\t<\/li>\n\t\t\t\t<li>\n<div class=\"small-custom-frame-wrapper alignleft frame-shadow\"><div class=\"custom-frame-inner-wrapper\"><div class=\"custom-frame-padding\"><a href=\"https:\/\/www.noidiqua.it\/Montale\/lantico-corso-del-torrente-agna-a-cura-di-marco-giunti\/\" title=\"L&#8217;antico corso del torrente Agna &#8211; a cura di Marco Giunti\"><img loading=\"lazy\" decoding=\"async\" src=\"https:\/\/www.noidiqua.it\/Montale\/wp-content\/uploads\/2024\/10\/foto-fiumi-160x120_c.png\" width=\"160\" height=\"120\" alt=\"L&#039;antico corso del torrente Agna - a cura di Marco Giunti\" \/><\/a><\/div><\/div><\/div>\t\t\t\t    <a class=\"teaser-title\" title=\"L&#8217;antico corso del torrente Agna &#8211; a cura di Marco Giunti\" href=\"https:\/\/www.noidiqua.it\/Montale\/lantico-corso-del-torrente-agna-a-cura-di-marco-giunti\/\">L&#8217;antico corso del torrente Agna &#8211; a cura di Marco Giunti<\/a>\n\t\t\t\t    <div class=\"teaser-content\">di Redazione. Foto: Riccardo Logli settembre 2024 A quasi un anno dalla rottura dell\u2019argine dell\u2019Agna, che tanti danni ha fatto il 2 novembre 2023, pubblichiamo un estratto di un interessante studio condotto da Marco Giunti, ex sindaco di Agliana e studioso di storia locale, che ricostruisce la vicenda dello spostamento del corso del torrente....<\/div>\n                                            <a title=\"L&#8217;antico corso del torrente Agna &#8211; a cura di Marco Giunti\" href=\"https:\/\/www.noidiqua.it\/Montale\/lantico-corso-del-torrente-agna-a-cura-di-marco-giunti\/\" class=\"read-more-align-right\"><span>Leggi tutto<\/span> &rarr;<\/a>\n\t\t\t\t    <div class=\"clear\"><\/div>\n\t\t\t\t<\/li>\n\t\t\t\t<li>\n<div class=\"small-custom-frame-wrapper alignleft frame-shadow\"><div class=\"custom-frame-inner-wrapper\"><div class=\"custom-frame-padding\"><a href=\"https:\/\/www.noidiqua.it\/Montale\/cera-una-volta-un-piccolo-teatro-e-forse-una-piccola-chiesa\/\" title=\"C&#8217;era una volta un piccolo teatro (e forse una piccola chiesa)\"><img loading=\"lazy\" decoding=\"async\" src=\"https:\/\/www.noidiqua.it\/Montale\/wp-content\/uploads\/2024\/07\/teatro_3-160x120_c.png\" width=\"160\" height=\"120\" alt=\"C&#039;era una volta un piccolo teatro (e forse una piccola chiesa)\" \/><\/a><\/div><\/div><\/div>\t\t\t\t    <a class=\"teaser-title\" title=\"C&#8217;era una volta un piccolo teatro (e forse una piccola chiesa)\" href=\"https:\/\/www.noidiqua.it\/Montale\/cera-una-volta-un-piccolo-teatro-e-forse-una-piccola-chiesa\/\">C&#8217;era una volta un piccolo teatro (e forse una piccola chiesa)<\/a>\n\t\t\t\t    <div class=\"teaser-content\">di David Colzi. Foto: Bruno Tempestini giugno 2024 Questo titolo potrebbe far pensare ad una delle \u201cFavole al telefono\u201d di Gianni Rodari, ma qui purtroppo non siamo nel mondo della fantasia, dell&#8217;incanto, bens\u00ec ci ritroviamo ancora una volta a calpestare il sentiero, troppe volte battuto in questi anni da Noidiqua, dei monumenti perduti della...<\/div>\n                                            <a title=\"C&#8217;era una volta un piccolo teatro (e forse una piccola chiesa)\" href=\"https:\/\/www.noidiqua.it\/Montale\/cera-una-volta-un-piccolo-teatro-e-forse-una-piccola-chiesa\/\" class=\"read-more-align-right\"><span>Leggi tutto<\/span> &rarr;<\/a>\n\t\t\t\t    <div class=\"clear\"><\/div>\n\t\t\t\t<\/li>\n\t\t\t\t<li>\n<div class=\"small-custom-frame-wrapper alignleft frame-shadow\"><div class=\"custom-frame-inner-wrapper\"><div class=\"custom-frame-padding\"><a href=\"https:\/\/www.noidiqua.it\/Montale\/il-corso-dellagna-nella-storia\/\" title=\"il corso dell&#8217;Agna nella storia\"><img loading=\"lazy\" decoding=\"async\" src=\"https:\/\/www.noidiqua.it\/Montale\/wp-content\/uploads\/2023\/12\/agna-pianta-storica-160x120_c.png\" width=\"160\" height=\"120\" alt=\"il corso dell&#039;Agna nella storia\" \/><\/a><\/div><\/div><\/div>\t\t\t\t    <a class=\"teaser-title\" title=\"il corso dell&#8217;Agna nella storia\" href=\"https:\/\/www.noidiqua.it\/Montale\/il-corso-dellagna-nella-storia\/\">il corso dell&#8217;Agna nella storia<\/a>\n\t\t\t\t    <div class=\"teaser-content\">di Giacomo Bini settembre 2023 Il corso dell\u2019Agna non \u00e8 sempre stato quello attuale, anzi ha subito una profonda modificazione nel medioevo contemporaneamente alla gigantesca alterazione del corso dei fiumi attuata intorno a Pistoia tra i secoli XII e XIII, cio\u00e8 otto secoli fa. Il cambiamento riguard\u00f2 la formazione di quella curva, all\u2019altezza circa...<\/div>\n                                            <a title=\"il corso dell&#8217;Agna nella storia\" href=\"https:\/\/www.noidiqua.it\/Montale\/il-corso-dellagna-nella-storia\/\" class=\"read-more-align-right\"><span>Leggi tutto<\/span> &rarr;<\/a>\n\t\t\t\t    <div class=\"clear\"><\/div>\n\t\t\t\t<\/li>\n\t\t\t\t<li>\n<div class=\"small-custom-frame-wrapper alignleft frame-shadow\"><div class=\"custom-frame-inner-wrapper\"><div class=\"custom-frame-padding\"><a href=\"https:\/\/www.noidiqua.it\/Montale\/lorenzo-nesi-vita-e-opere-di-un-montalese-illustre\/\" title=\"Lorenzo Nesi &#8211; vita e opere di un montalese illustre\"><img loading=\"lazy\" decoding=\"async\" src=\"https:\/\/www.noidiqua.it\/Montale\/wp-content\/uploads\/2022\/12\/abate-nesi-160x120_c.png\" width=\"160\" height=\"120\" alt=\"Lorenzo Nesi - vita e opere di un montalese illustre\" \/><\/a><\/div><\/div><\/div>\t\t\t\t    <a class=\"teaser-title\" title=\"Lorenzo Nesi &#8211; vita e opere di un montalese illustre\" href=\"https:\/\/www.noidiqua.it\/Montale\/lorenzo-nesi-vita-e-opere-di-un-montalese-illustre\/\">Lorenzo Nesi &#8211; vita e opere di un montalese illustre<\/a>\n\t\t\t\t    <div class=\"teaser-content\">di Giacomo Bini dicembre 2022 Alcuni punti fermi sulla vita e sulle opere dell\u2019abate Lorenzo Nesi, una delle personalit\u00e0 eminenti della cultura nazionale provenienti dal territorio di Montale e in particolare da Tobbiana, si devono alle pi\u00f9 recenti ricerche di Andrea Bolognesi, uno studioso a cui molto deve la nostra comunit\u00e0 per i suoi...<\/div>\n                                            <a title=\"Lorenzo Nesi &#8211; vita e opere di un montalese illustre\" href=\"https:\/\/www.noidiqua.it\/Montale\/lorenzo-nesi-vita-e-opere-di-un-montalese-illustre\/\" class=\"read-more-align-right\"><span>Leggi tutto<\/span> &rarr;<\/a>\n\t\t\t\t    <div class=\"clear\"><\/div>\n\t\t\t\t<\/li>\n\t\t\t\t<li>\n<div class=\"small-custom-frame-wrapper alignleft frame-shadow\"><div class=\"custom-frame-inner-wrapper\"><div class=\"custom-frame-padding\"><a href=\"https:\/\/www.noidiqua.it\/Montale\/lo-squadrismo-nel-pistoiese\/\" title=\"Lo squadrismo nel pistoiese\"><img loading=\"lazy\" decoding=\"async\" src=\"https:\/\/www.noidiqua.it\/Montale\/wp-content\/uploads\/2022\/12\/squadrismo-1-160x120_c.png\" width=\"160\" height=\"120\" alt=\"Lo squadrismo nel pistoiese\" \/><\/a><\/div><\/div><\/div>\t\t\t\t    <a class=\"teaser-title\" title=\"Lo squadrismo nel pistoiese\" href=\"https:\/\/www.noidiqua.it\/Montale\/lo-squadrismo-nel-pistoiese\/\">Lo squadrismo nel pistoiese<\/a>\n\t\t\t\t    <div class=\"teaser-content\">di David Colzi dicembre 2022 Il 28 ottobre l\u2019Italia ha ricordato uno degli eventi cardine della storia del \u2018900 europeo, ovvero i cento anni dalla\u00a0marcia su Roma. Noi in questo spazio non vogliamo parlare dell\u2019evento in s\u00e9, ma di quello che c\u2019\u00e8 stato prima e subito dopo, quindi del fenomeno dello squadrismo nel cosiddetto...<\/div>\n                                            <a title=\"Lo squadrismo nel pistoiese\" href=\"https:\/\/www.noidiqua.it\/Montale\/lo-squadrismo-nel-pistoiese\/\" class=\"read-more-align-right\"><span>Leggi tutto<\/span> &rarr;<\/a>\n\t\t\t\t    <div class=\"clear\"><\/div>\n\t\t\t\t<\/li>\n\t\t\t\t<li>\n<div class=\"small-custom-frame-wrapper alignleft frame-shadow\"><div class=\"custom-frame-inner-wrapper\"><div class=\"custom-frame-padding\"><a href=\"https:\/\/www.noidiqua.it\/Montale\/la-rappresaglia-di-striglianella\/\" title=\"La rappresaglia di Striglianella\"><img loading=\"lazy\" decoding=\"async\" src=\"https:\/\/www.noidiqua.it\/Montale\/wp-content\/uploads\/2022\/07\/foto-gente-striglianella-160x120_c.png\" width=\"160\" height=\"120\" alt=\"La rappresaglia di Striglianella\" \/><\/a><\/div><\/div><\/div>\t\t\t\t    <a class=\"teaser-title\" title=\"La rappresaglia di Striglianella\" href=\"https:\/\/www.noidiqua.it\/Montale\/la-rappresaglia-di-striglianella\/\">La rappresaglia di Striglianella<\/a>\n\t\t\t\t    <div class=\"teaser-content\">di David Colzi. Consulenza storica: Andrea Bolognesi. giugno 2022 La rappresaglia di Striglianella \u00e8 un episodio efferato avvenuto durante la seconda guerra mondiale, il 4 agosto del 1944, la cui vicenda \u00e8 gi\u00e0 stata oggetto di pubblicazioni; noi lo riproponiamo grazie ad una testimonianza inedita, quella del signor Giampiero Torracchi, che all\u2019epoca aveva sette...<\/div>\n                                            <a title=\"La rappresaglia di Striglianella\" href=\"https:\/\/www.noidiqua.it\/Montale\/la-rappresaglia-di-striglianella\/\" class=\"read-more-align-right\"><span>Leggi tutto<\/span> &rarr;<\/a>\n\t\t\t\t    <div class=\"clear\"><\/div>\n\t\t\t\t<\/li>\n\t\t\t<\/ul>\n\t\t    <\/div><!-- end widget_recent_posts -->\n<\/div>\n<a class=\"flat-custom-button align-btn-left\" href=\"https:\/\/www.noidiqua.it\/Montale\/category\/mt\/notizie-dal-passato\/\" title=\"Mostra tutti gli articoli di questa sezione\"><span style=\"padding:10px 20px; background-color:#ed162d; border:1px solid #ed162d; color:#FFFFFF; font-size:14px;\">Mostra tutti gli articoli precedenti<\/span><\/a>","protected":false},"excerpt":{"rendered":"","protected":false},"author":2,"featured_media":0,"parent":12,"menu_order":0,"comment_status":"open","ping_status":"closed","template":"","meta":{"footnotes":""},"class_list":["post-117","page","type-page","status-publish","hentry"],"yoast_head":"<!-- This site is optimized with the Yoast SEO plugin v25.5 - https:\/\/yoast.com\/wordpress\/plugins\/seo\/ -->\n<title>Notizie dal passato - Noi di Qua Testata giornalistica e di attualit\u00e0 di Agliana, Montale e Quarrata.<\/title>\n<meta name=\"robots\" content=\"index, follow, max-snippet:-1, max-image-preview:large, max-video-preview:-1\" \/>\n<link rel=\"canonical\" href=\"https:\/\/www.noidiqua.it\/Montale\/montale-2\/notizie-dal-passato\/\" \/>\n<meta property=\"og:locale\" content=\"it_IT\" \/>\n<meta property=\"og:type\" content=\"article\" \/>\n<meta property=\"og:title\" content=\"Notizie dal passato - Noi di Qua Testata giornalistica e di attualit\u00e0 di Agliana, Montale e Quarrata.\" \/>\n<meta property=\"og:url\" content=\"https:\/\/www.noidiqua.it\/Montale\/montale-2\/notizie-dal-passato\/\" \/>\n<meta property=\"og:site_name\" content=\"Noi di Qua Testata giornalistica e di attualit\u00e0 di Agliana, Montale e Quarrata.\" \/>\n<meta property=\"article:publisher\" content=\"https:\/\/www.facebook.com\/noidiqua.trimestrale\/\" \/>\n<meta property=\"article:modified_time\" content=\"2017-04-05T08:47:19+00:00\" \/>\n<meta property=\"og:image\" content=\"https:\/\/www.noidiqua.it\/Montale\/wp-content\/uploads\/2019\/03\/logo-sito.jpg\" \/>\n<script type=\"application\/ld+json\" class=\"yoast-schema-graph\">{\"@context\":\"https:\/\/schema.org\",\"@graph\":[{\"@type\":\"WebPage\",\"@id\":\"https:\/\/www.noidiqua.it\/Montale\/montale-2\/notizie-dal-passato\/\",\"url\":\"https:\/\/www.noidiqua.it\/Montale\/montale-2\/notizie-dal-passato\/\",\"name\":\"Notizie dal passato - Noi di Qua Testata giornalistica e di attualit\u00e0 di Agliana, Montale e Quarrata.\",\"isPartOf\":{\"@id\":\"https:\/\/www.noidiqua.it\/Montale\/#website\"},\"datePublished\":\"2011-07-08T19:15:58+00:00\",\"dateModified\":\"2017-04-05T08:47:19+00:00\",\"breadcrumb\":{\"@id\":\"https:\/\/www.noidiqua.it\/Montale\/montale-2\/notizie-dal-passato\/#breadcrumb\"},\"inLanguage\":\"it-IT\",\"potentialAction\":[{\"@type\":\"ReadAction\",\"target\":[\"https:\/\/www.noidiqua.it\/Montale\/montale-2\/notizie-dal-passato\/\"]}]},{\"@type\":\"BreadcrumbList\",\"@id\":\"https:\/\/www.noidiqua.it\/Montale\/montale-2\/notizie-dal-passato\/#breadcrumb\",\"itemListElement\":[{\"@type\":\"ListItem\",\"position\":1,\"name\":\"Home\",\"item\":\"https:\/\/www.noidiqua.it\/Montale\/\"},{\"@type\":\"ListItem\",\"position\":2,\"name\":\"Montale\",\"item\":\"https:\/\/www.noidiqua.it\/Montale\/montale-2\/\"},{\"@type\":\"ListItem\",\"position\":3,\"name\":\"Notizie dal passato\"}]},{\"@type\":\"WebSite\",\"@id\":\"https:\/\/www.noidiqua.it\/Montale\/#website\",\"url\":\"https:\/\/www.noidiqua.it\/Montale\/\",\"name\":\"Noi di Qua Testata giornalistica e di attualit\u00e0 di Agliana, Montale e Quarrata.\",\"description\":\"Testata Giornalistica Quarrata Montale Agliana\",\"potentialAction\":[{\"@type\":\"SearchAction\",\"target\":{\"@type\":\"EntryPoint\",\"urlTemplate\":\"https:\/\/www.noidiqua.it\/Montale\/?s={search_term_string}\"},\"query-input\":{\"@type\":\"PropertyValueSpecification\",\"valueRequired\":true,\"valueName\":\"search_term_string\"}}],\"inLanguage\":\"it-IT\"}]}<\/script>\n<!-- \/ Yoast SEO plugin. -->","yoast_head_json":{"title":"Notizie dal passato - Noi di Qua Testata giornalistica e di attualit\u00e0 di Agliana, Montale e Quarrata.","robots":{"index":"index","follow":"follow","max-snippet":"max-snippet:-1","max-image-preview":"max-image-preview:large","max-video-preview":"max-video-preview:-1"},"canonical":"https:\/\/www.noidiqua.it\/Montale\/montale-2\/notizie-dal-passato\/","og_locale":"it_IT","og_type":"article","og_title":"Notizie dal passato - Noi di Qua Testata giornalistica e di attualit\u00e0 di Agliana, Montale e Quarrata.","og_url":"https:\/\/www.noidiqua.it\/Montale\/montale-2\/notizie-dal-passato\/","og_site_name":"Noi di Qua Testata giornalistica e di attualit\u00e0 di Agliana, Montale e Quarrata.","article_publisher":"https:\/\/www.facebook.com\/noidiqua.trimestrale\/","article_modified_time":"2017-04-05T08:47:19+00:00","og_image":[{"url":"https:\/\/www.noidiqua.it\/Montale\/wp-content\/uploads\/2019\/03\/logo-sito.jpg","type":"","width":"","height":""}],"schema":{"@context":"https:\/\/schema.org","@graph":[{"@type":"WebPage","@id":"https:\/\/www.noidiqua.it\/Montale\/montale-2\/notizie-dal-passato\/","url":"https:\/\/www.noidiqua.it\/Montale\/montale-2\/notizie-dal-passato\/","name":"Notizie dal passato - Noi di Qua Testata giornalistica e di attualit\u00e0 di Agliana, Montale e Quarrata.","isPartOf":{"@id":"https:\/\/www.noidiqua.it\/Montale\/#website"},"datePublished":"2011-07-08T19:15:58+00:00","dateModified":"2017-04-05T08:47:19+00:00","breadcrumb":{"@id":"https:\/\/www.noidiqua.it\/Montale\/montale-2\/notizie-dal-passato\/#breadcrumb"},"inLanguage":"it-IT","potentialAction":[{"@type":"ReadAction","target":["https:\/\/www.noidiqua.it\/Montale\/montale-2\/notizie-dal-passato\/"]}]},{"@type":"BreadcrumbList","@id":"https:\/\/www.noidiqua.it\/Montale\/montale-2\/notizie-dal-passato\/#breadcrumb","itemListElement":[{"@type":"ListItem","position":1,"name":"Home","item":"https:\/\/www.noidiqua.it\/Montale\/"},{"@type":"ListItem","position":2,"name":"Montale","item":"https:\/\/www.noidiqua.it\/Montale\/montale-2\/"},{"@type":"ListItem","position":3,"name":"Notizie dal passato"}]},{"@type":"WebSite","@id":"https:\/\/www.noidiqua.it\/Montale\/#website","url":"https:\/\/www.noidiqua.it\/Montale\/","name":"Noi di Qua Testata giornalistica e di attualit\u00e0 di Agliana, Montale e Quarrata.","description":"Testata Giornalistica Quarrata Montale Agliana","potentialAction":[{"@type":"SearchAction","target":{"@type":"EntryPoint","urlTemplate":"https:\/\/www.noidiqua.it\/Montale\/?s={search_term_string}"},"query-input":{"@type":"PropertyValueSpecification","valueRequired":true,"valueName":"search_term_string"}}],"inLanguage":"it-IT"}]}},"_links":{"self":[{"href":"https:\/\/www.noidiqua.it\/Montale\/wp-json\/wp\/v2\/pages\/117","targetHints":{"allow":["GET"]}}],"collection":[{"href":"https:\/\/www.noidiqua.it\/Montale\/wp-json\/wp\/v2\/pages"}],"about":[{"href":"https:\/\/www.noidiqua.it\/Montale\/wp-json\/wp\/v2\/types\/page"}],"author":[{"embeddable":true,"href":"https:\/\/www.noidiqua.it\/Montale\/wp-json\/wp\/v2\/users\/2"}],"replies":[{"embeddable":true,"href":"https:\/\/www.noidiqua.it\/Montale\/wp-json\/wp\/v2\/comments?post=117"}],"version-history":[{"count":2,"href":"https:\/\/www.noidiqua.it\/Montale\/wp-json\/wp\/v2\/pages\/117\/revisions"}],"predecessor-version":[{"id":4581,"href":"https:\/\/www.noidiqua.it\/Montale\/wp-json\/wp\/v2\/pages\/117\/revisions\/4581"}],"up":[{"embeddable":true,"href":"https:\/\/www.noidiqua.it\/Montale\/wp-json\/wp\/v2\/pages\/12"}],"wp:attachment":[{"href":"https:\/\/www.noidiqua.it\/Montale\/wp-json\/wp\/v2\/media?parent=117"}],"curies":[{"name":"wp","href":"https:\/\/api.w.org\/{rel}","templated":true}]}}