{"id":243,"date":"2011-07-11T16:15:25","date_gmt":"2011-07-11T16:15:25","guid":{"rendered":"http:\/\/192.168.1.2\/Utility-Liberty\/CMS\/noidiqua\/?page_id=243"},"modified":"2014-08-19T18:16:00","modified_gmt":"2014-08-19T16:16:00","slug":"territorio","status":"publish","type":"page","link":"https:\/\/www.noidiqua.it\/Montale\/montale-2\/territorio\/","title":{"rendered":"Territorio"},"content":{"rendered":"<div class=\"widget widget_latest_posts\"><h3 class=\"widgettitle\">Territorio<\/h3>\t\t    <div class=\"latest_posts\">\n\t\t\t<ul class=\"small-thumb\">\n\t\t\t\t<li>\n<div class=\"small-custom-frame-wrapper alignleft frame-shadow\"><div class=\"custom-frame-inner-wrapper\"><div class=\"custom-frame-padding\"><a href=\"https:\/\/www.noidiqua.it\/Montale\/ancora-disagi-alla-viabilita-verso-pontenuovo\/\" title=\"Ancora disagi alla viabilit\u00e0 verso Pontenuovo\"><img loading=\"lazy\" decoding=\"async\" src=\"https:\/\/www.noidiqua.it\/Montale\/wp-content\/uploads\/2025\/07\/ponte-pontenuovo_-160x120_c.png\" width=\"160\" height=\"120\" alt=\"Ancora disagi alla viabilit\u00e0 verso Pontenuovo\" \/><\/a><\/div><\/div><\/div>\t\t\t\t    <a class=\"teaser-title\" title=\"Ancora disagi alla viabilit\u00e0 verso Pontenuovo\" href=\"https:\/\/www.noidiqua.it\/Montale\/ancora-disagi-alla-viabilita-verso-pontenuovo\/\">Ancora disagi alla viabilit\u00e0 verso Pontenuovo<\/a>\n\t\t\t\t    <div class=\"teaser-content\">di Giacomo Bini giugno 2025 La chiusura del ponte sulla Bure a Pontenuovo,\u00a0 per i lavori di consolidamento della struttura, \u00e8 durata otto mesi, dal 23 ottobre del 2024 alla notte tra sabato 14 e domenica 15 giugno, quando il ponte \u00e8 stato riaperto anche se solo a senso unico alternato regolato da semaforo...<\/div>\n                                            <a title=\"Ancora disagi alla viabilit\u00e0 verso Pontenuovo\" href=\"https:\/\/www.noidiqua.it\/Montale\/ancora-disagi-alla-viabilita-verso-pontenuovo\/\" class=\"read-more-align-right\"><span>Leggi tutto<\/span> &rarr;<\/a>\n\t\t\t\t    <div class=\"clear\"><\/div>\n\t\t\t\t<\/li>\n\t\t\t\t<li>\n<div class=\"small-custom-frame-wrapper alignleft frame-shadow\"><div class=\"custom-frame-inner-wrapper\"><div class=\"custom-frame-padding\"><a href=\"https:\/\/www.noidiqua.it\/Montale\/ricostruito-il-ponticino-di-striglianella-grazie-agli-alpini\/\" title=\"Ricostruito il ponticino di Striglianella grazie agli Alpini\"><img loading=\"lazy\" decoding=\"async\" src=\"https:\/\/www.noidiqua.it\/Montale\/wp-content\/uploads\/2025\/07\/ponticino-2-160x120_c.png\" width=\"160\" height=\"120\" alt=\"Ricostruito il ponticino di Striglianella grazie agli Alpini\" \/><\/a><\/div><\/div><\/div>\t\t\t\t    <a class=\"teaser-title\" title=\"Ricostruito il ponticino di Striglianella grazie agli Alpini\" href=\"https:\/\/www.noidiqua.it\/Montale\/ricostruito-il-ponticino-di-striglianella-grazie-agli-alpini\/\">Ricostruito il ponticino di Striglianella grazie agli Alpini<\/a>\n\t\t\t\t    <div class=\"teaser-content\">di Marco Bagnoli giugno 2025 Nella localit\u00e0 di Striglianella passa il torrente Agna che scorre verso valle, segnando anche il confine con Montemurlo. Il 2 di novembre del 2023, nel vortice del disastro costato morti, danni e spavento, l\u2019Agna si \u00e8 pure bevuto il piccolo ponticino di legno che ne consentiva l\u2019attraversamento. Come ricorderanno...<\/div>\n                                            <a title=\"Ricostruito il ponticino di Striglianella grazie agli Alpini\" href=\"https:\/\/www.noidiqua.it\/Montale\/ricostruito-il-ponticino-di-striglianella-grazie-agli-alpini\/\" class=\"read-more-align-right\"><span>Leggi tutto<\/span> &rarr;<\/a>\n\t\t\t\t    <div class=\"clear\"><\/div>\n\t\t\t\t<\/li>\n\t\t\t\t<li>\n<div class=\"small-custom-frame-wrapper alignleft frame-shadow\"><div class=\"custom-frame-inner-wrapper\"><div class=\"custom-frame-padding\"><a href=\"https:\/\/www.noidiqua.it\/Montale\/sulle-orme-del-monaco-osnello-fra-storia-e-paesaggio\/\" title=\"Sulle orme del monaco Osnello &#8211; fra storia e paesaggio\"><img loading=\"lazy\" decoding=\"async\" src=\"https:\/\/www.noidiqua.it\/Montale\/wp-content\/uploads\/2024\/12\/Camminata-Osnello-1-160x120_c.png\" width=\"160\" height=\"120\" alt=\"Sulle orme del monaco Osnello - fra storia e paesaggio\" \/><\/a><\/div><\/div><\/div>\t\t\t\t    <a class=\"teaser-title\" title=\"Sulle orme del monaco Osnello &#8211; fra storia e paesaggio\" href=\"https:\/\/www.noidiqua.it\/Montale\/sulle-orme-del-monaco-osnello-fra-storia-e-paesaggio\/\">Sulle orme del monaco Osnello &#8211; fra storia e paesaggio<\/a>\n\t\t\t\t    <div class=\"teaser-content\">di Andrea Bolognesi. Foto: Riccardo Logli dicembre 2024 Nel Medioevo per assicurare assistenza ai pellegrini, sulle strade pi\u00f9 importanti furono fondati numerosi ospedali o ospizi. Quello di Spedalino Asnelli si deve alla politica di assistenza ai viandanti che l\u2019abbazia di San Salvatore in Agna a Montale svolgeva da secoli sulla via Cassia e che...<\/div>\n                                            <a title=\"Sulle orme del monaco Osnello &#8211; fra storia e paesaggio\" href=\"https:\/\/www.noidiqua.it\/Montale\/sulle-orme-del-monaco-osnello-fra-storia-e-paesaggio\/\" class=\"read-more-align-right\"><span>Leggi tutto<\/span> &rarr;<\/a>\n\t\t\t\t    <div class=\"clear\"><\/div>\n\t\t\t\t<\/li>\n\t\t\t\t<li>\n<div class=\"small-custom-frame-wrapper alignleft frame-shadow\"><div class=\"custom-frame-inner-wrapper\"><div class=\"custom-frame-padding\"><a href=\"https:\/\/www.noidiqua.it\/Montale\/lantica-croce-del-santini-riposizionata-grazie-agli-alpini-di-montale\/\" title=\"L&#8217;antica croce del Santini &#8211; riposizionata grazie agli Alpini di Montale\"><img loading=\"lazy\" decoding=\"async\" src=\"https:\/\/www.noidiqua.it\/Montale\/wp-content\/uploads\/2024\/12\/croce-del-santini_-160x120_c.png\" width=\"160\" height=\"120\" alt=\"L&#039;antica croce del Santini - riposizionata grazie agli Alpini di Montale\" \/><\/a><\/div><\/div><\/div>\t\t\t\t    <a class=\"teaser-title\" title=\"L&#8217;antica croce del Santini &#8211; riposizionata grazie agli Alpini di Montale\" href=\"https:\/\/www.noidiqua.it\/Montale\/lantica-croce-del-santini-riposizionata-grazie-agli-alpini-di-montale\/\">L&#8217;antica croce del Santini &#8211; riposizionata grazie agli Alpini di Montale<\/a>\n\t\t\t\t    <div class=\"teaser-content\">di Giacomo Bini dicembre 2024 Il numero di prossima uscita della rivista \u201cLa nostra penna\u201d, il giornale della sezione di Firenze dell\u2019Associazione Nazionale Alpini, ospiter\u00e0 un articolo dedicato al Gruppo Alpini di Montale in cui si dar\u00e0 conto, tra le altre cose, del\u00a0 ripristino dell\u2019antica Croce del Santini compiuto proprio un anno fa dagli...<\/div>\n                                            <a title=\"L&#8217;antica croce del Santini &#8211; riposizionata grazie agli Alpini di Montale\" href=\"https:\/\/www.noidiqua.it\/Montale\/lantica-croce-del-santini-riposizionata-grazie-agli-alpini-di-montale\/\" class=\"read-more-align-right\"><span>Leggi tutto<\/span> &rarr;<\/a>\n\t\t\t\t    <div class=\"clear\"><\/div>\n\t\t\t\t<\/li>\n\t\t\t\t<li>\n<div class=\"small-custom-frame-wrapper alignleft frame-shadow\"><div class=\"custom-frame-inner-wrapper\"><div class=\"custom-frame-padding\"><a href=\"https:\/\/www.noidiqua.it\/Montale\/lantica-strada-dei-longobardi\/\" title=\"L&#8217;antica strada dei Longobardi\"><img loading=\"lazy\" decoding=\"async\" src=\"https:\/\/www.noidiqua.it\/Montale\/wp-content\/uploads\/2024\/07\/badia-160x120_c.png\" width=\"160\" height=\"120\" alt=\"L&#039;antica strada dei Longobardi\" \/><\/a><\/div><\/div><\/div>\t\t\t\t    <a class=\"teaser-title\" title=\"L&#8217;antica strada dei Longobardi\" href=\"https:\/\/www.noidiqua.it\/Montale\/lantica-strada-dei-longobardi\/\">L&#8217;antica strada dei Longobardi<\/a>\n\t\t\t\t    <div class=\"teaser-content\">di Giacomo Bini giugno 2024 Da Montale a Porretta per l\u2019antica strada dei Longobardi attraverso le valli dell\u2019Agna e delle Limentre. Sta per essere inaugurato, nel prossimo settembre, un percorso di cammino di grande fascino, ricco di storia e bellezze paesaggistiche, che viene riscoperto grazie ad un gruppo di associazioni tra le quali l\u2019Auser,...<\/div>\n                                            <a title=\"L&#8217;antica strada dei Longobardi\" href=\"https:\/\/www.noidiqua.it\/Montale\/lantica-strada-dei-longobardi\/\" class=\"read-more-align-right\"><span>Leggi tutto<\/span> &rarr;<\/a>\n\t\t\t\t    <div class=\"clear\"><\/div>\n\t\t\t\t<\/li>\n\t\t\t\t<li>\n<div class=\"small-custom-frame-wrapper alignleft frame-shadow\"><div class=\"custom-frame-inner-wrapper\"><div class=\"custom-frame-padding\"><a href=\"https:\/\/www.noidiqua.it\/Montale\/nuova-sede-consorzio-di-bonifica-valdarno\/\" title=\"Nuova sede Consorzio di Bonifica Valdarno\"><img loading=\"lazy\" decoding=\"async\" src=\"https:\/\/www.noidiqua.it\/Montale\/wp-content\/uploads\/2024\/04\/consorzio-sede-1-160x120_c.png\" width=\"160\" height=\"120\" alt=\"Nuova sede Consorzio di Bonifica Valdarno\" \/><\/a><\/div><\/div><\/div>\t\t\t\t    <a class=\"teaser-title\" title=\"Nuova sede Consorzio di Bonifica Valdarno\" href=\"https:\/\/www.noidiqua.it\/Montale\/nuova-sede-consorzio-di-bonifica-valdarno\/\">Nuova sede Consorzio di Bonifica Valdarno<\/a>\n\t\t\t\t    <div class=\"teaser-content\">di Piera Salvi marzo 2024 Sar\u00e0 ad\u00a0Agliana\u00a0la nuova sede tecnico operativa del\u00a0Consorzio di bonifica 3 Medio Valdarno, per l\u2019area Pistoia-Prato: un investimento di circa due milioni di euro e previsione di completamento entro i prossimi due anni. Si tratter\u00e0 di un edificio ad alta sostenibilit\u00e0, nuovo e funzionale, baricentrico rispetto ai bacini idrografici dell\u2019Ombrone...<\/div>\n                                            <a title=\"Nuova sede Consorzio di Bonifica Valdarno\" href=\"https:\/\/www.noidiqua.it\/Montale\/nuova-sede-consorzio-di-bonifica-valdarno\/\" class=\"read-more-align-right\"><span>Leggi tutto<\/span> &rarr;<\/a>\n\t\t\t\t    <div class=\"clear\"><\/div>\n\t\t\t\t<\/li>\n\t\t\t\t<li>\n<div class=\"small-custom-frame-wrapper alignleft frame-shadow\"><div class=\"custom-frame-inner-wrapper\"><div class=\"custom-frame-padding\"><a href=\"https:\/\/www.noidiqua.it\/Montale\/concluso-il-progetto-arboreo\/\" title=\"Concluso il progetto Arboreo\"><img loading=\"lazy\" decoding=\"async\" src=\"https:\/\/www.noidiqua.it\/Montale\/wp-content\/uploads\/2023\/07\/Arboreo-2-160x120_c.png\" width=\"160\" height=\"120\" alt=\"Concluso il progetto Arboreo\" \/><\/a><\/div><\/div><\/div>\t\t\t\t    <a class=\"teaser-title\" title=\"Concluso il progetto Arboreo\" href=\"https:\/\/www.noidiqua.it\/Montale\/concluso-il-progetto-arboreo\/\">Concluso il progetto Arboreo<\/a>\n\t\t\t\t    <div class=\"teaser-content\">di Daniela Gori giugno 2023 E\u2019 stato portato a termine con successo il\u00a0progetto Arboreo, di cui abbiamo parlato anche\u00a0nei numeri precedenti di Noidiqua. Dopo 18 mesi di attivit\u00e0, eventi e percorsi nel verde dedicati agli studenti delle scuole di Quarrata, Vignole, Agliana, Montale e Pistoia e a tutta la comunit\u00e0, \u00e8 stato raggiunto l\u2019obiettivo...<\/div>\n                                            <a title=\"Concluso il progetto Arboreo\" href=\"https:\/\/www.noidiqua.it\/Montale\/concluso-il-progetto-arboreo\/\" class=\"read-more-align-right\"><span>Leggi tutto<\/span> &rarr;<\/a>\n\t\t\t\t    <div class=\"clear\"><\/div>\n\t\t\t\t<\/li>\n\t\t\t\t<li>\n<div class=\"small-custom-frame-wrapper alignleft frame-shadow\"><div class=\"custom-frame-inner-wrapper\"><div class=\"custom-frame-padding\"><a href=\"https:\/\/www.noidiqua.it\/Montale\/la-via-delle-agne-un-nuovo-percorso-naturalistico-per-riscoprire-fognano-e-tobbiana\/\" title=\"La via delle Agne &#8211; un nuovo percorso naturalistico per riscoprire Fognano e Tobbiana\"><img loading=\"lazy\" decoding=\"async\" src=\"https:\/\/www.noidiqua.it\/Montale\/wp-content\/uploads\/2023\/07\/agne-1-160x120_c.png\" width=\"160\" height=\"120\" alt=\"La via delle Agne - un nuovo percorso naturalistico per riscoprire Fognano e Tobbiana\" \/><\/a><\/div><\/div><\/div>\t\t\t\t    <a class=\"teaser-title\" title=\"La via delle Agne &#8211; un nuovo percorso naturalistico per riscoprire Fognano e Tobbiana\" href=\"https:\/\/www.noidiqua.it\/Montale\/la-via-delle-agne-un-nuovo-percorso-naturalistico-per-riscoprire-fognano-e-tobbiana\/\">La via delle Agne &#8211; un nuovo percorso naturalistico per riscoprire Fognano e Tobbiana<\/a>\n\t\t\t\t    <div class=\"teaser-content\">di Giacomo Bini giugno 2023 \u201cLa via delle Agne\u201d \u00e8 un nuovo percorso definito e segnalato con cartelli e indicazioni per iniziativa della Proloco di Fognano e dell\u2019impresa sociale di guide ambientali \u201c4passi.one\u201d nell\u2019ambito del progetto \u201cCammini dell\u2019acqua\u201d promosso da Publiacqua. Si tratta di un itinerario che valorizza una vasta zona tra Fognano e...<\/div>\n                                            <a title=\"La via delle Agne &#8211; un nuovo percorso naturalistico per riscoprire Fognano e Tobbiana\" href=\"https:\/\/www.noidiqua.it\/Montale\/la-via-delle-agne-un-nuovo-percorso-naturalistico-per-riscoprire-fognano-e-tobbiana\/\" class=\"read-more-align-right\"><span>Leggi tutto<\/span> &rarr;<\/a>\n\t\t\t\t    <div class=\"clear\"><\/div>\n\t\t\t\t<\/li>\n\t\t\t\t<li>\n<div class=\"small-custom-frame-wrapper alignleft frame-shadow\"><div class=\"custom-frame-inner-wrapper\"><div class=\"custom-frame-padding\"><a href=\"https:\/\/www.noidiqua.it\/Montale\/la-croce-del-poggio-alto-poesia-di-brunero-torracchi\/\" title=\"La Croce del Poggio alto &#8211; poesia di Brunero Torracchi\"><img loading=\"lazy\" decoding=\"async\" src=\"https:\/\/www.noidiqua.it\/Montale\/wp-content\/uploads\/2016\/12\/BATTAGLIA-POGGIO-ALTO-3-160x120_c.png\" width=\"160\" height=\"120\" alt=\"La Croce del Poggio alto - poesia di Brunero Torracchi\" \/><\/a><\/div><\/div><\/div>\t\t\t\t    <a class=\"teaser-title\" title=\"La Croce del Poggio alto &#8211; poesia di Brunero Torracchi\" href=\"https:\/\/www.noidiqua.it\/Montale\/la-croce-del-poggio-alto-poesia-di-brunero-torracchi\/\">La Croce del Poggio alto &#8211; poesia di Brunero Torracchi<\/a>\n\t\t\t\t    <div class=\"teaser-content\">di Giacomo Bini marzo 2023 Ospitiamo in questo numero una poesia scritta dal Cav. Brunero Torracchi, ex presidente del Gruppo Alpini di Montale, sulla croce piazzata dagli Alpini sul Poggio Alto un luogo che fu teatro di una importante battaglia della Linea Gotica tra le truppe tedesche e quelle alleate. Si intitola \u201cLa Croce...<\/div>\n                                            <a title=\"La Croce del Poggio alto &#8211; poesia di Brunero Torracchi\" href=\"https:\/\/www.noidiqua.it\/Montale\/la-croce-del-poggio-alto-poesia-di-brunero-torracchi\/\" class=\"read-more-align-right\"><span>Leggi tutto<\/span> &rarr;<\/a>\n\t\t\t\t    <div class=\"clear\"><\/div>\n\t\t\t\t<\/li>\n\t\t\t\t<li>\n<div class=\"small-custom-frame-wrapper alignleft frame-shadow\"><div class=\"custom-frame-inner-wrapper\"><div class=\"custom-frame-padding\"><a href=\"https:\/\/www.noidiqua.it\/Montale\/la-madonnina-di-stazione\/\" title=\"La madonnina di Stazione\"><img loading=\"lazy\" decoding=\"async\" src=\"https:\/\/www.noidiqua.it\/Montale\/wp-content\/uploads\/2022\/12\/madonnina-160x120_c.png\" width=\"160\" height=\"120\" alt=\"La madonnina di Stazione\" \/><\/a><\/div><\/div><\/div>\t\t\t\t    <a class=\"teaser-title\" title=\"La madonnina di Stazione\" href=\"https:\/\/www.noidiqua.it\/Montale\/la-madonnina-di-stazione\/\">La madonnina di Stazione<\/a>\n\t\t\t\t    <div class=\"teaser-content\">di David Colzi dicembre 2022 Una delle madonne pi\u00f9 popolari della cristianit\u00e0 \u00e8 quella del pittore Roberto Ferruzzi (1853-1934), che ritrae una giovinetta con in braccio un neonato che dorme. Inizialmente concepita dall\u2019artista come maternit\u00e0 laica, fin da subito venne ribattezzata \u201cMadonna con bambino\u201d, o \u201cMadonna del riposo\u201d. La cosa curiosa \u00e8 che da...<\/div>\n                                            <a title=\"La madonnina di Stazione\" href=\"https:\/\/www.noidiqua.it\/Montale\/la-madonnina-di-stazione\/\" class=\"read-more-align-right\"><span>Leggi tutto<\/span> &rarr;<\/a>\n\t\t\t\t    <div class=\"clear\"><\/div>\n\t\t\t\t<\/li>\n\t\t\t<\/ul>\n\t\t    <\/div><!-- end widget_recent_posts -->\n<\/div>\n<a class=\"flat-custom-button align-btn-left\" href=\"https:\/\/www.noidiqua.it\/Montale\/category\/mt\/territorio-qt\/\" title=\"Mostra tutti gli articoli di questa sezione\"><span style=\"padding:10px 20px; background-color:#ed162d; border:1px solid #ed162d; color:#FFFFFF; font-size:14px;\">Mostra tutti gli articoli precedenti<\/span><\/a>","protected":false},"excerpt":{"rendered":"","protected":false},"author":2,"featured_media":0,"parent":12,"menu_order":0,"comment_status":"open","ping_status":"closed","template":"","meta":{"footnotes":""},"class_list":["post-243","page","type-page","status-publish","hentry"],"yoast_head":"<!-- This site is optimized with the Yoast SEO plugin v25.5 - https:\/\/yoast.com\/wordpress\/plugins\/seo\/ -->\n<title>Territorio - Noi di Qua Testata giornalistica e di attualit\u00e0 di Agliana, Montale e Quarrata.<\/title>\n<meta name=\"robots\" content=\"index, follow, max-snippet:-1, max-image-preview:large, max-video-preview:-1\" \/>\n<link rel=\"canonical\" href=\"https:\/\/www.noidiqua.it\/Montale\/montale-2\/territorio\/\" \/>\n<meta property=\"og:locale\" content=\"it_IT\" \/>\n<meta property=\"og:type\" content=\"article\" \/>\n<meta property=\"og:title\" content=\"Territorio - Noi di Qua Testata giornalistica e di attualit\u00e0 di Agliana, Montale e Quarrata.\" \/>\n<meta property=\"og:url\" content=\"https:\/\/www.noidiqua.it\/Montale\/montale-2\/territorio\/\" \/>\n<meta property=\"og:site_name\" content=\"Noi di Qua Testata giornalistica e di attualit\u00e0 di Agliana, Montale e Quarrata.\" \/>\n<meta property=\"article:publisher\" content=\"https:\/\/www.facebook.com\/noidiqua.trimestrale\/\" \/>\n<meta property=\"article:modified_time\" content=\"2014-08-19T16:16:00+00:00\" \/>\n<meta property=\"og:image\" content=\"https:\/\/www.noidiqua.it\/Montale\/wp-content\/uploads\/2019\/03\/logo-sito.jpg\" \/>\n<script type=\"application\/ld+json\" class=\"yoast-schema-graph\">{\"@context\":\"https:\/\/schema.org\",\"@graph\":[{\"@type\":\"WebPage\",\"@id\":\"https:\/\/www.noidiqua.it\/Montale\/montale-2\/territorio\/\",\"url\":\"https:\/\/www.noidiqua.it\/Montale\/montale-2\/territorio\/\",\"name\":\"Territorio - Noi di Qua Testata giornalistica e di attualit\u00e0 di Agliana, Montale e Quarrata.\",\"isPartOf\":{\"@id\":\"https:\/\/www.noidiqua.it\/Montale\/#website\"},\"datePublished\":\"2011-07-11T16:15:25+00:00\",\"dateModified\":\"2014-08-19T16:16:00+00:00\",\"breadcrumb\":{\"@id\":\"https:\/\/www.noidiqua.it\/Montale\/montale-2\/territorio\/#breadcrumb\"},\"inLanguage\":\"it-IT\",\"potentialAction\":[{\"@type\":\"ReadAction\",\"target\":[\"https:\/\/www.noidiqua.it\/Montale\/montale-2\/territorio\/\"]}]},{\"@type\":\"BreadcrumbList\",\"@id\":\"https:\/\/www.noidiqua.it\/Montale\/montale-2\/territorio\/#breadcrumb\",\"itemListElement\":[{\"@type\":\"ListItem\",\"position\":1,\"name\":\"Home\",\"item\":\"https:\/\/www.noidiqua.it\/Montale\/\"},{\"@type\":\"ListItem\",\"position\":2,\"name\":\"Montale\",\"item\":\"https:\/\/www.noidiqua.it\/Montale\/montale-2\/\"},{\"@type\":\"ListItem\",\"position\":3,\"name\":\"Territorio\"}]},{\"@type\":\"WebSite\",\"@id\":\"https:\/\/www.noidiqua.it\/Montale\/#website\",\"url\":\"https:\/\/www.noidiqua.it\/Montale\/\",\"name\":\"Noi di Qua Testata giornalistica e di attualit\u00e0 di Agliana, Montale e Quarrata.\",\"description\":\"Testata Giornalistica Quarrata Montale Agliana\",\"potentialAction\":[{\"@type\":\"SearchAction\",\"target\":{\"@type\":\"EntryPoint\",\"urlTemplate\":\"https:\/\/www.noidiqua.it\/Montale\/?s={search_term_string}\"},\"query-input\":{\"@type\":\"PropertyValueSpecification\",\"valueRequired\":true,\"valueName\":\"search_term_string\"}}],\"inLanguage\":\"it-IT\"}]}<\/script>\n<!-- \/ Yoast SEO plugin. -->","yoast_head_json":{"title":"Territorio - Noi di Qua Testata giornalistica e di attualit\u00e0 di Agliana, Montale e Quarrata.","robots":{"index":"index","follow":"follow","max-snippet":"max-snippet:-1","max-image-preview":"max-image-preview:large","max-video-preview":"max-video-preview:-1"},"canonical":"https:\/\/www.noidiqua.it\/Montale\/montale-2\/territorio\/","og_locale":"it_IT","og_type":"article","og_title":"Territorio - Noi di Qua Testata giornalistica e di attualit\u00e0 di Agliana, Montale e Quarrata.","og_url":"https:\/\/www.noidiqua.it\/Montale\/montale-2\/territorio\/","og_site_name":"Noi di Qua Testata giornalistica e di attualit\u00e0 di Agliana, Montale e Quarrata.","article_publisher":"https:\/\/www.facebook.com\/noidiqua.trimestrale\/","article_modified_time":"2014-08-19T16:16:00+00:00","og_image":[{"url":"https:\/\/www.noidiqua.it\/Montale\/wp-content\/uploads\/2019\/03\/logo-sito.jpg","type":"","width":"","height":""}],"schema":{"@context":"https:\/\/schema.org","@graph":[{"@type":"WebPage","@id":"https:\/\/www.noidiqua.it\/Montale\/montale-2\/territorio\/","url":"https:\/\/www.noidiqua.it\/Montale\/montale-2\/territorio\/","name":"Territorio - Noi di Qua Testata giornalistica e di attualit\u00e0 di Agliana, Montale e Quarrata.","isPartOf":{"@id":"https:\/\/www.noidiqua.it\/Montale\/#website"},"datePublished":"2011-07-11T16:15:25+00:00","dateModified":"2014-08-19T16:16:00+00:00","breadcrumb":{"@id":"https:\/\/www.noidiqua.it\/Montale\/montale-2\/territorio\/#breadcrumb"},"inLanguage":"it-IT","potentialAction":[{"@type":"ReadAction","target":["https:\/\/www.noidiqua.it\/Montale\/montale-2\/territorio\/"]}]},{"@type":"BreadcrumbList","@id":"https:\/\/www.noidiqua.it\/Montale\/montale-2\/territorio\/#breadcrumb","itemListElement":[{"@type":"ListItem","position":1,"name":"Home","item":"https:\/\/www.noidiqua.it\/Montale\/"},{"@type":"ListItem","position":2,"name":"Montale","item":"https:\/\/www.noidiqua.it\/Montale\/montale-2\/"},{"@type":"ListItem","position":3,"name":"Territorio"}]},{"@type":"WebSite","@id":"https:\/\/www.noidiqua.it\/Montale\/#website","url":"https:\/\/www.noidiqua.it\/Montale\/","name":"Noi di Qua Testata giornalistica e di attualit\u00e0 di Agliana, Montale e Quarrata.","description":"Testata Giornalistica Quarrata Montale Agliana","potentialAction":[{"@type":"SearchAction","target":{"@type":"EntryPoint","urlTemplate":"https:\/\/www.noidiqua.it\/Montale\/?s={search_term_string}"},"query-input":{"@type":"PropertyValueSpecification","valueRequired":true,"valueName":"search_term_string"}}],"inLanguage":"it-IT"}]}},"_links":{"self":[{"href":"https:\/\/www.noidiqua.it\/Montale\/wp-json\/wp\/v2\/pages\/243","targetHints":{"allow":["GET"]}}],"collection":[{"href":"https:\/\/www.noidiqua.it\/Montale\/wp-json\/wp\/v2\/pages"}],"about":[{"href":"https:\/\/www.noidiqua.it\/Montale\/wp-json\/wp\/v2\/types\/page"}],"author":[{"embeddable":true,"href":"https:\/\/www.noidiqua.it\/Montale\/wp-json\/wp\/v2\/users\/2"}],"replies":[{"embeddable":true,"href":"https:\/\/www.noidiqua.it\/Montale\/wp-json\/wp\/v2\/comments?post=243"}],"version-history":[{"count":0,"href":"https:\/\/www.noidiqua.it\/Montale\/wp-json\/wp\/v2\/pages\/243\/revisions"}],"up":[{"embeddable":true,"href":"https:\/\/www.noidiqua.it\/Montale\/wp-json\/wp\/v2\/pages\/12"}],"wp:attachment":[{"href":"https:\/\/www.noidiqua.it\/Montale\/wp-json\/wp\/v2\/media?parent=243"}],"curies":[{"name":"wp","href":"https:\/\/api.w.org\/{rel}","templated":true}]}}