{"id":253,"date":"2011-07-11T16:35:07","date_gmt":"2011-07-11T16:35:07","guid":{"rendered":"http:\/\/192.168.1.2\/Utility-Liberty\/CMS\/noidiqua\/?page_id=253"},"modified":"2014-08-19T18:15:16","modified_gmt":"2014-08-19T16:15:16","slug":"solidarieta-per-gli-altri","status":"publish","type":"page","link":"https:\/\/www.noidiqua.it\/Montale\/montale-2\/solidarieta-per-gli-altri\/","title":{"rendered":"Solidariet\u00e0 &#8211; per gli altri"},"content":{"rendered":"<div class=\"widget widget_latest_posts\"><h3 class=\"widgettitle\">Solidariet\u00e0 &#8211; per gli altri<\/h3>\t\t    <div class=\"latest_posts\">\n\t\t\t<ul class=\"small-thumb\">\n\t\t\t\t<li>\n<div class=\"small-custom-frame-wrapper alignleft frame-shadow\"><div class=\"custom-frame-inner-wrapper\"><div class=\"custom-frame-padding\"><a href=\"https:\/\/www.noidiqua.it\/Montale\/federconsumatori-una-realta-presente-a-pistoia-e-provincia\/\" title=\"Federconsumatori &#8211; una realt\u00e0 presente a Pistoia e provincia\"><img loading=\"lazy\" decoding=\"async\" src=\"https:\/\/www.noidiqua.it\/Montale\/wp-content\/uploads\/2026\/04\/Federconsumatori-160x120_c.png\" width=\"160\" height=\"120\" alt=\"Federconsumatori - una realt\u00e0 presente a Pistoia e provincia\" \/><\/a><\/div><\/div><\/div>\t\t\t\t    <a class=\"teaser-title\" title=\"Federconsumatori &#8211; una realt\u00e0 presente a Pistoia e provincia\" href=\"https:\/\/www.noidiqua.it\/Montale\/federconsumatori-una-realta-presente-a-pistoia-e-provincia\/\">Federconsumatori &#8211; una realt\u00e0 presente a Pistoia e provincia<\/a>\n\t\t\t\t    <div class=\"teaser-content\">di Serena Michelozzi marzo 2026 La Federconsumatori di Pistoia, Quarrata ed Agliana-Montale, si conferma un punto di riferimento vitale per la tutela dei cittadini, operando come Associazione di Promozione Sociale radicata nel territorio provinciale. Nata nel 1999 sulla spinta della CGIL, l&#8217;associazione ha anticipato le grandi riforme del consumerismo italiano, arrivando dunque anche prima...<\/div>\n                                            <a title=\"Federconsumatori &#8211; una realt\u00e0 presente a Pistoia e provincia\" href=\"https:\/\/www.noidiqua.it\/Montale\/federconsumatori-una-realta-presente-a-pistoia-e-provincia\/\" class=\"read-more-align-right\"><span>Leggi tutto<\/span> &rarr;<\/a>\n\t\t\t\t    <div class=\"clear\"><\/div>\n\t\t\t\t<\/li>\n\t\t\t\t<li>\n<div class=\"small-custom-frame-wrapper alignleft frame-shadow\"><div class=\"custom-frame-inner-wrapper\"><div class=\"custom-frame-padding\"><a href=\"https:\/\/www.noidiqua.it\/Montale\/lilt-sezione-pistoia-limportanza-della-prevenzione-oncologica\/\" title=\"LILT sezione Pistoia \u2013 l\u2019importanza della prevenzione oncologica\"><img loading=\"lazy\" decoding=\"async\" src=\"https:\/\/www.noidiqua.it\/Montale\/wp-content\/uploads\/2026\/04\/LILT-2-160x120_c.png\" width=\"160\" height=\"120\" alt=\"LILT sezione Pistoia \u2013 l\u2019importanza della prevenzione oncologica\" \/><\/a><\/div><\/div><\/div>\t\t\t\t    <a class=\"teaser-title\" title=\"LILT sezione Pistoia \u2013 l\u2019importanza della prevenzione oncologica\" href=\"https:\/\/www.noidiqua.it\/Montale\/lilt-sezione-pistoia-limportanza-della-prevenzione-oncologica\/\">LILT sezione Pistoia \u2013 l\u2019importanza della prevenzione oncologica<\/a>\n\t\t\t\t    <div class=\"teaser-content\">di Redazione marzo 2026 La Lega Italiana per la Lotta contro i Tumori fondata nel 1922, opera su tutto il territorio nazionale e conta 106 Associazioni Provinciali e pi\u00f9 di 400 ambulatori che, seguendo una linea comune della sede Centrale, portano avanti la loro attivit\u00e0 in maniera del tutto autonoma. L\u2019attivit\u00e0 che accomuna tutte...<\/div>\n                                            <a title=\"LILT sezione Pistoia \u2013 l\u2019importanza della prevenzione oncologica\" href=\"https:\/\/www.noidiqua.it\/Montale\/lilt-sezione-pistoia-limportanza-della-prevenzione-oncologica\/\" class=\"read-more-align-right\"><span>Leggi tutto<\/span> &rarr;<\/a>\n\t\t\t\t    <div class=\"clear\"><\/div>\n\t\t\t\t<\/li>\n\t\t\t\t<li>\n<div class=\"small-custom-frame-wrapper alignleft frame-shadow\"><div class=\"custom-frame-inner-wrapper\"><div class=\"custom-frame-padding\"><a href=\"https:\/\/www.noidiqua.it\/Montale\/tobbiana-e-pro-loco-continua-il-rilancio-della-frazione\/\" title=\"Tobbiana e Pro Loco &#8211; continua il rilancio della frazione\"><img loading=\"lazy\" decoding=\"async\" src=\"https:\/\/www.noidiqua.it\/Montale\/wp-content\/uploads\/2026\/04\/Tobbiana-2-160x120_c.png\" width=\"160\" height=\"120\" alt=\"Tobbiana e Pro Loco - continua il rilancio della frazione\" \/><\/a><\/div><\/div><\/div>\t\t\t\t    <a class=\"teaser-title\" title=\"Tobbiana e Pro Loco &#8211; continua il rilancio della frazione\" href=\"https:\/\/www.noidiqua.it\/Montale\/tobbiana-e-pro-loco-continua-il-rilancio-della-frazione\/\">Tobbiana e Pro Loco &#8211; continua il rilancio della frazione<\/a>\n\t\t\t\t    <div class=\"teaser-content\">di Giacomo Bini marzo 2026 Prima la nascita del nuovo emporio, poi il lancio del progetto \u201cDolce Tobbiana\u201d, un programma di iniziative di sviluppo incentrate sulla pasticceria e l\u2019arte del cioccolato. Le due iniziative, entrambe promosse dalla Pro Loco di Tobbiana con l\u2019appoggio di tutto il paese, dimostrano la grande vitalit\u00e0 di una comunit\u00e0...<\/div>\n                                            <a title=\"Tobbiana e Pro Loco &#8211; continua il rilancio della frazione\" href=\"https:\/\/www.noidiqua.it\/Montale\/tobbiana-e-pro-loco-continua-il-rilancio-della-frazione\/\" class=\"read-more-align-right\"><span>Leggi tutto<\/span> &rarr;<\/a>\n\t\t\t\t    <div class=\"clear\"><\/div>\n\t\t\t\t<\/li>\n\t\t\t\t<li>\n<div class=\"small-custom-frame-wrapper alignleft frame-shadow\"><div class=\"custom-frame-inner-wrapper\"><div class=\"custom-frame-padding\"><a href=\"https:\/\/www.noidiqua.it\/Montale\/i-defibrillatori-di-montale\/\" title=\"I defibrillatori di Montale\"><img loading=\"lazy\" decoding=\"async\" src=\"https:\/\/www.noidiqua.it\/Montale\/wp-content\/uploads\/2025\/12\/defibrillatore-Fognano-160x120_c.png\" width=\"160\" height=\"120\" alt=\"I defibrillatori di Montale\" \/><\/a><\/div><\/div><\/div>\t\t\t\t    <a class=\"teaser-title\" title=\"I defibrillatori di Montale\" href=\"https:\/\/www.noidiqua.it\/Montale\/i-defibrillatori-di-montale\/\">I defibrillatori di Montale<\/a>\n\t\t\t\t    <div class=\"teaser-content\">di Giacomo Bini dicembre 2025 Negli ultimi tempi a Montale sono stati installati in spazi pubblici, una serie di defibrillatori grazie a donazioni di privati o di associazioni. E&#8217; l\u2019effetto di una crescente sensibilit\u00e0 sulla utilit\u00e0 di questi apparecchi che possono salvare la vita delle persone se sono utilizzati con tempestivit\u00e0. Va sottolineato poi...<\/div>\n                                            <a title=\"I defibrillatori di Montale\" href=\"https:\/\/www.noidiqua.it\/Montale\/i-defibrillatori-di-montale\/\" class=\"read-more-align-right\"><span>Leggi tutto<\/span> &rarr;<\/a>\n\t\t\t\t    <div class=\"clear\"><\/div>\n\t\t\t\t<\/li>\n\t\t\t\t<li>\n<div class=\"small-custom-frame-wrapper alignleft frame-shadow\"><div class=\"custom-frame-inner-wrapper\"><div class=\"custom-frame-padding\"><a href=\"https:\/\/www.noidiqua.it\/Montale\/corso-di-lingua-italiana-per-stranieri-promosso-da-auser-montale\/\" title=\"Corso di lingua italiana per stranieri promosso da Auser Montale\"><img loading=\"lazy\" decoding=\"async\" src=\"https:\/\/www.noidiqua.it\/Montale\/wp-content\/uploads\/2025\/10\/corso-italiano-per-stranieri-160x120_c.png\" width=\"160\" height=\"120\" alt=\"Corso di lingua italiana per stranieri promosso da Auser Montale\" \/><\/a><\/div><\/div><\/div>\t\t\t\t    <a class=\"teaser-title\" title=\"Corso di lingua italiana per stranieri promosso da Auser Montale\" href=\"https:\/\/www.noidiqua.it\/Montale\/corso-di-lingua-italiana-per-stranieri-promosso-da-auser-montale\/\">Corso di lingua italiana per stranieri promosso da Auser Montale<\/a>\n\t\t\t\t    <div class=\"teaser-content\">di Giacomo Bini settembre 2025 Il corso di lingua italiana per stranieri attivato dall\u2019Auser di Montale per il quarto anno consecutivo rappresenta una delle iniziative pi\u00f9 interessanti e utili presenti nella comunit\u00e0 montalese. Condotto da docenti volontari, quasi totalmente insegnanti in pensione, il corso \u00e8 frequentato da un numero cospicuo di allieve e allievi,...<\/div>\n                                            <a title=\"Corso di lingua italiana per stranieri promosso da Auser Montale\" href=\"https:\/\/www.noidiqua.it\/Montale\/corso-di-lingua-italiana-per-stranieri-promosso-da-auser-montale\/\" class=\"read-more-align-right\"><span>Leggi tutto<\/span> &rarr;<\/a>\n\t\t\t\t    <div class=\"clear\"><\/div>\n\t\t\t\t<\/li>\n\t\t\t\t<li>\n<div class=\"small-custom-frame-wrapper alignleft frame-shadow\"><div class=\"custom-frame-inner-wrapper\"><div class=\"custom-frame-padding\"><a href=\"https:\/\/www.noidiqua.it\/Montale\/associazione-club-alcologici-territoriali-un-supporto-concreto-sia-individuale-che-per-le-famiglie\/\" title=\"Associazione Club Alcologici Territoriali \u2013 un supporto concreto sia individuale che per le famiglie\"><img loading=\"lazy\" decoding=\"async\" src=\"https:\/\/www.noidiqua.it\/Montale\/wp-content\/uploads\/2025\/07\/ACAT-1-160x120_c.png\" width=\"160\" height=\"120\" alt=\"Associazione Club Alcologici Territoriali \u2013 un supporto concreto sia individuale che per le famiglie\" \/><\/a><\/div><\/div><\/div>\t\t\t\t    <a class=\"teaser-title\" title=\"Associazione Club Alcologici Territoriali \u2013 un supporto concreto sia individuale che per le famiglie\" href=\"https:\/\/www.noidiqua.it\/Montale\/associazione-club-alcologici-territoriali-un-supporto-concreto-sia-individuale-che-per-le-famiglie\/\">Associazione Club Alcologici Territoriali \u2013 un supporto concreto sia individuale che per le famiglie<\/a>\n\t\t\t\t    <div class=\"teaser-content\">di Serena Michelozzi giugno 2025 L\u2019A.C.A.T.\u00a0(Associazione Club Alcologici Territoriali) \u00e8 un\u2019associazione nazionale di volontariato attiva anche sul territorio di Agliana, Montale e Quarrata, che da anni si impegna a sostenere e coordinare le attivit\u00e0 dei\u00a0Club Alcologici Territoriali\u00a0(CAT). Questa associazione offre un prezioso punto di riferimento per individui e famiglie che affrontano difficolt\u00e0 legate al...<\/div>\n                                            <a title=\"Associazione Club Alcologici Territoriali \u2013 un supporto concreto sia individuale che per le famiglie\" href=\"https:\/\/www.noidiqua.it\/Montale\/associazione-club-alcologici-territoriali-un-supporto-concreto-sia-individuale-che-per-le-famiglie\/\" class=\"read-more-align-right\"><span>Leggi tutto<\/span> &rarr;<\/a>\n\t\t\t\t    <div class=\"clear\"><\/div>\n\t\t\t\t<\/li>\n\t\t\t\t<li>\n<div class=\"small-custom-frame-wrapper alignleft frame-shadow\"><div class=\"custom-frame-inner-wrapper\"><div class=\"custom-frame-padding\"><a href=\"https:\/\/www.noidiqua.it\/Montale\/infermieristica-transculturale-una-nuova-forma-di-assistenza-per-la-nostra-societa-multietnica\/\" title=\"Infermieristica transculturale \u2013 una nuova forma di assistenza per la nostra societ\u00e0 multietnica\"><img loading=\"lazy\" decoding=\"async\" src=\"https:\/\/www.noidiqua.it\/Montale\/wp-content\/uploads\/2025\/04\/IT-Rossella-Aiardi-160x120_c.png\" width=\"160\" height=\"120\" alt=\"Infermieristica transculturale \u2013 una nuova forma di assistenza per la nostra societ\u00e0 multietnica\" \/><\/a><\/div><\/div><\/div>\t\t\t\t    <a class=\"teaser-title\" title=\"Infermieristica transculturale \u2013 una nuova forma di assistenza per la nostra societ\u00e0 multietnica\" href=\"https:\/\/www.noidiqua.it\/Montale\/infermieristica-transculturale-una-nuova-forma-di-assistenza-per-la-nostra-societa-multietnica\/\">Infermieristica transculturale \u2013 una nuova forma di assistenza per la nostra societ\u00e0 multietnica<\/a>\n\t\t\t\t    <div class=\"teaser-content\">di Serena Michelozzi marzo 2025 L\u2019infermieristica transculturale\u00a0\u00e8 una branca dell\u2019assistenza alla persona che si concentra sulla fornitura di cure competenti e sensibili, a pazienti di diverse origini culturali. Si basa sul riconoscimento e sul rispetto delle differenze di usi e costumi, di valori, di credenze, di\u00a0pratiche sanitarie, e mira a fornire un\u2019assistenza infermieristica\u00a0efficace e...<\/div>\n                                            <a title=\"Infermieristica transculturale \u2013 una nuova forma di assistenza per la nostra societ\u00e0 multietnica\" href=\"https:\/\/www.noidiqua.it\/Montale\/infermieristica-transculturale-una-nuova-forma-di-assistenza-per-la-nostra-societa-multietnica\/\" class=\"read-more-align-right\"><span>Leggi tutto<\/span> &rarr;<\/a>\n\t\t\t\t    <div class=\"clear\"><\/div>\n\t\t\t\t<\/li>\n\t\t\t\t<li>\n<div class=\"small-custom-frame-wrapper alignleft frame-shadow\"><div class=\"custom-frame-inner-wrapper\"><div class=\"custom-frame-padding\"><a href=\"https:\/\/www.noidiqua.it\/Montale\/associazione-culturale-rione-dore\/\" title=\"Associazione Culturale Rione Dore\"><img loading=\"lazy\" decoding=\"async\" src=\"https:\/\/www.noidiqua.it\/Montale\/wp-content\/uploads\/2024\/12\/dore-2-160x120_c.png\" width=\"160\" height=\"120\" alt=\"Associazione Culturale Rione Dore\" \/><\/a><\/div><\/div><\/div>\t\t\t\t    <a class=\"teaser-title\" title=\"Associazione Culturale Rione Dore\" href=\"https:\/\/www.noidiqua.it\/Montale\/associazione-culturale-rione-dore\/\">Associazione Culturale Rione Dore<\/a>\n\t\t\t\t    <div class=\"teaser-content\">di Serena Michelozzi dicembre 2024 Foto: Daniele Paolieri Era il 1976 quando a Montale alcuni cittadini decisero di aggregarsi spontaneamente nel \u201cRione Dore\u201d prendendo in prestito il nome \u201cDore\u201d dal toponimo che ancora oggi \u00e8 geograficamente individuato nella parte sud-ovest del Comune di Montale. Il Rione Dore oltre a partecipare al famoso \u201cTorneo dei...<\/div>\n                                            <a title=\"Associazione Culturale Rione Dore\" href=\"https:\/\/www.noidiqua.it\/Montale\/associazione-culturale-rione-dore\/\" class=\"read-more-align-right\"><span>Leggi tutto<\/span> &rarr;<\/a>\n\t\t\t\t    <div class=\"clear\"><\/div>\n\t\t\t\t<\/li>\n\t\t\t\t<li>\n<div class=\"small-custom-frame-wrapper alignleft frame-shadow\"><div class=\"custom-frame-inner-wrapper\"><div class=\"custom-frame-padding\"><a href=\"https:\/\/www.noidiqua.it\/Montale\/aido-gruppo-intercomunale-piana-pistoiese\/\" title=\"AIDO &#8211; Gruppo Intercomunale Piana Pistoiese\"><img loading=\"lazy\" decoding=\"async\" src=\"https:\/\/www.noidiqua.it\/Montale\/wp-content\/uploads\/2024\/10\/AIDO-1-160x120_c.png\" width=\"160\" height=\"120\" alt=\"AIDO - Gruppo Intercomunale Piana Pistoiese\" \/><\/a><\/div><\/div><\/div>\t\t\t\t    <a class=\"teaser-title\" title=\"AIDO &#8211; Gruppo Intercomunale Piana Pistoiese\" href=\"https:\/\/www.noidiqua.it\/Montale\/aido-gruppo-intercomunale-piana-pistoiese\/\">AIDO &#8211; Gruppo Intercomunale Piana Pistoiese<\/a>\n\t\t\t\t    <div class=\"teaser-content\">di Piera Salvi settembre 2024 \u00abIo dono non so per chi, ma so perch\u00e9\u00bb. E&#8217; il motto semplice ma significativo che riassume l\u2019essenza di Aido l\u2019Associazione italiana per la donazione di organi, tessuti e cellule. Nella piana pistoiese Aido ha una lunga storia d\u2019impegno e solidariet\u00e0. L\u2019abbiamo ricostruita con Marco Campominosi, presidente di \u201cAido...<\/div>\n                                            <a title=\"AIDO &#8211; Gruppo Intercomunale Piana Pistoiese\" href=\"https:\/\/www.noidiqua.it\/Montale\/aido-gruppo-intercomunale-piana-pistoiese\/\" class=\"read-more-align-right\"><span>Leggi tutto<\/span> &rarr;<\/a>\n\t\t\t\t    <div class=\"clear\"><\/div>\n\t\t\t\t<\/li>\n\t\t\t\t<li>\n<div class=\"small-custom-frame-wrapper alignleft frame-shadow\"><div class=\"custom-frame-inner-wrapper\"><div class=\"custom-frame-padding\"><a href=\"https:\/\/www.noidiqua.it\/Montale\/gino-giuntini-nuovo-presidente-croce-rossa-comitato-piana-pistoiese\/\" title=\"Gino Giuntini &#8211; nuovo presidente Croce Rossa Comitato Piana Pistoiese\"><img loading=\"lazy\" decoding=\"async\" src=\"https:\/\/www.noidiqua.it\/Montale\/wp-content\/uploads\/2024\/10\/Giuntini-presidente-CRI-160x120_c.png\" width=\"160\" height=\"120\" alt=\"Gino Giuntini - nuovo presidente Croce Rossa Comitato Piana Pistoiese\" \/><\/a><\/div><\/div><\/div>\t\t\t\t    <a class=\"teaser-title\" title=\"Gino Giuntini &#8211; nuovo presidente Croce Rossa Comitato Piana Pistoiese\" href=\"https:\/\/www.noidiqua.it\/Montale\/gino-giuntini-nuovo-presidente-croce-rossa-comitato-piana-pistoiese\/\">Gino Giuntini &#8211; nuovo presidente Croce Rossa Comitato Piana Pistoiese<\/a>\n\t\t\t\t    <div class=\"teaser-content\">di Daniela Gori settembre 2024 E&#8217; Gino Giuntini il nuovo presidente di Croce Rossa Comitato Piana Pistoiese. Rinnovato il consiglio direttivo, dopo le elezioni di maggio 2024, sono stati proclamati i consiglieri Paola Giacomelli vicepresidente, Federica Bargiacchi e Maurizio Bellini, come consigliere giovane Matteo Latini. Claudio Cibella, il presidente uscente, \u00e8 adesso vicepresidente regionale....<\/div>\n                                            <a title=\"Gino Giuntini &#8211; nuovo presidente Croce Rossa Comitato Piana Pistoiese\" href=\"https:\/\/www.noidiqua.it\/Montale\/gino-giuntini-nuovo-presidente-croce-rossa-comitato-piana-pistoiese\/\" class=\"read-more-align-right\"><span>Leggi tutto<\/span> &rarr;<\/a>\n\t\t\t\t    <div class=\"clear\"><\/div>\n\t\t\t\t<\/li>\n\t\t\t<\/ul>\n\t\t    <\/div><!-- end widget_recent_posts -->\n<\/div>\n<a class=\"flat-custom-button align-btn-left\" href=\"https:\/\/www.noidiqua.it\/Montale\/category\/mt\/solidarieta-qt\/\" title=\"Mostra tutti gli articoli di questa sezione\"><span style=\"padding:10px 20px; background-color:#ed162d; border:1px solid #ed162d; color:#FFFFFF; font-size:14px;\">Mostra tutti gli articoli precedenti<\/span><\/a>","protected":false},"excerpt":{"rendered":"","protected":false},"author":2,"featured_media":0,"parent":12,"menu_order":0,"comment_status":"open","ping_status":"open","template":"","meta":{"footnotes":""},"class_list":["post-253","page","type-page","status-publish","hentry"],"yoast_head":"<!-- This site is optimized with the Yoast SEO plugin v25.5 - https:\/\/yoast.com\/wordpress\/plugins\/seo\/ -->\n<title>Solidariet\u00e0 - per gli altri - Noi di Qua Testata giornalistica e di attualit\u00e0 di Agliana, Montale e Quarrata.<\/title>\n<meta name=\"robots\" content=\"index, follow, max-snippet:-1, max-image-preview:large, max-video-preview:-1\" \/>\n<link rel=\"canonical\" href=\"https:\/\/www.noidiqua.it\/Montale\/montale-2\/solidarieta-per-gli-altri\/\" \/>\n<meta property=\"og:locale\" content=\"it_IT\" \/>\n<meta property=\"og:type\" content=\"article\" \/>\n<meta property=\"og:title\" content=\"Solidariet\u00e0 - per gli altri - Noi di Qua Testata giornalistica e di attualit\u00e0 di Agliana, Montale e Quarrata.\" \/>\n<meta property=\"og:url\" content=\"https:\/\/www.noidiqua.it\/Montale\/montale-2\/solidarieta-per-gli-altri\/\" \/>\n<meta property=\"og:site_name\" content=\"Noi di Qua Testata giornalistica e di attualit\u00e0 di Agliana, Montale e Quarrata.\" \/>\n<meta property=\"article:publisher\" content=\"https:\/\/www.facebook.com\/noidiqua.trimestrale\/\" \/>\n<meta property=\"article:modified_time\" content=\"2014-08-19T16:15:16+00:00\" \/>\n<meta property=\"og:image\" content=\"https:\/\/www.noidiqua.it\/Montale\/wp-content\/uploads\/2019\/03\/logo-sito.jpg\" \/>\n<script type=\"application\/ld+json\" class=\"yoast-schema-graph\">{\"@context\":\"https:\/\/schema.org\",\"@graph\":[{\"@type\":\"WebPage\",\"@id\":\"https:\/\/www.noidiqua.it\/Montale\/montale-2\/solidarieta-per-gli-altri\/\",\"url\":\"https:\/\/www.noidiqua.it\/Montale\/montale-2\/solidarieta-per-gli-altri\/\",\"name\":\"Solidariet\u00e0 - per gli altri - Noi di Qua Testata giornalistica e di attualit\u00e0 di Agliana, Montale e Quarrata.\",\"isPartOf\":{\"@id\":\"https:\/\/www.noidiqua.it\/Montale\/#website\"},\"datePublished\":\"2011-07-11T16:35:07+00:00\",\"dateModified\":\"2014-08-19T16:15:16+00:00\",\"breadcrumb\":{\"@id\":\"https:\/\/www.noidiqua.it\/Montale\/montale-2\/solidarieta-per-gli-altri\/#breadcrumb\"},\"inLanguage\":\"it-IT\",\"potentialAction\":[{\"@type\":\"ReadAction\",\"target\":[\"https:\/\/www.noidiqua.it\/Montale\/montale-2\/solidarieta-per-gli-altri\/\"]}]},{\"@type\":\"BreadcrumbList\",\"@id\":\"https:\/\/www.noidiqua.it\/Montale\/montale-2\/solidarieta-per-gli-altri\/#breadcrumb\",\"itemListElement\":[{\"@type\":\"ListItem\",\"position\":1,\"name\":\"Home\",\"item\":\"https:\/\/www.noidiqua.it\/Montale\/\"},{\"@type\":\"ListItem\",\"position\":2,\"name\":\"Montale\",\"item\":\"https:\/\/www.noidiqua.it\/Montale\/montale-2\/\"},{\"@type\":\"ListItem\",\"position\":3,\"name\":\"Solidariet\u00e0 &#8211; per gli altri\"}]},{\"@type\":\"WebSite\",\"@id\":\"https:\/\/www.noidiqua.it\/Montale\/#website\",\"url\":\"https:\/\/www.noidiqua.it\/Montale\/\",\"name\":\"Noi di Qua Testata giornalistica e di attualit\u00e0 di Agliana, Montale e Quarrata.\",\"description\":\"Testata Giornalistica Quarrata Montale Agliana\",\"potentialAction\":[{\"@type\":\"SearchAction\",\"target\":{\"@type\":\"EntryPoint\",\"urlTemplate\":\"https:\/\/www.noidiqua.it\/Montale\/?s={search_term_string}\"},\"query-input\":{\"@type\":\"PropertyValueSpecification\",\"valueRequired\":true,\"valueName\":\"search_term_string\"}}],\"inLanguage\":\"it-IT\"}]}<\/script>\n<!-- \/ Yoast SEO plugin. -->","yoast_head_json":{"title":"Solidariet\u00e0 - per gli altri - Noi di Qua Testata giornalistica e di attualit\u00e0 di Agliana, Montale e Quarrata.","robots":{"index":"index","follow":"follow","max-snippet":"max-snippet:-1","max-image-preview":"max-image-preview:large","max-video-preview":"max-video-preview:-1"},"canonical":"https:\/\/www.noidiqua.it\/Montale\/montale-2\/solidarieta-per-gli-altri\/","og_locale":"it_IT","og_type":"article","og_title":"Solidariet\u00e0 - per gli altri - Noi di Qua Testata giornalistica e di attualit\u00e0 di Agliana, Montale e Quarrata.","og_url":"https:\/\/www.noidiqua.it\/Montale\/montale-2\/solidarieta-per-gli-altri\/","og_site_name":"Noi di Qua Testata giornalistica e di attualit\u00e0 di Agliana, Montale e Quarrata.","article_publisher":"https:\/\/www.facebook.com\/noidiqua.trimestrale\/","article_modified_time":"2014-08-19T16:15:16+00:00","og_image":[{"url":"https:\/\/www.noidiqua.it\/Montale\/wp-content\/uploads\/2019\/03\/logo-sito.jpg","type":"","width":"","height":""}],"schema":{"@context":"https:\/\/schema.org","@graph":[{"@type":"WebPage","@id":"https:\/\/www.noidiqua.it\/Montale\/montale-2\/solidarieta-per-gli-altri\/","url":"https:\/\/www.noidiqua.it\/Montale\/montale-2\/solidarieta-per-gli-altri\/","name":"Solidariet\u00e0 - per gli altri - Noi di Qua Testata giornalistica e di attualit\u00e0 di Agliana, Montale e Quarrata.","isPartOf":{"@id":"https:\/\/www.noidiqua.it\/Montale\/#website"},"datePublished":"2011-07-11T16:35:07+00:00","dateModified":"2014-08-19T16:15:16+00:00","breadcrumb":{"@id":"https:\/\/www.noidiqua.it\/Montale\/montale-2\/solidarieta-per-gli-altri\/#breadcrumb"},"inLanguage":"it-IT","potentialAction":[{"@type":"ReadAction","target":["https:\/\/www.noidiqua.it\/Montale\/montale-2\/solidarieta-per-gli-altri\/"]}]},{"@type":"BreadcrumbList","@id":"https:\/\/www.noidiqua.it\/Montale\/montale-2\/solidarieta-per-gli-altri\/#breadcrumb","itemListElement":[{"@type":"ListItem","position":1,"name":"Home","item":"https:\/\/www.noidiqua.it\/Montale\/"},{"@type":"ListItem","position":2,"name":"Montale","item":"https:\/\/www.noidiqua.it\/Montale\/montale-2\/"},{"@type":"ListItem","position":3,"name":"Solidariet\u00e0 &#8211; per gli altri"}]},{"@type":"WebSite","@id":"https:\/\/www.noidiqua.it\/Montale\/#website","url":"https:\/\/www.noidiqua.it\/Montale\/","name":"Noi di Qua Testata giornalistica e di attualit\u00e0 di Agliana, Montale e Quarrata.","description":"Testata Giornalistica Quarrata Montale Agliana","potentialAction":[{"@type":"SearchAction","target":{"@type":"EntryPoint","urlTemplate":"https:\/\/www.noidiqua.it\/Montale\/?s={search_term_string}"},"query-input":{"@type":"PropertyValueSpecification","valueRequired":true,"valueName":"search_term_string"}}],"inLanguage":"it-IT"}]}},"_links":{"self":[{"href":"https:\/\/www.noidiqua.it\/Montale\/wp-json\/wp\/v2\/pages\/253","targetHints":{"allow":["GET"]}}],"collection":[{"href":"https:\/\/www.noidiqua.it\/Montale\/wp-json\/wp\/v2\/pages"}],"about":[{"href":"https:\/\/www.noidiqua.it\/Montale\/wp-json\/wp\/v2\/types\/page"}],"author":[{"embeddable":true,"href":"https:\/\/www.noidiqua.it\/Montale\/wp-json\/wp\/v2\/users\/2"}],"replies":[{"embeddable":true,"href":"https:\/\/www.noidiqua.it\/Montale\/wp-json\/wp\/v2\/comments?post=253"}],"version-history":[{"count":0,"href":"https:\/\/www.noidiqua.it\/Montale\/wp-json\/wp\/v2\/pages\/253\/revisions"}],"up":[{"embeddable":true,"href":"https:\/\/www.noidiqua.it\/Montale\/wp-json\/wp\/v2\/pages\/12"}],"wp:attachment":[{"href":"https:\/\/www.noidiqua.it\/Montale\/wp-json\/wp\/v2\/media?parent=253"}],"curies":[{"name":"wp","href":"https:\/\/api.w.org\/{rel}","templated":true}]}}