{"id":3022,"date":"2014-08-27T09:21:16","date_gmt":"2014-08-27T07:21:16","guid":{"rendered":"https:\/\/www.noidiqua.it\/Montale\/?page_id=3022"},"modified":"2014-08-27T09:21:16","modified_gmt":"2014-08-27T07:21:16","slug":"persone-e-personaggi","status":"publish","type":"page","link":"https:\/\/www.noidiqua.it\/Montale\/montale-2\/persone-e-personaggi\/","title":{"rendered":"Persone e personaggi"},"content":{"rendered":"<div class=\"widget widget_latest_posts\"><h3 class=\"widgettitle\">Persone e personaggi<\/h3>\t\t    <div class=\"latest_posts\">\n\t\t\t<ul class=\"small-thumb\">\n\t\t\t\t<li>\n<div class=\"small-custom-frame-wrapper alignleft frame-shadow\"><div class=\"custom-frame-inner-wrapper\"><div class=\"custom-frame-padding\"><a href=\"https:\/\/www.noidiqua.it\/Montale\/il-nostro-ricordo-del-dottor-giustini\/\" title=\"il nostro ricordo del dottor Giustini\"><img loading=\"lazy\" decoding=\"async\" src=\"https:\/\/www.noidiqua.it\/Montale\/wp-content\/uploads\/2026\/04\/dott-Giustini-160x120_c.png\" width=\"160\" height=\"120\" alt=\"il nostro ricordo del dottor Giustini\" \/><\/a><\/div><\/div><\/div>\t\t\t\t    <a class=\"teaser-title\" title=\"il nostro ricordo del dottor Giustini\" href=\"https:\/\/www.noidiqua.it\/Montale\/il-nostro-ricordo-del-dottor-giustini\/\">il nostro ricordo del dottor Giustini<\/a>\n\t\t\t\t    <div class=\"teaser-content\">di Giacomo Bini. Foto: Gabriele Bellini marzo 2026 La morte del dottor Ettore Saffi Giustini, lo scorso 10 dicembre 2025, all\u2019et\u00e0 di 75 anni, ha lasciato un grande vuoto nella comunit\u00e0 di Montale e un grande dolore anche nella redazione di Noidiqua della quale il medico montalese era un caro e stimato amico. Non...<\/div>\n                                            <a title=\"il nostro ricordo del dottor Giustini\" href=\"https:\/\/www.noidiqua.it\/Montale\/il-nostro-ricordo-del-dottor-giustini\/\" class=\"read-more-align-right\"><span>Leggi tutto<\/span> &rarr;<\/a>\n\t\t\t\t    <div class=\"clear\"><\/div>\n\t\t\t\t<\/li>\n\t\t\t\t<li>\n<div class=\"small-custom-frame-wrapper alignleft frame-shadow\"><div class=\"custom-frame-inner-wrapper\"><div class=\"custom-frame-padding\"><a href=\"https:\/\/www.noidiqua.it\/Montale\/emanuele-giaconi-per-tutti-papia\/\" title=\"Emanuele Giaconi &#8211; per tutti \u201cPap\u00eca\u201d\"><img loading=\"lazy\" decoding=\"async\" src=\"https:\/\/www.noidiqua.it\/Montale\/wp-content\/uploads\/2025\/12\/Giaconi-Emanuele-1-160x120_c.png\" width=\"160\" height=\"120\" alt=\"Emanuele Giaconi - per tutti \u201cPap\u00eca\u201d\" \/><\/a><\/div><\/div><\/div>\t\t\t\t    <a class=\"teaser-title\" title=\"Emanuele Giaconi &#8211; per tutti \u201cPap\u00eca\u201d\" href=\"https:\/\/www.noidiqua.it\/Montale\/emanuele-giaconi-per-tutti-papia\/\">Emanuele Giaconi &#8211; per tutti \u201cPap\u00eca\u201d<\/a>\n\t\t\t\t    <div class=\"teaser-content\">di Giacomo Bini. Foto: Daniele Paolieri dicembre 2025 Questo non \u00e8 un ricordo, ma la constatazione di una presenza viva nella comunit\u00e0 montalese, quella di Emanuele Giaconi, a tutti noto come \u201cPap\u00eca\u201d, deceduto all\u2019improvviso il 19 novembre del 2022 all\u2019et\u00e0 di 61 anni, eppure ancora oggi \u201csempre con noi\u201d nelle conversazioni, negli incontri tra...<\/div>\n                                            <a title=\"Emanuele Giaconi &#8211; per tutti \u201cPap\u00eca\u201d\" href=\"https:\/\/www.noidiqua.it\/Montale\/emanuele-giaconi-per-tutti-papia\/\" class=\"read-more-align-right\"><span>Leggi tutto<\/span> &rarr;<\/a>\n\t\t\t\t    <div class=\"clear\"><\/div>\n\t\t\t\t<\/li>\n\t\t\t\t<li>\n<div class=\"small-custom-frame-wrapper alignleft frame-shadow\"><div class=\"custom-frame-inner-wrapper\"><div class=\"custom-frame-padding\"><a href=\"https:\/\/www.noidiqua.it\/Montale\/roberto-russo-il-mio-ricordo-di-vannino\/\" title=\"Roberto Russo &#8211; il mio ricordo di \u201cVannino\u201d\"><img loading=\"lazy\" decoding=\"async\" src=\"https:\/\/www.noidiqua.it\/Montale\/wp-content\/uploads\/2025\/10\/Russo-2-160x120_c.png\" width=\"160\" height=\"120\" alt=\"Roberto Russo - il mio ricordo di \u201cVannino\u201d\" \/><\/a><\/div><\/div><\/div>\t\t\t\t    <a class=\"teaser-title\" title=\"Roberto Russo &#8211; il mio ricordo di \u201cVannino\u201d\" href=\"https:\/\/www.noidiqua.it\/Montale\/roberto-russo-il-mio-ricordo-di-vannino\/\">Roberto Russo &#8211; il mio ricordo di \u201cVannino\u201d<\/a>\n\t\t\t\t    <div class=\"teaser-content\">di Marco Bagnoli settembre 2025 A distanza di un paio di anni siamo tornati a trovare Roberto Russo, il giovane filmmaker dalla lunga esperienza, che si divide tra il mondo della TV e della pubblicit\u00e0, e quello altrettanto stimolante dell\u2019insegnamento. Il cinema resta in lui, come una linfa sempreverde che lo alimenta, da quando...<\/div>\n                                            <a title=\"Roberto Russo &#8211; il mio ricordo di \u201cVannino\u201d\" href=\"https:\/\/www.noidiqua.it\/Montale\/roberto-russo-il-mio-ricordo-di-vannino\/\" class=\"read-more-align-right\"><span>Leggi tutto<\/span> &rarr;<\/a>\n\t\t\t\t    <div class=\"clear\"><\/div>\n\t\t\t\t<\/li>\n\t\t\t\t<li>\n<div class=\"small-custom-frame-wrapper alignleft frame-shadow\"><div class=\"custom-frame-inner-wrapper\"><div class=\"custom-frame-padding\"><a href=\"https:\/\/www.noidiqua.it\/Montale\/filippo-borselli-dalla-nasa-a-parigi-un-ricercatore-davanguardia-tra-fotoni-e-qubit\/\" title=\"Filippo Borselli &#8211; dalla Nasa a Parigi: un ricercatore d&#8217;avanguardia tra fotoni e qubit\"><img loading=\"lazy\" decoding=\"async\" src=\"https:\/\/www.noidiqua.it\/Montale\/wp-content\/uploads\/2025\/07\/borselli-1-160x120_c.png\" width=\"160\" height=\"120\" alt=\"Filippo Borselli - dalla Nasa a Parigi: un ricercatore d&#039;avanguardia tra fotoni e qubit\" \/><\/a><\/div><\/div><\/div>\t\t\t\t    <a class=\"teaser-title\" title=\"Filippo Borselli &#8211; dalla Nasa a Parigi: un ricercatore d&#8217;avanguardia tra fotoni e qubit\" href=\"https:\/\/www.noidiqua.it\/Montale\/filippo-borselli-dalla-nasa-a-parigi-un-ricercatore-davanguardia-tra-fotoni-e-qubit\/\">Filippo Borselli &#8211; dalla Nasa a Parigi: un ricercatore d&#8217;avanguardia tra fotoni e qubit<\/a>\n\t\t\t\t    <div class=\"teaser-content\">di Giacomo Bini. Foto: Gabriele Bellini giugno 2025 Da Vienna alla Nasa e dalla Nasa a Parigi, in una societ\u00e0 che fa ricerca di avanguardia nel campo della memoria quantistica, una delle frontiere pi\u00f9 avanzate della scienza e della tecnologia contemporanea. Filippo Borselli, 35 anni di Montale, \u00e8 un giovane scienziato ormai proiettato in...<\/div>\n                                            <a title=\"Filippo Borselli &#8211; dalla Nasa a Parigi: un ricercatore d&#8217;avanguardia tra fotoni e qubit\" href=\"https:\/\/www.noidiqua.it\/Montale\/filippo-borselli-dalla-nasa-a-parigi-un-ricercatore-davanguardia-tra-fotoni-e-qubit\/\" class=\"read-more-align-right\"><span>Leggi tutto<\/span> &rarr;<\/a>\n\t\t\t\t    <div class=\"clear\"><\/div>\n\t\t\t\t<\/li>\n\t\t\t\t<li>\n<div class=\"small-custom-frame-wrapper alignleft frame-shadow\"><div class=\"custom-frame-inner-wrapper\"><div class=\"custom-frame-padding\"><a href=\"https:\/\/www.noidiqua.it\/Montale\/daniel-gialdini-la-meteorologia-la-scuola-e-il-cambiamento-climatico\/\" title=\"Daniel Gialdini &#8211; La meteorologia,  la scuola e il cambiamento  climatico\"><img loading=\"lazy\" decoding=\"async\" src=\"https:\/\/www.noidiqua.it\/Montale\/wp-content\/uploads\/2025\/07\/Daniel-Gialdini-1-160x120_c.png\" width=\"160\" height=\"120\" alt=\"Daniel Gialdini - La meteorologia,  la scuola e il cambiamento  climatico\" \/><\/a><\/div><\/div><\/div>\t\t\t\t    <a class=\"teaser-title\" title=\"Daniel Gialdini &#8211; La meteorologia,  la scuola e il cambiamento  climatico\" href=\"https:\/\/www.noidiqua.it\/Montale\/daniel-gialdini-la-meteorologia-la-scuola-e-il-cambiamento-climatico\/\">Daniel Gialdini &#8211; La meteorologia,  la scuola e il cambiamento  climatico<\/a>\n\t\t\t\t    <div class=\"teaser-content\">di Marco Bagnoli giugno 2025 Daniel Gialdini ha 32 anni, vive da sempre a Montale e da sempre ha una passione che lo anima: la meteorologia. Gi\u00e0 all\u2019et\u00e0 di sei anni un bel giorno lo cercavano, ed era fuori a guardar cadere la neve. Lui ancora non lo sapeva, ma quello stupore innamorato per...<\/div>\n                                            <a title=\"Daniel Gialdini &#8211; La meteorologia,  la scuola e il cambiamento  climatico\" href=\"https:\/\/www.noidiqua.it\/Montale\/daniel-gialdini-la-meteorologia-la-scuola-e-il-cambiamento-climatico\/\" class=\"read-more-align-right\"><span>Leggi tutto<\/span> &rarr;<\/a>\n\t\t\t\t    <div class=\"clear\"><\/div>\n\t\t\t\t<\/li>\n\t\t\t\t<li>\n<div class=\"small-custom-frame-wrapper alignleft frame-shadow\"><div class=\"custom-frame-inner-wrapper\"><div class=\"custom-frame-padding\"><a href=\"https:\/\/www.noidiqua.it\/Montale\/alberto-gorgeri-in-pensione-lo-storico-rappresentante-di-confartigianato\/\" title=\"Alberto Gorgeri &#8211; in pensione lo storico rappresentante di Confartigianato\"><img loading=\"lazy\" decoding=\"async\" src=\"https:\/\/www.noidiqua.it\/Montale\/wp-content\/uploads\/2024\/12\/gorgeri-2-160x120_c.png\" width=\"160\" height=\"120\" alt=\"Alberto Gorgeri - in pensione lo storico rappresentante di Confartigianato\" \/><\/a><\/div><\/div><\/div>\t\t\t\t    <a class=\"teaser-title\" title=\"Alberto Gorgeri &#8211; in pensione lo storico rappresentante di Confartigianato\" href=\"https:\/\/www.noidiqua.it\/Montale\/alberto-gorgeri-in-pensione-lo-storico-rappresentante-di-confartigianato\/\">Alberto Gorgeri &#8211; in pensione lo storico rappresentante di Confartigianato<\/a>\n\t\t\t\t    <div class=\"teaser-content\">di Giacomo Bini dicembre 2024 Alberto Gorgeri \u00e8 andato in pensione dopo aver lavorato per 42 anni alla Confartigianato di Montale ed aver guadagnato in questo lungo tempo la stima, la gratitudine ma anche l\u2019amicizia di tantissimi associati, artigiani e esercenti ma anche di singoli cittadini che hanno usufruito del suo competente servizio nelle...<\/div>\n                                            <a title=\"Alberto Gorgeri &#8211; in pensione lo storico rappresentante di Confartigianato\" href=\"https:\/\/www.noidiqua.it\/Montale\/alberto-gorgeri-in-pensione-lo-storico-rappresentante-di-confartigianato\/\" class=\"read-more-align-right\"><span>Leggi tutto<\/span> &rarr;<\/a>\n\t\t\t\t    <div class=\"clear\"><\/div>\n\t\t\t\t<\/li>\n\t\t\t\t<li>\n<div class=\"small-custom-frame-wrapper alignleft frame-shadow\"><div class=\"custom-frame-inner-wrapper\"><div class=\"custom-frame-padding\"><a href=\"https:\/\/www.noidiqua.it\/Montale\/vittorio-votino-fra-musica-sport-e-gelato\/\" title=\"Vittorio Votino &#8211; fra musica, sport&#8230; e gelato!\"><img loading=\"lazy\" decoding=\"async\" src=\"https:\/\/www.noidiqua.it\/Montale\/wp-content\/uploads\/2024\/12\/Votino-1-160x120_c.png\" width=\"160\" height=\"120\" alt=\"Vittorio Votino - fra musica, sport... e gelato!\" \/><\/a><\/div><\/div><\/div>\t\t\t\t    <a class=\"teaser-title\" title=\"Vittorio Votino &#8211; fra musica, sport&#8230; e gelato!\" href=\"https:\/\/www.noidiqua.it\/Montale\/vittorio-votino-fra-musica-sport-e-gelato\/\">Vittorio Votino &#8211; fra musica, sport&#8230; e gelato!<\/a>\n\t\t\t\t    <div class=\"teaser-content\">di Marco Bagnoli. Foto: Gabriele Bellini dicembre 2024 Cercare in qualche modo di definire Vittorio Votino sarebbe comunque riduttivo. Un po&#8217; come in \u201cUno nessuno e centomila\u201d di Pirandello, anche lui \u00e8 rispettivamente il figlio di suo padre Valeriano, nella cui gelateria l\u2019Hula Hoop, Vittorio lavora; oppure il nipote di nonno Fedele, lo storico...<\/div>\n                                            <a title=\"Vittorio Votino &#8211; fra musica, sport&#8230; e gelato!\" href=\"https:\/\/www.noidiqua.it\/Montale\/vittorio-votino-fra-musica-sport-e-gelato\/\" class=\"read-more-align-right\"><span>Leggi tutto<\/span> &rarr;<\/a>\n\t\t\t\t    <div class=\"clear\"><\/div>\n\t\t\t\t<\/li>\n\t\t\t\t<li>\n<div class=\"small-custom-frame-wrapper alignleft frame-shadow\"><div class=\"custom-frame-inner-wrapper\"><div class=\"custom-frame-padding\"><a href=\"https:\/\/www.noidiqua.it\/Montale\/laura-santanni-insegnante-e-studiosa-di-gherardo-nerucci\/\" title=\"Laura Santanni &#8211; insegnante e studiosa di Gherardo Nerucci\"><img loading=\"lazy\" decoding=\"async\" src=\"https:\/\/www.noidiqua.it\/Montale\/wp-content\/uploads\/2024\/07\/Santanni-2-160x120_c.png\" width=\"160\" height=\"120\" alt=\"Laura Santanni - insegnante e studiosa di Gherardo Nerucci\" \/><\/a><\/div><\/div><\/div>\t\t\t\t    <a class=\"teaser-title\" title=\"Laura Santanni &#8211; insegnante e studiosa di Gherardo Nerucci\" href=\"https:\/\/www.noidiqua.it\/Montale\/laura-santanni-insegnante-e-studiosa-di-gherardo-nerucci\/\">Laura Santanni &#8211; insegnante e studiosa di Gherardo Nerucci<\/a>\n\t\t\t\t    <div class=\"teaser-content\">Foto: Gabriele Bellini giugno 2024 Laura Santanni, docente di lettere alla scuola media di Montale \u00e8 da anni una studiosa dell\u2019opera e della personalit\u00e0 di Gherardo Nerucci. I suoi studi sono iniziati con la tesi di laurea discussa nel 1987 avendo come relatore Lanfranco Caretti e da allora Laura Santanni ha continuato a dedicarsi...<\/div>\n                                            <a title=\"Laura Santanni &#8211; insegnante e studiosa di Gherardo Nerucci\" href=\"https:\/\/www.noidiqua.it\/Montale\/laura-santanni-insegnante-e-studiosa-di-gherardo-nerucci\/\" class=\"read-more-align-right\"><span>Leggi tutto<\/span> &rarr;<\/a>\n\t\t\t\t    <div class=\"clear\"><\/div>\n\t\t\t\t<\/li>\n\t\t\t\t<li>\n<div class=\"small-custom-frame-wrapper alignleft frame-shadow\"><div class=\"custom-frame-inner-wrapper\"><div class=\"custom-frame-padding\"><a href=\"https:\/\/www.noidiqua.it\/Montale\/valerio-vignolini-il-viaggio-come-filosofia-di-vita\/\" title=\"Valerio Vignolini &#8211; il viaggio come filosofia di vita\"><img loading=\"lazy\" decoding=\"async\" src=\"https:\/\/www.noidiqua.it\/Montale\/wp-content\/uploads\/2024\/04\/vignolini-valerio-1-1-160x120_c.png\" width=\"160\" height=\"120\" alt=\"Valerio Vignolini - il viaggio come filosofia di vita\" \/><\/a><\/div><\/div><\/div>\t\t\t\t    <a class=\"teaser-title\" title=\"Valerio Vignolini &#8211; il viaggio come filosofia di vita\" href=\"https:\/\/www.noidiqua.it\/Montale\/valerio-vignolini-il-viaggio-come-filosofia-di-vita\/\">Valerio Vignolini &#8211; il viaggio come filosofia di vita<\/a>\n\t\t\t\t    <div class=\"teaser-content\">di Giacomo Bini marzo 2024 Per capire la differenza tra un vero viaggiatore e un semplice turista basta conoscere Valerio Vignolini, montalese di 83 anni che ha dedicato trent\u2019anni a viaggi compiuti fuori da tutte le rotte turistiche. Sull\u2019ultimo viaggio, compiuto nel 2013 sulle tracce dell\u2019antica via della Seta, \u00e8 stato tratto un film-documentario...<\/div>\n                                            <a title=\"Valerio Vignolini &#8211; il viaggio come filosofia di vita\" href=\"https:\/\/www.noidiqua.it\/Montale\/valerio-vignolini-il-viaggio-come-filosofia-di-vita\/\" class=\"read-more-align-right\"><span>Leggi tutto<\/span> &rarr;<\/a>\n\t\t\t\t    <div class=\"clear\"><\/div>\n\t\t\t\t<\/li>\n\t\t\t\t<li>\n<div class=\"small-custom-frame-wrapper alignleft frame-shadow\"><div class=\"custom-frame-inner-wrapper\"><div class=\"custom-frame-padding\"><a href=\"https:\/\/www.noidiqua.it\/Montale\/il-nostro-ricordo-del-dottor-guido-pastacaldi\/\" title=\"il nostro ricordo del dottor Guido Pastacaldi\"><img loading=\"lazy\" decoding=\"async\" src=\"https:\/\/www.noidiqua.it\/Montale\/wp-content\/uploads\/2023\/10\/pastacaldi_-160x120_c.png\" width=\"160\" height=\"120\" alt=\"il nostro ricordo del dottor Guido Pastacaldi\" \/><\/a><\/div><\/div><\/div>\t\t\t\t    <a class=\"teaser-title\" title=\"il nostro ricordo del dottor Guido Pastacaldi\" href=\"https:\/\/www.noidiqua.it\/Montale\/il-nostro-ricordo-del-dottor-guido-pastacaldi\/\">il nostro ricordo del dottor Guido Pastacaldi<\/a>\n\t\t\t\t    <div class=\"teaser-content\">di Piera Salvi settembre 2023 Cordoglio infinito nella comunit\u00e0 aglianese e oltre per la scomparsa del dottor Guido Pastacaldi, avvenuta il 3 agosto scorso all\u2019ospedale fiorentino di Careggi, dove era ricoverato in seguito alla grave malattia che l\u2019aveva colpito. Il noto e stimato medico aveva 69 anni ed era in pensione da appena un...<\/div>\n                                            <a title=\"il nostro ricordo del dottor Guido Pastacaldi\" href=\"https:\/\/www.noidiqua.it\/Montale\/il-nostro-ricordo-del-dottor-guido-pastacaldi\/\" class=\"read-more-align-right\"><span>Leggi tutto<\/span> &rarr;<\/a>\n\t\t\t\t    <div class=\"clear\"><\/div>\n\t\t\t\t<\/li>\n\t\t\t<\/ul>\n\t\t    <\/div><!-- end widget_recent_posts -->\n<\/div>\n<a class=\"flat-custom-button align-btn-left\" href=\"https:\/\/www.noidiqua.it\/Montale\/category\/mt\/persone-e-personaggi\/\" title=\"Mostra tutti gli articoli di questa sezione\"><span style=\"padding:10px 20px; background-color:#ed162d; border:1px solid #ed162d; color:#FFFFFF; font-size:14px;\">Mostra tutti gli articoli precedenti<\/span><\/a>","protected":false},"excerpt":{"rendered":"","protected":false},"author":1,"featured_media":0,"parent":12,"menu_order":0,"comment_status":"open","ping_status":"closed","template":"","meta":{"footnotes":""},"class_list":["post-3022","page","type-page","status-publish","hentry"],"yoast_head":"<!-- This site is optimized with the Yoast SEO plugin v25.5 - https:\/\/yoast.com\/wordpress\/plugins\/seo\/ -->\n<title>Persone e personaggi - Noi di Qua Testata giornalistica e di attualit\u00e0 di Agliana, Montale e Quarrata.<\/title>\n<meta name=\"robots\" content=\"index, follow, max-snippet:-1, max-image-preview:large, max-video-preview:-1\" \/>\n<link rel=\"canonical\" href=\"https:\/\/www.noidiqua.it\/Montale\/montale-2\/persone-e-personaggi\/\" \/>\n<meta property=\"og:locale\" content=\"it_IT\" \/>\n<meta property=\"og:type\" content=\"article\" \/>\n<meta property=\"og:title\" content=\"Persone e personaggi - Noi di Qua Testata giornalistica e di attualit\u00e0 di Agliana, Montale e Quarrata.\" \/>\n<meta property=\"og:url\" content=\"https:\/\/www.noidiqua.it\/Montale\/montale-2\/persone-e-personaggi\/\" \/>\n<meta property=\"og:site_name\" content=\"Noi di Qua Testata giornalistica e di attualit\u00e0 di Agliana, Montale e Quarrata.\" \/>\n<meta property=\"article:publisher\" content=\"https:\/\/www.facebook.com\/noidiqua.trimestrale\/\" \/>\n<meta property=\"og:image\" content=\"https:\/\/www.noidiqua.it\/Montale\/wp-content\/uploads\/2019\/03\/logo-sito.jpg\" \/>\n<script type=\"application\/ld+json\" class=\"yoast-schema-graph\">{\"@context\":\"https:\/\/schema.org\",\"@graph\":[{\"@type\":\"WebPage\",\"@id\":\"https:\/\/www.noidiqua.it\/Montale\/montale-2\/persone-e-personaggi\/\",\"url\":\"https:\/\/www.noidiqua.it\/Montale\/montale-2\/persone-e-personaggi\/\",\"name\":\"Persone e personaggi - Noi di Qua Testata giornalistica e di attualit\u00e0 di Agliana, Montale e Quarrata.\",\"isPartOf\":{\"@id\":\"https:\/\/www.noidiqua.it\/Montale\/#website\"},\"datePublished\":\"2014-08-27T07:21:16+00:00\",\"breadcrumb\":{\"@id\":\"https:\/\/www.noidiqua.it\/Montale\/montale-2\/persone-e-personaggi\/#breadcrumb\"},\"inLanguage\":\"it-IT\",\"potentialAction\":[{\"@type\":\"ReadAction\",\"target\":[\"https:\/\/www.noidiqua.it\/Montale\/montale-2\/persone-e-personaggi\/\"]}]},{\"@type\":\"BreadcrumbList\",\"@id\":\"https:\/\/www.noidiqua.it\/Montale\/montale-2\/persone-e-personaggi\/#breadcrumb\",\"itemListElement\":[{\"@type\":\"ListItem\",\"position\":1,\"name\":\"Home\",\"item\":\"https:\/\/www.noidiqua.it\/Montale\/\"},{\"@type\":\"ListItem\",\"position\":2,\"name\":\"Montale\",\"item\":\"https:\/\/www.noidiqua.it\/Montale\/montale-2\/\"},{\"@type\":\"ListItem\",\"position\":3,\"name\":\"Persone e personaggi\"}]},{\"@type\":\"WebSite\",\"@id\":\"https:\/\/www.noidiqua.it\/Montale\/#website\",\"url\":\"https:\/\/www.noidiqua.it\/Montale\/\",\"name\":\"Noi di Qua Testata giornalistica e di attualit\u00e0 di Agliana, Montale e Quarrata.\",\"description\":\"Testata Giornalistica Quarrata Montale Agliana\",\"potentialAction\":[{\"@type\":\"SearchAction\",\"target\":{\"@type\":\"EntryPoint\",\"urlTemplate\":\"https:\/\/www.noidiqua.it\/Montale\/?s={search_term_string}\"},\"query-input\":{\"@type\":\"PropertyValueSpecification\",\"valueRequired\":true,\"valueName\":\"search_term_string\"}}],\"inLanguage\":\"it-IT\"}]}<\/script>\n<!-- \/ Yoast SEO plugin. -->","yoast_head_json":{"title":"Persone e personaggi - Noi di Qua Testata giornalistica e di attualit\u00e0 di Agliana, Montale e Quarrata.","robots":{"index":"index","follow":"follow","max-snippet":"max-snippet:-1","max-image-preview":"max-image-preview:large","max-video-preview":"max-video-preview:-1"},"canonical":"https:\/\/www.noidiqua.it\/Montale\/montale-2\/persone-e-personaggi\/","og_locale":"it_IT","og_type":"article","og_title":"Persone e personaggi - Noi di Qua Testata giornalistica e di attualit\u00e0 di Agliana, Montale e Quarrata.","og_url":"https:\/\/www.noidiqua.it\/Montale\/montale-2\/persone-e-personaggi\/","og_site_name":"Noi di Qua Testata giornalistica e di attualit\u00e0 di Agliana, Montale e Quarrata.","article_publisher":"https:\/\/www.facebook.com\/noidiqua.trimestrale\/","og_image":[{"url":"https:\/\/www.noidiqua.it\/Montale\/wp-content\/uploads\/2019\/03\/logo-sito.jpg","type":"","width":"","height":""}],"schema":{"@context":"https:\/\/schema.org","@graph":[{"@type":"WebPage","@id":"https:\/\/www.noidiqua.it\/Montale\/montale-2\/persone-e-personaggi\/","url":"https:\/\/www.noidiqua.it\/Montale\/montale-2\/persone-e-personaggi\/","name":"Persone e personaggi - Noi di Qua Testata giornalistica e di attualit\u00e0 di Agliana, Montale e Quarrata.","isPartOf":{"@id":"https:\/\/www.noidiqua.it\/Montale\/#website"},"datePublished":"2014-08-27T07:21:16+00:00","breadcrumb":{"@id":"https:\/\/www.noidiqua.it\/Montale\/montale-2\/persone-e-personaggi\/#breadcrumb"},"inLanguage":"it-IT","potentialAction":[{"@type":"ReadAction","target":["https:\/\/www.noidiqua.it\/Montale\/montale-2\/persone-e-personaggi\/"]}]},{"@type":"BreadcrumbList","@id":"https:\/\/www.noidiqua.it\/Montale\/montale-2\/persone-e-personaggi\/#breadcrumb","itemListElement":[{"@type":"ListItem","position":1,"name":"Home","item":"https:\/\/www.noidiqua.it\/Montale\/"},{"@type":"ListItem","position":2,"name":"Montale","item":"https:\/\/www.noidiqua.it\/Montale\/montale-2\/"},{"@type":"ListItem","position":3,"name":"Persone e personaggi"}]},{"@type":"WebSite","@id":"https:\/\/www.noidiqua.it\/Montale\/#website","url":"https:\/\/www.noidiqua.it\/Montale\/","name":"Noi di Qua Testata giornalistica e di attualit\u00e0 di Agliana, Montale e Quarrata.","description":"Testata Giornalistica Quarrata Montale Agliana","potentialAction":[{"@type":"SearchAction","target":{"@type":"EntryPoint","urlTemplate":"https:\/\/www.noidiqua.it\/Montale\/?s={search_term_string}"},"query-input":{"@type":"PropertyValueSpecification","valueRequired":true,"valueName":"search_term_string"}}],"inLanguage":"it-IT"}]}},"_links":{"self":[{"href":"https:\/\/www.noidiqua.it\/Montale\/wp-json\/wp\/v2\/pages\/3022","targetHints":{"allow":["GET"]}}],"collection":[{"href":"https:\/\/www.noidiqua.it\/Montale\/wp-json\/wp\/v2\/pages"}],"about":[{"href":"https:\/\/www.noidiqua.it\/Montale\/wp-json\/wp\/v2\/types\/page"}],"author":[{"embeddable":true,"href":"https:\/\/www.noidiqua.it\/Montale\/wp-json\/wp\/v2\/users\/1"}],"replies":[{"embeddable":true,"href":"https:\/\/www.noidiqua.it\/Montale\/wp-json\/wp\/v2\/comments?post=3022"}],"version-history":[{"count":1,"href":"https:\/\/www.noidiqua.it\/Montale\/wp-json\/wp\/v2\/pages\/3022\/revisions"}],"predecessor-version":[{"id":3024,"href":"https:\/\/www.noidiqua.it\/Montale\/wp-json\/wp\/v2\/pages\/3022\/revisions\/3024"}],"up":[{"embeddable":true,"href":"https:\/\/www.noidiqua.it\/Montale\/wp-json\/wp\/v2\/pages\/12"}],"wp:attachment":[{"href":"https:\/\/www.noidiqua.it\/Montale\/wp-json\/wp\/v2\/media?parent=3022"}],"curies":[{"name":"wp","href":"https:\/\/api.w.org\/{rel}","templated":true}]}}