{"id":3047,"date":"2014-08-27T10:09:09","date_gmt":"2014-08-27T08:09:09","guid":{"rendered":"https:\/\/www.noidiqua.it\/Montale\/?page_id=3047"},"modified":"2014-08-27T10:09:09","modified_gmt":"2014-08-27T08:09:09","slug":"che-spettacolo","status":"publish","type":"page","link":"https:\/\/www.noidiqua.it\/Montale\/montale-2\/che-spettacolo\/","title":{"rendered":"Che spettacolo!"},"content":{"rendered":"<div class=\"widget widget_latest_posts\"><h3 class=\"widgettitle\">Che spettacolo!<\/h3>\t\t    <div class=\"latest_posts\">\n\t\t\t<ul class=\"small-thumb\">\n\t\t\t\t<li>\n<div class=\"small-custom-frame-wrapper alignleft frame-shadow\"><div class=\"custom-frame-inner-wrapper\"><div class=\"custom-frame-padding\"><a href=\"https:\/\/www.noidiqua.it\/Montale\/michelangelo-arrigucci-da-napoli-al-vaticano-lascesa-di-un-giovane-musicista-di-talento\/\" title=\"Michelangelo Arrigucci &#8211; da Napoli  al Vaticano, l&#8217;ascesa di un giovane musicista di talento\"><img loading=\"lazy\" decoding=\"async\" src=\"https:\/\/www.noidiqua.it\/Montale\/wp-content\/uploads\/2025\/12\/Arrigucci-4-160x120_c.png\" width=\"160\" height=\"120\" alt=\"Michelangelo Arrigucci - da Napoli  al Vaticano, l&#039;ascesa di un giovane musicista di talento\" \/><\/a><\/div><\/div><\/div>\t\t\t\t    <a class=\"teaser-title\" title=\"Michelangelo Arrigucci &#8211; da Napoli  al Vaticano, l&#8217;ascesa di un giovane musicista di talento\" href=\"https:\/\/www.noidiqua.it\/Montale\/michelangelo-arrigucci-da-napoli-al-vaticano-lascesa-di-un-giovane-musicista-di-talento\/\">Michelangelo Arrigucci &#8211; da Napoli  al Vaticano, l&#8217;ascesa di un giovane musicista di talento<\/a>\n\t\t\t\t    <div class=\"teaser-content\">di Giacomo Bini. Foto: Gabriele Bellini dicembre 2025 A soli diciotto anni, il flautista montalese Michelangelo Arrigucci ha gi\u00e0 ottenuto risultati di grandissimo livello balzando all\u2019onore delle cronache nazionali con il terzo posto al prestigiosissimo concorso internazionale Severino Gazzelloni di Napoli e suonando in Vaticano, nella sala Nervi, davanti a Papa Leone XIV come...<\/div>\n                                            <a title=\"Michelangelo Arrigucci &#8211; da Napoli  al Vaticano, l&#8217;ascesa di un giovane musicista di talento\" href=\"https:\/\/www.noidiqua.it\/Montale\/michelangelo-arrigucci-da-napoli-al-vaticano-lascesa-di-un-giovane-musicista-di-talento\/\" class=\"read-more-align-right\"><span>Leggi tutto<\/span> &rarr;<\/a>\n\t\t\t\t    <div class=\"clear\"><\/div>\n\t\t\t\t<\/li>\n\t\t\t\t<li>\n<div class=\"small-custom-frame-wrapper alignleft frame-shadow\"><div class=\"custom-frame-inner-wrapper\"><div class=\"custom-frame-padding\"><a href=\"https:\/\/www.noidiqua.it\/Montale\/chiara-lucchesi-pianista-insegnante-e-cantautrice\/\" title=\"Chiara Lucchesi &#8211; pianista, insegnante e cantautrice\"><img loading=\"lazy\" decoding=\"async\" src=\"https:\/\/www.noidiqua.it\/Montale\/wp-content\/uploads\/2025\/10\/Lucchesi-2-160x120_c.png\" width=\"160\" height=\"120\" alt=\"Chiara Lucchesi - pianista, insegnante e cantautrice\" \/><\/a><\/div><\/div><\/div>\t\t\t\t    <a class=\"teaser-title\" title=\"Chiara Lucchesi &#8211; pianista, insegnante e cantautrice\" href=\"https:\/\/www.noidiqua.it\/Montale\/chiara-lucchesi-pianista-insegnante-e-cantautrice\/\">Chiara Lucchesi &#8211; pianista, insegnante e cantautrice<\/a>\n\t\t\t\t    <div class=\"teaser-content\">di Giacomo Bini. Foto: Gabriele Bellini settembre 2025 Chiara Lucchesi \u00e8 una giovane pianista e insegnante di musica che ha appena pubblicato una canzone tutta sua sulle principali piattaforme musicali (spotify, applemusic, home of music e youtube) . La canzone , intitolata \u201cLegame tossico\u201d e firmata con lo pseudonimo Ayra, \u00e8 una sua creazione...<\/div>\n                                            <a title=\"Chiara Lucchesi &#8211; pianista, insegnante e cantautrice\" href=\"https:\/\/www.noidiqua.it\/Montale\/chiara-lucchesi-pianista-insegnante-e-cantautrice\/\" class=\"read-more-align-right\"><span>Leggi tutto<\/span> &rarr;<\/a>\n\t\t\t\t    <div class=\"clear\"><\/div>\n\t\t\t\t<\/li>\n\t\t\t\t<li>\n<div class=\"small-custom-frame-wrapper alignleft frame-shadow\"><div class=\"custom-frame-inner-wrapper\"><div class=\"custom-frame-padding\"><a href=\"https:\/\/www.noidiqua.it\/Montale\/il-nostro-johnny-depp\/\" title=\"il nostro Johnny Depp\"><img loading=\"lazy\" decoding=\"async\" src=\"https:\/\/www.noidiqua.it\/Montale\/wp-content\/uploads\/2025\/04\/borgioli-1-160x120_c.png\" width=\"160\" height=\"120\" alt=\"il nostro Johnny Depp\" \/><\/a><\/div><\/div><\/div>\t\t\t\t    <a class=\"teaser-title\" title=\"il nostro Johnny Depp\" href=\"https:\/\/www.noidiqua.it\/Montale\/il-nostro-johnny-depp\/\">il nostro Johnny Depp<\/a>\n\t\t\t\t    <div class=\"teaser-content\">di David Colzi marzo 2025 Foto: Fulvio Pastorino Nel\u00a02019\u00a0portammo alla vostra attenzione il nostro vignettista\u00a0Massimo Borgioli, autore della rubrica \u201cQua si ride\u201d, e non per rimarcare le sue qualit\u00e0 di disegnatore, ma per raccontarvi delle sua doppia vita. Infatti una volta riposti lapis e chine, lui indossa i panni di\u00a0Johnny Depp\u00a0e dei suoi molteplici...<\/div>\n                                            <a title=\"il nostro Johnny Depp\" href=\"https:\/\/www.noidiqua.it\/Montale\/il-nostro-johnny-depp\/\" class=\"read-more-align-right\"><span>Leggi tutto<\/span> &rarr;<\/a>\n\t\t\t\t    <div class=\"clear\"><\/div>\n\t\t\t\t<\/li>\n\t\t\t\t<li>\n<div class=\"small-custom-frame-wrapper alignleft frame-shadow\"><div class=\"custom-frame-inner-wrapper\"><div class=\"custom-frame-padding\"><a href=\"https:\/\/www.noidiqua.it\/Montale\/davide-calandra-il-rap-autentico\/\" title=\"Davide Calandra &#8211; il rap \u201cAutentico\u201d\"><img loading=\"lazy\" decoding=\"async\" src=\"https:\/\/www.noidiqua.it\/Montale\/wp-content\/uploads\/2025\/04\/calandra-2-160x120_c.png\" width=\"160\" height=\"120\" alt=\"Davide Calandra - il rap \u201cAutentico\u201d\" \/><\/a><\/div><\/div><\/div>\t\t\t\t    <a class=\"teaser-title\" title=\"Davide Calandra &#8211; il rap \u201cAutentico\u201d\" href=\"https:\/\/www.noidiqua.it\/Montale\/davide-calandra-il-rap-autentico\/\">Davide Calandra &#8211; il rap \u201cAutentico\u201d<\/a>\n\t\t\t\t    <div class=\"teaser-content\">di Marco Bagnoli. Foto: Gabriele Bellini. marzo 2025 Davide Calandra ha trent\u2019anni e ha ormai maturato una certa esperienza nel mondo della musica \u2013 e non potrebbe proprio farne a meno: \u00e8 ancora piccolissimo quando per gioco si mette a cantare dentro un microfono. Succede allora che tutti si accorgono che \u00e8 davvero bravo,...<\/div>\n                                            <a title=\"Davide Calandra &#8211; il rap \u201cAutentico\u201d\" href=\"https:\/\/www.noidiqua.it\/Montale\/davide-calandra-il-rap-autentico\/\" class=\"read-more-align-right\"><span>Leggi tutto<\/span> &rarr;<\/a>\n\t\t\t\t    <div class=\"clear\"><\/div>\n\t\t\t\t<\/li>\n\t\t\t\t<li>\n<div class=\"small-custom-frame-wrapper alignleft frame-shadow\"><div class=\"custom-frame-inner-wrapper\"><div class=\"custom-frame-padding\"><a href=\"https:\/\/www.noidiqua.it\/Montale\/gli-skitarrati\/\" title=\"Gli Skitarrati\"><img loading=\"lazy\" decoding=\"async\" src=\"https:\/\/www.noidiqua.it\/Montale\/wp-content\/uploads\/2024\/10\/skitarrati-2-160x120_c.png\" width=\"160\" height=\"120\" alt=\"Gli Skitarrati\" \/><\/a><\/div><\/div><\/div>\t\t\t\t    <a class=\"teaser-title\" title=\"Gli Skitarrati\" href=\"https:\/\/www.noidiqua.it\/Montale\/gli-skitarrati\/\">Gli Skitarrati<\/a>\n\t\t\t\t    <div class=\"teaser-content\">di Marco Bagnoli settembre 2024 Se siete tra quelli che proprio non capiscono la musica Trap; che non sopportano i tormentoni estivi; che gridano vendetta contro i cantanti in TV. Insomma, se di cominciare a sentirvi vecchi proprio non vi va, allora questo articolo sembra fatto apposta per voi. Ma si parla di musica!...<\/div>\n                                            <a title=\"Gli Skitarrati\" href=\"https:\/\/www.noidiqua.it\/Montale\/gli-skitarrati\/\" class=\"read-more-align-right\"><span>Leggi tutto<\/span> &rarr;<\/a>\n\t\t\t\t    <div class=\"clear\"><\/div>\n\t\t\t\t<\/li>\n\t\t\t\t<li>\n<div class=\"small-custom-frame-wrapper alignleft frame-shadow\"><div class=\"custom-frame-inner-wrapper\"><div class=\"custom-frame-padding\"><a href=\"https:\/\/www.noidiqua.it\/Montale\/marco-e-i-beatles\/\" title=\"Marco e i Beatles\"><img loading=\"lazy\" decoding=\"async\" src=\"https:\/\/www.noidiqua.it\/Montale\/wp-content\/uploads\/2023\/12\/the-beatles-160x120_c.png\" width=\"160\" height=\"120\" alt=\"Marco e i Beatles\" \/><\/a><\/div><\/div><\/div>\t\t\t\t    <a class=\"teaser-title\" title=\"Marco e i Beatles\" href=\"https:\/\/www.noidiqua.it\/Montale\/marco-e-i-beatles\/\">Marco e i Beatles<\/a>\n\t\t\t\t    <div class=\"teaser-content\">di David Colzi dicembre 2023 Abbiamo fatto quattro chiacchiere con il nostro collaboratore Marco Bagnoli, in procinto di conseguire la Laurea Magistrale su un argomento musicale di stretta attualit\u00e0: i Beatles. Preceduti dall\u2019ultimo album dei Rolling Stones, Hackney Diamonds, anche i quattro baronetti di Liverpool sono tornati dal passato \u2013 e per l\u2019ultima volta,...<\/div>\n                                            <a title=\"Marco e i Beatles\" href=\"https:\/\/www.noidiqua.it\/Montale\/marco-e-i-beatles\/\" class=\"read-more-align-right\"><span>Leggi tutto<\/span> &rarr;<\/a>\n\t\t\t\t    <div class=\"clear\"><\/div>\n\t\t\t\t<\/li>\n\t\t\t\t<li>\n<div class=\"small-custom-frame-wrapper alignleft frame-shadow\"><div class=\"custom-frame-inner-wrapper\"><div class=\"custom-frame-padding\"><a href=\"https:\/\/www.noidiqua.it\/Montale\/francesca-sarteanesi-faccio-presente-il-teatro\/\" title=\"Francesca Sarteanesi &#8211; Faccio presente il teatro\"><img loading=\"lazy\" decoding=\"async\" src=\"https:\/\/www.noidiqua.it\/Montale\/wp-content\/uploads\/2022\/04\/sarteanesi-3-160x120_c.png\" width=\"160\" height=\"120\" alt=\"Francesca Sarteanesi - Faccio presente il teatro\" \/><\/a><\/div><\/div><\/div>\t\t\t\t    <a class=\"teaser-title\" title=\"Francesca Sarteanesi &#8211; Faccio presente il teatro\" href=\"https:\/\/www.noidiqua.it\/Montale\/francesca-sarteanesi-faccio-presente-il-teatro\/\">Francesca Sarteanesi &#8211; Faccio presente il teatro<\/a>\n\t\t\t\t    <div class=\"teaser-content\">di David Colzi. Foto: Gabriele Bellini. marzo 2022 Autrice di testi teatrali, performer, ideatrice di laboratori, ma anche creatrice di capi di abbigliamento e persino un po\u2019 pittrice. Insomma Francesca Sarteanesi \u00e8 un turbinio di idee e progetti, quindi la prima difficolt\u00e0 che incontriamo parlando con lei, \u00e8 capire quale sia il suo mestiere....<\/div>\n                                            <a title=\"Francesca Sarteanesi &#8211; Faccio presente il teatro\" href=\"https:\/\/www.noidiqua.it\/Montale\/francesca-sarteanesi-faccio-presente-il-teatro\/\" class=\"read-more-align-right\"><span>Leggi tutto<\/span> &rarr;<\/a>\n\t\t\t\t    <div class=\"clear\"><\/div>\n\t\t\t\t<\/li>\n\t\t\t\t<li>\n<div class=\"small-custom-frame-wrapper alignleft frame-shadow\"><div class=\"custom-frame-inner-wrapper\"><div class=\"custom-frame-padding\"><a href=\"https:\/\/www.noidiqua.it\/Montale\/antonio-flumeri-saxofonista\/\" title=\"Antonio Fl\u00f9meri &#8211; saxofonista\"><img loading=\"lazy\" decoding=\"async\" src=\"https:\/\/www.noidiqua.it\/Montale\/wp-content\/uploads\/2021\/07\/flumeri-2-160x120_c.png\" width=\"160\" height=\"120\" alt=\"Antonio Fl\u00f9meri - saxofonista\" \/><\/a><\/div><\/div><\/div>\t\t\t\t    <a class=\"teaser-title\" title=\"Antonio Fl\u00f9meri &#8211; saxofonista\" href=\"https:\/\/www.noidiqua.it\/Montale\/antonio-flumeri-saxofonista\/\">Antonio Fl\u00f9meri &#8211; saxofonista<\/a>\n\t\t\t\t    <div class=\"teaser-content\">di Marco Bagnoli giugno 2021 Oggi facciamo la conoscenza di Antonio Flumeri, con l\u2019accento sulla \u201c\u00f9\u201d; e gli accenti ci serviranno in questa storia, perch\u00e9 Antonio, che nella vita lavora presso un\u2019azienda meccanica di Pistoia, ha anche una seconda vita, dorata e luccicante come lo strumento che ha scelto a 18 anni: il saxofono....<\/div>\n                                            <a title=\"Antonio Fl\u00f9meri &#8211; saxofonista\" href=\"https:\/\/www.noidiqua.it\/Montale\/antonio-flumeri-saxofonista\/\" class=\"read-more-align-right\"><span>Leggi tutto<\/span> &rarr;<\/a>\n\t\t\t\t    <div class=\"clear\"><\/div>\n\t\t\t\t<\/li>\n\t\t\t\t<li>\n<div class=\"small-custom-frame-wrapper alignleft frame-shadow\"><div class=\"custom-frame-inner-wrapper\"><div class=\"custom-frame-padding\"><a href=\"https:\/\/www.noidiqua.it\/Montale\/posto-di-sblocco\/\" title=\"Posto di sblocco\"><img loading=\"lazy\" decoding=\"async\" src=\"https:\/\/www.noidiqua.it\/Montale\/wp-content\/uploads\/2021\/04\/sblocco-1-160x120_c.png\" width=\"160\" height=\"120\" alt=\"Posto di sblocco\" \/><\/a><\/div><\/div><\/div>\t\t\t\t    <a class=\"teaser-title\" title=\"Posto di sblocco\" href=\"https:\/\/www.noidiqua.it\/Montale\/posto-di-sblocco\/\">Posto di sblocco<\/a>\n\t\t\t\t    <div class=\"teaser-content\">di Marco Bagnoli. Foto: Ilaria Costanzo marzo 2021 \u00c8 proprio in momenti come questi, col clima che impazza come sempre, che non ci stupiremmo di vedere Snoopy e Woodstock pattinare sul ghiaccio fischiettando, liberi dai divieti e dalle restrizioni. O magari scorgere il baracchino ammiccante di Lucy van Pelt, la sorella maggiore di Linus,...<\/div>\n                                            <a title=\"Posto di sblocco\" href=\"https:\/\/www.noidiqua.it\/Montale\/posto-di-sblocco\/\" class=\"read-more-align-right\"><span>Leggi tutto<\/span> &rarr;<\/a>\n\t\t\t\t    <div class=\"clear\"><\/div>\n\t\t\t\t<\/li>\n\t\t\t\t<li>\n<div class=\"small-custom-frame-wrapper alignleft frame-shadow\"><div class=\"custom-frame-inner-wrapper\"><div class=\"custom-frame-padding\"><a href=\"https:\/\/www.noidiqua.it\/Montale\/luca-nesti-la-situazione-del-settore-spettacolo-dopo-il-lockdown\/\" title=\"Luca Nesti &#8211; la situazione del settore spettacolo dopo il lockdown\"><img loading=\"lazy\" decoding=\"async\" src=\"https:\/\/www.noidiqua.it\/Montale\/wp-content\/uploads\/2021\/08\/Luca-nesti-160x120_c.png\" width=\"160\" height=\"120\" alt=\"Luca Nesti - la situazione del settore spettacolo dopo il lockdown\" \/><\/a><\/div><\/div><\/div>\t\t\t\t    <a class=\"teaser-title\" title=\"Luca Nesti &#8211; la situazione del settore spettacolo dopo il lockdown\" href=\"https:\/\/www.noidiqua.it\/Montale\/luca-nesti-la-situazione-del-settore-spettacolo-dopo-il-lockdown\/\">Luca Nesti &#8211; la situazione del settore spettacolo dopo il lockdown<\/a>\n\t\t\t\t    <div class=\"teaser-content\">di Giacomo Bini settembre 2020 Annullamento del \u201cGiugno aglianese\u201d a causa dell\u2019emergenza Covid 19 difficile da digerire per l\u2019associazione Artigiano, che aveva vinto il bando per il triennio 2020-2022. \u00abUna decisione dolorosa, presa d\u2019accordo con il sindaco di Agliana Luca Benesperi, ma la salute delle persone e le condizioni d\u2019incertezza che non sono di...<\/div>\n                                            <a title=\"Luca Nesti &#8211; la situazione del settore spettacolo dopo il lockdown\" href=\"https:\/\/www.noidiqua.it\/Montale\/luca-nesti-la-situazione-del-settore-spettacolo-dopo-il-lockdown\/\" class=\"read-more-align-right\"><span>Leggi tutto<\/span> &rarr;<\/a>\n\t\t\t\t    <div class=\"clear\"><\/div>\n\t\t\t\t<\/li>\n\t\t\t<\/ul>\n\t\t    <\/div><!-- end widget_recent_posts -->\n<\/div>\n<a class=\"flat-custom-button align-btn-left\" href=\"https:\/\/www.noidiqua.it\/Montale\/category\/mt\/che-spettacolo\/\" title=\"Mostra tutti gli articoli di questa sezione\"><span style=\"padding:10px 20px; background-color:#ed162d; border:1px solid #ed162d; color:#FFFFFF; font-size:14px;\">Mostra tutti gli articoli precedenti<\/span><\/a>","protected":false},"excerpt":{"rendered":"","protected":false},"author":1,"featured_media":0,"parent":12,"menu_order":0,"comment_status":"open","ping_status":"closed","template":"","meta":{"footnotes":""},"class_list":["post-3047","page","type-page","status-publish","hentry"],"yoast_head":"<!-- This site is optimized with the Yoast SEO plugin v25.5 - https:\/\/yoast.com\/wordpress\/plugins\/seo\/ -->\n<title>Che spettacolo! - Noi di Qua Testata giornalistica e di attualit\u00e0 di Agliana, Montale e Quarrata.<\/title>\n<meta name=\"robots\" content=\"index, follow, max-snippet:-1, max-image-preview:large, max-video-preview:-1\" \/>\n<link rel=\"canonical\" href=\"https:\/\/www.noidiqua.it\/Montale\/montale-2\/che-spettacolo\/\" \/>\n<meta property=\"og:locale\" content=\"it_IT\" \/>\n<meta property=\"og:type\" content=\"article\" \/>\n<meta property=\"og:title\" content=\"Che spettacolo! - Noi di Qua Testata giornalistica e di attualit\u00e0 di Agliana, Montale e Quarrata.\" \/>\n<meta property=\"og:url\" content=\"https:\/\/www.noidiqua.it\/Montale\/montale-2\/che-spettacolo\/\" \/>\n<meta property=\"og:site_name\" content=\"Noi di Qua Testata giornalistica e di attualit\u00e0 di Agliana, Montale e Quarrata.\" \/>\n<meta property=\"article:publisher\" content=\"https:\/\/www.facebook.com\/noidiqua.trimestrale\/\" \/>\n<meta property=\"og:image\" content=\"https:\/\/www.noidiqua.it\/Montale\/wp-content\/uploads\/2019\/03\/logo-sito.jpg\" \/>\n<script type=\"application\/ld+json\" class=\"yoast-schema-graph\">{\"@context\":\"https:\/\/schema.org\",\"@graph\":[{\"@type\":\"WebPage\",\"@id\":\"https:\/\/www.noidiqua.it\/Montale\/montale-2\/che-spettacolo\/\",\"url\":\"https:\/\/www.noidiqua.it\/Montale\/montale-2\/che-spettacolo\/\",\"name\":\"Che spettacolo! - Noi di Qua Testata giornalistica e di attualit\u00e0 di Agliana, Montale e Quarrata.\",\"isPartOf\":{\"@id\":\"https:\/\/www.noidiqua.it\/Montale\/#website\"},\"datePublished\":\"2014-08-27T08:09:09+00:00\",\"breadcrumb\":{\"@id\":\"https:\/\/www.noidiqua.it\/Montale\/montale-2\/che-spettacolo\/#breadcrumb\"},\"inLanguage\":\"it-IT\",\"potentialAction\":[{\"@type\":\"ReadAction\",\"target\":[\"https:\/\/www.noidiqua.it\/Montale\/montale-2\/che-spettacolo\/\"]}]},{\"@type\":\"BreadcrumbList\",\"@id\":\"https:\/\/www.noidiqua.it\/Montale\/montale-2\/che-spettacolo\/#breadcrumb\",\"itemListElement\":[{\"@type\":\"ListItem\",\"position\":1,\"name\":\"Home\",\"item\":\"https:\/\/www.noidiqua.it\/Montale\/\"},{\"@type\":\"ListItem\",\"position\":2,\"name\":\"Montale\",\"item\":\"https:\/\/www.noidiqua.it\/Montale\/montale-2\/\"},{\"@type\":\"ListItem\",\"position\":3,\"name\":\"Che spettacolo!\"}]},{\"@type\":\"WebSite\",\"@id\":\"https:\/\/www.noidiqua.it\/Montale\/#website\",\"url\":\"https:\/\/www.noidiqua.it\/Montale\/\",\"name\":\"Noi di Qua Testata giornalistica e di attualit\u00e0 di Agliana, Montale e Quarrata.\",\"description\":\"Testata Giornalistica Quarrata Montale Agliana\",\"potentialAction\":[{\"@type\":\"SearchAction\",\"target\":{\"@type\":\"EntryPoint\",\"urlTemplate\":\"https:\/\/www.noidiqua.it\/Montale\/?s={search_term_string}\"},\"query-input\":{\"@type\":\"PropertyValueSpecification\",\"valueRequired\":true,\"valueName\":\"search_term_string\"}}],\"inLanguage\":\"it-IT\"}]}<\/script>\n<!-- \/ Yoast SEO plugin. -->","yoast_head_json":{"title":"Che spettacolo! - Noi di Qua Testata giornalistica e di attualit\u00e0 di Agliana, Montale e Quarrata.","robots":{"index":"index","follow":"follow","max-snippet":"max-snippet:-1","max-image-preview":"max-image-preview:large","max-video-preview":"max-video-preview:-1"},"canonical":"https:\/\/www.noidiqua.it\/Montale\/montale-2\/che-spettacolo\/","og_locale":"it_IT","og_type":"article","og_title":"Che spettacolo! - Noi di Qua Testata giornalistica e di attualit\u00e0 di Agliana, Montale e Quarrata.","og_url":"https:\/\/www.noidiqua.it\/Montale\/montale-2\/che-spettacolo\/","og_site_name":"Noi di Qua Testata giornalistica e di attualit\u00e0 di Agliana, Montale e Quarrata.","article_publisher":"https:\/\/www.facebook.com\/noidiqua.trimestrale\/","og_image":[{"url":"https:\/\/www.noidiqua.it\/Montale\/wp-content\/uploads\/2019\/03\/logo-sito.jpg","type":"","width":"","height":""}],"schema":{"@context":"https:\/\/schema.org","@graph":[{"@type":"WebPage","@id":"https:\/\/www.noidiqua.it\/Montale\/montale-2\/che-spettacolo\/","url":"https:\/\/www.noidiqua.it\/Montale\/montale-2\/che-spettacolo\/","name":"Che spettacolo! - Noi di Qua Testata giornalistica e di attualit\u00e0 di Agliana, Montale e Quarrata.","isPartOf":{"@id":"https:\/\/www.noidiqua.it\/Montale\/#website"},"datePublished":"2014-08-27T08:09:09+00:00","breadcrumb":{"@id":"https:\/\/www.noidiqua.it\/Montale\/montale-2\/che-spettacolo\/#breadcrumb"},"inLanguage":"it-IT","potentialAction":[{"@type":"ReadAction","target":["https:\/\/www.noidiqua.it\/Montale\/montale-2\/che-spettacolo\/"]}]},{"@type":"BreadcrumbList","@id":"https:\/\/www.noidiqua.it\/Montale\/montale-2\/che-spettacolo\/#breadcrumb","itemListElement":[{"@type":"ListItem","position":1,"name":"Home","item":"https:\/\/www.noidiqua.it\/Montale\/"},{"@type":"ListItem","position":2,"name":"Montale","item":"https:\/\/www.noidiqua.it\/Montale\/montale-2\/"},{"@type":"ListItem","position":3,"name":"Che spettacolo!"}]},{"@type":"WebSite","@id":"https:\/\/www.noidiqua.it\/Montale\/#website","url":"https:\/\/www.noidiqua.it\/Montale\/","name":"Noi di Qua Testata giornalistica e di attualit\u00e0 di Agliana, Montale e Quarrata.","description":"Testata Giornalistica Quarrata Montale Agliana","potentialAction":[{"@type":"SearchAction","target":{"@type":"EntryPoint","urlTemplate":"https:\/\/www.noidiqua.it\/Montale\/?s={search_term_string}"},"query-input":{"@type":"PropertyValueSpecification","valueRequired":true,"valueName":"search_term_string"}}],"inLanguage":"it-IT"}]}},"_links":{"self":[{"href":"https:\/\/www.noidiqua.it\/Montale\/wp-json\/wp\/v2\/pages\/3047","targetHints":{"allow":["GET"]}}],"collection":[{"href":"https:\/\/www.noidiqua.it\/Montale\/wp-json\/wp\/v2\/pages"}],"about":[{"href":"https:\/\/www.noidiqua.it\/Montale\/wp-json\/wp\/v2\/types\/page"}],"author":[{"embeddable":true,"href":"https:\/\/www.noidiqua.it\/Montale\/wp-json\/wp\/v2\/users\/1"}],"replies":[{"embeddable":true,"href":"https:\/\/www.noidiqua.it\/Montale\/wp-json\/wp\/v2\/comments?post=3047"}],"version-history":[{"count":1,"href":"https:\/\/www.noidiqua.it\/Montale\/wp-json\/wp\/v2\/pages\/3047\/revisions"}],"predecessor-version":[{"id":3049,"href":"https:\/\/www.noidiqua.it\/Montale\/wp-json\/wp\/v2\/pages\/3047\/revisions\/3049"}],"up":[{"embeddable":true,"href":"https:\/\/www.noidiqua.it\/Montale\/wp-json\/wp\/v2\/pages\/12"}],"wp:attachment":[{"href":"https:\/\/www.noidiqua.it\/Montale\/wp-json\/wp\/v2\/media?parent=3047"}],"curies":[{"name":"wp","href":"https:\/\/api.w.org\/{rel}","templated":true}]}}