{"id":422,"date":"2011-07-12T17:46:20","date_gmt":"2011-07-12T17:46:20","guid":{"rendered":"http:\/\/192.168.1.2\/Utility-Liberty\/CMS\/noidiqua\/?page_id=422"},"modified":"2017-04-05T10:42:04","modified_gmt":"2017-04-05T08:42:04","slug":"arte-artigianato","status":"publish","type":"page","link":"https:\/\/www.noidiqua.it\/Montale\/montale-2\/arte-artigianato\/","title":{"rendered":"Arte e artigianato"},"content":{"rendered":"<div class=\"widget widget_latest_posts\"><h3 class=\"widgettitle\">Arte e artigianato<\/h3>\t\t    <div class=\"latest_posts\">\n\t\t\t<ul class=\"small-thumb\">\n\t\t\t\t<li>\n<div class=\"small-custom-frame-wrapper alignleft frame-shadow\"><div class=\"custom-frame-inner-wrapper\"><div class=\"custom-frame-padding\"><a href=\"https:\/\/www.noidiqua.it\/Montale\/amedeo-pippoli-un-fotografo-con-lo-zaino-in-spalla\/\" title=\"Amedeo Pippoli &#8211; un fotografo con lo zaino in spalla\"><img loading=\"lazy\" decoding=\"async\" src=\"https:\/\/www.noidiqua.it\/Montale\/wp-content\/uploads\/2025\/10\/Pippoli-1-160x120_c.png\" width=\"160\" height=\"120\" alt=\"Amedeo Pippoli - un fotografo con lo zaino in spalla\" \/><\/a><\/div><\/div><\/div>\t\t\t\t    <a class=\"teaser-title\" title=\"Amedeo Pippoli &#8211; un fotografo con lo zaino in spalla\" href=\"https:\/\/www.noidiqua.it\/Montale\/amedeo-pippoli-un-fotografo-con-lo-zaino-in-spalla\/\">Amedeo Pippoli &#8211; un fotografo con lo zaino in spalla<\/a>\n\t\t\t\t    <div class=\"teaser-content\">di Serena Michelozzi settembre 2025 Amedeo Pippoli \u00e8 da sempre stato affascinato dalla fotografia: \u00abFin dagli anni &#8217;80 ho avuto diverse compattine a rullino, le cui foto venivano sviluppate dal fotografo e si potevano vedere solo dopo una settimana. Dopo l&#8217;iniziale entusiasmo per l&#8217;attesa e la visione, quelle foto insieme ai negativi, finivano in...<\/div>\n                                            <a title=\"Amedeo Pippoli &#8211; un fotografo con lo zaino in spalla\" href=\"https:\/\/www.noidiqua.it\/Montale\/amedeo-pippoli-un-fotografo-con-lo-zaino-in-spalla\/\" class=\"read-more-align-right\"><span>Leggi tutto<\/span> &rarr;<\/a>\n\t\t\t\t    <div class=\"clear\"><\/div>\n\t\t\t\t<\/li>\n\t\t\t\t<li>\n<div class=\"small-custom-frame-wrapper alignleft frame-shadow\"><div class=\"custom-frame-inner-wrapper\"><div class=\"custom-frame-padding\"><a href=\"https:\/\/www.noidiqua.it\/Montale\/marcello-meucci-il-ricordo-di-un-artista-figlio-del-suo-tempo\/\" title=\"Marcello Meucci &#8211; il ricordo di un artista figlio del suo tempo\"><img loading=\"lazy\" decoding=\"async\" src=\"https:\/\/www.noidiqua.it\/Montale\/wp-content\/uploads\/2025\/04\/meucci-marcello1-160x120_c.png\" width=\"160\" height=\"120\" alt=\"Marcello Meucci - il ricordo di un artista figlio del suo tempo\" \/><\/a><\/div><\/div><\/div>\t\t\t\t    <a class=\"teaser-title\" title=\"Marcello Meucci &#8211; il ricordo di un artista figlio del suo tempo\" href=\"https:\/\/www.noidiqua.it\/Montale\/marcello-meucci-il-ricordo-di-un-artista-figlio-del-suo-tempo\/\">Marcello Meucci &#8211; il ricordo di un artista figlio del suo tempo<\/a>\n\t\t\t\t    <div class=\"teaser-content\">di Giacomo Bini marzo 2025 Una recente mostra a Villa Smilea ha permesso a molti visitatori e in particolare ai montalesi di ricordare un artista e un uomo, Marcello Meucci che molto ha dato alla nostra comunit\u00e0. Alla sua morte, nel 2021 a 78 anni, ha lasciato un&#8217;eredit\u00e0 non solo artistica ma anche valoriale...<\/div>\n                                            <a title=\"Marcello Meucci &#8211; il ricordo di un artista figlio del suo tempo\" href=\"https:\/\/www.noidiqua.it\/Montale\/marcello-meucci-il-ricordo-di-un-artista-figlio-del-suo-tempo\/\" class=\"read-more-align-right\"><span>Leggi tutto<\/span> &rarr;<\/a>\n\t\t\t\t    <div class=\"clear\"><\/div>\n\t\t\t\t<\/li>\n\t\t\t\t<li>\n<div class=\"small-custom-frame-wrapper alignleft frame-shadow\"><div class=\"custom-frame-inner-wrapper\"><div class=\"custom-frame-padding\"><a href=\"https:\/\/www.noidiqua.it\/Montale\/stefano-pazzagli-lastratto-la-materia-e-i-cartoni-animati\/\" title=\"Stefano Pazzagli &#8211; l&#8217;astratto, la materia e i cartoni animati\"><img loading=\"lazy\" decoding=\"async\" src=\"https:\/\/www.noidiqua.it\/Montale\/wp-content\/uploads\/2025\/04\/pazzagli-4-160x120_c.png\" width=\"160\" height=\"120\" alt=\"Stefano Pazzagli - l&#039;astratto, la materia e i cartoni animati\" \/><\/a><\/div><\/div><\/div>\t\t\t\t    <a class=\"teaser-title\" title=\"Stefano Pazzagli &#8211; l&#8217;astratto, la materia e i cartoni animati\" href=\"https:\/\/www.noidiqua.it\/Montale\/stefano-pazzagli-lastratto-la-materia-e-i-cartoni-animati\/\">Stefano Pazzagli &#8211; l&#8217;astratto, la materia e i cartoni animati<\/a>\n\t\t\t\t    <div class=\"teaser-content\">di Marco Bagnoli marzo 2025 La storia che vi raccontiamo oggi ha a che fare con l\u2019arte, ma come spesso succede, prende invece le mosse da una vita passata a fare tutt\u2019altro. Stefano Pazzagli, per esempio, oggi che \u00e8 in pensione, a sessantasette anni, riempie in piena libert\u00e0 le sue giornate con l\u2019arte che...<\/div>\n                                            <a title=\"Stefano Pazzagli &#8211; l&#8217;astratto, la materia e i cartoni animati\" href=\"https:\/\/www.noidiqua.it\/Montale\/stefano-pazzagli-lastratto-la-materia-e-i-cartoni-animati\/\" class=\"read-more-align-right\"><span>Leggi tutto<\/span> &rarr;<\/a>\n\t\t\t\t    <div class=\"clear\"><\/div>\n\t\t\t\t<\/li>\n\t\t\t\t<li>\n<div class=\"small-custom-frame-wrapper alignleft frame-shadow\"><div class=\"custom-frame-inner-wrapper\"><div class=\"custom-frame-padding\"><a href=\"https:\/\/www.noidiqua.it\/Montale\/roberto-fabianelli-fra-pesca-e-fotografia\/\" title=\"Roberto Fabianelli &#8211; fra pesca e fotografia\"><img loading=\"lazy\" decoding=\"async\" src=\"https:\/\/www.noidiqua.it\/Montale\/wp-content\/uploads\/2024\/12\/Fabianelli-1-160x120_c.png\" width=\"160\" height=\"120\" alt=\"Roberto Fabianelli - fra pesca e fotografia\" \/><\/a><\/div><\/div><\/div>\t\t\t\t    <a class=\"teaser-title\" title=\"Roberto Fabianelli &#8211; fra pesca e fotografia\" href=\"https:\/\/www.noidiqua.it\/Montale\/roberto-fabianelli-fra-pesca-e-fotografia\/\">Roberto Fabianelli &#8211; fra pesca e fotografia<\/a>\n\t\t\t\t    <div class=\"teaser-content\">di Serena Michelozzi dicembre 2024 In Roberto Fabianelli convivono due passioni molto diverse: la pesca e la fotografia, a cui il nostro montalese si \u00e8 interessato contemporaneamente negli anni 70. \u00abPer quanto riguarda la pesca, sono stato instradato da mio zio Celestino, che mi portava con lui quando andava a pescare. Sono sempre stato...<\/div>\n                                            <a title=\"Roberto Fabianelli &#8211; fra pesca e fotografia\" href=\"https:\/\/www.noidiqua.it\/Montale\/roberto-fabianelli-fra-pesca-e-fotografia\/\" class=\"read-more-align-right\"><span>Leggi tutto<\/span> &rarr;<\/a>\n\t\t\t\t    <div class=\"clear\"><\/div>\n\t\t\t\t<\/li>\n\t\t\t\t<li>\n<div class=\"small-custom-frame-wrapper alignleft frame-shadow\"><div class=\"custom-frame-inner-wrapper\"><div class=\"custom-frame-padding\"><a href=\"https:\/\/www.noidiqua.it\/Montale\/riccardo-logli-le-foto-i-viaggi-e-tutte-le-passioni-di-un-uomo-infaticabile\/\" title=\"Riccardo Logli &#8211; le foto, i viaggi e tutte le passioni di un uomo infaticabile\"><img loading=\"lazy\" decoding=\"async\" src=\"https:\/\/www.noidiqua.it\/Montale\/wp-content\/uploads\/2024\/07\/Logli-1-160x120_c.png\" width=\"160\" height=\"120\" alt=\"Riccardo Logli - le foto, i viaggi e tutte le passioni di un uomo infaticabile\" \/><\/a><\/div><\/div><\/div>\t\t\t\t    <a class=\"teaser-title\" title=\"Riccardo Logli &#8211; le foto, i viaggi e tutte le passioni di un uomo infaticabile\" href=\"https:\/\/www.noidiqua.it\/Montale\/riccardo-logli-le-foto-i-viaggi-e-tutte-le-passioni-di-un-uomo-infaticabile\/\">Riccardo Logli &#8211; le foto, i viaggi e tutte le passioni di un uomo infaticabile<\/a>\n\t\t\t\t    <div class=\"teaser-content\">di Marco Bagnoli giugno 2024 Senza dover per forza andare a sconfinare nell\u2019Europa del nord, o pi\u00f9 gi\u00f9, verso le pi\u00f9 note localit\u00e0 dell\u2019Italia mediterranea, anche il territorio di Montale pu\u00f2 vantare il suo piccolo vulcano attivo. Ma in questo caso non si tratta di eruzioni di \u201clapilli e lava\u201d, come cantava Guccini, bens\u00ec...<\/div>\n                                            <a title=\"Riccardo Logli &#8211; le foto, i viaggi e tutte le passioni di un uomo infaticabile\" href=\"https:\/\/www.noidiqua.it\/Montale\/riccardo-logli-le-foto-i-viaggi-e-tutte-le-passioni-di-un-uomo-infaticabile\/\" class=\"read-more-align-right\"><span>Leggi tutto<\/span> &rarr;<\/a>\n\t\t\t\t    <div class=\"clear\"><\/div>\n\t\t\t\t<\/li>\n\t\t\t\t<li>\n<div class=\"small-custom-frame-wrapper alignleft frame-shadow\"><div class=\"custom-frame-inner-wrapper\"><div class=\"custom-frame-padding\"><a href=\"https:\/\/www.noidiqua.it\/Montale\/sowet-e-maac-street-artist\/\" title=\"Sowet e Maac \u2013 street artist\"><img loading=\"lazy\" decoding=\"async\" src=\"https:\/\/www.noidiqua.it\/Montale\/wp-content\/uploads\/2024\/04\/street-artist-2-160x120_c.png\" width=\"160\" height=\"120\" alt=\"Sowet e Maac \u2013 street artist\" \/><\/a><\/div><\/div><\/div>\t\t\t\t    <a class=\"teaser-title\" title=\"Sowet e Maac \u2013 street artist\" href=\"https:\/\/www.noidiqua.it\/Montale\/sowet-e-maac-street-artist\/\">Sowet e Maac \u2013 street artist<\/a>\n\t\t\t\t    <div class=\"teaser-content\">di David Colzi. Foto:\u00a0Gabriele Bellini marzo 2024 Con il loro murale dedicato a\u00a0Vannino\u00a0davanti a casa sua a Le Querci, i giovani artisti\u00a0Sowet\u00a0e\u00a0Maac\u00a0hanno avuto una certa risonanza a livello provinciale; cos\u00ec abbiamo deciso di incontrarli nel loro quartier generale a Montale, in via Giordano Bruno e, come spesso accade, fra un discorso e l\u2019altro, abbiamo...<\/div>\n                                            <a title=\"Sowet e Maac \u2013 street artist\" href=\"https:\/\/www.noidiqua.it\/Montale\/sowet-e-maac-street-artist\/\" class=\"read-more-align-right\"><span>Leggi tutto<\/span> &rarr;<\/a>\n\t\t\t\t    <div class=\"clear\"><\/div>\n\t\t\t\t<\/li>\n\t\t\t\t<li>\n<div class=\"small-custom-frame-wrapper alignleft frame-shadow\"><div class=\"custom-frame-inner-wrapper\"><div class=\"custom-frame-padding\"><a href=\"https:\/\/www.noidiqua.it\/Montale\/fernando-campigli-musicista-e-scrittore\/\" title=\"Fernando Campigli &#8211; musicista e scrittore\"><img loading=\"lazy\" decoding=\"async\" src=\"https:\/\/www.noidiqua.it\/Montale\/wp-content\/uploads\/2024\/04\/Campigli-3-160x120_c.png\" width=\"160\" height=\"120\" alt=\"Fernando Campigli - musicista e scrittore\" \/><\/a><\/div><\/div><\/div>\t\t\t\t    <a class=\"teaser-title\" title=\"Fernando Campigli &#8211; musicista e scrittore\" href=\"https:\/\/www.noidiqua.it\/Montale\/fernando-campigli-musicista-e-scrittore\/\">Fernando Campigli &#8211; musicista e scrittore<\/a>\n\t\t\t\t    <div class=\"teaser-content\">di Giacomo Bini marzo 2024 Musica e letteratura sono i due mondi di Fernando Campigli, che dopo una vita dedicata alla musica ha pubblicato da poco un bel libro \u201cIl tronco di ferro\u201d edito da Porto Seguro, che rivela una autentica passione per la scrittura. \u00abSi pu\u00f2 scrivere in note o scrivere in parole\u00bb...<\/div>\n                                            <a title=\"Fernando Campigli &#8211; musicista e scrittore\" href=\"https:\/\/www.noidiqua.it\/Montale\/fernando-campigli-musicista-e-scrittore\/\" class=\"read-more-align-right\"><span>Leggi tutto<\/span> &rarr;<\/a>\n\t\t\t\t    <div class=\"clear\"><\/div>\n\t\t\t\t<\/li>\n\t\t\t\t<li>\n<div class=\"small-custom-frame-wrapper alignleft frame-shadow\"><div class=\"custom-frame-inner-wrapper\"><div class=\"custom-frame-padding\"><a href=\"https:\/\/www.noidiqua.it\/Montale\/giacomo-berti-larte-sulla-pelle\/\" title=\"Giacomo Berti &#8211; l&#8217;arte sulla pelle\"><img loading=\"lazy\" decoding=\"async\" src=\"https:\/\/www.noidiqua.it\/Montale\/wp-content\/uploads\/2023\/12\/berti-1-160x120_c.png\" width=\"160\" height=\"120\" alt=\"Giacomo Berti - l&#039;arte sulla pelle\" \/><\/a><\/div><\/div><\/div>\t\t\t\t    <a class=\"teaser-title\" title=\"Giacomo Berti &#8211; l&#8217;arte sulla pelle\" href=\"https:\/\/www.noidiqua.it\/Montale\/giacomo-berti-larte-sulla-pelle\/\">Giacomo Berti &#8211; l&#8217;arte sulla pelle<\/a>\n\t\t\t\t    <div class=\"teaser-content\">di Marco Bagnoli dicembre 2023 Giacomo Berti ha trent\u2019anni, e met\u00e0 della sua vita l\u2019ha passata a disegnare. Dallo scorso marzo, poi, questa sue capacit\u00e0 si sono trasformate in una professione. Solo che Giacomo non disegna sulla carta, non usa i pennarelli o l\u2019inchiostro della biro. Infatti \u00e8 un tatuatore, e quando si reca...<\/div>\n                                            <a title=\"Giacomo Berti &#8211; l&#8217;arte sulla pelle\" href=\"https:\/\/www.noidiqua.it\/Montale\/giacomo-berti-larte-sulla-pelle\/\" class=\"read-more-align-right\"><span>Leggi tutto<\/span> &rarr;<\/a>\n\t\t\t\t    <div class=\"clear\"><\/div>\n\t\t\t\t<\/li>\n\t\t\t\t<li>\n<div class=\"small-custom-frame-wrapper alignleft frame-shadow\"><div class=\"custom-frame-inner-wrapper\"><div class=\"custom-frame-padding\"><a href=\"https:\/\/www.noidiqua.it\/Montale\/veronica-marini-la-gioia-infinita-della-pittura\/\" title=\"Veronica Marini &#8211; la gioia infinita della pittura\"><img loading=\"lazy\" decoding=\"async\" src=\"https:\/\/www.noidiqua.it\/Montale\/wp-content\/uploads\/2023\/10\/Marini-2-160x120_c.png\" width=\"160\" height=\"120\" alt=\"Veronica Marini - la gioia infinita della pittura\" \/><\/a><\/div><\/div><\/div>\t\t\t\t    <a class=\"teaser-title\" title=\"Veronica Marini &#8211; la gioia infinita della pittura\" href=\"https:\/\/www.noidiqua.it\/Montale\/veronica-marini-la-gioia-infinita-della-pittura\/\">Veronica Marini &#8211; la gioia infinita della pittura<\/a>\n\t\t\t\t    <div class=\"teaser-content\">di Serena Michelozzi settembre 2023 \u201cLa pittura di Veronica Marini \u00e8 ricca di suggestioni operate con parametri espressivi del tutto personali. Nei soggetti \u00e8 da rilevare il costante equilibrio delle forme collocate in una loro calibrata spazialit\u00e0. La sua tecnica del colore \u00e8 costituita da una tavolozza di intensa luminosit\u00e0\u2026\u201d questa l\u2019appropriata descrizione da...<\/div>\n                                            <a title=\"Veronica Marini &#8211; la gioia infinita della pittura\" href=\"https:\/\/www.noidiqua.it\/Montale\/veronica-marini-la-gioia-infinita-della-pittura\/\" class=\"read-more-align-right\"><span>Leggi tutto<\/span> &rarr;<\/a>\n\t\t\t\t    <div class=\"clear\"><\/div>\n\t\t\t\t<\/li>\n\t\t\t\t<li>\n<div class=\"small-custom-frame-wrapper alignleft frame-shadow\"><div class=\"custom-frame-inner-wrapper\"><div class=\"custom-frame-padding\"><a href=\"https:\/\/www.noidiqua.it\/Montale\/marcello-fragai-il-muratore-che-ha-riprodotto-la-cupola-del-brunelleschi\/\" title=\"Marcello Fragai &#8211; il muratore che ha riprodotto la cupola del Brunelleschi\"><img loading=\"lazy\" decoding=\"async\" src=\"https:\/\/www.noidiqua.it\/Montale\/wp-content\/uploads\/2023\/04\/fragai-1-160x120_c.png\" width=\"160\" height=\"120\" alt=\"Marcello Fragai - il muratore che ha riprodotto la cupola del Brunelleschi\" \/><\/a><\/div><\/div><\/div>\t\t\t\t    <a class=\"teaser-title\" title=\"Marcello Fragai &#8211; il muratore che ha riprodotto la cupola del Brunelleschi\" href=\"https:\/\/www.noidiqua.it\/Montale\/marcello-fragai-il-muratore-che-ha-riprodotto-la-cupola-del-brunelleschi\/\">Marcello Fragai &#8211; il muratore che ha riprodotto la cupola del Brunelleschi<\/a>\n\t\t\t\t    <div class=\"teaser-content\">di Giacomo Bini. Foto: Gabriele Bellini marzo 2023 Marcello Fragai, di mestiere capo cantiere della Cmsa (Cooperativa Muratori, Sterratori ed Affini) da qualche anno in pensione, ha realizzato riproduzione in piccolo della cupola del Brunelleschi (70 cm per 70 di base e 55 cm di altezza) che ora viene utilizzata nelle Universit\u00e0 per illustrare...<\/div>\n                                            <a title=\"Marcello Fragai &#8211; il muratore che ha riprodotto la cupola del Brunelleschi\" href=\"https:\/\/www.noidiqua.it\/Montale\/marcello-fragai-il-muratore-che-ha-riprodotto-la-cupola-del-brunelleschi\/\" class=\"read-more-align-right\"><span>Leggi tutto<\/span> &rarr;<\/a>\n\t\t\t\t    <div class=\"clear\"><\/div>\n\t\t\t\t<\/li>\n\t\t\t<\/ul>\n\t\t    <\/div><!-- end widget_recent_posts -->\n<\/div>\n<a class=\"flat-custom-button align-btn-left\" href=\"https:\/\/www.noidiqua.it\/Montale\/category\/mt\/arte-artigianato-qt\/\" title=\"Mostra tutti gli articoli di questa sezione\"><span style=\"padding:10px 20px; background-color:#ed162d; border:1px solid #ed162d; color:#FFFFFF; font-size:14px;\">Mostra tutti gli articoli precedenti<\/span><\/a>","protected":false},"excerpt":{"rendered":"","protected":false},"author":2,"featured_media":0,"parent":12,"menu_order":0,"comment_status":"open","ping_status":"open","template":"","meta":{"footnotes":""},"class_list":["post-422","page","type-page","status-publish","hentry"],"yoast_head":"<!-- This site is optimized with the Yoast SEO plugin v25.5 - https:\/\/yoast.com\/wordpress\/plugins\/seo\/ -->\n<title>Arte e artigianato - Noi di Qua Testata giornalistica e di attualit\u00e0 di Agliana, Montale e Quarrata.<\/title>\n<meta name=\"robots\" content=\"index, follow, max-snippet:-1, max-image-preview:large, max-video-preview:-1\" \/>\n<link rel=\"canonical\" href=\"https:\/\/www.noidiqua.it\/Montale\/montale-2\/arte-artigianato\/\" \/>\n<meta property=\"og:locale\" content=\"it_IT\" \/>\n<meta property=\"og:type\" content=\"article\" \/>\n<meta property=\"og:title\" content=\"Arte e artigianato - Noi di Qua Testata giornalistica e di attualit\u00e0 di Agliana, Montale e Quarrata.\" \/>\n<meta property=\"og:url\" content=\"https:\/\/www.noidiqua.it\/Montale\/montale-2\/arte-artigianato\/\" \/>\n<meta property=\"og:site_name\" content=\"Noi di Qua Testata giornalistica e di attualit\u00e0 di Agliana, Montale e Quarrata.\" \/>\n<meta property=\"article:publisher\" content=\"https:\/\/www.facebook.com\/noidiqua.trimestrale\/\" \/>\n<meta property=\"article:modified_time\" content=\"2017-04-05T08:42:04+00:00\" \/>\n<meta property=\"og:image\" content=\"https:\/\/www.noidiqua.it\/Montale\/wp-content\/uploads\/2019\/03\/logo-sito.jpg\" \/>\n<script type=\"application\/ld+json\" class=\"yoast-schema-graph\">{\"@context\":\"https:\/\/schema.org\",\"@graph\":[{\"@type\":\"WebPage\",\"@id\":\"https:\/\/www.noidiqua.it\/Montale\/montale-2\/arte-artigianato\/\",\"url\":\"https:\/\/www.noidiqua.it\/Montale\/montale-2\/arte-artigianato\/\",\"name\":\"Arte e artigianato - Noi di Qua Testata giornalistica e di attualit\u00e0 di Agliana, Montale e Quarrata.\",\"isPartOf\":{\"@id\":\"https:\/\/www.noidiqua.it\/Montale\/#website\"},\"datePublished\":\"2011-07-12T17:46:20+00:00\",\"dateModified\":\"2017-04-05T08:42:04+00:00\",\"breadcrumb\":{\"@id\":\"https:\/\/www.noidiqua.it\/Montale\/montale-2\/arte-artigianato\/#breadcrumb\"},\"inLanguage\":\"it-IT\",\"potentialAction\":[{\"@type\":\"ReadAction\",\"target\":[\"https:\/\/www.noidiqua.it\/Montale\/montale-2\/arte-artigianato\/\"]}]},{\"@type\":\"BreadcrumbList\",\"@id\":\"https:\/\/www.noidiqua.it\/Montale\/montale-2\/arte-artigianato\/#breadcrumb\",\"itemListElement\":[{\"@type\":\"ListItem\",\"position\":1,\"name\":\"Home\",\"item\":\"https:\/\/www.noidiqua.it\/Montale\/\"},{\"@type\":\"ListItem\",\"position\":2,\"name\":\"Montale\",\"item\":\"https:\/\/www.noidiqua.it\/Montale\/montale-2\/\"},{\"@type\":\"ListItem\",\"position\":3,\"name\":\"Arte e artigianato\"}]},{\"@type\":\"WebSite\",\"@id\":\"https:\/\/www.noidiqua.it\/Montale\/#website\",\"url\":\"https:\/\/www.noidiqua.it\/Montale\/\",\"name\":\"Noi di Qua Testata giornalistica e di attualit\u00e0 di Agliana, Montale e Quarrata.\",\"description\":\"Testata Giornalistica Quarrata Montale Agliana\",\"potentialAction\":[{\"@type\":\"SearchAction\",\"target\":{\"@type\":\"EntryPoint\",\"urlTemplate\":\"https:\/\/www.noidiqua.it\/Montale\/?s={search_term_string}\"},\"query-input\":{\"@type\":\"PropertyValueSpecification\",\"valueRequired\":true,\"valueName\":\"search_term_string\"}}],\"inLanguage\":\"it-IT\"}]}<\/script>\n<!-- \/ Yoast SEO plugin. -->","yoast_head_json":{"title":"Arte e artigianato - Noi di Qua Testata giornalistica e di attualit\u00e0 di Agliana, Montale e Quarrata.","robots":{"index":"index","follow":"follow","max-snippet":"max-snippet:-1","max-image-preview":"max-image-preview:large","max-video-preview":"max-video-preview:-1"},"canonical":"https:\/\/www.noidiqua.it\/Montale\/montale-2\/arte-artigianato\/","og_locale":"it_IT","og_type":"article","og_title":"Arte e artigianato - Noi di Qua Testata giornalistica e di attualit\u00e0 di Agliana, Montale e Quarrata.","og_url":"https:\/\/www.noidiqua.it\/Montale\/montale-2\/arte-artigianato\/","og_site_name":"Noi di Qua Testata giornalistica e di attualit\u00e0 di Agliana, Montale e Quarrata.","article_publisher":"https:\/\/www.facebook.com\/noidiqua.trimestrale\/","article_modified_time":"2017-04-05T08:42:04+00:00","og_image":[{"url":"https:\/\/www.noidiqua.it\/Montale\/wp-content\/uploads\/2019\/03\/logo-sito.jpg","type":"","width":"","height":""}],"schema":{"@context":"https:\/\/schema.org","@graph":[{"@type":"WebPage","@id":"https:\/\/www.noidiqua.it\/Montale\/montale-2\/arte-artigianato\/","url":"https:\/\/www.noidiqua.it\/Montale\/montale-2\/arte-artigianato\/","name":"Arte e artigianato - Noi di Qua Testata giornalistica e di attualit\u00e0 di Agliana, Montale e Quarrata.","isPartOf":{"@id":"https:\/\/www.noidiqua.it\/Montale\/#website"},"datePublished":"2011-07-12T17:46:20+00:00","dateModified":"2017-04-05T08:42:04+00:00","breadcrumb":{"@id":"https:\/\/www.noidiqua.it\/Montale\/montale-2\/arte-artigianato\/#breadcrumb"},"inLanguage":"it-IT","potentialAction":[{"@type":"ReadAction","target":["https:\/\/www.noidiqua.it\/Montale\/montale-2\/arte-artigianato\/"]}]},{"@type":"BreadcrumbList","@id":"https:\/\/www.noidiqua.it\/Montale\/montale-2\/arte-artigianato\/#breadcrumb","itemListElement":[{"@type":"ListItem","position":1,"name":"Home","item":"https:\/\/www.noidiqua.it\/Montale\/"},{"@type":"ListItem","position":2,"name":"Montale","item":"https:\/\/www.noidiqua.it\/Montale\/montale-2\/"},{"@type":"ListItem","position":3,"name":"Arte e artigianato"}]},{"@type":"WebSite","@id":"https:\/\/www.noidiqua.it\/Montale\/#website","url":"https:\/\/www.noidiqua.it\/Montale\/","name":"Noi di Qua Testata giornalistica e di attualit\u00e0 di Agliana, Montale e Quarrata.","description":"Testata Giornalistica Quarrata Montale Agliana","potentialAction":[{"@type":"SearchAction","target":{"@type":"EntryPoint","urlTemplate":"https:\/\/www.noidiqua.it\/Montale\/?s={search_term_string}"},"query-input":{"@type":"PropertyValueSpecification","valueRequired":true,"valueName":"search_term_string"}}],"inLanguage":"it-IT"}]}},"_links":{"self":[{"href":"https:\/\/www.noidiqua.it\/Montale\/wp-json\/wp\/v2\/pages\/422","targetHints":{"allow":["GET"]}}],"collection":[{"href":"https:\/\/www.noidiqua.it\/Montale\/wp-json\/wp\/v2\/pages"}],"about":[{"href":"https:\/\/www.noidiqua.it\/Montale\/wp-json\/wp\/v2\/types\/page"}],"author":[{"embeddable":true,"href":"https:\/\/www.noidiqua.it\/Montale\/wp-json\/wp\/v2\/users\/2"}],"replies":[{"embeddable":true,"href":"https:\/\/www.noidiqua.it\/Montale\/wp-json\/wp\/v2\/comments?post=422"}],"version-history":[{"count":1,"href":"https:\/\/www.noidiqua.it\/Montale\/wp-json\/wp\/v2\/pages\/422\/revisions"}],"predecessor-version":[{"id":4580,"href":"https:\/\/www.noidiqua.it\/Montale\/wp-json\/wp\/v2\/pages\/422\/revisions\/4580"}],"up":[{"embeddable":true,"href":"https:\/\/www.noidiqua.it\/Montale\/wp-json\/wp\/v2\/pages\/12"}],"wp:attachment":[{"href":"https:\/\/www.noidiqua.it\/Montale\/wp-json\/wp\/v2\/media?parent=422"}],"curies":[{"name":"wp","href":"https:\/\/api.w.org\/{rel}","templated":true}]}}