{"id":433,"date":"2011-07-12T17:59:13","date_gmt":"2011-07-12T17:59:13","guid":{"rendered":"http:\/\/192.168.1.2\/Utility-Liberty\/CMS\/noidiqua\/?page_id=433"},"modified":"2014-08-19T17:57:02","modified_gmt":"2014-08-19T15:57:02","slug":"fotonotizia","status":"publish","type":"page","link":"https:\/\/www.noidiqua.it\/Montale\/montale-2\/fotonotizia\/","title":{"rendered":"Fotonotizia"},"content":{"rendered":"<div class=\"widget widget_latest_posts\"><h3 class=\"widgettitle\">Fotonotizia<\/h3>\t\t    <div class=\"latest_posts\">\n\t\t\t<ul class=\"small-thumb\">\n\t\t\t\t<li>\n<div class=\"small-custom-frame-wrapper alignleft frame-shadow\"><div class=\"custom-frame-inner-wrapper\"><div class=\"custom-frame-padding\"><a href=\"https:\/\/www.noidiqua.it\/Montale\/i-vecchi-lavatoi-un-patrimonio-da-valorizzare\/\" title=\"I vecchi lavatoi &#8211; un patrimonio da valorizzare\"><img loading=\"lazy\" decoding=\"async\" src=\"https:\/\/www.noidiqua.it\/Montale\/wp-content\/uploads\/2025\/04\/foto-5-160x120_c.png\" width=\"160\" height=\"120\" alt=\"I vecchi lavatoi - un patrimonio da valorizzare\" \/><\/a><\/div><\/div><\/div>\t\t\t\t    <a class=\"teaser-title\" title=\"I vecchi lavatoi &#8211; un patrimonio da valorizzare\" href=\"https:\/\/www.noidiqua.it\/Montale\/i-vecchi-lavatoi-un-patrimonio-da-valorizzare\/\">I vecchi lavatoi &#8211; un patrimonio da valorizzare<\/a>\n\t\t\t\t    <div class=\"teaser-content\">di David Colzi marzo 2025 Ancora una volta cercheremo di dare il nostro contributo alla valorizzazione del territorio, occupandoci in questo numero dei vecchi lavatoi. Montale, si sa, \u00e8 terra di fiumi, serre e gore, che servivano ad alimentare i numerosi mulini e dissetare i campi. Rivoli e fossi venivano riforniti con i sistemi...<\/div>\n                                            <a title=\"I vecchi lavatoi &#8211; un patrimonio da valorizzare\" href=\"https:\/\/www.noidiqua.it\/Montale\/i-vecchi-lavatoi-un-patrimonio-da-valorizzare\/\" class=\"read-more-align-right\"><span>Leggi tutto<\/span> &rarr;<\/a>\n\t\t\t\t    <div class=\"clear\"><\/div>\n\t\t\t\t<\/li>\n\t\t\t\t<li>\n<div class=\"small-custom-frame-wrapper alignleft frame-shadow\"><div class=\"custom-frame-inner-wrapper\"><div class=\"custom-frame-padding\"><a href=\"https:\/\/www.noidiqua.it\/Montale\/i-ceppi-dipinti-da-geniale-ruffa\/\" title=\"I ceppi dipinti da Geniale Ruffa\"><img loading=\"lazy\" decoding=\"async\" src=\"https:\/\/www.noidiqua.it\/Montale\/wp-content\/uploads\/2021\/05\/Geniale-Ruffa-160x120_c.png\" width=\"160\" height=\"120\" alt=\"I ceppi dipinti da Geniale Ruffa\" \/><\/a><\/div><\/div><\/div>\t\t\t\t    <a class=\"teaser-title\" title=\"I ceppi dipinti da Geniale Ruffa\" href=\"https:\/\/www.noidiqua.it\/Montale\/i-ceppi-dipinti-da-geniale-ruffa\/\">I ceppi dipinti da Geniale Ruffa<\/a>\n\t\t\t\t    <div class=\"teaser-content\">di Marco Bagnoli dicembre 2020 Assecondando una volta di pi\u00f9 le nostre abitudini siamo tornati a casa dell\u2019artista per farci raccontare un\u2019altra storia. La casa \u00e8 quella di Geniale Ruffa, una nostra conoscenza del numero 1 del 2013: Geniale Ruffa nasce a Mileto in provincia di Tropea nel 1949, ma tempo un anno i...<\/div>\n                                            <a title=\"I ceppi dipinti da Geniale Ruffa\" href=\"https:\/\/www.noidiqua.it\/Montale\/i-ceppi-dipinti-da-geniale-ruffa\/\" class=\"read-more-align-right\"><span>Leggi tutto<\/span> &rarr;<\/a>\n\t\t\t\t    <div class=\"clear\"><\/div>\n\t\t\t\t<\/li>\n\t\t\t\t<li>\n<div class=\"small-custom-frame-wrapper alignleft frame-shadow\"><div class=\"custom-frame-inner-wrapper\"><div class=\"custom-frame-padding\"><a href=\"https:\/\/www.noidiqua.it\/Montale\/una-nuova-quercia-gigante\/\" title=\"Una nuova quercia gigante\"><img loading=\"lazy\" decoding=\"async\" src=\"https:\/\/www.noidiqua.it\/Montale\/wp-content\/uploads\/2021\/08\/Quercia-gigante-160x120_c.png\" width=\"160\" height=\"120\" alt=\"Una nuova quercia gigante\" \/><\/a><\/div><\/div><\/div>\t\t\t\t    <a class=\"teaser-title\" title=\"Una nuova quercia gigante\" href=\"https:\/\/www.noidiqua.it\/Montale\/una-nuova-quercia-gigante\/\">Una nuova quercia gigante<\/a>\n\t\t\t\t    <div class=\"teaser-content\">di David Colzi settembre 2020 Dopo aver portato alla vostra attenzione la quercia centenaria di Stazione nel numero di settembre 2018, stavolta ci spostiamo verso Villa Bastogi. Un attimo prima di arrivare, svoltiamo in via vecchia di Compietra e in fondo alla strada, parcheggiamo l\u2019auto per poi entrare in un bel terreno curato in...<\/div>\n                                            <a title=\"Una nuova quercia gigante\" href=\"https:\/\/www.noidiqua.it\/Montale\/una-nuova-quercia-gigante\/\" class=\"read-more-align-right\"><span>Leggi tutto<\/span> &rarr;<\/a>\n\t\t\t\t    <div class=\"clear\"><\/div>\n\t\t\t\t<\/li>\n\t\t\t\t<li>\n<div class=\"small-custom-frame-wrapper alignleft frame-shadow\"><div class=\"custom-frame-inner-wrapper\"><div class=\"custom-frame-padding\"><a href=\"https:\/\/www.noidiqua.it\/Montale\/scali-ritorna-vivere-grazie-ad-associazioni-cittadini\/\" title=\"Scali ritorna a vivere grazie ad associazioni e cittadini\"><img loading=\"lazy\" decoding=\"async\" src=\"https:\/\/www.noidiqua.it\/Montale\/wp-content\/uploads\/2018\/12\/SCALI_1-160x120_c.png\" width=\"160\" height=\"120\" alt=\"Scali ritorna a vivere grazie ad associazioni e cittadini\" \/><\/a><\/div><\/div><\/div>\t\t\t\t    <a class=\"teaser-title\" title=\"Scali ritorna a vivere grazie ad associazioni e cittadini\" href=\"https:\/\/www.noidiqua.it\/Montale\/scali-ritorna-vivere-grazie-ad-associazioni-cittadini\/\">Scali ritorna a vivere grazie ad associazioni e cittadini<\/a>\n\t\t\t\t    <div class=\"teaser-content\">di Giacomo Bini dicembre 2018 Ritorna a vivere la zona di Scali grazie all\u2019impegno della Pro Loco di Fognano in collaborazione con altre associazioni e cittadini che hanno ripulito e bonificato l\u2019area. L\u2019appello \u201cPuliamo Scali\u201d lanciato dalla Pro Loco di Fognano, ha ottenuto un\u2019entusiastica risposta a dimostrazione che tra la gente di Montale c\u2019\u00e8...<\/div>\n                                            <a title=\"Scali ritorna a vivere grazie ad associazioni e cittadini\" href=\"https:\/\/www.noidiqua.it\/Montale\/scali-ritorna-vivere-grazie-ad-associazioni-cittadini\/\" class=\"read-more-align-right\"><span>Leggi tutto<\/span> &rarr;<\/a>\n\t\t\t\t    <div class=\"clear\"><\/div>\n\t\t\t\t<\/li>\n\t\t\t\t<li>\n<div class=\"small-custom-frame-wrapper alignleft frame-shadow\"><div class=\"custom-frame-inner-wrapper\"><div class=\"custom-frame-padding\"><a href=\"https:\/\/www.noidiqua.it\/Montale\/quelli-della-paella\/\" title=\"\u201cQuelli della paella\u201d\"><img loading=\"lazy\" decoding=\"async\" src=\"https:\/\/www.noidiqua.it\/Montale\/wp-content\/uploads\/2018\/09\/PAELLA_1-160x120_c.png\" width=\"160\" height=\"120\" alt=\"\u201cQuelli della paella\u201d\" \/><\/a><\/div><\/div><\/div>\t\t\t\t    <a class=\"teaser-title\" title=\"\u201cQuelli della paella\u201d\" href=\"https:\/\/www.noidiqua.it\/Montale\/quelli-della-paella\/\">\u201cQuelli della paella\u201d<\/a>\n\t\t\t\t    <div class=\"teaser-content\">di Giacomo Bini settembre 2018 \u201cQuelli della paella\u201d ovvero quando si dice reinventarsi! Claudio Vagnozzi e Angelo Logli, entrambi di Tobbiana, sono un esempio di come, con la fantasia e l\u2019intraprendenza, si possa metter su un\u2019attivit\u00e0 che riscuote successo e d\u00e0 soddisfazione. Angelo in pensione dopo una vita di lavoro nel tessile e in...<\/div>\n                                            <a title=\"\u201cQuelli della paella\u201d\" href=\"https:\/\/www.noidiqua.it\/Montale\/quelli-della-paella\/\" class=\"read-more-align-right\"><span>Leggi tutto<\/span> &rarr;<\/a>\n\t\t\t\t    <div class=\"clear\"><\/div>\n\t\t\t\t<\/li>\n\t\t\t\t<li>\n<div class=\"small-custom-frame-wrapper alignleft frame-shadow\"><div class=\"custom-frame-inner-wrapper\"><div class=\"custom-frame-padding\"><a href=\"https:\/\/www.noidiqua.it\/Montale\/lungo-le-vie-dellacqua\/\" title=\"\u201cLungo le vie dell\u2019acqua\u201d\"><img loading=\"lazy\" decoding=\"async\" src=\"https:\/\/www.noidiqua.it\/Montale\/wp-content\/uploads\/2018\/07\/LE-VIE-DELL-ACQUA-3-160x120_c.png\" width=\"160\" height=\"120\" alt=\"\u201cLungo le vie dell\u2019acqua\u201d\" \/><\/a><\/div><\/div><\/div>\t\t\t\t    <a class=\"teaser-title\" title=\"\u201cLungo le vie dell\u2019acqua\u201d\" href=\"https:\/\/www.noidiqua.it\/Montale\/lungo-le-vie-dellacqua\/\">\u201cLungo le vie dell\u2019acqua\u201d<\/a>\n\t\t\t\t    <div class=\"teaser-content\">di\u00a0Piera Salvi giugno 2018 Una ventina di associazioni e tanti alunni hanno partecipato al progetto \u201cLungo le vie dell\u2019acqua da Montale ad\u00a0Agliana. Sentieri didattici esperienziali\u201d, realizzato dalle due amministrazioni comunali in collaborazione con l\u2019Ecoistituto delle Cerbaie e Massimiliano Petrolo, naturalista e guida ambientale dello stesso istituto. Passeggiate con riscoperta di toponimi e antichi sentieri,...<\/div>\n                                            <a title=\"\u201cLungo le vie dell\u2019acqua\u201d\" href=\"https:\/\/www.noidiqua.it\/Montale\/lungo-le-vie-dellacqua\/\" class=\"read-more-align-right\"><span>Leggi tutto<\/span> &rarr;<\/a>\n\t\t\t\t    <div class=\"clear\"><\/div>\n\t\t\t\t<\/li>\n\t\t\t\t<li>\n<div class=\"small-custom-frame-wrapper alignleft frame-shadow\"><div class=\"custom-frame-inner-wrapper\"><div class=\"custom-frame-padding\"><a href=\"https:\/\/www.noidiqua.it\/Montale\/nuova-sede-la-banda-fognano\/\" title=\"Nuova sede per la Banda di Fognano\"><img loading=\"lazy\" decoding=\"async\" src=\"https:\/\/www.noidiqua.it\/Montale\/wp-content\/uploads\/2018\/03\/BANDA-DI-FOGNANO-4-160x120_c.png\" width=\"160\" height=\"120\" alt=\"Nuova sede per la Banda di Fognano\" \/><\/a><\/div><\/div><\/div>\t\t\t\t    <a class=\"teaser-title\" title=\"Nuova sede per la Banda di Fognano\" href=\"https:\/\/www.noidiqua.it\/Montale\/nuova-sede-la-banda-fognano\/\">Nuova sede per la Banda di Fognano<\/a>\n\t\t\t\t    <div class=\"teaser-content\">di Giacomo Bini marzo 2018 &nbsp; Con l\u2019inaugurazione della nuova sede, la Banda \u201cG. Verdi\u201d di Fognano ha coronato un sogno che dura da vent\u2019anni. La tenacia e la volont\u00e0 dei dirigenti e dei tanti volontari della Banda, ha avuto la meglio su intralci e difficolt\u00e0 di ogni genere. Alla fine la felicit\u00e0 di...<\/div>\n                                            <a title=\"Nuova sede per la Banda di Fognano\" href=\"https:\/\/www.noidiqua.it\/Montale\/nuova-sede-la-banda-fognano\/\" class=\"read-more-align-right\"><span>Leggi tutto<\/span> &rarr;<\/a>\n\t\t\t\t    <div class=\"clear\"><\/div>\n\t\t\t\t<\/li>\n\t\t\t\t<li>\n<div class=\"small-custom-frame-wrapper alignleft frame-shadow\"><div class=\"custom-frame-inner-wrapper\"><div class=\"custom-frame-padding\"><a href=\"https:\/\/www.noidiqua.it\/Montale\/fognano-giovane-quercia-scuola\/\" title=\"Fognano: una giovane quercia a scuola\"><img loading=\"lazy\" decoding=\"async\" src=\"https:\/\/www.noidiqua.it\/Montale\/wp-content\/uploads\/2017\/12\/QUERCIA--160x120_c.png\" width=\"160\" height=\"120\" alt=\"Fognano: una giovane quercia a scuola\" \/><\/a><\/div><\/div><\/div>\t\t\t\t    <a class=\"teaser-title\" title=\"Fognano: una giovane quercia a scuola\" href=\"https:\/\/www.noidiqua.it\/Montale\/fognano-giovane-quercia-scuola\/\">Fognano: una giovane quercia a scuola<\/a>\n\t\t\t\t    <div class=\"teaser-content\">di\u00a0Giacomo Bini dicembre\u00a02017 Un segno di speranza per la rinascita del bosco \u00e8 venuto dai bambini della scuola primaria di Fognano che hanno piantato una quercia nella prima giornata dei laboratori didattici pomeridiani. La giovane quercia \u00e8 stata piantata in un vaso che rester\u00e0 alcuni mesi nel giardino della scuola finch\u00e9 a primavera, quando...<\/div>\n                                            <a title=\"Fognano: una giovane quercia a scuola\" href=\"https:\/\/www.noidiqua.it\/Montale\/fognano-giovane-quercia-scuola\/\" class=\"read-more-align-right\"><span>Leggi tutto<\/span> &rarr;<\/a>\n\t\t\t\t    <div class=\"clear\"><\/div>\n\t\t\t\t<\/li>\n\t\t\t\t<li>\n<div class=\"small-custom-frame-wrapper alignleft frame-shadow\"><div class=\"custom-frame-inner-wrapper\"><div class=\"custom-frame-padding\"><a href=\"https:\/\/www.noidiqua.it\/Montale\/raduno-degli-alpini-montale\/\" title=\"Raduno degli Alpini a Montale\"><img loading=\"lazy\" decoding=\"async\" src=\"https:\/\/www.noidiqua.it\/Montale\/wp-content\/uploads\/2017\/09\/ALPINI-3-160x120_c.png\" width=\"160\" height=\"120\" alt=\"Raduno degli Alpini a Montale\" \/><\/a><\/div><\/div><\/div>\t\t\t\t    <a class=\"teaser-title\" title=\"Raduno degli Alpini a Montale\" href=\"https:\/\/www.noidiqua.it\/Montale\/raduno-degli-alpini-montale\/\">Raduno degli Alpini a Montale<\/a>\n\t\t\t\t    <div class=\"teaser-content\">di Giacomo Bini settembre 2017 Il raduno degli Alpini della sezione di Firenze, che si \u00e8 tenuto a Montale il 9 e 10 settembre scorso, coincideva con il 40esimo anniversario del Gruppo Alpini di Montale e quindi \u00e8 stata una festa per tutta la comunit\u00e0, che ha rivolto ai suoi Alpini un affettuoso abbraccio...<\/div>\n                                            <a title=\"Raduno degli Alpini a Montale\" href=\"https:\/\/www.noidiqua.it\/Montale\/raduno-degli-alpini-montale\/\" class=\"read-more-align-right\"><span>Leggi tutto<\/span> &rarr;<\/a>\n\t\t\t\t    <div class=\"clear\"><\/div>\n\t\t\t\t<\/li>\n\t\t\t\t<li>\n<div class=\"small-custom-frame-wrapper alignleft frame-shadow\"><div class=\"custom-frame-inner-wrapper\"><div class=\"custom-frame-padding\"><a href=\"https:\/\/www.noidiqua.it\/Montale\/scuola-aperta-fognano\/\" title=\"\u201cScuola aperta\u201d a Fognano\"><img loading=\"lazy\" decoding=\"async\" src=\"https:\/\/www.noidiqua.it\/Montale\/wp-content\/uploads\/2017\/06\/scuola-fognano1-160x120_c.png\" width=\"160\" height=\"120\" alt=\"\u201cScuola aperta\u201d a Fognano\" \/><\/a><\/div><\/div><\/div>\t\t\t\t    <a class=\"teaser-title\" title=\"\u201cScuola aperta\u201d a Fognano\" href=\"https:\/\/www.noidiqua.it\/Montale\/scuola-aperta-fognano\/\">\u201cScuola aperta\u201d a Fognano<\/a>\n\t\t\t\t    <div class=\"teaser-content\">di Giacomo Bini giugno 2017 La Pro-Loco di Fognano ha vinto la sua scommessa sulla scuola del paese, salvata dalla chiusura e rilanciata addirittura come scuola pilota di un sistema innovativo di laboratori didattici pomeridiani. Il primo anno di esperienza della \u201cscuola aperta\u201d di Fognano, si \u00e8 concluso con una grande festa a cui...<\/div>\n                                            <a title=\"\u201cScuola aperta\u201d a Fognano\" href=\"https:\/\/www.noidiqua.it\/Montale\/scuola-aperta-fognano\/\" class=\"read-more-align-right\"><span>Leggi tutto<\/span> &rarr;<\/a>\n\t\t\t\t    <div class=\"clear\"><\/div>\n\t\t\t\t<\/li>\n\t\t\t<\/ul>\n\t\t    <\/div><!-- end widget_recent_posts -->\n<\/div>\n<a class=\"flat-custom-button align-btn-left\" href=\"https:\/\/www.noidiqua.it\/Montale\/category\/mt\/fotonotizie-qt\/\" title=\"Mostra tutti gli articoli di questa sezione\"><span style=\"padding:10px 20px; background-color:#ed162d; border:1px solid #ed162d; color:#FFFFFF; font-size:14px;\">Mostra tutti gli articoli precedenti<\/span><\/a>","protected":false},"excerpt":{"rendered":"","protected":false},"author":2,"featured_media":0,"parent":12,"menu_order":0,"comment_status":"open","ping_status":"closed","template":"","meta":{"footnotes":""},"class_list":["post-433","page","type-page","status-publish","hentry"],"yoast_head":"<!-- This site is optimized with the Yoast SEO plugin v25.5 - https:\/\/yoast.com\/wordpress\/plugins\/seo\/ -->\n<title>Fotonotizia - Noi di Qua Testata giornalistica e di attualit\u00e0 di Agliana, Montale e Quarrata.<\/title>\n<meta name=\"robots\" content=\"index, follow, max-snippet:-1, max-image-preview:large, max-video-preview:-1\" \/>\n<link rel=\"canonical\" href=\"https:\/\/www.noidiqua.it\/Montale\/montale-2\/fotonotizia\/\" \/>\n<meta property=\"og:locale\" content=\"it_IT\" \/>\n<meta property=\"og:type\" content=\"article\" \/>\n<meta property=\"og:title\" content=\"Fotonotizia - Noi di Qua Testata giornalistica e di attualit\u00e0 di Agliana, Montale e Quarrata.\" \/>\n<meta property=\"og:url\" content=\"https:\/\/www.noidiqua.it\/Montale\/montale-2\/fotonotizia\/\" \/>\n<meta property=\"og:site_name\" content=\"Noi di Qua Testata giornalistica e di attualit\u00e0 di Agliana, Montale e Quarrata.\" \/>\n<meta property=\"article:publisher\" content=\"https:\/\/www.facebook.com\/noidiqua.trimestrale\/\" \/>\n<meta property=\"article:modified_time\" content=\"2014-08-19T15:57:02+00:00\" \/>\n<meta property=\"og:image\" content=\"https:\/\/www.noidiqua.it\/Montale\/wp-content\/uploads\/2019\/03\/logo-sito.jpg\" \/>\n<script type=\"application\/ld+json\" class=\"yoast-schema-graph\">{\"@context\":\"https:\/\/schema.org\",\"@graph\":[{\"@type\":\"WebPage\",\"@id\":\"https:\/\/www.noidiqua.it\/Montale\/montale-2\/fotonotizia\/\",\"url\":\"https:\/\/www.noidiqua.it\/Montale\/montale-2\/fotonotizia\/\",\"name\":\"Fotonotizia - Noi di Qua Testata giornalistica e di attualit\u00e0 di Agliana, Montale e Quarrata.\",\"isPartOf\":{\"@id\":\"https:\/\/www.noidiqua.it\/Montale\/#website\"},\"datePublished\":\"2011-07-12T17:59:13+00:00\",\"dateModified\":\"2014-08-19T15:57:02+00:00\",\"breadcrumb\":{\"@id\":\"https:\/\/www.noidiqua.it\/Montale\/montale-2\/fotonotizia\/#breadcrumb\"},\"inLanguage\":\"it-IT\",\"potentialAction\":[{\"@type\":\"ReadAction\",\"target\":[\"https:\/\/www.noidiqua.it\/Montale\/montale-2\/fotonotizia\/\"]}]},{\"@type\":\"BreadcrumbList\",\"@id\":\"https:\/\/www.noidiqua.it\/Montale\/montale-2\/fotonotizia\/#breadcrumb\",\"itemListElement\":[{\"@type\":\"ListItem\",\"position\":1,\"name\":\"Home\",\"item\":\"https:\/\/www.noidiqua.it\/Montale\/\"},{\"@type\":\"ListItem\",\"position\":2,\"name\":\"Montale\",\"item\":\"https:\/\/www.noidiqua.it\/Montale\/montale-2\/\"},{\"@type\":\"ListItem\",\"position\":3,\"name\":\"Fotonotizia\"}]},{\"@type\":\"WebSite\",\"@id\":\"https:\/\/www.noidiqua.it\/Montale\/#website\",\"url\":\"https:\/\/www.noidiqua.it\/Montale\/\",\"name\":\"Noi di Qua Testata giornalistica e di attualit\u00e0 di Agliana, Montale e Quarrata.\",\"description\":\"Testata Giornalistica Quarrata Montale Agliana\",\"potentialAction\":[{\"@type\":\"SearchAction\",\"target\":{\"@type\":\"EntryPoint\",\"urlTemplate\":\"https:\/\/www.noidiqua.it\/Montale\/?s={search_term_string}\"},\"query-input\":{\"@type\":\"PropertyValueSpecification\",\"valueRequired\":true,\"valueName\":\"search_term_string\"}}],\"inLanguage\":\"it-IT\"}]}<\/script>\n<!-- \/ Yoast SEO plugin. -->","yoast_head_json":{"title":"Fotonotizia - Noi di Qua Testata giornalistica e di attualit\u00e0 di Agliana, Montale e Quarrata.","robots":{"index":"index","follow":"follow","max-snippet":"max-snippet:-1","max-image-preview":"max-image-preview:large","max-video-preview":"max-video-preview:-1"},"canonical":"https:\/\/www.noidiqua.it\/Montale\/montale-2\/fotonotizia\/","og_locale":"it_IT","og_type":"article","og_title":"Fotonotizia - Noi di Qua Testata giornalistica e di attualit\u00e0 di Agliana, Montale e Quarrata.","og_url":"https:\/\/www.noidiqua.it\/Montale\/montale-2\/fotonotizia\/","og_site_name":"Noi di Qua Testata giornalistica e di attualit\u00e0 di Agliana, Montale e Quarrata.","article_publisher":"https:\/\/www.facebook.com\/noidiqua.trimestrale\/","article_modified_time":"2014-08-19T15:57:02+00:00","og_image":[{"url":"https:\/\/www.noidiqua.it\/Montale\/wp-content\/uploads\/2019\/03\/logo-sito.jpg","type":"","width":"","height":""}],"schema":{"@context":"https:\/\/schema.org","@graph":[{"@type":"WebPage","@id":"https:\/\/www.noidiqua.it\/Montale\/montale-2\/fotonotizia\/","url":"https:\/\/www.noidiqua.it\/Montale\/montale-2\/fotonotizia\/","name":"Fotonotizia - Noi di Qua Testata giornalistica e di attualit\u00e0 di Agliana, Montale e Quarrata.","isPartOf":{"@id":"https:\/\/www.noidiqua.it\/Montale\/#website"},"datePublished":"2011-07-12T17:59:13+00:00","dateModified":"2014-08-19T15:57:02+00:00","breadcrumb":{"@id":"https:\/\/www.noidiqua.it\/Montale\/montale-2\/fotonotizia\/#breadcrumb"},"inLanguage":"it-IT","potentialAction":[{"@type":"ReadAction","target":["https:\/\/www.noidiqua.it\/Montale\/montale-2\/fotonotizia\/"]}]},{"@type":"BreadcrumbList","@id":"https:\/\/www.noidiqua.it\/Montale\/montale-2\/fotonotizia\/#breadcrumb","itemListElement":[{"@type":"ListItem","position":1,"name":"Home","item":"https:\/\/www.noidiqua.it\/Montale\/"},{"@type":"ListItem","position":2,"name":"Montale","item":"https:\/\/www.noidiqua.it\/Montale\/montale-2\/"},{"@type":"ListItem","position":3,"name":"Fotonotizia"}]},{"@type":"WebSite","@id":"https:\/\/www.noidiqua.it\/Montale\/#website","url":"https:\/\/www.noidiqua.it\/Montale\/","name":"Noi di Qua Testata giornalistica e di attualit\u00e0 di Agliana, Montale e Quarrata.","description":"Testata Giornalistica Quarrata Montale Agliana","potentialAction":[{"@type":"SearchAction","target":{"@type":"EntryPoint","urlTemplate":"https:\/\/www.noidiqua.it\/Montale\/?s={search_term_string}"},"query-input":{"@type":"PropertyValueSpecification","valueRequired":true,"valueName":"search_term_string"}}],"inLanguage":"it-IT"}]}},"_links":{"self":[{"href":"https:\/\/www.noidiqua.it\/Montale\/wp-json\/wp\/v2\/pages\/433","targetHints":{"allow":["GET"]}}],"collection":[{"href":"https:\/\/www.noidiqua.it\/Montale\/wp-json\/wp\/v2\/pages"}],"about":[{"href":"https:\/\/www.noidiqua.it\/Montale\/wp-json\/wp\/v2\/types\/page"}],"author":[{"embeddable":true,"href":"https:\/\/www.noidiqua.it\/Montale\/wp-json\/wp\/v2\/users\/2"}],"replies":[{"embeddable":true,"href":"https:\/\/www.noidiqua.it\/Montale\/wp-json\/wp\/v2\/comments?post=433"}],"version-history":[{"count":0,"href":"https:\/\/www.noidiqua.it\/Montale\/wp-json\/wp\/v2\/pages\/433\/revisions"}],"up":[{"embeddable":true,"href":"https:\/\/www.noidiqua.it\/Montale\/wp-json\/wp\/v2\/pages\/12"}],"wp:attachment":[{"href":"https:\/\/www.noidiqua.it\/Montale\/wp-json\/wp\/v2\/media?parent=433"}],"curies":[{"name":"wp","href":"https:\/\/api.w.org\/{rel}","templated":true}]}}