{"id":443,"date":"2011-07-12T18:02:04","date_gmt":"2011-07-12T18:02:04","guid":{"rendered":"http:\/\/192.168.1.2\/Utility-Liberty\/CMS\/noidiqua\/?page_id=443"},"modified":"2014-08-19T17:52:36","modified_gmt":"2014-08-19T15:52:36","slug":"appunti-di-redazione","status":"publish","type":"page","link":"https:\/\/www.noidiqua.it\/Montale\/montale-2\/appunti-di-redazione\/","title":{"rendered":"Appunti di redazione"},"content":{"rendered":"<div class=\"widget widget_latest_posts\"><h3 class=\"widgettitle\">Appunti di redazione<\/h3>\t\t    <div class=\"latest_posts\">\n\t\t\t<ul class=\"small-thumb\">\n\t\t\t\t<li>\n<div class=\"small-custom-frame-wrapper alignleft frame-shadow\"><div class=\"custom-frame-inner-wrapper\"><div class=\"custom-frame-padding\"><a href=\"https:\/\/www.noidiqua.it\/Montale\/giovani-ricercatori-allestero-un-fenomeno-in-crescita\/\" title=\"Giovani ricercatori all\u2019estero: un fenomeno in crescita\"><img loading=\"lazy\" decoding=\"async\" src=\"https:\/\/www.noidiqua.it\/Montale\/wp-content\/uploads\/2026\/04\/Appunti-di-redazione-160x120_c.png\" width=\"160\" height=\"120\" alt=\"Giovani ricercatori all\u2019estero: un fenomeno in crescita\" \/><\/a><\/div><\/div><\/div>\t\t\t\t    <a class=\"teaser-title\" title=\"Giovani ricercatori all\u2019estero: un fenomeno in crescita\" href=\"https:\/\/www.noidiqua.it\/Montale\/giovani-ricercatori-allestero-un-fenomeno-in-crescita\/\">Giovani ricercatori all\u2019estero: un fenomeno in crescita<\/a>\n\t\t\t\t    <div class=\"teaser-content\">di Giacomo Bini marzo 2026 Ci \u00e8 capitato spesso nel nostro giornale, e speriamo ci capiti ancora molte volte, di dare risalto alle storie personali di giovani ricercatori della piana,\u00a0ragazzi\u00a0\u201cdi qua\u201d, che dopo la laurea o pi\u00f9 spesso dopo il\u00a0dottorato\u00a0se ne vanno a fare ricerca o a lavorare all\u2019estero, pi\u00f9 spesso in paesi europei...<\/div>\n                                            <a title=\"Giovani ricercatori all\u2019estero: un fenomeno in crescita\" href=\"https:\/\/www.noidiqua.it\/Montale\/giovani-ricercatori-allestero-un-fenomeno-in-crescita\/\" class=\"read-more-align-right\"><span>Leggi tutto<\/span> &rarr;<\/a>\n\t\t\t\t    <div class=\"clear\"><\/div>\n\t\t\t\t<\/li>\n\t\t\t\t<li>\n<div class=\"small-custom-frame-wrapper alignleft frame-shadow\"><div class=\"custom-frame-inner-wrapper\"><div class=\"custom-frame-padding\"><a href=\"https:\/\/www.noidiqua.it\/Montale\/un-aiuto-concreto-per-i-bambini-in-palestina\/\" title=\"Un aiuto concreto per i bambini in Palestina\"><img loading=\"lazy\" decoding=\"async\" src=\"https:\/\/www.noidiqua.it\/Montale\/wp-content\/uploads\/2025\/12\/appunti-palestina-160x120_c.png\" width=\"160\" height=\"120\" alt=\"Un aiuto concreto per i bambini in Palestina\" \/><\/a><\/div><\/div><\/div>\t\t\t\t    <a class=\"teaser-title\" title=\"Un aiuto concreto per i bambini in Palestina\" href=\"https:\/\/www.noidiqua.it\/Montale\/un-aiuto-concreto-per-i-bambini-in-palestina\/\">Un aiuto concreto per i bambini in Palestina<\/a>\n\t\t\t\t    <div class=\"teaser-content\">di Giacomo Bini dicembre 2025 Nell\u2019ultimo numero di quest\u2019anno rivolgiamo un appello alla solidariet\u00e0. Invitiamo tutti i nostri lettori a contribuire ad una raccolta in favore dei bambini palestinesi che avr\u00e0 come destinatario e garante un padre francescano che vive da sempre in Terra Santa, padre Ibrahim Faltas, una personalit\u00e0 di grande prestigio e...<\/div>\n                                            <a title=\"Un aiuto concreto per i bambini in Palestina\" href=\"https:\/\/www.noidiqua.it\/Montale\/un-aiuto-concreto-per-i-bambini-in-palestina\/\" class=\"read-more-align-right\"><span>Leggi tutto<\/span> &rarr;<\/a>\n\t\t\t\t    <div class=\"clear\"><\/div>\n\t\t\t\t<\/li>\n\t\t\t\t<li>\n<div class=\"small-custom-frame-wrapper alignleft frame-shadow\"><div class=\"custom-frame-inner-wrapper\"><div class=\"custom-frame-padding\"><a href=\"https:\/\/www.noidiqua.it\/Montale\/il-messaggio-sempre-attuale-di-andrea-dami\/\" title=\"il messaggio sempre attuale di Andrea Dami\"><img loading=\"lazy\" decoding=\"async\" src=\"https:\/\/www.noidiqua.it\/Montale\/wp-content\/uploads\/2025\/10\/appunti-160x120_c.png\" width=\"160\" height=\"120\" alt=\"il messaggio sempre attuale di Andrea Dami\" \/><\/a><\/div><\/div><\/div>\t\t\t\t    <a class=\"teaser-title\" title=\"il messaggio sempre attuale di Andrea Dami\" href=\"https:\/\/www.noidiqua.it\/Montale\/il-messaggio-sempre-attuale-di-andrea-dami\/\">il messaggio sempre attuale di Andrea Dami<\/a>\n\t\t\t\t    <div class=\"teaser-content\">di Giacomo Bini settembre 2025 Non stupisce che gli\u00a0artisti\u00a0abbiano uno sguardo quasi profetico e cos\u00ec \u00e8 stato anche per\u00a0Andrea Dami, l\u2019autore tra le molte altre opere delle famose sculture sonore alcune delle quali sono ospitate anche a villa Smilea a Montale. Deceduto due anni fa in un incidente stradale\u00a0\u00a0insieme alla moglie\u00a0Anna Venturi, Dami aveva...<\/div>\n                                            <a title=\"il messaggio sempre attuale di Andrea Dami\" href=\"https:\/\/www.noidiqua.it\/Montale\/il-messaggio-sempre-attuale-di-andrea-dami\/\" class=\"read-more-align-right\"><span>Leggi tutto<\/span> &rarr;<\/a>\n\t\t\t\t    <div class=\"clear\"><\/div>\n\t\t\t\t<\/li>\n\t\t\t\t<li>\n<div class=\"small-custom-frame-wrapper alignleft frame-shadow\"><div class=\"custom-frame-inner-wrapper\"><div class=\"custom-frame-padding\"><a href=\"https:\/\/www.noidiqua.it\/Montale\/restauri-di-aree-verdi-grazie-ai-fondi-del-pnrr\/\" title=\"Restauri di aree verdi grazie ai fondi del PNRR\"><img loading=\"lazy\" decoding=\"async\" src=\"https:\/\/www.noidiqua.it\/Montale\/wp-content\/uploads\/2025\/07\/Villa-La-Magia-2-160x120_c.png\" width=\"160\" height=\"120\" alt=\"Restauri di aree verdi grazie ai fondi del PNRR\" \/><\/a><\/div><\/div><\/div>\t\t\t\t    <a class=\"teaser-title\" title=\"Restauri di aree verdi grazie ai fondi del PNRR\" href=\"https:\/\/www.noidiqua.it\/Montale\/restauri-di-aree-verdi-grazie-ai-fondi-del-pnrr\/\">Restauri di aree verdi grazie ai fondi del PNRR<\/a>\n\t\t\t\t    <div class=\"teaser-content\">di Giacomo Bini giugno 2025 A ben guardare nelle cronache di questo periodo ci sono anche delle buone notizie e a\u00a0Noidiqua\u00a0piace sempre valorizzarle. La buona notizia su cui richiamiamo l\u2019attenzione dei lettori \u00e8 il restauro di giardini e parchi di due grandi e storiche ville:\u00a0La Magia\u00a0a Quarrata e\u00a0Celle\u00a0a Santomato. In comune i due restauri...<\/div>\n                                            <a title=\"Restauri di aree verdi grazie ai fondi del PNRR\" href=\"https:\/\/www.noidiqua.it\/Montale\/restauri-di-aree-verdi-grazie-ai-fondi-del-pnrr\/\" class=\"read-more-align-right\"><span>Leggi tutto<\/span> &rarr;<\/a>\n\t\t\t\t    <div class=\"clear\"><\/div>\n\t\t\t\t<\/li>\n\t\t\t\t<li>\n<div class=\"small-custom-frame-wrapper alignleft frame-shadow\"><div class=\"custom-frame-inner-wrapper\"><div class=\"custom-frame-padding\"><a href=\"https:\/\/www.noidiqua.it\/Montale\/tanti-auguri-a-noi-di-qua\/\" title=\"Tanti auguri a Noi\u2026 di QUA!\"><img loading=\"lazy\" decoding=\"async\" src=\"https:\/\/www.noidiqua.it\/Montale\/wp-content\/uploads\/2025\/04\/appunti-160x120_c.png\" width=\"160\" height=\"120\" alt=\"Tanti auguri a Noi\u2026 di QUA!\" \/><\/a><\/div><\/div><\/div>\t\t\t\t    <a class=\"teaser-title\" title=\"Tanti auguri a Noi\u2026 di QUA!\" href=\"https:\/\/www.noidiqua.it\/Montale\/tanti-auguri-a-noi-di-qua\/\">Tanti auguri a Noi\u2026 di QUA!<\/a>\n\t\t\t\t    <div class=\"teaser-content\">di Giacomo Bini marzo 2025 La nostra rivista compie 18 anni. Per le persone \u00e8 la soglia della maggiore et\u00e0, per un giornale pu\u00f2 essere un tempo molto lungo o molto breve, dipende dalla durata della sua vita futura, che \u00e8 impossibile determinare in anticipo. L\u2019esistenza di una rivista \u00e8 stabilita da tante cose:...<\/div>\n                                            <a title=\"Tanti auguri a Noi\u2026 di QUA!\" href=\"https:\/\/www.noidiqua.it\/Montale\/tanti-auguri-a-noi-di-qua\/\" class=\"read-more-align-right\"><span>Leggi tutto<\/span> &rarr;<\/a>\n\t\t\t\t    <div class=\"clear\"><\/div>\n\t\t\t\t<\/li>\n\t\t\t\t<li>\n<div class=\"small-custom-frame-wrapper alignleft frame-shadow\"><div class=\"custom-frame-inner-wrapper\"><div class=\"custom-frame-padding\"><a href=\"https:\/\/www.noidiqua.it\/Montale\/la-crisi-economica-e-quella-morale\/\" title=\"La crisi economica e quella morale\"><img loading=\"lazy\" decoding=\"async\" src=\"https:\/\/www.noidiqua.it\/Montale\/wp-content\/uploads\/2024\/12\/appunti-di-redazione-160x120_c.png\" width=\"160\" height=\"120\" alt=\"La crisi economica e quella morale\" \/><\/a><\/div><\/div><\/div>\t\t\t\t    <a class=\"teaser-title\" title=\"La crisi economica e quella morale\" href=\"https:\/\/www.noidiqua.it\/Montale\/la-crisi-economica-e-quella-morale\/\">La crisi economica e quella morale<\/a>\n\t\t\t\t    <div class=\"teaser-content\">di Giacomo Bini dicembre 2024 Un augurio per il\u00a0nuovo anno\u00a0alla nostra piana potrebbe riguardare molti temi, da quello\u00a0idrogeologico\u00a0a quello della\u00a0viabilit\u00e0, ma noi vogliamo scegliere un augurio di ripresa economica visto che veniamo da un anno di calo della\u00a0produzione industriale. Il nostro\u00a0Buon Anno 2025\u00a0mira innanzitutto ad un\u2019inversione di tendenza rispetto ai dati del secondo e...<\/div>\n                                            <a title=\"La crisi economica e quella morale\" href=\"https:\/\/www.noidiqua.it\/Montale\/la-crisi-economica-e-quella-morale\/\" class=\"read-more-align-right\"><span>Leggi tutto<\/span> &rarr;<\/a>\n\t\t\t\t    <div class=\"clear\"><\/div>\n\t\t\t\t<\/li>\n\t\t\t\t<li>\n<div class=\"small-custom-frame-wrapper alignleft frame-shadow\"><div class=\"custom-frame-inner-wrapper\"><div class=\"custom-frame-padding\"><a href=\"https:\/\/www.noidiqua.it\/Montale\/alluvione-un-anno-dopo-cosa-e-cambiato\/\" title=\"Alluvione un anno dopo: cosa \u00e8 cambiato?\"><img loading=\"lazy\" decoding=\"async\" src=\"https:\/\/www.noidiqua.it\/Montale\/wp-content\/uploads\/2023\/12\/alluvione-3-160x120_c.png\" width=\"160\" height=\"120\" alt=\"Alluvione un anno dopo: cosa \u00e8 cambiato?\" \/><\/a><\/div><\/div><\/div>\t\t\t\t    <a class=\"teaser-title\" title=\"Alluvione un anno dopo: cosa \u00e8 cambiato?\" href=\"https:\/\/www.noidiqua.it\/Montale\/alluvione-un-anno-dopo-cosa-e-cambiato\/\">Alluvione un anno dopo: cosa \u00e8 cambiato?<\/a>\n\t\t\t\t    <div class=\"teaser-content\">di Giacomo Bini. Foto: Gabriele Bellini settembre 2024 Tra poche settimane sar\u00e0 un anno dall\u2019alluvione del 2 novembre 2023 e le notizie e le immagini che vengono dall\u2019Emilia Romagna fanno paura. In quei territori a noi non lontani si \u00e8 ripetuta una disastrosa alluvione a distanza di soli 16 mesi. Le televisioni trasmettono scene...<\/div>\n                                            <a title=\"Alluvione un anno dopo: cosa \u00e8 cambiato?\" href=\"https:\/\/www.noidiqua.it\/Montale\/alluvione-un-anno-dopo-cosa-e-cambiato\/\" class=\"read-more-align-right\"><span>Leggi tutto<\/span> &rarr;<\/a>\n\t\t\t\t    <div class=\"clear\"><\/div>\n\t\t\t\t<\/li>\n\t\t\t\t<li>\n<div class=\"small-custom-frame-wrapper alignleft frame-shadow\"><div class=\"custom-frame-inner-wrapper\"><div class=\"custom-frame-padding\"><a href=\"https:\/\/www.noidiqua.it\/Montale\/tasse-redditi-e-doveri\/\" title=\"Tasse&#8230; redditi e doveri\"><img loading=\"lazy\" decoding=\"async\" src=\"https:\/\/www.noidiqua.it\/Montale\/wp-content\/uploads\/2024\/07\/appunti_-160x120_c.png\" width=\"160\" height=\"120\" alt=\"Tasse... redditi e doveri\" \/><\/a><\/div><\/div><\/div>\t\t\t\t    <a class=\"teaser-title\" title=\"Tasse&#8230; redditi e doveri\" href=\"https:\/\/www.noidiqua.it\/Montale\/tasse-redditi-e-doveri\/\">Tasse&#8230; redditi e doveri<\/a>\n\t\t\t\t    <div class=\"teaser-content\">di Giacomo Bini giugno 2024 In tempo di scadenze fiscali e dichiarazioni dei redditi pensiamo di fare cosa utile riportando alcuni dati sulle dichiarazioni dei redditi dell\u2019anno scorso resi noti dal Ministero dell\u2019Economia e delle Finanze. Nel mare magnum dei dati, delle tabelle e delle statistiche vorremmo richiamare l\u2019attenzione su pochi numeri che crediamo...<\/div>\n                                            <a title=\"Tasse&#8230; redditi e doveri\" href=\"https:\/\/www.noidiqua.it\/Montale\/tasse-redditi-e-doveri\/\" class=\"read-more-align-right\"><span>Leggi tutto<\/span> &rarr;<\/a>\n\t\t\t\t    <div class=\"clear\"><\/div>\n\t\t\t\t<\/li>\n\t\t\t\t<li>\n<div class=\"small-custom-frame-wrapper alignleft frame-shadow\"><div class=\"custom-frame-inner-wrapper\"><div class=\"custom-frame-padding\"><a href=\"https:\/\/www.noidiqua.it\/Montale\/dalle-botteghine-alle-commerce\/\" title=\"Dalle botteghine all\u2019E-commerce\"><img loading=\"lazy\" decoding=\"async\" src=\"https:\/\/www.noidiqua.it\/Montale\/wp-content\/uploads\/2024\/04\/appunti-160x120_c.png\" width=\"160\" height=\"120\" alt=\"Dalle botteghine all\u2019E-commerce\" \/><\/a><\/div><\/div><\/div>\t\t\t\t    <a class=\"teaser-title\" title=\"Dalle botteghine all\u2019E-commerce\" href=\"https:\/\/www.noidiqua.it\/Montale\/dalle-botteghine-alle-commerce\/\">Dalle botteghine all\u2019E-commerce<\/a>\n\t\t\t\t    <div class=\"teaser-content\">di Giacomo Bini marzo 2024 I dati di\u00a0Confcommercio\u00a0sulla diminuzione dei negozi al dettaglio a Pistoia negli ultimi anni sono impressionanti, ma purtroppo non sorprendenti. Sono infatti in linea con le statistiche nazionali e con le tendenze presenti da molto tempo e che non hanno trovato finora adeguate contromisure. Veniamo ai numeri: nell\u2019arco di dieci...<\/div>\n                                            <a title=\"Dalle botteghine all\u2019E-commerce\" href=\"https:\/\/www.noidiqua.it\/Montale\/dalle-botteghine-alle-commerce\/\" class=\"read-more-align-right\"><span>Leggi tutto<\/span> &rarr;<\/a>\n\t\t\t\t    <div class=\"clear\"><\/div>\n\t\t\t\t<\/li>\n\t\t\t\t<li>\n<div class=\"small-custom-frame-wrapper alignleft frame-shadow\"><div class=\"custom-frame-inner-wrapper\"><div class=\"custom-frame-padding\"><a href=\"https:\/\/www.noidiqua.it\/Montale\/alluvione-e-poi\/\" title=\"Alluvione e poi?\"><img loading=\"lazy\" decoding=\"async\" src=\"https:\/\/www.noidiqua.it\/Montale\/wp-content\/uploads\/2023\/12\/appunti-160x120_c.png\" width=\"160\" height=\"120\" alt=\"Alluvione e poi?\" \/><\/a><\/div><\/div><\/div>\t\t\t\t    <a class=\"teaser-title\" title=\"Alluvione e poi?\" href=\"https:\/\/www.noidiqua.it\/Montale\/alluvione-e-poi\/\">Alluvione e poi?<\/a>\n\t\t\t\t    <div class=\"teaser-content\">di Giacomo Bini dicembre 2023 Ora i Comuni della piana devono farsi sentire perch\u00e9 i soldi per i risarcimenti arrivino in breve tempo e soprattutto in modo proporzionato alla gravit\u00e0 dei danni subiti. Non a pioggia e non mettendo la piana in posizione secondaria rispetto a Prato e alla provincia di Firenze. Non \u00e8...<\/div>\n                                            <a title=\"Alluvione e poi?\" href=\"https:\/\/www.noidiqua.it\/Montale\/alluvione-e-poi\/\" class=\"read-more-align-right\"><span>Leggi tutto<\/span> &rarr;<\/a>\n\t\t\t\t    <div class=\"clear\"><\/div>\n\t\t\t\t<\/li>\n\t\t\t<\/ul>\n\t\t    <\/div><!-- end widget_recent_posts -->\n<\/div>\n<a class=\"flat-custom-button align-btn-left\" href=\"https:\/\/www.noidiqua.it\/Montale\/category\/mt\/appuntired\/\" title=\"Mostra tutti gli articoli di questa sezione\"><span style=\"padding:10px 20px; background-color:#ed162d; border:1px solid #ed162d; color:#FFFFFF; font-size:14px;\">Mostra tutti gli articoli precedenti<\/span><\/a>","protected":false},"excerpt":{"rendered":"","protected":false},"author":2,"featured_media":0,"parent":12,"menu_order":0,"comment_status":"open","ping_status":"open","template":"","meta":{"footnotes":""},"class_list":["post-443","page","type-page","status-publish","hentry"],"yoast_head":"<!-- This site is optimized with the Yoast SEO plugin v25.5 - https:\/\/yoast.com\/wordpress\/plugins\/seo\/ -->\n<title>Appunti di redazione - Noi di Qua Testata giornalistica e di attualit\u00e0 di Agliana, Montale e Quarrata.<\/title>\n<meta name=\"robots\" content=\"index, follow, max-snippet:-1, max-image-preview:large, max-video-preview:-1\" \/>\n<link rel=\"canonical\" href=\"https:\/\/www.noidiqua.it\/Montale\/montale-2\/appunti-di-redazione\/\" \/>\n<meta property=\"og:locale\" content=\"it_IT\" \/>\n<meta property=\"og:type\" content=\"article\" \/>\n<meta property=\"og:title\" content=\"Appunti di redazione - Noi di Qua Testata giornalistica e di attualit\u00e0 di Agliana, Montale e Quarrata.\" \/>\n<meta property=\"og:url\" content=\"https:\/\/www.noidiqua.it\/Montale\/montale-2\/appunti-di-redazione\/\" \/>\n<meta property=\"og:site_name\" content=\"Noi di Qua Testata giornalistica e di attualit\u00e0 di Agliana, Montale e Quarrata.\" \/>\n<meta property=\"article:publisher\" content=\"https:\/\/www.facebook.com\/noidiqua.trimestrale\/\" \/>\n<meta property=\"article:modified_time\" content=\"2014-08-19T15:52:36+00:00\" \/>\n<meta property=\"og:image\" content=\"https:\/\/www.noidiqua.it\/Montale\/wp-content\/uploads\/2019\/03\/logo-sito.jpg\" \/>\n<script type=\"application\/ld+json\" class=\"yoast-schema-graph\">{\"@context\":\"https:\/\/schema.org\",\"@graph\":[{\"@type\":\"WebPage\",\"@id\":\"https:\/\/www.noidiqua.it\/Montale\/montale-2\/appunti-di-redazione\/\",\"url\":\"https:\/\/www.noidiqua.it\/Montale\/montale-2\/appunti-di-redazione\/\",\"name\":\"Appunti di redazione - Noi di Qua Testata giornalistica e di attualit\u00e0 di Agliana, Montale e Quarrata.\",\"isPartOf\":{\"@id\":\"https:\/\/www.noidiqua.it\/Montale\/#website\"},\"datePublished\":\"2011-07-12T18:02:04+00:00\",\"dateModified\":\"2014-08-19T15:52:36+00:00\",\"breadcrumb\":{\"@id\":\"https:\/\/www.noidiqua.it\/Montale\/montale-2\/appunti-di-redazione\/#breadcrumb\"},\"inLanguage\":\"it-IT\",\"potentialAction\":[{\"@type\":\"ReadAction\",\"target\":[\"https:\/\/www.noidiqua.it\/Montale\/montale-2\/appunti-di-redazione\/\"]}]},{\"@type\":\"BreadcrumbList\",\"@id\":\"https:\/\/www.noidiqua.it\/Montale\/montale-2\/appunti-di-redazione\/#breadcrumb\",\"itemListElement\":[{\"@type\":\"ListItem\",\"position\":1,\"name\":\"Home\",\"item\":\"https:\/\/www.noidiqua.it\/Montale\/\"},{\"@type\":\"ListItem\",\"position\":2,\"name\":\"Montale\",\"item\":\"https:\/\/www.noidiqua.it\/Montale\/montale-2\/\"},{\"@type\":\"ListItem\",\"position\":3,\"name\":\"Appunti di redazione\"}]},{\"@type\":\"WebSite\",\"@id\":\"https:\/\/www.noidiqua.it\/Montale\/#website\",\"url\":\"https:\/\/www.noidiqua.it\/Montale\/\",\"name\":\"Noi di Qua Testata giornalistica e di attualit\u00e0 di Agliana, Montale e Quarrata.\",\"description\":\"Testata Giornalistica Quarrata Montale Agliana\",\"potentialAction\":[{\"@type\":\"SearchAction\",\"target\":{\"@type\":\"EntryPoint\",\"urlTemplate\":\"https:\/\/www.noidiqua.it\/Montale\/?s={search_term_string}\"},\"query-input\":{\"@type\":\"PropertyValueSpecification\",\"valueRequired\":true,\"valueName\":\"search_term_string\"}}],\"inLanguage\":\"it-IT\"}]}<\/script>\n<!-- \/ Yoast SEO plugin. -->","yoast_head_json":{"title":"Appunti di redazione - Noi di Qua Testata giornalistica e di attualit\u00e0 di Agliana, Montale e Quarrata.","robots":{"index":"index","follow":"follow","max-snippet":"max-snippet:-1","max-image-preview":"max-image-preview:large","max-video-preview":"max-video-preview:-1"},"canonical":"https:\/\/www.noidiqua.it\/Montale\/montale-2\/appunti-di-redazione\/","og_locale":"it_IT","og_type":"article","og_title":"Appunti di redazione - Noi di Qua Testata giornalistica e di attualit\u00e0 di Agliana, Montale e Quarrata.","og_url":"https:\/\/www.noidiqua.it\/Montale\/montale-2\/appunti-di-redazione\/","og_site_name":"Noi di Qua Testata giornalistica e di attualit\u00e0 di Agliana, Montale e Quarrata.","article_publisher":"https:\/\/www.facebook.com\/noidiqua.trimestrale\/","article_modified_time":"2014-08-19T15:52:36+00:00","og_image":[{"url":"https:\/\/www.noidiqua.it\/Montale\/wp-content\/uploads\/2019\/03\/logo-sito.jpg","type":"","width":"","height":""}],"schema":{"@context":"https:\/\/schema.org","@graph":[{"@type":"WebPage","@id":"https:\/\/www.noidiqua.it\/Montale\/montale-2\/appunti-di-redazione\/","url":"https:\/\/www.noidiqua.it\/Montale\/montale-2\/appunti-di-redazione\/","name":"Appunti di redazione - Noi di Qua Testata giornalistica e di attualit\u00e0 di Agliana, Montale e Quarrata.","isPartOf":{"@id":"https:\/\/www.noidiqua.it\/Montale\/#website"},"datePublished":"2011-07-12T18:02:04+00:00","dateModified":"2014-08-19T15:52:36+00:00","breadcrumb":{"@id":"https:\/\/www.noidiqua.it\/Montale\/montale-2\/appunti-di-redazione\/#breadcrumb"},"inLanguage":"it-IT","potentialAction":[{"@type":"ReadAction","target":["https:\/\/www.noidiqua.it\/Montale\/montale-2\/appunti-di-redazione\/"]}]},{"@type":"BreadcrumbList","@id":"https:\/\/www.noidiqua.it\/Montale\/montale-2\/appunti-di-redazione\/#breadcrumb","itemListElement":[{"@type":"ListItem","position":1,"name":"Home","item":"https:\/\/www.noidiqua.it\/Montale\/"},{"@type":"ListItem","position":2,"name":"Montale","item":"https:\/\/www.noidiqua.it\/Montale\/montale-2\/"},{"@type":"ListItem","position":3,"name":"Appunti di redazione"}]},{"@type":"WebSite","@id":"https:\/\/www.noidiqua.it\/Montale\/#website","url":"https:\/\/www.noidiqua.it\/Montale\/","name":"Noi di Qua Testata giornalistica e di attualit\u00e0 di Agliana, Montale e Quarrata.","description":"Testata Giornalistica Quarrata Montale Agliana","potentialAction":[{"@type":"SearchAction","target":{"@type":"EntryPoint","urlTemplate":"https:\/\/www.noidiqua.it\/Montale\/?s={search_term_string}"},"query-input":{"@type":"PropertyValueSpecification","valueRequired":true,"valueName":"search_term_string"}}],"inLanguage":"it-IT"}]}},"_links":{"self":[{"href":"https:\/\/www.noidiqua.it\/Montale\/wp-json\/wp\/v2\/pages\/443","targetHints":{"allow":["GET"]}}],"collection":[{"href":"https:\/\/www.noidiqua.it\/Montale\/wp-json\/wp\/v2\/pages"}],"about":[{"href":"https:\/\/www.noidiqua.it\/Montale\/wp-json\/wp\/v2\/types\/page"}],"author":[{"embeddable":true,"href":"https:\/\/www.noidiqua.it\/Montale\/wp-json\/wp\/v2\/users\/2"}],"replies":[{"embeddable":true,"href":"https:\/\/www.noidiqua.it\/Montale\/wp-json\/wp\/v2\/comments?post=443"}],"version-history":[{"count":0,"href":"https:\/\/www.noidiqua.it\/Montale\/wp-json\/wp\/v2\/pages\/443\/revisions"}],"up":[{"embeddable":true,"href":"https:\/\/www.noidiqua.it\/Montale\/wp-json\/wp\/v2\/pages\/12"}],"wp:attachment":[{"href":"https:\/\/www.noidiqua.it\/Montale\/wp-json\/wp\/v2\/media?parent=443"}],"curies":[{"name":"wp","href":"https:\/\/api.w.org\/{rel}","templated":true}]}}