{"id":451,"date":"2011-07-12T18:03:47","date_gmt":"2011-07-12T18:03:47","guid":{"rendered":"http:\/\/192.168.1.2\/Utility-Liberty\/CMS\/noidiqua\/?page_id=451"},"modified":"2014-08-19T18:16:55","modified_gmt":"2014-08-19T16:16:55","slug":"una-mela-al-giorno","status":"publish","type":"page","link":"https:\/\/www.noidiqua.it\/Montale\/montale-2\/una-mela-al-giorno\/","title":{"rendered":"Una mela al giorno"},"content":{"rendered":"<div class=\"widget widget_latest_posts\"><h3 class=\"widgettitle\">Una mela al giorno<\/h3>\t\t    <div class=\"latest_posts\">\n\t\t\t<ul class=\"small-thumb\">\n\t\t\t\t<li>\n<div class=\"small-custom-frame-wrapper alignleft frame-shadow\"><div class=\"custom-frame-inner-wrapper\"><div class=\"custom-frame-padding\"><a href=\"https:\/\/www.noidiqua.it\/Montale\/miti-da-sfatare-sulla-pizza\/\" title=\"Miti da sfatare sulla pizza\"><img loading=\"lazy\" decoding=\"async\" src=\"https:\/\/www.noidiqua.it\/Montale\/wp-content\/uploads\/2026\/04\/Una-mela-al-giorno-pizza-160x120_c.png\" width=\"160\" height=\"120\" alt=\"Miti da sfatare sulla pizza\" \/><\/a><\/div><\/div><\/div>\t\t\t\t    <a class=\"teaser-title\" title=\"Miti da sfatare sulla pizza\" href=\"https:\/\/www.noidiqua.it\/Montale\/miti-da-sfatare-sulla-pizza\/\">Miti da sfatare sulla pizza<\/a>\n\t\t\t\t    <div class=\"teaser-content\">di Paola Maria Mandelli marzo 2026 Ci sono pochi alimenti amati e demonizzati quanto la pizza. Bandiera dell\u2019italianit\u00e0 nel mondo, si \u00e8 poi trasformata seguendo i gusti locali. Proprio l\u2019estrema variabilit\u00e0 di questo piatto rende difficile definirne le caratteristiche generali, mentre abbastanza unanime \u00e8 l\u2019idea che la pizza possa \u201cgonfiare\u201d a causa del lievito...<\/div>\n                                            <a title=\"Miti da sfatare sulla pizza\" href=\"https:\/\/www.noidiqua.it\/Montale\/miti-da-sfatare-sulla-pizza\/\" class=\"read-more-align-right\"><span>Leggi tutto<\/span> &rarr;<\/a>\n\t\t\t\t    <div class=\"clear\"><\/div>\n\t\t\t\t<\/li>\n\t\t\t\t<li>\n<div class=\"small-custom-frame-wrapper alignleft frame-shadow\"><div class=\"custom-frame-inner-wrapper\"><div class=\"custom-frame-padding\"><a href=\"https:\/\/www.noidiqua.it\/Montale\/come-vivere-linverno-in-salute\/\" title=\"Come vivere l\u2019inverno in salute\"><img loading=\"lazy\" decoding=\"async\" src=\"https:\/\/www.noidiqua.it\/Montale\/wp-content\/uploads\/2025\/12\/una-mela-al-giorno-inverno-160x120_c.png\" width=\"160\" height=\"120\" alt=\"Come vivere l\u2019inverno in salute\" \/><\/a><\/div><\/div><\/div>\t\t\t\t    <a class=\"teaser-title\" title=\"Come vivere l\u2019inverno in salute\" href=\"https:\/\/www.noidiqua.it\/Montale\/come-vivere-linverno-in-salute\/\">Come vivere l\u2019inverno in salute<\/a>\n\t\t\t\t    <div class=\"teaser-content\">di Paola Maria Mandelli dicembre 2025 Per ovviare ai malanni della stagione invernale, oltre all\u2019importanza delle pratiche di igiene e delle vaccinazioni,\u00a0\u00e8 stato dimostrato che una corretta alimentazione e idratazione, sono molto importanti.\u00a0Ecco qualche informazione utile. Il sistema immunitario \u00e8 un meccanismo di difesa estremamente complesso. Una vasta ed articolata rete di tessuti, cellule...<\/div>\n                                            <a title=\"Come vivere l\u2019inverno in salute\" href=\"https:\/\/www.noidiqua.it\/Montale\/come-vivere-linverno-in-salute\/\" class=\"read-more-align-right\"><span>Leggi tutto<\/span> &rarr;<\/a>\n\t\t\t\t    <div class=\"clear\"><\/div>\n\t\t\t\t<\/li>\n\t\t\t\t<li>\n<div class=\"small-custom-frame-wrapper alignleft frame-shadow\"><div class=\"custom-frame-inner-wrapper\"><div class=\"custom-frame-padding\"><a href=\"https:\/\/www.noidiqua.it\/Montale\/il-118-la-guardia-medica-il-pronto-soccorso-e\/\" title=\"il 118, la guardia medica, il pronto soccorso e\u2026\"><img loading=\"lazy\" decoding=\"async\" src=\"https:\/\/www.noidiqua.it\/Montale\/wp-content\/uploads\/2025\/10\/Una-mela-al-giorno-160x120_c.png\" width=\"160\" height=\"120\" alt=\"il 118, la guardia medica, il pronto soccorso e\u2026\" \/><\/a><\/div><\/div><\/div>\t\t\t\t    <a class=\"teaser-title\" title=\"il 118, la guardia medica, il pronto soccorso e\u2026\" href=\"https:\/\/www.noidiqua.it\/Montale\/il-118-la-guardia-medica-il-pronto-soccorso-e\/\">il 118, la guardia medica, il pronto soccorso e\u2026<\/a>\n\t\t\t\t    <div class=\"teaser-content\">di Paola Maria Mandelli settembre 2025 Esercitando la mia professione di medico di medicina generale, ho capito che esiste un po\u2019 di confusione su come usare il 118, la guardia medica o il Pronto Soccorso. Cercher\u00f2 di fare chiarezza. \u2022\u00a0Il 118 \u00e8 necessario chiamarlo in casi di gravi malori, fornendo informazioni precise su cosa...<\/div>\n                                            <a title=\"il 118, la guardia medica, il pronto soccorso e\u2026\" href=\"https:\/\/www.noidiqua.it\/Montale\/il-118-la-guardia-medica-il-pronto-soccorso-e\/\" class=\"read-more-align-right\"><span>Leggi tutto<\/span> &rarr;<\/a>\n\t\t\t\t    <div class=\"clear\"><\/div>\n\t\t\t\t<\/li>\n\t\t\t\t<li>\n<div class=\"small-custom-frame-wrapper alignleft frame-shadow\"><div class=\"custom-frame-inner-wrapper\"><div class=\"custom-frame-padding\"><a href=\"https:\/\/www.noidiqua.it\/Montale\/asma-e-sport-sono-incompatibili\/\" title=\"Asma e sport sono incompatibili?\"><img loading=\"lazy\" decoding=\"async\" src=\"https:\/\/www.noidiqua.it\/Montale\/wp-content\/uploads\/2025\/07\/una-mela-al-giorno-160x120_c.png\" width=\"160\" height=\"120\" alt=\"Asma e sport sono incompatibili?\" \/><\/a><\/div><\/div><\/div>\t\t\t\t    <a class=\"teaser-title\" title=\"Asma e sport sono incompatibili?\" href=\"https:\/\/www.noidiqua.it\/Montale\/asma-e-sport-sono-incompatibili\/\">Asma e sport sono incompatibili?<\/a>\n\t\t\t\t    <div class=\"teaser-content\">di Paola Maria Mandelli giugno 2025 L\u2019idea che chi soffre di asma debba rinunciare all\u2019attivit\u00e0 sportiva \u00e8 molto diffusa, ma non corrisponde alla realt\u00e0.\u00a0Con le giuste precauzioni, l\u2019esercizio fisico non solo \u00e8 possibile, ma pu\u00f2 addirittura aiutare a migliorare il controllo di questa patologia.\u00a0L\u2019importante \u00e8 scegliere l\u2019attivit\u00e0 adatta, seguire i consigli del medico e...<\/div>\n                                            <a title=\"Asma e sport sono incompatibili?\" href=\"https:\/\/www.noidiqua.it\/Montale\/asma-e-sport-sono-incompatibili\/\" class=\"read-more-align-right\"><span>Leggi tutto<\/span> &rarr;<\/a>\n\t\t\t\t    <div class=\"clear\"><\/div>\n\t\t\t\t<\/li>\n\t\t\t\t<li>\n<div class=\"small-custom-frame-wrapper alignleft frame-shadow\"><div class=\"custom-frame-inner-wrapper\"><div class=\"custom-frame-padding\"><a href=\"https:\/\/www.noidiqua.it\/Montale\/i-disturbi-dellapprendimento\/\" title=\"I disturbi dell\u2019apprendimento\"><img loading=\"lazy\" decoding=\"async\" src=\"https:\/\/www.noidiqua.it\/Montale\/wp-content\/uploads\/2025\/04\/dislessia-160x120_c.png\" width=\"160\" height=\"120\" alt=\"I disturbi dell\u2019apprendimento\" \/><\/a><\/div><\/div><\/div>\t\t\t\t    <a class=\"teaser-title\" title=\"I disturbi dell\u2019apprendimento\" href=\"https:\/\/www.noidiqua.it\/Montale\/i-disturbi-dellapprendimento\/\">I disturbi dell\u2019apprendimento<\/a>\n\t\t\t\t    <div class=\"teaser-content\">di Paola Maria Mandelli marzo 2025 I Disturbi Specifici dell\u2019Apprendimento (DSA) sono disturbi del neuro-sviluppo che riguardano la capacit\u00e0 di leggere, scrivere e calcolare in modo corretto e fluente e che si manifestano con l\u2019inizio della scolarizzazione. I DSA sono classificati in base alla difficolt\u00e0 specifica. Dislessia: disturbo specifico della lettura che si manifesta...<\/div>\n                                            <a title=\"I disturbi dell\u2019apprendimento\" href=\"https:\/\/www.noidiqua.it\/Montale\/i-disturbi-dellapprendimento\/\" class=\"read-more-align-right\"><span>Leggi tutto<\/span> &rarr;<\/a>\n\t\t\t\t    <div class=\"clear\"><\/div>\n\t\t\t\t<\/li>\n\t\t\t\t<li>\n<div class=\"small-custom-frame-wrapper alignleft frame-shadow\"><div class=\"custom-frame-inner-wrapper\"><div class=\"custom-frame-padding\"><a href=\"https:\/\/www.noidiqua.it\/Montale\/h3n2-e-arrivata-laustraliana\/\" title=\"H3N2: \u00e8 arrivata l\u2019australiana!\"><img loading=\"lazy\" decoding=\"async\" src=\"https:\/\/www.noidiqua.it\/Montale\/wp-content\/uploads\/2024\/12\/Una-mela-H3-N2-160x120_c.png\" width=\"160\" height=\"120\" alt=\"H3N2: \u00e8 arrivata l\u2019australiana!\" \/><\/a><\/div><\/div><\/div>\t\t\t\t    <a class=\"teaser-title\" title=\"H3N2: \u00e8 arrivata l\u2019australiana!\" href=\"https:\/\/www.noidiqua.it\/Montale\/h3n2-e-arrivata-laustraliana\/\">H3N2: \u00e8 arrivata l\u2019australiana!<\/a>\n\t\t\t\t    <div class=\"teaser-content\">di Paola Maria Mandelli dicembre 2024 Il\u00a0virus H3N2, il ceppo di influenza di quest\u2019anno, come gli altri sottotipi, pu\u00f2 portare a gravi complicanze, come la\u00a0polmonite, in particolare nelle persone anziane e nei pazienti con altre\u00a0comorbidit\u00e0. I sintomi principali rimangono quelli tipici dell\u2019influenza: febbre alta tra i 38 e i 40 gradi, brividi, mal di...<\/div>\n                                            <a title=\"H3N2: \u00e8 arrivata l\u2019australiana!\" href=\"https:\/\/www.noidiqua.it\/Montale\/h3n2-e-arrivata-laustraliana\/\" class=\"read-more-align-right\"><span>Leggi tutto<\/span> &rarr;<\/a>\n\t\t\t\t    <div class=\"clear\"><\/div>\n\t\t\t\t<\/li>\n\t\t\t\t<li>\n<div class=\"small-custom-frame-wrapper alignleft frame-shadow\"><div class=\"custom-frame-inner-wrapper\"><div class=\"custom-frame-padding\"><a href=\"https:\/\/www.noidiqua.it\/Montale\/le-intolleranze-alimentari\/\" title=\"Le intolleranze alimentari\"><img loading=\"lazy\" decoding=\"async\" src=\"https:\/\/www.noidiqua.it\/Montale\/wp-content\/uploads\/2024\/10\/sommari-Noidiqua-160x120_c.png\" width=\"160\" height=\"120\" alt=\"Le intolleranze alimentari\" \/><\/a><\/div><\/div><\/div>\t\t\t\t    <a class=\"teaser-title\" title=\"Le intolleranze alimentari\" href=\"https:\/\/www.noidiqua.it\/Montale\/le-intolleranze-alimentari\/\">Le intolleranze alimentari<\/a>\n\t\t\t\t    <div class=\"teaser-content\">di Paola Maria Mandelli settembre 2024 Spesso di fronte a sintomi come disturbi intestinali (gonfiore, meteorismo, stipsi, colon irritabile), acne e dermatiti, obesit\u00e0, cefalea, emicrania, dolori premestruali, dolori articolari, disturbi dell\u2019umore (irritabilit\u00e0, depressione, e simili), si sente parlare di \u201cintolleranza alimentare\u201d. Va subito detto che i test per diagnosticarle non hanno alcuna base scientifica...<\/div>\n                                            <a title=\"Le intolleranze alimentari\" href=\"https:\/\/www.noidiqua.it\/Montale\/le-intolleranze-alimentari\/\" class=\"read-more-align-right\"><span>Leggi tutto<\/span> &rarr;<\/a>\n\t\t\t\t    <div class=\"clear\"><\/div>\n\t\t\t\t<\/li>\n\t\t\t\t<li>\n<div class=\"small-custom-frame-wrapper alignleft frame-shadow\"><div class=\"custom-frame-inner-wrapper\"><div class=\"custom-frame-padding\"><a href=\"https:\/\/www.noidiqua.it\/Montale\/il-sole-fa-bene-o-male\/\" title=\"il sole fa bene o male?\"><img loading=\"lazy\" decoding=\"async\" src=\"https:\/\/www.noidiqua.it\/Montale\/wp-content\/uploads\/2024\/07\/una-mela-al-giorno-estate-160x120_c.png\" width=\"160\" height=\"120\" alt=\"il sole fa bene o male?\" \/><\/a><\/div><\/div><\/div>\t\t\t\t    <a class=\"teaser-title\" title=\"il sole fa bene o male?\" href=\"https:\/\/www.noidiqua.it\/Montale\/il-sole-fa-bene-o-male\/\">il sole fa bene o male?<\/a>\n\t\t\t\t    <div class=\"teaser-content\">di Paola Maria Mandelli giugno 2024 Se da un lato il sole \u00e8 un alleato della salute, dall&#8217;altro si pu\u00f2 trasformare in un nemico, specialmente per la pelle. Quali sono i benefici di una abbronzatura con esposizione diretta al sole? Le radiazioni ultraviolette favoriscono la sintesi di vitamina D, necessaria per una corretta mineralizzazione...<\/div>\n                                            <a title=\"il sole fa bene o male?\" href=\"https:\/\/www.noidiqua.it\/Montale\/il-sole-fa-bene-o-male\/\" class=\"read-more-align-right\"><span>Leggi tutto<\/span> &rarr;<\/a>\n\t\t\t\t    <div class=\"clear\"><\/div>\n\t\t\t\t<\/li>\n\t\t\t\t<li>\n<div class=\"small-custom-frame-wrapper alignleft frame-shadow\"><div class=\"custom-frame-inner-wrapper\"><div class=\"custom-frame-padding\"><a href=\"https:\/\/www.noidiqua.it\/Montale\/prurito-come-alleviarlo\/\" title=\"Prurito: come alleviarlo?\"><img loading=\"lazy\" decoding=\"async\" src=\"https:\/\/www.noidiqua.it\/Montale\/wp-content\/uploads\/2024\/04\/una-mela-prurito-160x120_c.png\" width=\"160\" height=\"120\" alt=\"Prurito: come alleviarlo?\" \/><\/a><\/div><\/div><\/div>\t\t\t\t    <a class=\"teaser-title\" title=\"Prurito: come alleviarlo?\" href=\"https:\/\/www.noidiqua.it\/Montale\/prurito-come-alleviarlo\/\">Prurito: come alleviarlo?<\/a>\n\t\t\t\t    <div class=\"teaser-content\">di Paola Maria Mandelli marzo 2024 Il prurito \u00e8 una manifestazione presente in molte malattie dermatologiche, per esempio la dermatite atopica, l\u2019orticaria, le infezioni fungine o la pelle secca. Tuttavia, il prurito pu\u00f2 anche essere un sintomo di reazione allergica ad alimenti, farmaci, morsi e punture di insetto o di disordini interni a carico...<\/div>\n                                            <a title=\"Prurito: come alleviarlo?\" href=\"https:\/\/www.noidiqua.it\/Montale\/prurito-come-alleviarlo\/\" class=\"read-more-align-right\"><span>Leggi tutto<\/span> &rarr;<\/a>\n\t\t\t\t    <div class=\"clear\"><\/div>\n\t\t\t\t<\/li>\n\t\t\t\t<li>\n<div class=\"small-custom-frame-wrapper alignleft frame-shadow\"><div class=\"custom-frame-inner-wrapper\"><div class=\"custom-frame-padding\"><a href=\"https:\/\/www.noidiqua.it\/Montale\/conservazione-dei-cibi\/\" title=\"Conservazione dei cibi\"><img loading=\"lazy\" decoding=\"async\" src=\"https:\/\/www.noidiqua.it\/Montale\/wp-content\/uploads\/2023\/12\/una-mela_-160x120_c.png\" width=\"160\" height=\"120\" alt=\"Conservazione dei cibi\" \/><\/a><\/div><\/div><\/div>\t\t\t\t    <a class=\"teaser-title\" title=\"Conservazione dei cibi\" href=\"https:\/\/www.noidiqua.it\/Montale\/conservazione-dei-cibi\/\">Conservazione dei cibi<\/a>\n\t\t\t\t    <div class=\"teaser-content\">di Paola Maria Mandelli dicembre 2023 Il nostro naso \u00e8 un organo sorprendente: pu\u00f2 distinguere oltre un trilione (un miliardo di miliardi) di odori diversi. Sebbene l\u2019olfatto non sia il nostro strumento privilegiato, utilizziamolo per effettuare un test davanti al frigo o alla dispensa.\u00a0Tuttavia il cattivo odore non \u00e8 il principale indizio\u00a0per valutarne la...<\/div>\n                                            <a title=\"Conservazione dei cibi\" href=\"https:\/\/www.noidiqua.it\/Montale\/conservazione-dei-cibi\/\" class=\"read-more-align-right\"><span>Leggi tutto<\/span> &rarr;<\/a>\n\t\t\t\t    <div class=\"clear\"><\/div>\n\t\t\t\t<\/li>\n\t\t\t<\/ul>\n\t\t    <\/div><!-- end widget_recent_posts -->\n<\/div>\n<a class=\"flat-custom-button align-btn-left\" href=\"https:\/\/www.noidiqua.it\/Montale\/category\/mt\/una-mela-al-giorno-qt\/\" title=\"Mostra tutti gli articoli di questa sezione\"><span style=\"padding:10px 20px; background-color:#ed162d; border:1px solid #ed162d; color:#FFFFFF; font-size:14px;\">Mostra tutti gli articoli precedenti<\/span><\/a>","protected":false},"excerpt":{"rendered":"","protected":false},"author":2,"featured_media":0,"parent":12,"menu_order":0,"comment_status":"open","ping_status":"closed","template":"","meta":{"footnotes":""},"class_list":["post-451","page","type-page","status-publish","hentry"],"yoast_head":"<!-- This site is optimized with the Yoast SEO plugin v25.5 - https:\/\/yoast.com\/wordpress\/plugins\/seo\/ -->\n<title>Una mela al giorno - Noi di Qua Testata giornalistica e di attualit\u00e0 di Agliana, Montale e Quarrata.<\/title>\n<meta name=\"robots\" content=\"index, follow, max-snippet:-1, max-image-preview:large, max-video-preview:-1\" \/>\n<link rel=\"canonical\" href=\"https:\/\/www.noidiqua.it\/Montale\/montale-2\/una-mela-al-giorno\/\" \/>\n<meta property=\"og:locale\" content=\"it_IT\" \/>\n<meta property=\"og:type\" content=\"article\" \/>\n<meta property=\"og:title\" content=\"Una mela al giorno - Noi di Qua Testata giornalistica e di attualit\u00e0 di Agliana, Montale e Quarrata.\" \/>\n<meta property=\"og:url\" content=\"https:\/\/www.noidiqua.it\/Montale\/montale-2\/una-mela-al-giorno\/\" \/>\n<meta property=\"og:site_name\" content=\"Noi di Qua Testata giornalistica e di attualit\u00e0 di Agliana, Montale e Quarrata.\" \/>\n<meta property=\"article:publisher\" content=\"https:\/\/www.facebook.com\/noidiqua.trimestrale\/\" \/>\n<meta property=\"article:modified_time\" content=\"2014-08-19T16:16:55+00:00\" \/>\n<meta property=\"og:image\" content=\"https:\/\/www.noidiqua.it\/Montale\/wp-content\/uploads\/2019\/03\/logo-sito.jpg\" \/>\n<script type=\"application\/ld+json\" class=\"yoast-schema-graph\">{\"@context\":\"https:\/\/schema.org\",\"@graph\":[{\"@type\":\"WebPage\",\"@id\":\"https:\/\/www.noidiqua.it\/Montale\/montale-2\/una-mela-al-giorno\/\",\"url\":\"https:\/\/www.noidiqua.it\/Montale\/montale-2\/una-mela-al-giorno\/\",\"name\":\"Una mela al giorno - Noi di Qua Testata giornalistica e di attualit\u00e0 di Agliana, Montale e Quarrata.\",\"isPartOf\":{\"@id\":\"https:\/\/www.noidiqua.it\/Montale\/#website\"},\"datePublished\":\"2011-07-12T18:03:47+00:00\",\"dateModified\":\"2014-08-19T16:16:55+00:00\",\"breadcrumb\":{\"@id\":\"https:\/\/www.noidiqua.it\/Montale\/montale-2\/una-mela-al-giorno\/#breadcrumb\"},\"inLanguage\":\"it-IT\",\"potentialAction\":[{\"@type\":\"ReadAction\",\"target\":[\"https:\/\/www.noidiqua.it\/Montale\/montale-2\/una-mela-al-giorno\/\"]}]},{\"@type\":\"BreadcrumbList\",\"@id\":\"https:\/\/www.noidiqua.it\/Montale\/montale-2\/una-mela-al-giorno\/#breadcrumb\",\"itemListElement\":[{\"@type\":\"ListItem\",\"position\":1,\"name\":\"Home\",\"item\":\"https:\/\/www.noidiqua.it\/Montale\/\"},{\"@type\":\"ListItem\",\"position\":2,\"name\":\"Montale\",\"item\":\"https:\/\/www.noidiqua.it\/Montale\/montale-2\/\"},{\"@type\":\"ListItem\",\"position\":3,\"name\":\"Una mela al giorno\"}]},{\"@type\":\"WebSite\",\"@id\":\"https:\/\/www.noidiqua.it\/Montale\/#website\",\"url\":\"https:\/\/www.noidiqua.it\/Montale\/\",\"name\":\"Noi di Qua Testata giornalistica e di attualit\u00e0 di Agliana, Montale e Quarrata.\",\"description\":\"Testata Giornalistica Quarrata Montale Agliana\",\"potentialAction\":[{\"@type\":\"SearchAction\",\"target\":{\"@type\":\"EntryPoint\",\"urlTemplate\":\"https:\/\/www.noidiqua.it\/Montale\/?s={search_term_string}\"},\"query-input\":{\"@type\":\"PropertyValueSpecification\",\"valueRequired\":true,\"valueName\":\"search_term_string\"}}],\"inLanguage\":\"it-IT\"}]}<\/script>\n<!-- \/ Yoast SEO plugin. -->","yoast_head_json":{"title":"Una mela al giorno - Noi di Qua Testata giornalistica e di attualit\u00e0 di Agliana, Montale e Quarrata.","robots":{"index":"index","follow":"follow","max-snippet":"max-snippet:-1","max-image-preview":"max-image-preview:large","max-video-preview":"max-video-preview:-1"},"canonical":"https:\/\/www.noidiqua.it\/Montale\/montale-2\/una-mela-al-giorno\/","og_locale":"it_IT","og_type":"article","og_title":"Una mela al giorno - Noi di Qua Testata giornalistica e di attualit\u00e0 di Agliana, Montale e Quarrata.","og_url":"https:\/\/www.noidiqua.it\/Montale\/montale-2\/una-mela-al-giorno\/","og_site_name":"Noi di Qua Testata giornalistica e di attualit\u00e0 di Agliana, Montale e Quarrata.","article_publisher":"https:\/\/www.facebook.com\/noidiqua.trimestrale\/","article_modified_time":"2014-08-19T16:16:55+00:00","og_image":[{"url":"https:\/\/www.noidiqua.it\/Montale\/wp-content\/uploads\/2019\/03\/logo-sito.jpg","type":"","width":"","height":""}],"schema":{"@context":"https:\/\/schema.org","@graph":[{"@type":"WebPage","@id":"https:\/\/www.noidiqua.it\/Montale\/montale-2\/una-mela-al-giorno\/","url":"https:\/\/www.noidiqua.it\/Montale\/montale-2\/una-mela-al-giorno\/","name":"Una mela al giorno - Noi di Qua Testata giornalistica e di attualit\u00e0 di Agliana, Montale e Quarrata.","isPartOf":{"@id":"https:\/\/www.noidiqua.it\/Montale\/#website"},"datePublished":"2011-07-12T18:03:47+00:00","dateModified":"2014-08-19T16:16:55+00:00","breadcrumb":{"@id":"https:\/\/www.noidiqua.it\/Montale\/montale-2\/una-mela-al-giorno\/#breadcrumb"},"inLanguage":"it-IT","potentialAction":[{"@type":"ReadAction","target":["https:\/\/www.noidiqua.it\/Montale\/montale-2\/una-mela-al-giorno\/"]}]},{"@type":"BreadcrumbList","@id":"https:\/\/www.noidiqua.it\/Montale\/montale-2\/una-mela-al-giorno\/#breadcrumb","itemListElement":[{"@type":"ListItem","position":1,"name":"Home","item":"https:\/\/www.noidiqua.it\/Montale\/"},{"@type":"ListItem","position":2,"name":"Montale","item":"https:\/\/www.noidiqua.it\/Montale\/montale-2\/"},{"@type":"ListItem","position":3,"name":"Una mela al giorno"}]},{"@type":"WebSite","@id":"https:\/\/www.noidiqua.it\/Montale\/#website","url":"https:\/\/www.noidiqua.it\/Montale\/","name":"Noi di Qua Testata giornalistica e di attualit\u00e0 di Agliana, Montale e Quarrata.","description":"Testata Giornalistica Quarrata Montale Agliana","potentialAction":[{"@type":"SearchAction","target":{"@type":"EntryPoint","urlTemplate":"https:\/\/www.noidiqua.it\/Montale\/?s={search_term_string}"},"query-input":{"@type":"PropertyValueSpecification","valueRequired":true,"valueName":"search_term_string"}}],"inLanguage":"it-IT"}]}},"_links":{"self":[{"href":"https:\/\/www.noidiqua.it\/Montale\/wp-json\/wp\/v2\/pages\/451","targetHints":{"allow":["GET"]}}],"collection":[{"href":"https:\/\/www.noidiqua.it\/Montale\/wp-json\/wp\/v2\/pages"}],"about":[{"href":"https:\/\/www.noidiqua.it\/Montale\/wp-json\/wp\/v2\/types\/page"}],"author":[{"embeddable":true,"href":"https:\/\/www.noidiqua.it\/Montale\/wp-json\/wp\/v2\/users\/2"}],"replies":[{"embeddable":true,"href":"https:\/\/www.noidiqua.it\/Montale\/wp-json\/wp\/v2\/comments?post=451"}],"version-history":[{"count":0,"href":"https:\/\/www.noidiqua.it\/Montale\/wp-json\/wp\/v2\/pages\/451\/revisions"}],"up":[{"embeddable":true,"href":"https:\/\/www.noidiqua.it\/Montale\/wp-json\/wp\/v2\/pages\/12"}],"wp:attachment":[{"href":"https:\/\/www.noidiqua.it\/Montale\/wp-json\/wp\/v2\/media?parent=451"}],"curies":[{"name":"wp","href":"https:\/\/api.w.org\/{rel}","templated":true}]}}