{"id":476,"date":"2011-07-12T18:22:32","date_gmt":"2011-07-12T18:22:32","guid":{"rendered":"http:\/\/192.168.1.2\/Utility-Liberty\/CMS\/noidiqua\/?page_id=476"},"modified":"2014-08-19T17:56:43","modified_gmt":"2014-08-19T15:56:43","slug":"curiosita-2","status":"publish","type":"page","link":"https:\/\/www.noidiqua.it\/Montale\/montale-2\/curiosita-2\/","title":{"rendered":"Curiosit\u00e0"},"content":{"rendered":"<div class=\"widget widget_latest_posts\"><h3 class=\"widgettitle\">Curiosit\u00e0<\/h3>\t\t    <div class=\"latest_posts\">\n\t\t\t<ul class=\"small-thumb\">\n\t\t\t\t<li>\n<div class=\"small-custom-frame-wrapper alignleft frame-shadow\"><div class=\"custom-frame-inner-wrapper\"><div class=\"custom-frame-padding\"><a href=\"https:\/\/www.noidiqua.it\/Montale\/rinascono-i-nomi-antichi-delle-strade-di-montale\/\" title=\"Rinascono i nomi  antichi delle strade di Montale\"><img loading=\"lazy\" decoding=\"async\" src=\"https:\/\/www.noidiqua.it\/Montale\/wp-content\/uploads\/2025\/12\/Targhe-1-160x120_c.png\" width=\"160\" height=\"120\" alt=\"Rinascono i nomi  antichi delle strade di Montale\" \/><\/a><\/div><\/div><\/div>\t\t\t\t    <a class=\"teaser-title\" title=\"Rinascono i nomi  antichi delle strade di Montale\" href=\"https:\/\/www.noidiqua.it\/Montale\/rinascono-i-nomi-antichi-delle-strade-di-montale\/\">Rinascono i nomi  antichi delle strade di Montale<\/a>\n\t\t\t\t    <div class=\"teaser-content\">di Serena Michelozzi dicembre 2025 Un affascinante progetto culturale sta riportando alla luce la storia toponomastica di Montale, con la creazione e l&#8217;installazione di targhe in cotto che affiancano i nomi attuali delle strade a quelli antichi. L&#8217;iniziativa, promossa dall&#8217;associazione AUSER Montale e finanziata dalla Fondazione Caript, non \u00e8 solo un omaggio al passato,...<\/div>\n                                            <a title=\"Rinascono i nomi  antichi delle strade di Montale\" href=\"https:\/\/www.noidiqua.it\/Montale\/rinascono-i-nomi-antichi-delle-strade-di-montale\/\" class=\"read-more-align-right\"><span>Leggi tutto<\/span> &rarr;<\/a>\n\t\t\t\t    <div class=\"clear\"><\/div>\n\t\t\t\t<\/li>\n\t\t\t\t<li>\n<div class=\"small-custom-frame-wrapper alignleft frame-shadow\"><div class=\"custom-frame-inner-wrapper\"><div class=\"custom-frame-padding\"><a href=\"https:\/\/www.noidiqua.it\/Montale\/bruno-tempestini-il-super-abbonato-delle-gallerie-fiorentine\/\" title=\"Bruno Tempestini \u2013 il super abbonato delle gallerie fiorentine\"><img loading=\"lazy\" decoding=\"async\" src=\"https:\/\/www.noidiqua.it\/Montale\/wp-content\/uploads\/2025\/07\/Bruno-Tempestini-160x120_c.png\" width=\"160\" height=\"120\" alt=\"Bruno Tempestini \u2013 il super abbonato delle gallerie fiorentine\" \/><\/a><\/div><\/div><\/div>\t\t\t\t    <a class=\"teaser-title\" title=\"Bruno Tempestini \u2013 il super abbonato delle gallerie fiorentine\" href=\"https:\/\/www.noidiqua.it\/Montale\/bruno-tempestini-il-super-abbonato-delle-gallerie-fiorentine\/\">Bruno Tempestini \u2013 il super abbonato delle gallerie fiorentine<\/a>\n\t\t\t\t    <div class=\"teaser-content\">di Giacomo Bini giugno 2025 A\u00a0Bruno Tempestini, cittadino montalese appassionato d\u2019arte, di storia e di tradizioni locali,\u00a0ispettore onorario\u00a0della\u00a0sovrintendenza archeologica\u00a0per le zone di Montale, Agliana, Quarrata e Montemurlo (nonch\u00e9 consulente storico di Noidiqua), \u00e8 stata dedicata una lunga e interessante intervista nella testata giornalistica fiorentina\u00a0Ful Magazine\u00a0che si dedica all\u2019arte e alla cultura nella citt\u00e0 di...<\/div>\n                                            <a title=\"Bruno Tempestini \u2013 il super abbonato delle gallerie fiorentine\" href=\"https:\/\/www.noidiqua.it\/Montale\/bruno-tempestini-il-super-abbonato-delle-gallerie-fiorentine\/\" class=\"read-more-align-right\"><span>Leggi tutto<\/span> &rarr;<\/a>\n\t\t\t\t    <div class=\"clear\"><\/div>\n\t\t\t\t<\/li>\n\t\t\t\t<li>\n<div class=\"small-custom-frame-wrapper alignleft frame-shadow\"><div class=\"custom-frame-inner-wrapper\"><div class=\"custom-frame-padding\"><a href=\"https:\/\/www.noidiqua.it\/Montale\/sottosopra-festival-yoga-circo-e-musica-a-pistoia\/\" title=\"Sottosopra festival \u2013 yoga, circo e musica a Pistoia\"><img loading=\"lazy\" decoding=\"async\" src=\"https:\/\/www.noidiqua.it\/Montale\/wp-content\/uploads\/2025\/07\/sottosopra-1-160x120_c.png\" width=\"160\" height=\"120\" alt=\"Sottosopra festival \u2013 yoga, circo e musica a Pistoia\" \/><\/a><\/div><\/div><\/div>\t\t\t\t    <a class=\"teaser-title\" title=\"Sottosopra festival \u2013 yoga, circo e musica a Pistoia\" href=\"https:\/\/www.noidiqua.it\/Montale\/sottosopra-festival-yoga-circo-e-musica-a-pistoia\/\">Sottosopra festival \u2013 yoga, circo e musica a Pistoia<\/a>\n\t\t\t\t    <div class=\"teaser-content\">di Serena Michelozzi giugno 2025 \u201cGhingo\u201d, un\u2019organizzazione che unisce\u00a0yoga,\u00a0circo\u00a0e\u00a0musica, si appresta a lanciare il suo primo festival, il \u201cSottosopra Festival\u201d. Questo evento unico \u00e8 concepito come una celebrazione dell\u2019amore, dell\u2019amicizia, del circo e della musica, e si ripeter\u00e0 nello stesso luogo e nello stesso giorno in cui i fondatori, Francesca e Sebastian, si sono...<\/div>\n                                            <a title=\"Sottosopra festival \u2013 yoga, circo e musica a Pistoia\" href=\"https:\/\/www.noidiqua.it\/Montale\/sottosopra-festival-yoga-circo-e-musica-a-pistoia\/\" class=\"read-more-align-right\"><span>Leggi tutto<\/span> &rarr;<\/a>\n\t\t\t\t    <div class=\"clear\"><\/div>\n\t\t\t\t<\/li>\n\t\t\t\t<li>\n<div class=\"small-custom-frame-wrapper alignleft frame-shadow\"><div class=\"custom-frame-inner-wrapper\"><div class=\"custom-frame-padding\"><a href=\"https:\/\/www.noidiqua.it\/Montale\/il-club-del-libro\/\" title=\"\u201cil Club del libro\u201d\"><img loading=\"lazy\" decoding=\"async\" src=\"https:\/\/www.noidiqua.it\/Montale\/wp-content\/uploads\/2025\/04\/club-del-libro-160x120_c.png\" width=\"160\" height=\"120\" alt=\"\u201cil Club del libro\u201d\" \/><\/a><\/div><\/div><\/div>\t\t\t\t    <a class=\"teaser-title\" title=\"\u201cil Club del libro\u201d\" href=\"https:\/\/www.noidiqua.it\/Montale\/il-club-del-libro\/\">\u201cil Club del libro\u201d<\/a>\n\t\t\t\t    <div class=\"teaser-content\">di Giacomo Bini marzo 2025 Leggono un libro e si ritrovano ogni ultimo venerd\u00ec del mese per parlarne, per esprimere opinioni e interpretazioni e poi per scegliere insieme il libro del mese successivo. E&#8217; questo \u201cil Club del libro\u201d, un gruppo di donne, unite dalla passione per la lettura e dalla voglia di fare...<\/div>\n                                            <a title=\"\u201cil Club del libro\u201d\" href=\"https:\/\/www.noidiqua.it\/Montale\/il-club-del-libro\/\" class=\"read-more-align-right\"><span>Leggi tutto<\/span> &rarr;<\/a>\n\t\t\t\t    <div class=\"clear\"><\/div>\n\t\t\t\t<\/li>\n\t\t\t\t<li>\n<div class=\"small-custom-frame-wrapper alignleft frame-shadow\"><div class=\"custom-frame-inner-wrapper\"><div class=\"custom-frame-padding\"><a href=\"https:\/\/www.noidiqua.it\/Montale\/leonardo-perugi-eletto-sindaco-di-toano\/\" title=\"Leonardo Perugi &#8211; eletto sindaco di Toano\"><img loading=\"lazy\" decoding=\"async\" src=\"https:\/\/www.noidiqua.it\/Montale\/wp-content\/uploads\/2024\/07\/perugi-leonardo-160x120_c.png\" width=\"160\" height=\"120\" alt=\"Leonardo Perugi - eletto sindaco di Toano\" \/><\/a><\/div><\/div><\/div>\t\t\t\t    <a class=\"teaser-title\" title=\"Leonardo Perugi &#8211; eletto sindaco di Toano\" href=\"https:\/\/www.noidiqua.it\/Montale\/leonardo-perugi-eletto-sindaco-di-toano\/\">Leonardo Perugi &#8211; eletto sindaco di Toano<\/a>\n\t\t\t\t    <div class=\"teaser-content\">di Giacomo Bini giugno 2024 Un montalese \u00e8 stato eletto sindaco a Toano, un comune in provincia di Reggio Emilia. Si tratta di Leonardo Perugi, figlio dell\u2019indimenticato Paolo Perugi, calciatore di Fiorentina, Pistoiese, Reggiana e Aglianese. Leonardo \u00e8 un sindaco giovanissimo, di soli 24 anni, che guider\u00e0 l\u2019amministrazione comunale di Toano, un paese di...<\/div>\n                                            <a title=\"Leonardo Perugi &#8211; eletto sindaco di Toano\" href=\"https:\/\/www.noidiqua.it\/Montale\/leonardo-perugi-eletto-sindaco-di-toano\/\" class=\"read-more-align-right\"><span>Leggi tutto<\/span> &rarr;<\/a>\n\t\t\t\t    <div class=\"clear\"><\/div>\n\t\t\t\t<\/li>\n\t\t\t\t<li>\n<div class=\"small-custom-frame-wrapper alignleft frame-shadow\"><div class=\"custom-frame-inner-wrapper\"><div class=\"custom-frame-padding\"><a href=\"https:\/\/www.noidiqua.it\/Montale\/laura-macchi-giovane-archeologa\/\" title=\"Laura Macchi &#8211; giovane archeologa\"><img loading=\"lazy\" decoding=\"async\" src=\"https:\/\/www.noidiqua.it\/Montale\/wp-content\/uploads\/2023\/12\/macchi-2-160x120_c.png\" width=\"160\" height=\"120\" alt=\"Laura Macchi - giovane archeologa\" \/><\/a><\/div><\/div><\/div>\t\t\t\t    <a class=\"teaser-title\" title=\"Laura Macchi &#8211; giovane archeologa\" href=\"https:\/\/www.noidiqua.it\/Montale\/laura-macchi-giovane-archeologa\/\">Laura Macchi &#8211; giovane archeologa<\/a>\n\t\t\t\t    <div class=\"teaser-content\">di Marco Bagnoli dicembre 2023 Abbiamo fatto quattro chiacchiere con Laura Macchi, una giovane archeologa di 27 anni. Laura sta completando la Magistrale in Archeologia funeraria presso l\u2019Universit\u00e0 di Bologna, e il suo entusiasmo \u00e8 particolarmente coinvolgente. Come \u00e8 nata la tua passione per l\u2019archeologia? \u00abFin da quando ero piccola ho sempre avuto un\u2019attrazione...<\/div>\n                                            <a title=\"Laura Macchi &#8211; giovane archeologa\" href=\"https:\/\/www.noidiqua.it\/Montale\/laura-macchi-giovane-archeologa\/\" class=\"read-more-align-right\"><span>Leggi tutto<\/span> &rarr;<\/a>\n\t\t\t\t    <div class=\"clear\"><\/div>\n\t\t\t\t<\/li>\n\t\t\t\t<li>\n<div class=\"small-custom-frame-wrapper alignleft frame-shadow\"><div class=\"custom-frame-inner-wrapper\"><div class=\"custom-frame-padding\"><a href=\"https:\/\/www.noidiqua.it\/Montale\/chiara-petracchi-una-tesi-per-riscoprire-un-archivio-ritenuto-distrutto\/\" title=\"Chiara Petracchi &#8211; una tesi per riscoprire un archivio ritenuto distrutto\"><img loading=\"lazy\" decoding=\"async\" src=\"https:\/\/www.noidiqua.it\/Montale\/wp-content\/uploads\/2023\/10\/chiara-3-160x120_c.png\" width=\"160\" height=\"120\" alt=\"Chiara Petracchi - una tesi per riscoprire un archivio ritenuto distrutto\" \/><\/a><\/div><\/div><\/div>\t\t\t\t    <a class=\"teaser-title\" title=\"Chiara Petracchi &#8211; una tesi per riscoprire un archivio ritenuto distrutto\" href=\"https:\/\/www.noidiqua.it\/Montale\/chiara-petracchi-una-tesi-per-riscoprire-un-archivio-ritenuto-distrutto\/\">Chiara Petracchi &#8211; una tesi per riscoprire un archivio ritenuto distrutto<\/a>\n\t\t\t\t    <div class=\"teaser-content\">di Giacomo Bini. Foto: Gabriele Bellini. settembre 2023 Chiara Petracchi \u00e8 una giovane montalese che si \u00e8 da poco laureata con una tesi sull\u2019archivio comunale di Montale del 1945 e nel corso della sua ricerca ha fatto una importante scoperta sulla documentazione archivistica dei due anni precedenti: il 1943 e il 1944. La tesi...<\/div>\n                                            <a title=\"Chiara Petracchi &#8211; una tesi per riscoprire un archivio ritenuto distrutto\" href=\"https:\/\/www.noidiqua.it\/Montale\/chiara-petracchi-una-tesi-per-riscoprire-un-archivio-ritenuto-distrutto\/\" class=\"read-more-align-right\"><span>Leggi tutto<\/span> &rarr;<\/a>\n\t\t\t\t    <div class=\"clear\"><\/div>\n\t\t\t\t<\/li>\n\t\t\t\t<li>\n<div class=\"small-custom-frame-wrapper alignleft frame-shadow\"><div class=\"custom-frame-inner-wrapper\"><div class=\"custom-frame-padding\"><a href=\"https:\/\/www.noidiqua.it\/Montale\/guido-mitidieri-la-logica-del-rimedio\/\" title=\"Guido Mitidieri &#8211; la logica del rimedio\"><img loading=\"lazy\" decoding=\"async\" src=\"https:\/\/www.noidiqua.it\/Montale\/wp-content\/uploads\/2023\/07\/Mitidieri-2-160x120_c.png\" width=\"160\" height=\"120\" alt=\"Guido Mitidieri - la logica del rimedio\" \/><\/a><\/div><\/div><\/div>\t\t\t\t    <a class=\"teaser-title\" title=\"Guido Mitidieri &#8211; la logica del rimedio\" href=\"https:\/\/www.noidiqua.it\/Montale\/guido-mitidieri-la-logica-del-rimedio\/\">Guido Mitidieri &#8211; la logica del rimedio<\/a>\n\t\t\t\t    <div class=\"teaser-content\">di Giacomo Bini giugno 2023 \u201cProgetto Cometa per il Sociale\u201d, associazione di Promozione Sociale con sede a Montale \u2013 trattata nello scorso numero \u2013 tra i vari progetti messi in programma, ha visto da poco la conclusione de \u201cLa logica del rimedio\u201d. Abbiamo incontrato l\u2019architetto Guido Mitidieri ideatore e accompagnatore del percorso svoltosi presso...<\/div>\n                                            <a title=\"Guido Mitidieri &#8211; la logica del rimedio\" href=\"https:\/\/www.noidiqua.it\/Montale\/guido-mitidieri-la-logica-del-rimedio\/\" class=\"read-more-align-right\"><span>Leggi tutto<\/span> &rarr;<\/a>\n\t\t\t\t    <div class=\"clear\"><\/div>\n\t\t\t\t<\/li>\n\t\t\t\t<li>\n<div class=\"small-custom-frame-wrapper alignleft frame-shadow\"><div class=\"custom-frame-inner-wrapper\"><div class=\"custom-frame-padding\"><a href=\"https:\/\/www.noidiqua.it\/Montale\/orto-in-condotta-incontro-con-gianfranco-cherubini\/\" title=\"\u201cOrto in condotta\u201d &#8211; incontro con Gianfranco Cherubini\"><img loading=\"lazy\" decoding=\"async\" src=\"https:\/\/www.noidiqua.it\/Montale\/wp-content\/uploads\/2022\/10\/orto-1-160x120_c.png\" width=\"160\" height=\"120\" alt=\"\u201cOrto in condotta\u201d - incontro con Gianfranco Cherubini\" \/><\/a><\/div><\/div><\/div>\t\t\t\t    <a class=\"teaser-title\" title=\"\u201cOrto in condotta\u201d &#8211; incontro con Gianfranco Cherubini\" href=\"https:\/\/www.noidiqua.it\/Montale\/orto-in-condotta-incontro-con-gianfranco-cherubini\/\">\u201cOrto in condotta\u201d &#8211; incontro con Gianfranco Cherubini<\/a>\n\t\t\t\t    <div class=\"teaser-content\">di Marco Bagnoli settembre 2022 Abbiamo incontrato il signor Gianfranco Cherubini, nella vita padre di sei figli e nonno di otto nipoti, ferroviere in pensione. E quando serve, cio\u00e8 almeno una mattinata al giorno, praticamente per tutto l\u2019anno, Gianfranco \u00e8 anche colui che si prende cura dell\u2019Orto Nerucci, lo spazio green prospicente appunto la...<\/div>\n                                            <a title=\"\u201cOrto in condotta\u201d &#8211; incontro con Gianfranco Cherubini\" href=\"https:\/\/www.noidiqua.it\/Montale\/orto-in-condotta-incontro-con-gianfranco-cherubini\/\" class=\"read-more-align-right\"><span>Leggi tutto<\/span> &rarr;<\/a>\n\t\t\t\t    <div class=\"clear\"><\/div>\n\t\t\t\t<\/li>\n\t\t\t\t<li>\n<div class=\"small-custom-frame-wrapper alignleft frame-shadow\"><div class=\"custom-frame-inner-wrapper\"><div class=\"custom-frame-padding\"><a href=\"https:\/\/www.noidiqua.it\/Montale\/associazione-mineralogica-prato-pistoia\/\" title=\"Associazione Mineralogica Prato Pistoia\"><img loading=\"lazy\" decoding=\"async\" src=\"https:\/\/www.noidiqua.it\/Montale\/wp-content\/uploads\/2022\/07\/AMPP-1-160x120_c.png\" width=\"160\" height=\"120\" alt=\"Associazione Mineralogica Prato Pistoia\" \/><\/a><\/div><\/div><\/div>\t\t\t\t    <a class=\"teaser-title\" title=\"Associazione Mineralogica Prato Pistoia\" href=\"https:\/\/www.noidiqua.it\/Montale\/associazione-mineralogica-prato-pistoia\/\">Associazione Mineralogica Prato Pistoia<\/a>\n\t\t\t\t    <div class=\"teaser-content\">di David Colzi giugno 2022 L\u2019AMPP \u00e8 un\u2019associazione no profit che dal 2005 unisce le province di Prato e Pistoia. La sua nascita \u00e8 dovuta alla fusione di due gruppi: quello storico di Prato, il GRG (Gruppo Ricerche Geologiche) e il GMGP (Gruppo Mineralogico Geopaleontologico Pistoia). Per saperne di pi\u00f9 siamo andati a parlarne...<\/div>\n                                            <a title=\"Associazione Mineralogica Prato Pistoia\" href=\"https:\/\/www.noidiqua.it\/Montale\/associazione-mineralogica-prato-pistoia\/\" class=\"read-more-align-right\"><span>Leggi tutto<\/span> &rarr;<\/a>\n\t\t\t\t    <div class=\"clear\"><\/div>\n\t\t\t\t<\/li>\n\t\t\t<\/ul>\n\t\t    <\/div><!-- end widget_recent_posts -->\n<\/div>\n<a class=\"flat-custom-button align-btn-left\" href=\"https:\/\/www.noidiqua.it\/Montale\/category\/mt\/curiosita-qt\/\" title=\"Mostra tutti gli articoli di questa sezione\"><span style=\"padding:10px 20px; background-color:#ed162d; border:1px solid #ed162d; color:#FFFFFF; font-size:14px;\">Mostra tutti gli articoli precedenti<\/span><\/a>","protected":false},"excerpt":{"rendered":"","protected":false},"author":2,"featured_media":0,"parent":12,"menu_order":0,"comment_status":"open","ping_status":"open","template":"","meta":{"footnotes":""},"class_list":["post-476","page","type-page","status-publish","hentry"],"yoast_head":"<!-- This site is optimized with the Yoast SEO plugin v25.5 - https:\/\/yoast.com\/wordpress\/plugins\/seo\/ -->\n<title>Curiosit\u00e0 - Noi di Qua Testata giornalistica e di attualit\u00e0 di Agliana, Montale e Quarrata.<\/title>\n<meta name=\"robots\" content=\"index, follow, max-snippet:-1, max-image-preview:large, max-video-preview:-1\" \/>\n<link rel=\"canonical\" href=\"https:\/\/www.noidiqua.it\/Montale\/montale-2\/curiosita-2\/\" \/>\n<meta property=\"og:locale\" content=\"it_IT\" \/>\n<meta property=\"og:type\" content=\"article\" \/>\n<meta property=\"og:title\" content=\"Curiosit\u00e0 - Noi di Qua Testata giornalistica e di attualit\u00e0 di Agliana, Montale e Quarrata.\" \/>\n<meta property=\"og:url\" content=\"https:\/\/www.noidiqua.it\/Montale\/montale-2\/curiosita-2\/\" \/>\n<meta property=\"og:site_name\" content=\"Noi di Qua Testata giornalistica e di attualit\u00e0 di Agliana, Montale e Quarrata.\" \/>\n<meta property=\"article:publisher\" content=\"https:\/\/www.facebook.com\/noidiqua.trimestrale\/\" \/>\n<meta property=\"article:modified_time\" content=\"2014-08-19T15:56:43+00:00\" \/>\n<meta property=\"og:image\" content=\"https:\/\/www.noidiqua.it\/Montale\/wp-content\/uploads\/2019\/03\/logo-sito.jpg\" \/>\n<script type=\"application\/ld+json\" class=\"yoast-schema-graph\">{\"@context\":\"https:\/\/schema.org\",\"@graph\":[{\"@type\":\"WebPage\",\"@id\":\"https:\/\/www.noidiqua.it\/Montale\/montale-2\/curiosita-2\/\",\"url\":\"https:\/\/www.noidiqua.it\/Montale\/montale-2\/curiosita-2\/\",\"name\":\"Curiosit\u00e0 - Noi di Qua Testata giornalistica e di attualit\u00e0 di Agliana, Montale e Quarrata.\",\"isPartOf\":{\"@id\":\"https:\/\/www.noidiqua.it\/Montale\/#website\"},\"datePublished\":\"2011-07-12T18:22:32+00:00\",\"dateModified\":\"2014-08-19T15:56:43+00:00\",\"breadcrumb\":{\"@id\":\"https:\/\/www.noidiqua.it\/Montale\/montale-2\/curiosita-2\/#breadcrumb\"},\"inLanguage\":\"it-IT\",\"potentialAction\":[{\"@type\":\"ReadAction\",\"target\":[\"https:\/\/www.noidiqua.it\/Montale\/montale-2\/curiosita-2\/\"]}]},{\"@type\":\"BreadcrumbList\",\"@id\":\"https:\/\/www.noidiqua.it\/Montale\/montale-2\/curiosita-2\/#breadcrumb\",\"itemListElement\":[{\"@type\":\"ListItem\",\"position\":1,\"name\":\"Home\",\"item\":\"https:\/\/www.noidiqua.it\/Montale\/\"},{\"@type\":\"ListItem\",\"position\":2,\"name\":\"Montale\",\"item\":\"https:\/\/www.noidiqua.it\/Montale\/montale-2\/\"},{\"@type\":\"ListItem\",\"position\":3,\"name\":\"Curiosit\u00e0\"}]},{\"@type\":\"WebSite\",\"@id\":\"https:\/\/www.noidiqua.it\/Montale\/#website\",\"url\":\"https:\/\/www.noidiqua.it\/Montale\/\",\"name\":\"Noi di Qua Testata giornalistica e di attualit\u00e0 di Agliana, Montale e Quarrata.\",\"description\":\"Testata Giornalistica Quarrata Montale Agliana\",\"potentialAction\":[{\"@type\":\"SearchAction\",\"target\":{\"@type\":\"EntryPoint\",\"urlTemplate\":\"https:\/\/www.noidiqua.it\/Montale\/?s={search_term_string}\"},\"query-input\":{\"@type\":\"PropertyValueSpecification\",\"valueRequired\":true,\"valueName\":\"search_term_string\"}}],\"inLanguage\":\"it-IT\"}]}<\/script>\n<!-- \/ Yoast SEO plugin. -->","yoast_head_json":{"title":"Curiosit\u00e0 - Noi di Qua Testata giornalistica e di attualit\u00e0 di Agliana, Montale e Quarrata.","robots":{"index":"index","follow":"follow","max-snippet":"max-snippet:-1","max-image-preview":"max-image-preview:large","max-video-preview":"max-video-preview:-1"},"canonical":"https:\/\/www.noidiqua.it\/Montale\/montale-2\/curiosita-2\/","og_locale":"it_IT","og_type":"article","og_title":"Curiosit\u00e0 - Noi di Qua Testata giornalistica e di attualit\u00e0 di Agliana, Montale e Quarrata.","og_url":"https:\/\/www.noidiqua.it\/Montale\/montale-2\/curiosita-2\/","og_site_name":"Noi di Qua Testata giornalistica e di attualit\u00e0 di Agliana, Montale e Quarrata.","article_publisher":"https:\/\/www.facebook.com\/noidiqua.trimestrale\/","article_modified_time":"2014-08-19T15:56:43+00:00","og_image":[{"url":"https:\/\/www.noidiqua.it\/Montale\/wp-content\/uploads\/2019\/03\/logo-sito.jpg","type":"","width":"","height":""}],"schema":{"@context":"https:\/\/schema.org","@graph":[{"@type":"WebPage","@id":"https:\/\/www.noidiqua.it\/Montale\/montale-2\/curiosita-2\/","url":"https:\/\/www.noidiqua.it\/Montale\/montale-2\/curiosita-2\/","name":"Curiosit\u00e0 - Noi di Qua Testata giornalistica e di attualit\u00e0 di Agliana, Montale e Quarrata.","isPartOf":{"@id":"https:\/\/www.noidiqua.it\/Montale\/#website"},"datePublished":"2011-07-12T18:22:32+00:00","dateModified":"2014-08-19T15:56:43+00:00","breadcrumb":{"@id":"https:\/\/www.noidiqua.it\/Montale\/montale-2\/curiosita-2\/#breadcrumb"},"inLanguage":"it-IT","potentialAction":[{"@type":"ReadAction","target":["https:\/\/www.noidiqua.it\/Montale\/montale-2\/curiosita-2\/"]}]},{"@type":"BreadcrumbList","@id":"https:\/\/www.noidiqua.it\/Montale\/montale-2\/curiosita-2\/#breadcrumb","itemListElement":[{"@type":"ListItem","position":1,"name":"Home","item":"https:\/\/www.noidiqua.it\/Montale\/"},{"@type":"ListItem","position":2,"name":"Montale","item":"https:\/\/www.noidiqua.it\/Montale\/montale-2\/"},{"@type":"ListItem","position":3,"name":"Curiosit\u00e0"}]},{"@type":"WebSite","@id":"https:\/\/www.noidiqua.it\/Montale\/#website","url":"https:\/\/www.noidiqua.it\/Montale\/","name":"Noi di Qua Testata giornalistica e di attualit\u00e0 di Agliana, Montale e Quarrata.","description":"Testata Giornalistica Quarrata Montale Agliana","potentialAction":[{"@type":"SearchAction","target":{"@type":"EntryPoint","urlTemplate":"https:\/\/www.noidiqua.it\/Montale\/?s={search_term_string}"},"query-input":{"@type":"PropertyValueSpecification","valueRequired":true,"valueName":"search_term_string"}}],"inLanguage":"it-IT"}]}},"_links":{"self":[{"href":"https:\/\/www.noidiqua.it\/Montale\/wp-json\/wp\/v2\/pages\/476","targetHints":{"allow":["GET"]}}],"collection":[{"href":"https:\/\/www.noidiqua.it\/Montale\/wp-json\/wp\/v2\/pages"}],"about":[{"href":"https:\/\/www.noidiqua.it\/Montale\/wp-json\/wp\/v2\/types\/page"}],"author":[{"embeddable":true,"href":"https:\/\/www.noidiqua.it\/Montale\/wp-json\/wp\/v2\/users\/2"}],"replies":[{"embeddable":true,"href":"https:\/\/www.noidiqua.it\/Montale\/wp-json\/wp\/v2\/comments?post=476"}],"version-history":[{"count":0,"href":"https:\/\/www.noidiqua.it\/Montale\/wp-json\/wp\/v2\/pages\/476\/revisions"}],"up":[{"embeddable":true,"href":"https:\/\/www.noidiqua.it\/Montale\/wp-json\/wp\/v2\/pages\/12"}],"wp:attachment":[{"href":"https:\/\/www.noidiqua.it\/Montale\/wp-json\/wp\/v2\/media?parent=476"}],"curies":[{"name":"wp","href":"https:\/\/api.w.org\/{rel}","templated":true}]}}