{"id":5931,"date":"2021-09-23T16:49:50","date_gmt":"2021-09-23T14:49:50","guid":{"rendered":"https:\/\/www.noidiqua.it\/Montale\/?page_id=5931"},"modified":"2021-09-23T16:49:50","modified_gmt":"2021-09-23T14:49:50","slug":"da-sottolineare","status":"publish","type":"page","link":"https:\/\/www.noidiqua.it\/Montale\/montale-2\/da-sottolineare\/","title":{"rendered":"Da sottolineare"},"content":{"rendered":"<div class=\"widget widget_latest_posts\"><h3 class=\"widgettitle\">Da sottolineare<\/h3>\t\t    <div class=\"latest_posts\">\n\t\t\t<ul class=\"small-thumb\">\n\t\t\t\t<li>\n<div class=\"small-custom-frame-wrapper alignleft frame-shadow\"><div class=\"custom-frame-inner-wrapper\"><div class=\"custom-frame-padding\"><a href=\"https:\/\/www.noidiqua.it\/Montale\/la-mamma-di-giacomo-di-napoli-premiata-da-mattarella\/\" title=\"La mamma di Giacomo Di Napoli premiata da Mattarella\"><img loading=\"lazy\" decoding=\"async\" src=\"https:\/\/www.noidiqua.it\/Montale\/wp-content\/uploads\/2026\/04\/Cristina-Monzali-160x120_c.png\" width=\"160\" height=\"120\" alt=\"La mamma di Giacomo Di Napoli premiata da Mattarella\" \/><\/a><\/div><\/div><\/div>\t\t\t\t    <a class=\"teaser-title\" title=\"La mamma di Giacomo Di Napoli premiata da Mattarella\" href=\"https:\/\/www.noidiqua.it\/Montale\/la-mamma-di-giacomo-di-napoli-premiata-da-mattarella\/\">La mamma di Giacomo Di Napoli premiata da Mattarella<\/a>\n\t\t\t\t    <div class=\"teaser-content\">di Piera Salvi marzo 2026 Giacomo Di Napoli, una vita spezzata a vent\u2019anni durante un volo in aliante, ma il suo volo non si \u00e8 fermato: \u00e8 arrivato fino al Presidente della Repubblica\u00a0Sergio Mattarella. Il 3 marzo, tra le persone che hanno ricevuto le onorificenze conferite \u201cMotu Proprio\u201d dal Presidente della Repubblica c\u2019era anche\u00a0Cristina...<\/div>\n                                            <a title=\"La mamma di Giacomo Di Napoli premiata da Mattarella\" href=\"https:\/\/www.noidiqua.it\/Montale\/la-mamma-di-giacomo-di-napoli-premiata-da-mattarella\/\" class=\"read-more-align-right\"><span>Leggi tutto<\/span> &rarr;<\/a>\n\t\t\t\t    <div class=\"clear\"><\/div>\n\t\t\t\t<\/li>\n\t\t\t\t<li>\n<div class=\"small-custom-frame-wrapper alignleft frame-shadow\"><div class=\"custom-frame-inner-wrapper\"><div class=\"custom-frame-padding\"><a href=\"https:\/\/www.noidiqua.it\/Montale\/chiusa-la-storica-merceria-gualandi\/\" title=\"Chiusa la storica Merceria Gualandi\"><img loading=\"lazy\" decoding=\"async\" src=\"https:\/\/www.noidiqua.it\/Montale\/wp-content\/uploads\/2026\/04\/gualandi-1-160x120_c.png\" width=\"160\" height=\"120\" alt=\"Chiusa la storica Merceria Gualandi\" \/><\/a><\/div><\/div><\/div>\t\t\t\t    <a class=\"teaser-title\" title=\"Chiusa la storica Merceria Gualandi\" href=\"https:\/\/www.noidiqua.it\/Montale\/chiusa-la-storica-merceria-gualandi\/\">Chiusa la storica Merceria Gualandi<\/a>\n\t\t\t\t    <div class=\"teaser-content\">di Giacomo Bini marzo 2026 Ci sono negozi che segnano la storia di una comunit\u00e0 e quando chiudono lasciano dietro di s\u00e9 una traccia nella memoria collettiva e una grande nostalgia. E&#8217; il caso del negozio di abbigliamento e biancheria per la casa in via Fratelli Masini, vicino alla piazza centrale del paese. La...<\/div>\n                                            <a title=\"Chiusa la storica Merceria Gualandi\" href=\"https:\/\/www.noidiqua.it\/Montale\/chiusa-la-storica-merceria-gualandi\/\" class=\"read-more-align-right\"><span>Leggi tutto<\/span> &rarr;<\/a>\n\t\t\t\t    <div class=\"clear\"><\/div>\n\t\t\t\t<\/li>\n\t\t\t\t<li>\n<div class=\"small-custom-frame-wrapper alignleft frame-shadow\"><div class=\"custom-frame-inner-wrapper\"><div class=\"custom-frame-padding\"><a href=\"https:\/\/www.noidiqua.it\/Montale\/academy-del-legno-unopportunita-concreta-per-i-giovani\/\" title=\"Academy del Legno \u2013 un\u2019opportunit\u00e0 concreta per i giovani\"><img loading=\"lazy\" decoding=\"async\" src=\"https:\/\/www.noidiqua.it\/Montale\/wp-content\/uploads\/2025\/12\/Academy-del-legno-160x120_c.png\" width=\"160\" height=\"120\" alt=\"Academy del Legno \u2013 un\u2019opportunit\u00e0 concreta per i giovani\" \/><\/a><\/div><\/div><\/div>\t\t\t\t    <a class=\"teaser-title\" title=\"Academy del Legno \u2013 un\u2019opportunit\u00e0 concreta per i giovani\" href=\"https:\/\/www.noidiqua.it\/Montale\/academy-del-legno-unopportunita-concreta-per-i-giovani\/\">Academy del Legno \u2013 un\u2019opportunit\u00e0 concreta per i giovani<\/a>\n\t\t\t\t    <div class=\"teaser-content\">di Daniela Gori dicembre 2025 Una\u00a0risposta concreta\u00a0alla crescente richiesta di\u00a0figure professionali\u00a0specializzate nel settore dell\u2019artigianato del legno e del mobile imbottito: l\u2019Istituto Professionale \u201cDe Franceschi-Pacinotti\u201d di Pistoia continua il percorso per la messa a punto nel prossimo anno scolastico 2026\/2027 del nuovo indirizzo \u201cAcademy del Legno\u201d. Il progetto nato dalla sinergia tra la scuola, l\u2019amministrazione...<\/div>\n                                            <a title=\"Academy del Legno \u2013 un\u2019opportunit\u00e0 concreta per i giovani\" href=\"https:\/\/www.noidiqua.it\/Montale\/academy-del-legno-unopportunita-concreta-per-i-giovani\/\" class=\"read-more-align-right\"><span>Leggi tutto<\/span> &rarr;<\/a>\n\t\t\t\t    <div class=\"clear\"><\/div>\n\t\t\t\t<\/li>\n\t\t\t\t<li>\n<div class=\"small-custom-frame-wrapper alignleft frame-shadow\"><div class=\"custom-frame-inner-wrapper\"><div class=\"custom-frame-padding\"><a href=\"https:\/\/www.noidiqua.it\/Montale\/festa-della-pesca-un-grandissimo-successo\/\" title=\"Festa della Pesca &#8211; un grandissimo successo\"><img loading=\"lazy\" decoding=\"async\" src=\"https:\/\/www.noidiqua.it\/Montale\/wp-content\/uploads\/2025\/10\/Festa-della-Pesca-160x120_c.png\" width=\"160\" height=\"120\" alt=\"Festa della Pesca - un grandissimo successo\" \/><\/a><\/div><\/div><\/div>\t\t\t\t    <a class=\"teaser-title\" title=\"Festa della Pesca &#8211; un grandissimo successo\" href=\"https:\/\/www.noidiqua.it\/Montale\/festa-della-pesca-un-grandissimo-successo\/\">Festa della Pesca &#8211; un grandissimo successo<\/a>\n\t\t\t\t    <div class=\"teaser-content\">di Giacomo Bini settembre 2025 Una delle novit\u00e0 pi\u00f9 interessanti degli ultimi mesi \u00e8 stata la Festa della Pesca, organizzata dall\u2019Associazione Commercianti Montalesi con la collaborazione di Confcommercio, del Centro Commerciale Naturale di Montale, del Comune di Montale che ha patrocinato l\u2019iniziativa oltre che di Toscana promozione turistica, Chianti Mutua Ets e Vivo Societ\u00e0...<\/div>\n                                            <a title=\"Festa della Pesca &#8211; un grandissimo successo\" href=\"https:\/\/www.noidiqua.it\/Montale\/festa-della-pesca-un-grandissimo-successo\/\" class=\"read-more-align-right\"><span>Leggi tutto<\/span> &rarr;<\/a>\n\t\t\t\t    <div class=\"clear\"><\/div>\n\t\t\t\t<\/li>\n\t\t\t\t<li>\n<div class=\"small-custom-frame-wrapper alignleft frame-shadow\"><div class=\"custom-frame-inner-wrapper\"><div class=\"custom-frame-padding\"><a href=\"https:\/\/www.noidiqua.it\/Montale\/associazione-commercianti-montalesi\/\" title=\"Associazione Commercianti Montalesi\"><img loading=\"lazy\" decoding=\"async\" src=\"https:\/\/www.noidiqua.it\/Montale\/wp-content\/uploads\/2025\/07\/Associazione-Commercianti-Montalesi-160x120_c.png\" width=\"160\" height=\"120\" alt=\"Associazione Commercianti Montalesi\" \/><\/a><\/div><\/div><\/div>\t\t\t\t    <a class=\"teaser-title\" title=\"Associazione Commercianti Montalesi\" href=\"https:\/\/www.noidiqua.it\/Montale\/associazione-commercianti-montalesi\/\">Associazione Commercianti Montalesi<\/a>\n\t\t\t\t    <div class=\"teaser-content\">di Giacomo Bini giugno 2025 La Festa della Pesca, in programma marted\u00ec 15 luglio, \u00e8 il secondo evento organizzato dall\u2019Associazione Commercianti Montalesi una realt\u00e0 associativa che riunisce al momento 47 esercenti e aziende di Montale con l\u2019intenzione di promuovere e valorizzare il territorio. L\u2019intenzione dell\u2019associazione \u00e8 quella di unire le forze per organizzare manifestazioni...<\/div>\n                                            <a title=\"Associazione Commercianti Montalesi\" href=\"https:\/\/www.noidiqua.it\/Montale\/associazione-commercianti-montalesi\/\" class=\"read-more-align-right\"><span>Leggi tutto<\/span> &rarr;<\/a>\n\t\t\t\t    <div class=\"clear\"><\/div>\n\t\t\t\t<\/li>\n\t\t\t\t<li>\n<div class=\"small-custom-frame-wrapper alignleft frame-shadow\"><div class=\"custom-frame-inner-wrapper\"><div class=\"custom-frame-padding\"><a href=\"https:\/\/www.noidiqua.it\/Montale\/la-nuova-scuola-di-stazione-un-edificio-atteso-da-decenni\/\" title=\"La nuova scuola di Stazione &#8211; un edificio atteso da decenni\"><img loading=\"lazy\" decoding=\"async\" src=\"https:\/\/www.noidiqua.it\/Montale\/wp-content\/uploads\/2024\/12\/scuola-stazione-160x120_c.png\" width=\"160\" height=\"120\" alt=\"La nuova scuola di Stazione - un edificio atteso da decenni\" \/><\/a><\/div><\/div><\/div>\t\t\t\t    <a class=\"teaser-title\" title=\"La nuova scuola di Stazione &#8211; un edificio atteso da decenni\" href=\"https:\/\/www.noidiqua.it\/Montale\/la-nuova-scuola-di-stazione-un-edificio-atteso-da-decenni\/\">La nuova scuola di Stazione &#8211; un edificio atteso da decenni<\/a>\n\t\t\t\t    <div class=\"teaser-content\">di Giacomo Bini dicembre 2024 Pi\u00f9 volte ci siamo occupati nella nostra rivista degli edifici scolastici di Stazione perch\u00e9 per molti anni hanno costituito un grave problema, una ferita aperta nella vita della frazione. Un nostro articolo del 2013 iniziava cos\u00ec: \u201cLe scuole elementare e materna di Stazione sono da demolire e rifare ormai...<\/div>\n                                            <a title=\"La nuova scuola di Stazione &#8211; un edificio atteso da decenni\" href=\"https:\/\/www.noidiqua.it\/Montale\/la-nuova-scuola-di-stazione-un-edificio-atteso-da-decenni\/\" class=\"read-more-align-right\"><span>Leggi tutto<\/span> &rarr;<\/a>\n\t\t\t\t    <div class=\"clear\"><\/div>\n\t\t\t\t<\/li>\n\t\t\t\t<li>\n<div class=\"small-custom-frame-wrapper alignleft frame-shadow\"><div class=\"custom-frame-inner-wrapper\"><div class=\"custom-frame-padding\"><a href=\"https:\/\/www.noidiqua.it\/Montale\/donazione-della-famiglia-nesti\/\" title=\"Donazione della famiglia Nesti\"><img loading=\"lazy\" decoding=\"async\" src=\"https:\/\/www.noidiqua.it\/Montale\/wp-content\/uploads\/2024\/10\/donazione-2-160x120_c.png\" width=\"160\" height=\"120\" alt=\"Donazione della famiglia Nesti\" \/><\/a><\/div><\/div><\/div>\t\t\t\t    <a class=\"teaser-title\" title=\"Donazione della famiglia Nesti\" href=\"https:\/\/www.noidiqua.it\/Montale\/donazione-della-famiglia-nesti\/\">Donazione della famiglia Nesti<\/a>\n\t\t\t\t    <div class=\"teaser-content\">di Giacomo Bini settembre 2024 La famiglia Nesti ha fatto una cospicua donazione alla comunit\u00e0 di Montale consistente in un\u2019opera dell\u2019artista Emilio Isgr\u00f2 che \u00e8 stata realizzata nella piazza del paese e in un fondo per borse di studio all\u2019estero per studenti della scuola media Melani. L\u2019iniziativa della donazione \u00e8 partita dall\u2019imprenditore\u00a0 Stefano Nesti...<\/div>\n                                            <a title=\"Donazione della famiglia Nesti\" href=\"https:\/\/www.noidiqua.it\/Montale\/donazione-della-famiglia-nesti\/\" class=\"read-more-align-right\"><span>Leggi tutto<\/span> &rarr;<\/a>\n\t\t\t\t    <div class=\"clear\"><\/div>\n\t\t\t\t<\/li>\n\t\t\t\t<li>\n<div class=\"small-custom-frame-wrapper alignleft frame-shadow\"><div class=\"custom-frame-inner-wrapper\"><div class=\"custom-frame-padding\"><a href=\"https:\/\/www.noidiqua.it\/Montale\/montale-e-un-paese-non-una-citta\/\" title=\"Montale \u00e8 un paese non una citt\u00e0\"><img loading=\"lazy\" decoding=\"async\" src=\"https:\/\/www.noidiqua.it\/Montale\/wp-content\/uploads\/2024\/07\/villa-Smilea-160x120_c.png\" width=\"160\" height=\"120\" alt=\"Montale \u00e8 un paese non una citt\u00e0\" \/><\/a><\/div><\/div><\/div>\t\t\t\t    <a class=\"teaser-title\" title=\"Montale \u00e8 un paese non una citt\u00e0\" href=\"https:\/\/www.noidiqua.it\/Montale\/montale-e-un-paese-non-una-citta\/\">Montale \u00e8 un paese non una citt\u00e0<\/a>\n\t\t\t\t    <div class=\"teaser-content\">di Giacomo Bini giugno 2024 Montale \u00e8 un paese e il nome proprio \u201cMontale\u201d \u00e8 di genere maschile. Non sembrino affermazioni scontate perch\u00e9 talvolta, anche in atti pubblici e in vari consessi, istituzionali o informali, si commettono due errori: il primo \u00e8 di dire o scrivere che Montale \u00e8 una citt\u00e0 e il secondo,...<\/div>\n                                            <a title=\"Montale \u00e8 un paese non una citt\u00e0\" href=\"https:\/\/www.noidiqua.it\/Montale\/montale-e-un-paese-non-una-citta\/\" class=\"read-more-align-right\"><span>Leggi tutto<\/span> &rarr;<\/a>\n\t\t\t\t    <div class=\"clear\"><\/div>\n\t\t\t\t<\/li>\n\t\t\t\t<li>\n<div class=\"small-custom-frame-wrapper alignleft frame-shadow\"><div class=\"custom-frame-inner-wrapper\"><div class=\"custom-frame-padding\"><a href=\"https:\/\/www.noidiqua.it\/Montale\/ti-bacio-quando-torno-grande-successo-del-libro-di-cataldo-lo-iacono-che-tratta-di-un-femminicidio\/\" title=\"\u201cTi bacio quando torno\u201d &#8211; grande successo del libro di Cataldo Lo Iacono che tratta di un femminicidio\"><img loading=\"lazy\" decoding=\"async\" src=\"https:\/\/www.noidiqua.it\/Montale\/wp-content\/uploads\/2024\/04\/lo-iacono-2-160x120_c.png\" width=\"160\" height=\"120\" alt=\"\u201cTi bacio quando torno\u201d - grande successo del libro di Cataldo Lo Iacono che tratta di un femminicidio\" \/><\/a><\/div><\/div><\/div>\t\t\t\t    <a class=\"teaser-title\" title=\"\u201cTi bacio quando torno\u201d &#8211; grande successo del libro di Cataldo Lo Iacono che tratta di un femminicidio\" href=\"https:\/\/www.noidiqua.it\/Montale\/ti-bacio-quando-torno-grande-successo-del-libro-di-cataldo-lo-iacono-che-tratta-di-un-femminicidio\/\">\u201cTi bacio quando torno\u201d &#8211; grande successo del libro di Cataldo Lo Iacono che tratta di un femminicidio<\/a>\n\t\t\t\t    <div class=\"teaser-content\">di Giacomo Bini marzo 2024 Il libro di Cataldo Lo Iacono sul femminicidio, intitolato \u201cTi bacio quando torno\u201d, ha avuto uno straordinario successo dal punto di vista della diffusione in tutto il territorio nazionale ma soprattutto \u00e8 stato al centro di un vasto processo di riflessione, scatenando un moto di autocoscienza collettiva che ha...<\/div>\n                                            <a title=\"\u201cTi bacio quando torno\u201d &#8211; grande successo del libro di Cataldo Lo Iacono che tratta di un femminicidio\" href=\"https:\/\/www.noidiqua.it\/Montale\/ti-bacio-quando-torno-grande-successo-del-libro-di-cataldo-lo-iacono-che-tratta-di-un-femminicidio\/\" class=\"read-more-align-right\"><span>Leggi tutto<\/span> &rarr;<\/a>\n\t\t\t\t    <div class=\"clear\"><\/div>\n\t\t\t\t<\/li>\n\t\t\t\t<li>\n<div class=\"small-custom-frame-wrapper alignleft frame-shadow\"><div class=\"custom-frame-inner-wrapper\"><div class=\"custom-frame-padding\"><a href=\"https:\/\/www.noidiqua.it\/Montale\/restaurata-la-chiesa-di-san-martino\/\" title=\"Restaurata la chiesa di San Martino\"><img loading=\"lazy\" decoding=\"async\" src=\"https:\/\/www.noidiqua.it\/Montale\/wp-content\/uploads\/2023\/10\/chiesa-fognano-restauro-2-160x120_c.png\" width=\"160\" height=\"120\" alt=\"Restaurata la chiesa di San Martino\" \/><\/a><\/div><\/div><\/div>\t\t\t\t    <a class=\"teaser-title\" title=\"Restaurata la chiesa di San Martino\" href=\"https:\/\/www.noidiqua.it\/Montale\/restaurata-la-chiesa-di-san-martino\/\">Restaurata la chiesa di San Martino<\/a>\n\t\t\t\t    <div class=\"teaser-content\">di Giacomo Bini settembre 2023 La Chiesa di San Martino di Fognano ha ritrovato i suoi magnifici affreschi settecenteschi grazie ad un accurato restauro promosso dal parroco don Cristoforo Dabrowski e attuato dal restauratore Simone Vettori della ditta fiorentina Iconos Restauri su progetto dell\u2019architetto Claudio Innocenti di Montale. La Chiesa restaurata \u00e8 uno splendore,...<\/div>\n                                            <a title=\"Restaurata la chiesa di San Martino\" href=\"https:\/\/www.noidiqua.it\/Montale\/restaurata-la-chiesa-di-san-martino\/\" class=\"read-more-align-right\"><span>Leggi tutto<\/span> &rarr;<\/a>\n\t\t\t\t    <div class=\"clear\"><\/div>\n\t\t\t\t<\/li>\n\t\t\t<\/ul>\n\t\t    <\/div><!-- end widget_recent_posts -->\n<\/div>\n<a class=\"flat-custom-button align-btn-left\" href=\"https:\/\/www.noidiqua.it\/Montale\/category\/mt\/da-sottolineare\/\" title=\"Mostra tutti gli articoli di questa sezione\"><span style=\"padding:10px 20px; background-color:#ed162d; border:1px solid #ed162d; color:#FFFFFF; font-size:14px;\">Mostra tutti gli articoli precedenti<\/span><\/a>","protected":false},"excerpt":{"rendered":"","protected":false},"author":1,"featured_media":0,"parent":12,"menu_order":0,"comment_status":"open","ping_status":"open","template":"","meta":{"footnotes":""},"class_list":["post-5931","page","type-page","status-publish","hentry"],"yoast_head":"<!-- This site is optimized with the Yoast SEO plugin v25.5 - https:\/\/yoast.com\/wordpress\/plugins\/seo\/ -->\n<title>Da sottolineare - Noi di Qua Testata giornalistica e di attualit\u00e0 di Agliana, Montale e Quarrata.<\/title>\n<meta name=\"robots\" content=\"index, follow, max-snippet:-1, max-image-preview:large, max-video-preview:-1\" \/>\n<link rel=\"canonical\" href=\"https:\/\/www.noidiqua.it\/Montale\/montale-2\/da-sottolineare\/\" \/>\n<meta property=\"og:locale\" content=\"it_IT\" \/>\n<meta property=\"og:type\" content=\"article\" \/>\n<meta property=\"og:title\" content=\"Da sottolineare - Noi di Qua Testata giornalistica e di attualit\u00e0 di Agliana, Montale e Quarrata.\" \/>\n<meta property=\"og:url\" content=\"https:\/\/www.noidiqua.it\/Montale\/montale-2\/da-sottolineare\/\" \/>\n<meta property=\"og:site_name\" content=\"Noi di Qua Testata giornalistica e di attualit\u00e0 di Agliana, Montale e Quarrata.\" \/>\n<meta property=\"article:publisher\" content=\"https:\/\/www.facebook.com\/noidiqua.trimestrale\/\" \/>\n<meta property=\"og:image\" content=\"https:\/\/www.noidiqua.it\/Montale\/wp-content\/uploads\/2019\/03\/logo-sito.jpg\" \/>\n<script type=\"application\/ld+json\" class=\"yoast-schema-graph\">{\"@context\":\"https:\/\/schema.org\",\"@graph\":[{\"@type\":\"WebPage\",\"@id\":\"https:\/\/www.noidiqua.it\/Montale\/montale-2\/da-sottolineare\/\",\"url\":\"https:\/\/www.noidiqua.it\/Montale\/montale-2\/da-sottolineare\/\",\"name\":\"Da sottolineare - Noi di Qua Testata giornalistica e di attualit\u00e0 di Agliana, Montale e Quarrata.\",\"isPartOf\":{\"@id\":\"https:\/\/www.noidiqua.it\/Montale\/#website\"},\"datePublished\":\"2021-09-23T14:49:50+00:00\",\"breadcrumb\":{\"@id\":\"https:\/\/www.noidiqua.it\/Montale\/montale-2\/da-sottolineare\/#breadcrumb\"},\"inLanguage\":\"it-IT\",\"potentialAction\":[{\"@type\":\"ReadAction\",\"target\":[\"https:\/\/www.noidiqua.it\/Montale\/montale-2\/da-sottolineare\/\"]}]},{\"@type\":\"BreadcrumbList\",\"@id\":\"https:\/\/www.noidiqua.it\/Montale\/montale-2\/da-sottolineare\/#breadcrumb\",\"itemListElement\":[{\"@type\":\"ListItem\",\"position\":1,\"name\":\"Home\",\"item\":\"https:\/\/www.noidiqua.it\/Montale\/\"},{\"@type\":\"ListItem\",\"position\":2,\"name\":\"Montale\",\"item\":\"https:\/\/www.noidiqua.it\/Montale\/montale-2\/\"},{\"@type\":\"ListItem\",\"position\":3,\"name\":\"Da sottolineare\"}]},{\"@type\":\"WebSite\",\"@id\":\"https:\/\/www.noidiqua.it\/Montale\/#website\",\"url\":\"https:\/\/www.noidiqua.it\/Montale\/\",\"name\":\"Noi di Qua Testata giornalistica e di attualit\u00e0 di Agliana, Montale e Quarrata.\",\"description\":\"Testata Giornalistica Quarrata Montale Agliana\",\"potentialAction\":[{\"@type\":\"SearchAction\",\"target\":{\"@type\":\"EntryPoint\",\"urlTemplate\":\"https:\/\/www.noidiqua.it\/Montale\/?s={search_term_string}\"},\"query-input\":{\"@type\":\"PropertyValueSpecification\",\"valueRequired\":true,\"valueName\":\"search_term_string\"}}],\"inLanguage\":\"it-IT\"}]}<\/script>\n<!-- \/ Yoast SEO plugin. -->","yoast_head_json":{"title":"Da sottolineare - Noi di Qua Testata giornalistica e di attualit\u00e0 di Agliana, Montale e Quarrata.","robots":{"index":"index","follow":"follow","max-snippet":"max-snippet:-1","max-image-preview":"max-image-preview:large","max-video-preview":"max-video-preview:-1"},"canonical":"https:\/\/www.noidiqua.it\/Montale\/montale-2\/da-sottolineare\/","og_locale":"it_IT","og_type":"article","og_title":"Da sottolineare - Noi di Qua Testata giornalistica e di attualit\u00e0 di Agliana, Montale e Quarrata.","og_url":"https:\/\/www.noidiqua.it\/Montale\/montale-2\/da-sottolineare\/","og_site_name":"Noi di Qua Testata giornalistica e di attualit\u00e0 di Agliana, Montale e Quarrata.","article_publisher":"https:\/\/www.facebook.com\/noidiqua.trimestrale\/","og_image":[{"url":"https:\/\/www.noidiqua.it\/Montale\/wp-content\/uploads\/2019\/03\/logo-sito.jpg","type":"","width":"","height":""}],"schema":{"@context":"https:\/\/schema.org","@graph":[{"@type":"WebPage","@id":"https:\/\/www.noidiqua.it\/Montale\/montale-2\/da-sottolineare\/","url":"https:\/\/www.noidiqua.it\/Montale\/montale-2\/da-sottolineare\/","name":"Da sottolineare - Noi di Qua Testata giornalistica e di attualit\u00e0 di Agliana, Montale e Quarrata.","isPartOf":{"@id":"https:\/\/www.noidiqua.it\/Montale\/#website"},"datePublished":"2021-09-23T14:49:50+00:00","breadcrumb":{"@id":"https:\/\/www.noidiqua.it\/Montale\/montale-2\/da-sottolineare\/#breadcrumb"},"inLanguage":"it-IT","potentialAction":[{"@type":"ReadAction","target":["https:\/\/www.noidiqua.it\/Montale\/montale-2\/da-sottolineare\/"]}]},{"@type":"BreadcrumbList","@id":"https:\/\/www.noidiqua.it\/Montale\/montale-2\/da-sottolineare\/#breadcrumb","itemListElement":[{"@type":"ListItem","position":1,"name":"Home","item":"https:\/\/www.noidiqua.it\/Montale\/"},{"@type":"ListItem","position":2,"name":"Montale","item":"https:\/\/www.noidiqua.it\/Montale\/montale-2\/"},{"@type":"ListItem","position":3,"name":"Da sottolineare"}]},{"@type":"WebSite","@id":"https:\/\/www.noidiqua.it\/Montale\/#website","url":"https:\/\/www.noidiqua.it\/Montale\/","name":"Noi di Qua Testata giornalistica e di attualit\u00e0 di Agliana, Montale e Quarrata.","description":"Testata Giornalistica Quarrata Montale Agliana","potentialAction":[{"@type":"SearchAction","target":{"@type":"EntryPoint","urlTemplate":"https:\/\/www.noidiqua.it\/Montale\/?s={search_term_string}"},"query-input":{"@type":"PropertyValueSpecification","valueRequired":true,"valueName":"search_term_string"}}],"inLanguage":"it-IT"}]}},"_links":{"self":[{"href":"https:\/\/www.noidiqua.it\/Montale\/wp-json\/wp\/v2\/pages\/5931","targetHints":{"allow":["GET"]}}],"collection":[{"href":"https:\/\/www.noidiqua.it\/Montale\/wp-json\/wp\/v2\/pages"}],"about":[{"href":"https:\/\/www.noidiqua.it\/Montale\/wp-json\/wp\/v2\/types\/page"}],"author":[{"embeddable":true,"href":"https:\/\/www.noidiqua.it\/Montale\/wp-json\/wp\/v2\/users\/1"}],"replies":[{"embeddable":true,"href":"https:\/\/www.noidiqua.it\/Montale\/wp-json\/wp\/v2\/comments?post=5931"}],"version-history":[{"count":1,"href":"https:\/\/www.noidiqua.it\/Montale\/wp-json\/wp\/v2\/pages\/5931\/revisions"}],"predecessor-version":[{"id":5932,"href":"https:\/\/www.noidiqua.it\/Montale\/wp-json\/wp\/v2\/pages\/5931\/revisions\/5932"}],"up":[{"embeddable":true,"href":"https:\/\/www.noidiqua.it\/Montale\/wp-json\/wp\/v2\/pages\/12"}],"wp:attachment":[{"href":"https:\/\/www.noidiqua.it\/Montale\/wp-json\/wp\/v2\/media?parent=5931"}],"curies":[{"name":"wp","href":"https:\/\/api.w.org\/{rel}","templated":true}]}}